{"id":16512,"date":"2020-10-27T17:01:36","date_gmt":"2020-10-27T20:01:36","guid":{"rendered":"https:\/\/wp.ufpel.edu.br\/progep\/?page_id=16512"},"modified":"2025-06-30T13:46:53","modified_gmt":"2025-06-30T16:46:53","slug":"roda-de-conversa-o-sistema-cobalto-e-a-gestao-academica","status":"publish","type":"page","link":"https:\/\/wp.ufpel.edu.br\/progep\/roda-de-conversa-o-sistema-cobalto-e-a-gestao-academica\/","title":{"rendered":"Capacita\u00e7\u00e3o: Roda de conversa: O Sistema Cobalto e a Gest\u00e3o Acad\u00eamica"},"content":{"rendered":"<p><strong>Facilitadoras: <\/strong>Emileni Tessmer e Cristina Bonow Rodrigues<\/p>\n<p><strong>Data:<\/strong> 12\/11\/2020 (quinta-feira)<\/p>\n<p><strong>Hora:\u00a0<\/strong>das 09h \u00e0s 12h<\/p>\n<p><strong>Realiza\u00e7\u00e3o:<\/strong> plataforma Webconf da UFPel (na modalidade on-line<em>)<\/em><\/p>\n<p><strong>Ementa: <\/strong>Ser\u00e3o abordados os seguintes t\u00f3picos:<\/p>\n<p class=\"Texto_Justificado\">Processos que envolvem matr\u00edculas e os respectivos m\u00f3dulos do sistema acad\u00eamico.<\/p>\n<p class=\"Texto_Justificado\">Processos que envolvem\u00a0formatura e os respectivos m\u00f3dulos do sistema acad\u00eamico.<\/p>\n<p class=\"Texto_Justificado\">Relat\u00f3rios &#8211; possibilidades de consultas relacionadas \u00e0s rotinas de colegiados.<\/p>\n<p><strong>P\u00fablico Alvo<\/strong>: Servidores docentes e TAE\u2019s ativos*<\/p>\n<p><strong>Per\u00edodo de inscri\u00e7\u00e3o<\/strong>: 27\/10 a 09\/11\/2020<\/p>\n<p><strong>Divulga\u00e7\u00e3o das inscri\u00e7\u00f5es homologadas<\/strong>: 10\/11**, nesta p\u00e1gina.<\/p>\n<p>*Considerando a Pol\u00edtica Nacional de Desenvolvimento de Pessoas, conforme Decreto n\u00ba 9.991\/19, somente ser\u00e3o certificados os servidores p\u00fablicos pertencentes ao Quadro Efetivo da UFPel.<\/p>\n<p>**Quando homologadas as inscri\u00e7\u00f5es, os selecionados receber\u00e3o e-mail com instru\u00e7\u00f5es de acesso \u00e0 sala de Webconf da UFPel.<\/p>\n<p><strong><span style=\"color: #ff6600\"><a style=\"color: #ff6600\" href=\"https:\/\/wp.ufpel.edu.br\/progep\/files\/2020\/11\/homologa-inscritos_SISTEMA-COBALTO.pdf\">INSCRI\u00c7\u00d5ES HOMOLOGADAS<\/a><\/span><\/strong><\/p>\n","protected":false},"excerpt":{"rendered":"<p>Facilitadoras: Emileni Tessmer e Cristina Bonow Rodrigues Data: 12\/11\/2020 (quinta-feira) Hora:\u00a0das 09h \u00e0s 12h Realiza\u00e7\u00e3o: plataforma Webconf da UFPel (na modalidade on-line) Ementa: Ser\u00e3o abordados os seguintes t\u00f3picos: Processos que envolvem matr\u00edculas e os respectivos m\u00f3dulos do sistema acad\u00eamico. Processos que envolvem\u00a0formatura e os respectivos m\u00f3dulos do sistema acad\u00eamico. Relat\u00f3rios &#8211; possibilidades de consultas relacionadas [&hellip;]<\/p>\n","protected":false},"author":21,"featured_media":0,"parent":0,"menu_order":0,"comment_status":"closed","ping_status":"closed","template":"","meta":{"footnotes":""},"class_list":["post-16512","page","type-page","status-publish","hentry"],"_links":{"self":[{"href":"https:\/\/wp.ufpel.edu.br\/progep\/wp-json\/wp\/v2\/pages\/16512","targetHints":{"allow":["GET"]}}],"collection":[{"href":"https:\/\/wp.ufpel.edu.br\/progep\/wp-json\/wp\/v2\/pages"}],"about":[{"href":"https:\/\/wp.ufpel.edu.br\/progep\/wp-json\/wp\/v2\/types\/page"}],"author":[{"embeddable":true,"href":"https:\/\/wp.ufpel.edu.br\/progep\/wp-json\/wp\/v2\/users\/21"}],"replies":[{"embeddable":true,"href":"https:\/\/wp.ufpel.edu.br\/progep\/wp-json\/wp\/v2\/comments?post=16512"}],"version-history":[{"count":6,"href":"https:\/\/wp.ufpel.edu.br\/progep\/wp-json\/wp\/v2\/pages\/16512\/revisions"}],"predecessor-version":[{"id":33931,"href":"https:\/\/wp.ufpel.edu.br\/progep\/wp-json\/wp\/v2\/pages\/16512\/revisions\/33931"}],"wp:attachment":[{"href":"https:\/\/wp.ufpel.edu.br\/progep\/wp-json\/wp\/v2\/media?parent=16512"}],"curies":[{"name":"wp","href":"https:\/\/api.w.org\/{rel}","templated":true}]}}