{"id":16491,"date":"2020-10-22T16:54:43","date_gmt":"2020-10-22T19:54:43","guid":{"rendered":"https:\/\/wp.ufpel.edu.br\/progep\/?page_id=16491"},"modified":"2025-12-31T15:12:52","modified_gmt":"2025-12-31T18:12:52","slug":"convocacoes-edital-09-2019","status":"publish","type":"page","link":"https:\/\/wp.ufpel.edu.br\/progep\/convocacoes-edital-09-2019\/","title":{"rendered":"Convoca\u00e7\u00f5es &#8211; Edital 09\/2019"},"content":{"rendered":"\n<div class=\"wp-block-group\"><div class=\"wp-block-group__inner-container is-layout-constrained wp-block-group-is-layout-constrained\">\n<div class=\"logoTituloModelStyle\"><img class=\"size-medium wp-image-27184 alignleft\" src=\"https:\/\/wp.ufpel.edu.br\/progep\/files\/2025\/03\/logo-progep_atualizacao-nome_AZUL.png\" style=\"padding:0\" alt=\"\" \/><\/p>\n<div style=\"padding: 2rem 0\"><strong>Convoca\u00e7\u00f5es- Edital 09\/2019<\/strong><\/div>\n<\/div>\n<hr class=\"hrModelStyle\" \/>\n<div class=\"descriptionModelStyle\">Acompanhe nesta p\u00e1gina a publica\u00e7\u00e3o dos\/as nomeados\/as para servidores\/as docentes na UFPEL.<\/div>\n<\/div><\/div>\n\n\n<div class=\"pagNomeacoesStyle\">\n<p> Confira a p\u00e1gina com as informa\u00e7\u00f5es a respeito do certame: <\/p>\n<p><a href=\"https:\/\/ces.ufpel.edu.br\/conctecadmed0009_2019\/\" target=\"_blank\">Certame do Edital 09\/2019<\/a><\/p>\n<div class=\"titleStyle\"><strong>Ampla Concorr\u00eancia<\/strong><\/div> \n\n<table id=\"tablepress-203\" class=\"tablepress tablepress-id-203\">\n<thead>\n<tr class=\"row-1\">\n\t<th class=\"column-1\">Processo\/\u00c1rea\/Unidade<\/th><th class=\"column-2\">Classe<\/th><th class=\"column-3\">Classif.<br \/>\nAprovados<\/th><th class=\"column-4\">Situa\u00e7\u00e3o<\/th>\n<\/tr>\n<\/thead>\n<tbody class=\"row-striping row-hover\">\n<tr class=\"row-2\">\n\t<td class=\"column-1\"><strong>Proc. 23110.051191\/2018-63<\/strong><br \/>\nCentro de Ci\u00eancias Qu\u00edmicas, Farmac\u00eauticas e de Alimentos \u2013 CCQFA<br \/>\nEnsino de Qu\u00edmica<\/td><td class=\"column-2\">A<\/td><td class=\"column-3\">1\u00ba PAULA DEL PONTE ROCHA<\/td><td class=\"column-4\">Convocado(a) em 19\/06\/2019<\/td>\n<\/tr>\n<tr class=\"row-3\">\n\t<td class=\"column-1\"><\/td><td class=\"column-2\"><\/td><td class=\"column-3\">2\u00ba EDSON FROZZA<\/td><td class=\"column-4\">Convocado(a) em 01\/06\/2021<\/td>\n<\/tr>\n<tr class=\"row-4\">\n\t<td class=\"column-1\"><\/td><td class=\"column-2\"><\/td><td class=\"column-3\">3\u00ba ANA RUTZ DEVANTIER REINKE<\/td><td class=\"column-4\">Convocado(a) em 08\/06\/2021<\/td>\n<\/tr>\n<tr class=\"row-5\">\n\t<td class=\"column-1\"><strong>Proc. 23110.056140\/2018-28<\/strong><br \/>\nCentro de Ci\u00eancias Qu\u00edmicas, Farmac\u00eauticas e de Alimentos \u2013 CCQFA<br \/>\nCi\u00eancia e Tecnologia de Alimentos<\/td><td class=\"column-2\">D<\/td><td class=\"column-3\">1\u00ba DENISE DA FONTOURA PRATES<\/td><td class=\"column-4\">Convocado(a) em 19\/06\/2019<\/td>\n<\/tr>\n<tr class=\"row-6\">\n\t<td class=\"column-1\"><\/td><td class=\"column-2\"><\/td><td class=\"column-3\">2\u00ba MARIANE IGANSI ALVES<\/td><td class=\"column-4\">Convocado(a) em 27\/06\/2019<\/td>\n<\/tr>\n<tr class=\"row-7\">\n\t<td class=\"column-1\"><\/td><td class=\"column-2\"><\/td><td class=\"column-3\">3\u00ba TANIA MENEGOL<\/td><td class=\"column-4\">Convocado(a) em 17\/05\/2021<\/td>\n<\/tr>\n<tr class=\"row-8\">\n\t<td class=\"column-1\"><\/td><td class=\"column-2\"><\/td><td class=\"column-3\">4\u00ba NATHALIE ALMEIDA LOPES<\/td><td class=\"column-4\">Convocado(a) em 01\/12\/2022<\/td>\n<\/tr>\n<tr class=\"row-9\">\n\t<td class=\"column-1\"><\/td><td class=\"column-2\"><\/td><td class=\"column-3\">5\u00ba HELEN CRISTINA DOS SANTOS HACKBART<\/td><td class=\"column-4\"><\/td>\n<\/tr>\n<tr class=\"row-10\">\n\t<td class=\"column-1\"><\/td><td class=\"column-2\"><\/td><td class=\"column-3\">6\u00ba GISELI RODRIGUES CRIZEL<\/td><td class=\"column-4\"><\/td>\n<\/tr>\n<tr class=\"row-11\">\n\t<td class=\"column-1\"><strong>Proc. 23110.054272\/2018-15<\/strong><br \/>\nCentro de Engenharias \u2013 CEng<br \/>\nGeof\u00edsica ou Matem\u00e1tica<\/td><td class=\"column-2\">C<\/td><td class=\"column-3\">1\u00ba CAROLINA GONCALVES LEANDRO<\/td><td class=\"column-4\">Convocado(a) em 25\/06\/2019<\/td>\n<\/tr>\n<tr class=\"row-12\">\n\t<td class=\"column-1\"><\/td><td class=\"column-2\"><\/td><td class=\"column-3\">2\u00ba LEANDRO MACEDO COZZA<\/td><td class=\"column-4\">Convocado(a) em 17\/02\/2021<\/td>\n<\/tr>\n<tr class=\"row-13\">\n\t<td class=\"column-1\"><\/td><td class=\"column-2\"><\/td><td class=\"column-3\">3\u00ba PRISCILA MARTTA RODRIGUES<\/td><td class=\"column-4\">Negativa em 27\/05\/2021<\/td>\n<\/tr>\n<tr class=\"row-14\">\n\t<td class=\"column-1\"><\/td><td class=\"column-2\"><\/td><td class=\"column-3\">4\u00ba BRUNO SILVA DA FONTOURA<\/td><td class=\"column-4\">Convocado(a) em 24\/06\/2021<\/td>\n<\/tr>\n<tr class=\"row-15\">\n\t<td class=\"column-1\"><\/td><td class=\"column-2\"><\/td><td class=\"column-3\">5\u00ba GLAUBER SALLABERRY KIST<\/td><td class=\"column-4\">Convocado(a) em 26\/01\/2022<\/td>\n<\/tr>\n<tr class=\"row-16\">\n\t<td class=\"column-1\"><\/td><td class=\"column-2\"><\/td><td class=\"column-3\">6\u00ba PAULO SIGA THOMAZ<\/td><td class=\"column-4\"><\/td>\n<\/tr>\n<tr class=\"row-17\">\n\t<td class=\"column-1\"><\/td><td class=\"column-2\"><\/td><td class=\"column-3\">7\u00ba JESSICA STERN BEHLING<\/td><td class=\"column-4\"><\/td>\n<\/tr>\n<tr class=\"row-18\">\n\t<td class=\"column-1\"><strong>Proc. 23110.007884\/2019-08<\/strong><br \/>\nCentro de Integra\u00e7\u00e3o do Mercosul \u2013 CIM<br \/>\nCi\u00eancias Agr\u00e1rias<\/td><td class=\"column-2\">C<\/td><td class=\"column-3\">1\u00ba FABIO MONTEIRO DE REZENDE<\/td><td class=\"column-4\">Convocado(a) em 22\/07\/2019<\/td>\n<\/tr>\n<tr class=\"row-19\">\n\t<td class=\"column-1\"><\/td><td class=\"column-2\"><\/td><td class=\"column-3\">2\u00ba DIEGO SOARES MACHADO<\/td><td class=\"column-4\">Convocado(a) em 22\/07\/2019<\/td>\n<\/tr>\n<tr class=\"row-20\">\n\t<td class=\"column-1\"><\/td><td class=\"column-2\"><\/td><td class=\"column-3\">3\u00ba WILLIAN SILVEIRA LEAL<\/td><td class=\"column-4\"><\/td>\n<\/tr>\n<tr class=\"row-21\">\n\t<td class=\"column-1\"><strong>Proc. 23110.006113\/2019-95<\/strong><br \/>\nFaculdade de Agronomia Eliseu Maciel \u2013 FAEM<br \/>\nSociologia e Extens\u00e3o Rural<br \/>\n<\/td><td class=\"column-2\">C<\/td><td class=\"column-3\">1\u00ba ABEL PERINAZZO CASSOL<\/td><td class=\"column-4\">Convocado em 22\/07\/2019<\/td>\n<\/tr>\n<tr class=\"row-22\">\n\t<td class=\"column-1\"><\/td><td class=\"column-2\"><\/td><td class=\"column-3\">2\u00ba ANA CECILIA GUEDES<\/td><td class=\"column-4\"><\/td>\n<\/tr>\n<tr class=\"row-23\">\n\t<td class=\"column-1\"><\/td><td class=\"column-2\"><\/td><td class=\"column-3\">3\u00ba LILLIAN BASTIAN<\/td><td class=\"column-4\"><\/td>\n<\/tr>\n<tr class=\"row-24\">\n\t<td class=\"column-1\"><\/td><td class=\"column-2\"><\/td><td class=\"column-3\">4\u00ba FABIANA HELMA LUDTKE<\/td><td class=\"column-4\"><\/td>\n<\/tr>\n<tr class=\"row-25\">\n\t<td class=\"column-1\"><strong>Proc. 23110.007669\/2019-07<\/strong><br \/>\nFaculdade de Agronomia Eliseu Maciel \u2013 FAEM<br \/>\nHerbologia<\/td><td class=\"column-2\">C<\/td><td class=\"column-3\">1\u00ba RENAN RICARDO ZANDONA<\/td><td class=\"column-4\">Convocado(a) em 19\/06\/2019<\/td>\n<\/tr>\n<tr class=\"row-26\">\n\t<td class=\"column-1\"><\/td><td class=\"column-2\"><\/td><td class=\"column-3\">2\u00ba JOANEI CECHIN<\/td><td class=\"column-4\"><\/td>\n<\/tr>\n<tr class=\"row-27\">\n\t<td class=\"column-1\"><\/td><td class=\"column-2\"><\/td><td class=\"column-3\">3\u00ba JOAO PAULO REFATTI<\/td><td class=\"column-4\"><\/td>\n<\/tr>\n<tr class=\"row-28\">\n\t<td class=\"column-1\"><\/td><td class=\"column-2\"><\/td><td class=\"column-3\">4\u00ba LAIS TESSARI PERBONI<\/td><td class=\"column-4\"><\/td>\n<\/tr>\n<tr class=\"row-29\">\n\t<td class=\"column-1\"><\/td><td class=\"column-2\"><\/td><td class=\"column-3\">5\u00ba FERNANDA CASSIANE CARATTI<\/td><td class=\"column-4\"><\/td>\n<\/tr>\n<tr class=\"row-30\">\n\t<td class=\"column-1\"><\/td><td class=\"column-2\"><\/td><td class=\"column-3\">6\u00ba DALVANE ROCKENBACH<\/td><td class=\"column-4\"><\/td>\n<\/tr>\n<tr class=\"row-31\">\n\t<td class=\"column-1\"><strong>Proc. 23110.004741\/2019-36<\/strong><br \/>\nFaculdade de Medicina \u2013 FAMED<br \/>\nPsicologia Geral<\/td><td class=\"column-2\">C<\/td><td class=\"column-3\">1\u00ba ROCHELE DIAS CASTELLI<\/td><td class=\"column-4\">Convocado(a) em 19\/06\/2019<\/td>\n<\/tr>\n<tr class=\"row-32\">\n\t<td class=\"column-1\"><\/td><td class=\"column-2\"><\/td><td class=\"column-3\">2\u00ba SALLY KNEVITZ DA SILVA<\/td><td class=\"column-4\">Convocado(a) em 22\/07\/2019<\/td>\n<\/tr>\n<tr class=\"row-33\">\n\t<td class=\"column-1\"><strong>Proc. 23110.007230\/2019-76<\/strong><br \/>\nFaculdade de Administra\u00e7\u00e3o e de Turismo \u2013 FAT<br \/>\nCi\u00eancias Sociais e Aplicadas<\/td><td class=\"column-2\">C<\/td><td class=\"column-3\">1\u00ba CINARA NEUMANN ALVES<\/td><td class=\"column-4\">Convocado(a) em 22\/07\/2019<\/td>\n<\/tr>\n<tr class=\"row-34\">\n\t<td class=\"column-1\"><\/td><td class=\"column-2\"><\/td><td class=\"column-3\">2\u00ba JOSE FRANCISCO BERNARDES<\/td><td class=\"column-4\">Convocado(a) em 12\/09\/2019<\/td>\n<\/tr>\n<tr class=\"row-35\">\n\t<td class=\"column-1\"><strong>Proc. 23110.007814\/2019-41<\/strong><br \/>\nFaculdade de Enfermagem \u2013 FE<br \/>\nEnfermagem em Sa\u00fade Coletiva<\/td><td class=\"column-2\">C<\/td><td class=\"column-3\">1\u00ba MARIANGELA UHLMANN SOARES<\/td><td class=\"column-4\">Convocado(a) em 18\/07\/2019<\/td>\n<\/tr>\n<tr class=\"row-36\">\n\t<td class=\"column-1\"><\/td><td class=\"column-2\"><\/td><td class=\"column-3\">2\u00ba POLIANA FARIAS ALVES<\/td><td class=\"column-4\">Convocado(a) em 26\/07\/2019<\/td>\n<\/tr>\n<tr class=\"row-37\">\n\t<td class=\"column-1\"><\/td><td class=\"column-2\"><\/td><td class=\"column-3\">3\u00ba LILIAN CRUZ SOUTO DE OLIVEIRA SPERB<\/td><td class=\"column-4\"><\/td>\n<\/tr>\n<tr class=\"row-38\">\n\t<td class=\"column-1\"><strong>Proc. 23110.007850\/2019-13<\/strong><br \/>\nFaculdade de Nutri\u00e7\u00e3o \u2013 FN<br \/>\nNutri\u00e7\u00e3o<\/td><td class=\"column-2\">C<\/td><td class=\"column-3\">1\u00ba MAYARA SANDRIELLY PEREIRA SOARES<\/td><td class=\"column-4\">Convocado(a) em 22\/07\/2019<\/td>\n<\/tr>\n<tr class=\"row-39\">\n\t<td class=\"column-1\"><\/td><td class=\"column-2\"><\/td><td class=\"column-3\">2\u00ba THAYNA RAMOS FLORES NUNES<\/td><td class=\"column-4\">Convocado(a) em 10\/02\/2020<\/td>\n<\/tr>\n<tr class=\"row-40\">\n\t<td class=\"column-1\"><\/td><td class=\"column-2\"><\/td><td class=\"column-3\">3\u00ba MARINA DOS SANTOS<\/td><td class=\"column-4\">Convocado(a) em 02\/03\/2020<\/td>\n<\/tr>\n<tr class=\"row-41\">\n\t<td class=\"column-1\"><\/td><td class=\"column-2\"><\/td><td class=\"column-3\">4\u00ba MARJANA RADUNZ<\/td><td class=\"column-4\">Convocado(a) em 23\/09\/2020<\/td>\n<\/tr>\n<tr class=\"row-42\">\n\t<td class=\"column-1\"><\/td><td class=\"column-2\"><\/td><td class=\"column-3\"><br \/>\n5\u00ba CHALINE CAREN COGHETTO<\/td><td class=\"column-4\">Convocado(a) em 27\/05\/2021<\/td>\n<\/tr>\n<tr class=\"row-43\">\n\t<td class=\"column-1\"><\/td><td class=\"column-2\"><\/td><td class=\"column-3\">6\u00ba RANDHALL BRUCE KREISMANN CARTERI<\/td><td class=\"column-4\">Convocado(a) em 08\/06\/2021<\/td>\n<\/tr>\n<tr class=\"row-44\">\n\t<td class=\"column-1\"><\/td><td class=\"column-2\"><\/td><td class=\"column-3\">7\u00ba CAMILA IRIGONHE RAMOS<\/td><td class=\"column-4\"><\/td>\n<\/tr>\n<tr class=\"row-45\">\n\t<td class=\"column-1\"><strong>Proc. 23110.008031\/2019-85<\/strong><br \/>\nFaculdade de Nutri\u00e7\u00e3o \u2013 FN<br \/>\nGastronomia<\/td><td class=\"column-2\">B<\/td><td class=\"column-3\">1\u00ba CASSANDRA DALLE MULLE SANTOS<\/td><td class=\"column-4\">Convocado(a) em 19\/06\/2019<\/td>\n<\/tr>\n<tr class=\"row-46\">\n\t<td class=\"column-1\"><\/td><td class=\"column-2\"><\/td><td class=\"column-3\">2\u00ba CARLA ALDRIGHI GOMES<\/td><td class=\"column-4\">Convocado(a) em 11\/02\/2020<\/td>\n<\/tr>\n<tr class=\"row-47\">\n\t<td class=\"column-1\"><strong>Proc. 23110.007274\/2019-04<\/strong><br \/>\nInstituto de Biologia \u2013 IB<br \/>\nEcologia<\/td><td class=\"column-2\">D<\/td><td class=\"column-3\">1\u00ba LUIZ ERNESTO COSTA SCHMIDT<\/td><td class=\"column-4\">Convocado(a) em 19\/06\/2019<\/td>\n<\/tr>\n<tr class=\"row-48\">\n\t<td class=\"column-1\"><\/td><td class=\"column-2\"><\/td><td class=\"column-3\">2\u00ba GABRIEL SELBACH HOFMANN<\/td><td class=\"column-4\">Convocado(a) em 24\/06\/2021<\/td>\n<\/tr>\n<tr class=\"row-49\">\n\t<td class=\"column-1\"><strong>Proc. 23110.008160\/2019-73<\/strong><br \/>\nInstituto de Ci\u00eancias Humanas \u2013 ICH<br \/>\nArqueologia<\/td><td class=\"column-2\">D<\/td><td class=\"column-3\">1\u00ba CAROLINA KESSER BARCELLOS DIAS<\/td><td class=\"column-4\"><\/td>\n<\/tr>\n<tr class=\"row-50\">\n\t<td class=\"column-1\"><\/td><td class=\"column-2\"><\/td><td class=\"column-3\">2\u00ba PATRICIA MARINHO DE CARVALHO<\/td><td class=\"column-4\">Convocada pela lista de cotas raciais<\/td>\n<\/tr>\n<tr class=\"row-51\">\n\t<td class=\"column-1\"><\/td><td class=\"column-2\"><\/td><td class=\"column-3\">3\u00ba RAQUEL MACHADO RECH<\/td><td class=\"column-4\"><\/td>\n<\/tr>\n<tr class=\"row-52\">\n\t<td class=\"column-1\"><strong>Proc. 23110.008173\/2019-42<\/strong><br \/>\nInstituto de Ci\u00eancias Humanas \u2013 ICH<br \/>\nTeoria Antropol\u00f3gica<\/td><td class=\"column-2\">D<\/td><td class=\"column-3\">1\u00baYARA ALTEZ ORTEGA<\/td><td class=\"column-4\">Convocado(a) em 22\/07\/2019<\/td>\n<\/tr>\n<tr class=\"row-53\">\n\t<td class=\"column-1\"><\/td><td class=\"column-2\"><\/td><td class=\"column-3\">2\u00ba DANIELE BORGES BEZERRA<\/td><td class=\"column-4\">Convocado(a) em 07\/08\/2019<\/td>\n<\/tr>\n<tr class=\"row-54\">\n\t<td class=\"column-1\"><\/td><td class=\"column-2\"><\/td><td class=\"column-3\">3\u00ba ROBERTO ANTONIO CAPIOTTI DA SILVA<\/td><td class=\"column-4\">Convocado(a) em 13\/01\/2023<\/td>\n<\/tr>\n<tr class=\"row-55\">\n\t<td class=\"column-1\"><\/td><td class=\"column-2\"><\/td><td class=\"column-3\">4\u00ba MARIO EUGENIO SARETTA POGLIA<\/td><td class=\"column-4\">Convocado(a) em 17\/01\/2023<\/td>\n<\/tr>\n<tr class=\"row-56\">\n\t<td class=\"column-1\"><\/td><td class=\"column-2\"><\/td><td class=\"column-3\">5\u00ba BIANCA FERREIRA OLIVEIRA<\/td><td class=\"column-4\">Convocado(a) em 25\/01\/2023<\/td>\n<\/tr>\n<tr class=\"row-57\">\n\t<td class=\"column-1\"><\/td><td class=\"column-2\"><\/td><td class=\"column-3\">6\u00ba MONICA SOARES SIQUEIRA<\/td><td class=\"column-4\">Convocado(a) em 09\/02\/2023<\/td>\n<\/tr>\n<tr class=\"row-58\">\n\t<td class=\"column-1\"><strong>Proc. 23110.005436\/2019-61<\/strong><br \/>\nInstituto de F\u00edsica e Matem\u00e1tica \u2013 IFM<br \/>\nMultidisciplinar\/Ensino\t<\/td><td class=\"column-2\">D<\/td><td class=\"column-3\">1\u00ba AMANDA PRANKE<\/td><td class=\"column-4\">Convocado(a) em 19\/06\/2019<\/td>\n<\/tr>\n<\/tbody>\n<\/table>\n\n<div class=\"titleStyle\"><strong> COTAS RACIAIS<\/strong><\/div>\n\n<table id=\"tablepress-204\" class=\"tablepress tablepress-id-204\">\n<thead>\n<tr class=\"row-1\">\n\t<th class=\"column-1\">Processo\/\u00c1rea\/Unidade<\/th><th class=\"column-2\">Classe<\/th><th class=\"column-3\">Classif.<br \/>\nAprovados<\/th><th class=\"column-4\">Situa\u00e7\u00e3o<\/th>\n<\/tr>\n<\/thead>\n<tbody class=\"row-striping row-hover\">\n<tr class=\"row-2\">\n\t<td class=\"column-1\"><strong>Proc. 23110.008160\/2019-73<\/strong><br \/>\nInstituto de Ci\u00eancias Humanas \u2013 ICH<br \/>\nArqueologia<\/td><td class=\"column-2\">D<\/td><td class=\"column-3\">1\u00ba PATRICIA MARINHO DE CARVALHO<\/td><td class=\"column-4\">Convocado(a) em 25\/07\/2019<\/td>\n<\/tr>\n<\/tbody>\n<\/table>\n\n<\/div>\n","protected":false},"excerpt":{"rendered":"<p>Convoca\u00e7\u00f5es- Edital 09\/2019 Acompanhe nesta p\u00e1gina a publica\u00e7\u00e3o dos\/as nomeados\/as para servidores\/as docentes na UFPEL. Confira a p\u00e1gina com as informa\u00e7\u00f5es a respeito do certame: Certame do Edital 09\/2019 Ampla Concorr\u00eancia COTAS RACIAIS<\/p>\n","protected":false},"author":52,"featured_media":0,"parent":0,"menu_order":0,"comment_status":"closed","ping_status":"closed","template":"","meta":{"footnotes":""},"class_list":["post-16491","page","type-page","status-publish","hentry"],"_links":{"self":[{"href":"https:\/\/wp.ufpel.edu.br\/progep\/wp-json\/wp\/v2\/pages\/16491","targetHints":{"allow":["GET"]}}],"collection":[{"href":"https:\/\/wp.ufpel.edu.br\/progep\/wp-json\/wp\/v2\/pages"}],"about":[{"href":"https:\/\/wp.ufpel.edu.br\/progep\/wp-json\/wp\/v2\/types\/page"}],"author":[{"embeddable":true,"href":"https:\/\/wp.ufpel.edu.br\/progep\/wp-json\/wp\/v2\/users\/52"}],"replies":[{"embeddable":true,"href":"https:\/\/wp.ufpel.edu.br\/progep\/wp-json\/wp\/v2\/comments?post=16491"}],"version-history":[{"count":3,"href":"https:\/\/wp.ufpel.edu.br\/progep\/wp-json\/wp\/v2\/pages\/16491\/revisions"}],"predecessor-version":[{"id":39869,"href":"https:\/\/wp.ufpel.edu.br\/progep\/wp-json\/wp\/v2\/pages\/16491\/revisions\/39869"}],"wp:attachment":[{"href":"https:\/\/wp.ufpel.edu.br\/progep\/wp-json\/wp\/v2\/media?parent=16491"}],"curies":[{"name":"wp","href":"https:\/\/api.w.org\/{rel}","templated":true}]}}