{"id":16486,"date":"2020-10-22T11:37:04","date_gmt":"2020-10-22T14:37:04","guid":{"rendered":"https:\/\/wp.ufpel.edu.br\/progep\/?page_id=16486"},"modified":"2025-12-29T16:38:25","modified_gmt":"2025-12-29T19:38:25","slug":"convocacoes-edital-20-2019","status":"publish","type":"page","link":"https:\/\/wp.ufpel.edu.br\/progep\/convocacoes-edital-20-2019\/","title":{"rendered":"Convoca\u00e7\u00f5es &#8211; Edital 20\/2019"},"content":{"rendered":"\n<div class=\"wp-block-group\"><div class=\"wp-block-group__inner-container is-layout-constrained wp-block-group-is-layout-constrained\">\n<div class=\"logoTituloModelStyle\"><img class=\"size-medium wp-image-27184 alignleft\" src=\"https:\/\/wp.ufpel.edu.br\/progep\/files\/2025\/03\/logo-progep_atualizacao-nome_AZUL.png\" style=\"padding:0\" alt=\"\" \/><\/p>\n<div style=\"padding: 2rem 0\"><strong>Convoca\u00e7\u00f5es- Edital 20\/2019<\/strong><\/div>\n<\/div>\n<hr class=\"hrModelStyle\" \/>\n<div class=\"descriptionModelStyle\">Acompanhe nesta p\u00e1gina a publica\u00e7\u00e3o dos\/as nomeados\/as para servidores\/as docentes na UFPEL.<\/div>\n<\/div><\/div>\n\n\n<div class=\"pagNomeacoesStyle\">\n<p> Confira a p\u00e1gina com as informa\u00e7\u00f5es a respeito do certame: <\/p>\n<p><a href=\"https:\/\/ces.ufpel.edu.br\/conctecadmed0020_2019\/\" target=\"_blank\">Certame do Edital 20\/2019<\/a><\/p>\n<div class=\"titleStyle\"><strong>Ampla Concorr\u00eancia<\/strong><\/div> \n\n<table id=\"tablepress-198\" class=\"tablepress tablepress-id-198\">\n<thead>\n<tr class=\"row-1\">\n\t<th class=\"column-1\">Processo\/\u00c1rea\/Unidade<\/th><th class=\"column-2\">Classe<\/th><td class=\"column-3\"><\/td><th class=\"column-4\">Classif.<br \/>\nAprovados<\/th><th class=\"column-5\">Situa\u00e7\u00e3o<\/th>\n<\/tr>\n<\/thead>\n<tbody class=\"row-striping row-hover\">\n<tr class=\"row-2\">\n\t<td class=\"column-1\"><strong>PROCESSO N\u00ba. 23110.012757\/2019-12<\/strong><br \/>\nCENTRO DE CI\u00caNCIAS QU\u00cdMICAS, FARMAC\u00caUTICAS E DE<br \/>\nALIMENTOS \u2013 CCQFA<br \/>\nFARM\u00c1CIA<\/td><td class=\"column-2\">C<\/td><td class=\"column-3\"><\/td><td class=\"column-4\">1\u00ba NAIARA STEFANELLO<\/td><td class=\"column-5\">Convocado(a) em 09\/09\/2019<\/td>\n<\/tr>\n<tr class=\"row-3\">\n\t<td class=\"column-1\"><\/td><td class=\"column-2\"><\/td><td class=\"column-3\"><\/td><td class=\"column-4\">2\u00ba DAIANE FLORES DALLA LANA<\/td><td class=\"column-5\"><\/td>\n<\/tr>\n<tr class=\"row-4\">\n\t<td class=\"column-1\"><\/td><td class=\"column-2\"><\/td><td class=\"column-3\"><\/td><td class=\"column-4\">3\u00ba JOSIANE DE OLIVEIRA FEIJO<\/td><td class=\"column-5\"><\/td>\n<\/tr>\n<tr class=\"row-5\">\n\t<td class=\"column-1\"><strong>PROCESSO N\u00ba. 23110.021498\/2019-11<\/strong><br \/>\nCENTRO DE CI\u00caNCIAS QU\u00cdMICAS, FARMAC\u00caUTICAS E DE<br \/>\nALIMENTOS \u2013 CCQFA<br \/>\nQU\u00cdMICA<\/td><td class=\"column-2\">A<\/td><td class=\"column-3\"><\/td><td class=\"column-4\">1\u00ba ANGELITA MANKE BARCELLOS<\/td><td class=\"column-5\">Convocado(a) em 26\/08\/2019<\/td>\n<\/tr>\n<tr class=\"row-6\">\n\t<td class=\"column-1\"><\/td><td class=\"column-2\"><\/td><td class=\"column-3\"><\/td><td class=\"column-4\">2\u00ba LUANA BETTANIN<\/td><td class=\"column-5\">Convocado(a) em 27\/08\/2019<\/td>\n<\/tr>\n<tr class=\"row-7\">\n\t<td class=\"column-1\"><\/td><td class=\"column-2\"><\/td><td class=\"column-3\"><\/td><td class=\"column-4\">3\u00ba ALEXANDER OSSANES DE SOUZA<\/td><td class=\"column-5\">Convocado(a) em 07\/12\/2020<\/td>\n<\/tr>\n<tr class=\"row-8\">\n\t<td class=\"column-1\"><\/td><td class=\"column-2\"><\/td><td class=\"column-3\"><\/td><td class=\"column-4\">4\u00ba HELEN CRISTINA DOS SANTOS HACKBART<\/td><td class=\"column-5\"><\/td>\n<\/tr>\n<tr class=\"row-9\">\n\t<td class=\"column-1\"><\/td><td class=\"column-2\"><\/td><td class=\"column-3\"><\/td><td class=\"column-4\">5\u00ba CAMILA CORREA PEREIRA<\/td><td class=\"column-5\"><\/td>\n<\/tr>\n<tr class=\"row-10\">\n\t<td class=\"column-1\"><strong>PROCESSO N\u00ba. 23110.023096\/2019-51<\/strong><br \/>\nCENTRO DE DESENVOLVIMENTO TECNOL\u00d3GICO \u2013 CDTEC<br \/>\nMANEJO DE BACIAS HIDROGR\u00c1FICAS OU<br \/>\nHIDROMETRIA<\/td><td class=\"column-2\">D<\/td><td class=\"column-3\"><\/td><td class=\"column-4\">1\u00ba JESSICA FERNANDA OGASSAWARA<\/td><td class=\"column-5\">Desist\u00eancia<\/td>\n<\/tr>\n<tr class=\"row-11\">\n\t<td class=\"column-1\"><strong>PROCESSO N\u00ba. 23110.005595\/2019-66<\/strong><br \/>\nCENTRO DE ENGENHARIAS \u2013 CENG<br \/>\nENGENHARIAS IV<\/td><td class=\"column-2\">C<\/td><td class=\"column-3\"><\/td><td class=\"column-4\">1\u00ba MAIRON DE ARAUJO BELCHIOR<\/td><td class=\"column-5\">Convocado(a) em 19\/08\/2019<\/td>\n<\/tr>\n<tr class=\"row-12\">\n\t<td class=\"column-1\"><\/td><td class=\"column-2\"><\/td><td class=\"column-3\"><\/td><td class=\"column-4\">2\u00ba MONICA LOREA MATZENAUER<\/td><td class=\"column-5\">Convocado(a) em 11\/09\/2019<\/td>\n<\/tr>\n<tr class=\"row-13\">\n\t<td class=\"column-1\"><\/td><td class=\"column-2\"><\/td><td class=\"column-3\"><\/td><td class=\"column-4\">3\u00ba ANDRE DESESSARDS JARDIM<\/td><td class=\"column-5\">Convocado(a) em 24\/09\/2019<\/td>\n<\/tr>\n<tr class=\"row-14\">\n\t<td class=\"column-1\"><\/td><td class=\"column-2\"><\/td><td class=\"column-3\"><\/td><td class=\"column-4\">4\u00ba ANDREI BORGES LA ROSA<\/td><td class=\"column-5\">Convocado(a) em 30\/09\/2019<\/td>\n<\/tr>\n<tr class=\"row-15\">\n\t<td class=\"column-1\"><\/td><td class=\"column-2\"><\/td><td class=\"column-3\"><\/td><td class=\"column-4\">5\u00ba ANDRE MIGUEL NICOLINI<\/td><td class=\"column-5\"><\/td>\n<\/tr>\n<tr class=\"row-16\">\n\t<td class=\"column-1\"><strong>PROCESSO N\u00ba. 23110.022628\/2019-32<\/strong><br \/>\nCENTRO DE ENGENHARIAS \u2013 CENG<br \/>\nENGENHARIAS IV<\/td><td class=\"column-2\">D<\/td><td class=\"column-3\"><\/td><td class=\"column-4\">1\u00ba VINICIUS MORAIS FOCHI<\/td><td class=\"column-5\">Convocado(a) em 19\/08\/2019<\/td>\n<\/tr>\n<tr class=\"row-17\">\n\t<td class=\"column-1\"><strong>PROCESSO N\u00ba. 23110.012443\/2019-10<\/strong><br \/>\nCENTRO DE LETRAS E COMUNICA\u00c7\u00c3O \u2013 CLC<br \/>\nLETRAS ESTRANGEIRAS MODERNAS \u2013 INGL\u00caS<\/td><td class=\"column-2\">D<\/td><td class=\"column-3\"><\/td><td class=\"column-4\">1\u00ba VALERIA ZANETTI NEY<\/td><td class=\"column-5\">Convocado(a) em 19\/08\/2019<\/td>\n<\/tr>\n<tr class=\"row-18\">\n\t<td class=\"column-1\"><strong>PROCESSO N\u00ba. 23110.003018\/2019-30<\/strong><br \/>\nCENTRO DE LETRAS E COMUNICA\u00c7\u00c3O \u2013 CLC<br \/>\nL\u00cdNGUAS ESTRANGEIRAS MODERNAS E<br \/>\nLITERATURAS ESTRANGEIRAS MODERNAS OU<br \/>\nL\u00cdNGUA FRANCESA E LITERATURAS DE L\u00cdNGUA<br \/>\nFRANCESA<\/td><td class=\"column-2\">C<\/td><td class=\"column-3\"><\/td><td class=\"column-4\">1\u00ba JINGFANG YU<\/td><td class=\"column-5\">Convocado(a) em 19\/08\/2019<\/td>\n<\/tr>\n<tr class=\"row-19\">\n\t<td class=\"column-1\"><strong>PROCESSO N\u00ba. 23110.010484\/2019-71<\/strong><br \/>\nFACULDADE DE AGRONOMIA ELISEU MACIEL \u2013 FAEM<br \/>\nCI\u00caNCIA E TECNOLOGIA DE ALIMENTO<\/td><td class=\"column-2\">C<\/td><td class=\"column-3\"><\/td><td class=\"column-4\">1\u00ba CRISTIANO DIETRICH FERREIRA<\/td><td class=\"column-5\">Convocado(a) em 19\/08\/2019<\/td>\n<\/tr>\n<tr class=\"row-20\">\n\t<td class=\"column-1\"><\/td><td class=\"column-2\"><\/td><td class=\"column-3\"><\/td><td class=\"column-4\">2\u00ba BIANCA PIO AVILA<\/td><td class=\"column-5\">Convocado(a) em 22\/08\/2019<\/td>\n<\/tr>\n<tr class=\"row-21\">\n\t<td class=\"column-1\"><strong>PROCESSO N\u00ba. 23110.009363\/2019-87<\/strong><br \/>\nFACULDADE DE EDUCA\u00c7\u00c3O \u2013 FAE<br \/>\nFILOSOFIA DA EDUCA\u00c7\u00c3O OU HIST\u00d3RIA DA<br \/>\nEDUCA\u00c7\u00c3O OU SOCIOLOGIA DA EDUCA\u00c7\u00c3O<\/td><td class=\"column-2\">B<\/td><td class=\"column-3\"><\/td><td class=\"column-4\">1\u00ba JUNIOR CESAR MOTA<\/td><td class=\"column-5\">Convocado(a) em 16\/08\/2019<\/td>\n<\/tr>\n<tr class=\"row-22\">\n\t<td class=\"column-1\"><\/td><td class=\"column-2\"><\/td><td class=\"column-3\"><\/td><td class=\"column-4\">2\u00ba MAGDA GISELA CRUZ DOS SANTOS<\/td><td class=\"column-5\"><\/td>\n<\/tr>\n<tr class=\"row-23\">\n\t<td class=\"column-1\"><\/td><td class=\"column-2\"><\/td><td class=\"column-3\"><\/td><td class=\"column-4\">3\u00ba RODRIGO MAFALDA<\/td><td class=\"column-5\"><\/td>\n<\/tr>\n<tr class=\"row-24\">\n\t<td class=\"column-1\"><\/td><td class=\"column-2\"><\/td><td class=\"column-3\"><\/td><td class=\"column-4\">4\u00ba SANDRA ESPINOSA ALMANSA<\/td><td class=\"column-5\"><\/td>\n<\/tr>\n<tr class=\"row-25\">\n\t<td class=\"column-1\"><\/td><td class=\"column-2\"><\/td><td class=\"column-3\"><\/td><td class=\"column-4\">5\u00ba GLEDIANE SALDANHA GOETZKE DA ROSA<\/td><td class=\"column-5\"><\/td>\n<\/tr>\n<tr class=\"row-26\">\n\t<td class=\"column-1\"><strong>PROCESSO N\u00ba. 23110.019822\/2019-31<\/strong><br \/>\nFACULDADE DE MEDICINA \u2013 FAMED<br \/>\nNEUROLOGIA<\/td><td class=\"column-2\">A<\/td><td class=\"column-3\"><\/td><td class=\"column-4\">1\u00ba VINICIUS DE PAULA GUEDES<\/td><td class=\"column-5\">Convocado(a) em 19\/08\/2019<\/td>\n<\/tr>\n<tr class=\"row-27\">\n\t<td class=\"column-1\"><strong>PROCESSO N\u00ba. 23110.002619\/2019-25<\/strong><br \/>\nFACULDADE DE ODONTOLOGIA \u2013 FO<br \/>\nCI\u00caNCIAS DA SA\u00daDE OU ODONTOLOGIA OU<br \/>\nSA\u00daDE COLETIVA<\/td><td class=\"column-2\">A<\/td><td class=\"column-3\"><\/td><td class=\"column-4\">1\u00ba LUCAS PRADEBON BRONDANI<\/td><td class=\"column-5\">Convocado(a) em 16\/08\/2019<\/td>\n<\/tr>\n<tr class=\"row-28\">\n\t<td class=\"column-1\"><\/td><td class=\"column-2\"><\/td><td class=\"column-3\"><\/td><td class=\"column-4\">2\u00ba SARAH ARANGUREM KARAM<\/td><td class=\"column-5\"><\/td>\n<\/tr>\n<tr class=\"row-29\">\n\t<td class=\"column-1\"><\/td><td class=\"column-2\"><\/td><td class=\"column-3\"><\/td><td class=\"column-4\">3\u00ba MARIANA SILVEIRA ECHEVERRIA<\/td><td class=\"column-5\"><\/td>\n<\/tr>\n<tr class=\"row-30\">\n\t<td class=\"column-1\"><\/td><td class=\"column-2\"><\/td><td class=\"column-3\"><\/td><td class=\"column-4\">4\u00ba DEISI LANE RODRIGUES SILVA<\/td><td class=\"column-5\"><\/td>\n<\/tr>\n<tr class=\"row-31\">\n\t<td class=\"column-1\"><strong>PROCESSO N\u00ba. 23110.022598\/2019-64<\/strong><br \/>\nFACULDADE DE ODONTOLOGIA \u2013 FO<br \/>\nODONTOPEDIATRIA<\/td><td class=\"column-2\">A<\/td><td class=\"column-3\"><\/td><td class=\"column-4\">1\u00ba AYAH QASSEM AHMAD SHQAIR<\/td><td class=\"column-5\">Negativa de Contrato<\/td>\n<\/tr>\n<tr class=\"row-32\">\n\t<td class=\"column-1\"><\/td><td class=\"column-2\"><\/td><td class=\"column-3\"><\/td><td class=\"column-4\">2\u00ba PAULA KARINE JORGE<\/td><td class=\"column-5\">Convocado(a) em 01\/10\/2019<\/td>\n<\/tr>\n<tr class=\"row-33\">\n\t<td class=\"column-1\"><\/td><td class=\"column-2\"><\/td><td class=\"column-3\"><\/td><td class=\"column-4\">3\u00ba ETHIELI RODRIGUES DA SILVEIRA<\/td><td class=\"column-5\">Convocado(a) em 04\/10\/2019<\/td>\n<\/tr>\n<tr class=\"row-34\">\n\t<td class=\"column-1\"><strong>PROCESSO N\u00ba. 23110.020705\/2019-10<\/strong><br \/>\nFACULDADE DE VETERIN\u00c1RIA \u2013 FAVET<br \/>\nCL\u00cdNICA M\u00c9DICA DE GRANDES ANIMAIS<\/td><td class=\"column-2\">C<\/td><td class=\"column-3\"><\/td><td class=\"column-4\">1\u00ba ELIZA ROSSI KOMNINOU<\/td><td class=\"column-5\">Convocado(a) em 11\/02\/2020<\/td>\n<\/tr>\n<tr class=\"row-35\">\n\t<td class=\"column-1\"><\/td><td class=\"column-2\"><\/td><td class=\"column-3\"><\/td><td class=\"column-4\">2\u00ba ANTONIO AMARAL BARBOSA<\/td><td class=\"column-5\"><\/td>\n<\/tr>\n<tr class=\"row-36\">\n\t<td class=\"column-1\"><strong>PROCESSO N\u00ba. 23110.022823\/2019-62<\/strong><br \/>\nINSTITUTO DE CI\u00caNCIAS HUMANAS \u2013 ICH<br \/>\nCI\u00caNCIA DA CONSERVA\u00c7\u00c3O<\/td><td class=\"column-2\">C<\/td><td class=\"column-3\"><\/td><td class=\"column-4\">1\u00ba BRUNO DA SILVEIRA NOREMBERG<\/td><td class=\"column-5\">Convocado(a) em 24\/09\/2019<\/td>\n<\/tr>\n<tr class=\"row-37\">\n\t<td class=\"column-1\"><\/td><td class=\"column-2\"><\/td><td class=\"column-3\"><\/td><td class=\"column-4\">2\u00ba DALILA VENZKE<\/td><td class=\"column-5\">Convocado(a) em 27\/09\/2022<\/td>\n<\/tr>\n<tr class=\"row-38\">\n\t<td class=\"column-1\"><strong>PROCESSO N\u00ba. 23110.022809\/2019-69<\/strong><br \/>\nINSTITUTO DE CI\u00caNCIAS HUMANAS \u2013 ICH<br \/>\nCONSERVA\u00c7\u00c3O E RESTAURA\u00c7\u00c3O DE BENS<br \/>\nCULTURAIS<\/td><td class=\"column-2\">B<\/td><td class=\"column-3\"><\/td><td class=\"column-4\">1\u00ba JULIANA CAVALHEIRO RODRIGHIERO<\/td><td class=\"column-5\">Convocado(a) em 27\/08\/2019<\/td>\n<\/tr>\n<tr class=\"row-39\">\n\t<td class=\"column-1\"><\/td><td class=\"column-2\"><\/td><td class=\"column-3\"><\/td><td class=\"column-4\">2\u00ba MIRELLA MORAES DE BORBA<\/td><td class=\"column-5\">Convocado(a) em 09\/01\/2023<\/td>\n<\/tr>\n<tr class=\"row-40\">\n\t<td class=\"column-1\"><strong>PROCESSO N\u00ba. 23110.022812\/2019-82<\/strong><br \/>\nINSTITUTO DE CI\u00caNCIAS HUMANAS \u2013 ICH<br \/>\nHIST\u00d3RIA ANTIGA<\/td><td class=\"column-2\">E<\/td><td class=\"column-3\"><\/td><td class=\"column-4\">1\u00ba LIDIANE ELIZABETE FRIDERICHS<\/td><td class=\"column-5\">Convocado(a) em 16\/08\/2019<\/td>\n<\/tr>\n<tr class=\"row-41\">\n\t<td class=\"column-1\"><\/td><td class=\"column-2\"><\/td><td class=\"column-3\"><\/td><td class=\"column-4\">2\u00ba SERGIO ROBERTO ROCHA DA SILVA<\/td><td class=\"column-5\"><\/td>\n<\/tr>\n<tr class=\"row-42\">\n\t<td class=\"column-1\"><strong>PROCESSO N\u00ba. 23110.023180\/2019-74<\/strong><br \/>\nINSTITUTO DE F\u00cdSICA E MATEM\u00c1TICA \u2013 IFM<br \/>\nF\u00cdSICA<\/td><td class=\"column-2\">C<\/td><td class=\"column-3\"><\/td><td class=\"column-4\">1\u00ba PATRICIA DE LARA ANTONIO<\/td><td class=\"column-5\">Convocado(a) em 16\/08\/2019<\/td>\n<\/tr>\n<tr class=\"row-43\">\n\t<td class=\"column-1\"><\/td><td class=\"column-2\"><\/td><td class=\"column-3\"><\/td><td class=\"column-4\">2\u00ba DANEELE SARACOL TUSNSKI<\/td><td class=\"column-5\">Convocado(a) em 05\/10\/2022<\/td>\n<\/tr>\n<tr class=\"row-44\">\n\t<td class=\"column-1\"><\/td><td class=\"column-2\"><\/td><td class=\"column-3\"><\/td><td class=\"column-4\">3\u00ba AMIN BAKHSHANDEH<\/td><td class=\"column-5\">Convocado(a) em 11\/10\/2022<\/td>\n<\/tr>\n<tr class=\"row-45\">\n\t<td class=\"column-1\"><\/td><td class=\"column-2\"><\/td><td class=\"column-3\"><\/td><td class=\"column-4\">4\u00ba EDUARDO FUZER ROSSO<\/td><td class=\"column-5\">Convocado(a) em 14\/10\/2022<\/td>\n<\/tr>\n<\/tbody>\n<\/table>\n<!-- #tablepress-198 from cache -->\n<\/div>\n\n","protected":false},"excerpt":{"rendered":"<p>Convoca\u00e7\u00f5es- Edital 20\/2019 Acompanhe nesta p\u00e1gina a publica\u00e7\u00e3o dos\/as nomeados\/as para servidores\/as docentes na UFPEL. Confira a p\u00e1gina com as informa\u00e7\u00f5es a respeito do certame: Certame do Edital 20\/2019 Ampla Concorr\u00eancia<\/p>\n","protected":false},"author":52,"featured_media":0,"parent":0,"menu_order":0,"comment_status":"closed","ping_status":"closed","template":"","meta":{"footnotes":""},"class_list":["post-16486","page","type-page","status-publish","hentry"],"_links":{"self":[{"href":"https:\/\/wp.ufpel.edu.br\/progep\/wp-json\/wp\/v2\/pages\/16486","targetHints":{"allow":["GET"]}}],"collection":[{"href":"https:\/\/wp.ufpel.edu.br\/progep\/wp-json\/wp\/v2\/pages"}],"about":[{"href":"https:\/\/wp.ufpel.edu.br\/progep\/wp-json\/wp\/v2\/types\/page"}],"author":[{"embeddable":true,"href":"https:\/\/wp.ufpel.edu.br\/progep\/wp-json\/wp\/v2\/users\/52"}],"replies":[{"embeddable":true,"href":"https:\/\/wp.ufpel.edu.br\/progep\/wp-json\/wp\/v2\/comments?post=16486"}],"version-history":[{"count":3,"href":"https:\/\/wp.ufpel.edu.br\/progep\/wp-json\/wp\/v2\/pages\/16486\/revisions"}],"predecessor-version":[{"id":39849,"href":"https:\/\/wp.ufpel.edu.br\/progep\/wp-json\/wp\/v2\/pages\/16486\/revisions\/39849"}],"wp:attachment":[{"href":"https:\/\/wp.ufpel.edu.br\/progep\/wp-json\/wp\/v2\/media?parent=16486"}],"curies":[{"name":"wp","href":"https:\/\/api.w.org\/{rel}","templated":true}]}}