{"id":16385,"date":"2020-10-08T15:31:27","date_gmt":"2020-10-08T18:31:27","guid":{"rendered":"https:\/\/wp.ufpel.edu.br\/progep\/?page_id=16385"},"modified":"2025-06-30T13:42:29","modified_gmt":"2025-06-30T16:42:29","slug":"ensino-remoto-possibilidades-de-sucesso-nos-processos-de-aprendizagem","status":"publish","type":"page","link":"https:\/\/wp.ufpel.edu.br\/progep\/ensino-remoto-possibilidades-de-sucesso-nos-processos-de-aprendizagem\/","title":{"rendered":"Capacita\u00e7\u00e3o: Ensino remoto: possibilidades de sucesso nos processos de aprendizagem"},"content":{"rendered":"<p><strong>Facilitador(a): <\/strong>Cintia Avila Blank<\/p>\n<p><strong>Data:<\/strong> 22\/10\/2020 (quinta-feira)<\/p>\n<p><strong>Hora:\u00a0<\/strong>das 14h30min \u00e0s 16h<\/p>\n<p><strong>Realiza\u00e7\u00e3o:<\/strong>\u00a0plataforma Webconf da UFPel (na modalidade\u00a0<em>on-line)<\/em><\/p>\n<p><strong>Ementa: <\/strong>Recursos para o ensino na modalidade a dist\u00e2ncia, avalia\u00e7\u00f5es quantitativas e qualitativas, atividades s\u00edncronas e ass\u00edncronas.<\/p>\n<p><strong>P\u00fablico Alvo<\/strong>: Servidores docentes e TAE\u2019s ativos*<\/p>\n<p><strong>Per\u00edodo de inscri\u00e7\u00e3o<\/strong>: 08\/10 a 20\/10\/2020<\/p>\n<p><strong>Divulga\u00e7\u00e3o das inscri\u00e7\u00f5es homologadas<\/strong>: 21\/10**, nesta p\u00e1gina.<\/p>\n<p>*Considerando a Pol\u00edtica Nacional de Desenvolvimento de Pessoas, conforme Decreto n\u00ba 9.991\/19, somente ser\u00e3o certificados os servidores p\u00fablicos pertencentes ao Quadro Efetivo da UFPel.<\/p>\n<p>**Quando homologadas as inscri\u00e7\u00f5es, os selecionados receber\u00e3o e-mail com instru\u00e7\u00f5es de acesso \u00e0 sala de Webconf da UFPel.<\/p>\n<p><strong><span style=\"color: #ff6600\"><a style=\"color: #ff6600\" href=\"https:\/\/wp.ufpel.edu.br\/progep\/files\/2020\/10\/homologa-inscritos_ENSINO-REMOTO-POSSIB-SUCESSO-1.pdf\">INSCRI\u00c7\u00d5ES HOMOLOGADAS<\/a><\/span><\/strong><\/p>\n","protected":false},"excerpt":{"rendered":"<p>Facilitador(a): Cintia Avila Blank Data: 22\/10\/2020 (quinta-feira) Hora:\u00a0das 14h30min \u00e0s 16h Realiza\u00e7\u00e3o:\u00a0plataforma Webconf da UFPel (na modalidade\u00a0on-line) Ementa: Recursos para o ensino na modalidade a dist\u00e2ncia, avalia\u00e7\u00f5es quantitativas e qualitativas, atividades s\u00edncronas e ass\u00edncronas. P\u00fablico Alvo: Servidores docentes e TAE\u2019s ativos* Per\u00edodo de inscri\u00e7\u00e3o: 08\/10 a 20\/10\/2020 Divulga\u00e7\u00e3o das inscri\u00e7\u00f5es homologadas: 21\/10**, nesta p\u00e1gina. *Considerando [&hellip;]<\/p>\n","protected":false},"author":21,"featured_media":0,"parent":0,"menu_order":0,"comment_status":"closed","ping_status":"closed","template":"","meta":{"footnotes":""},"class_list":["post-16385","page","type-page","status-publish","hentry"],"_links":{"self":[{"href":"https:\/\/wp.ufpel.edu.br\/progep\/wp-json\/wp\/v2\/pages\/16385","targetHints":{"allow":["GET"]}}],"collection":[{"href":"https:\/\/wp.ufpel.edu.br\/progep\/wp-json\/wp\/v2\/pages"}],"about":[{"href":"https:\/\/wp.ufpel.edu.br\/progep\/wp-json\/wp\/v2\/types\/page"}],"author":[{"embeddable":true,"href":"https:\/\/wp.ufpel.edu.br\/progep\/wp-json\/wp\/v2\/users\/21"}],"replies":[{"embeddable":true,"href":"https:\/\/wp.ufpel.edu.br\/progep\/wp-json\/wp\/v2\/comments?post=16385"}],"version-history":[{"count":6,"href":"https:\/\/wp.ufpel.edu.br\/progep\/wp-json\/wp\/v2\/pages\/16385\/revisions"}],"predecessor-version":[{"id":33895,"href":"https:\/\/wp.ufpel.edu.br\/progep\/wp-json\/wp\/v2\/pages\/16385\/revisions\/33895"}],"wp:attachment":[{"href":"https:\/\/wp.ufpel.edu.br\/progep\/wp-json\/wp\/v2\/media?parent=16385"}],"curies":[{"name":"wp","href":"https:\/\/api.w.org\/{rel}","templated":true}]}}