{"id":16229,"date":"2020-09-16T10:07:16","date_gmt":"2020-09-16T13:07:16","guid":{"rendered":"https:\/\/wp.ufpel.edu.br\/progep\/?page_id=16229"},"modified":"2025-06-30T13:42:44","modified_gmt":"2025-06-30T16:42:44","slug":"capacita-na-web-saude-mental-na-sociedade-do-cansaco-avaliando-o-cenario-e-encontrando-formas-de-cuidado","status":"publish","type":"page","link":"https:\/\/wp.ufpel.edu.br\/progep\/capacita-na-web-saude-mental-na-sociedade-do-cansaco-avaliando-o-cenario-e-encontrando-formas-de-cuidado\/","title":{"rendered":"Capacita\u00e7\u00e3o: Capacita na web: Sa\u00fade mental na &#8220;sociedade do cansa\u00e7o&#8221;: avaliando o cen\u00e1rio e encontrando formas de cuidado"},"content":{"rendered":"<p><strong>Facilitador(a): <\/strong>Giovana Fagundes Luczinski<\/p>\n<p><strong>Data:<\/strong> 01\/10\/2020 (quinta-feira)<\/p>\n<p><strong>Hora:\u00a0<\/strong>das 15h \u00e0s 16h30min<\/p>\n<p><strong>Realiza\u00e7\u00e3o:<\/strong>\u00a0plataforma Webconf da UFPel (na modalidade\u00a0on-line<em>)<\/em><\/p>\n<p><strong>Ementa: <\/strong>Breve caracteriza\u00e7\u00e3o da sociedade do cansa\u00e7o a partir das premissas de Byung- Chul Han; reflex\u00f5es sobre o desgaste ps\u00edquico no modo multitarefas; a sobreposi\u00e7\u00e3o de demandas no isolamento social; caminhos para cuidar da sa\u00fade mental nesse contexto, diante dos desafios da pandemia.<\/p>\n<p><strong>P\u00fablico Alvo<\/strong>: Servidores docentes e TAE\u2019s ativos*<\/p>\n<p><strong>Per\u00edodo de inscri\u00e7\u00e3o<\/strong>: 18\/09 a 29\/09\/2020<\/p>\n<p><strong>Divulga\u00e7\u00e3o das inscri\u00e7\u00f5es homologadas<\/strong>:30\/09**, nesta p\u00e1gina.<\/p>\n<p>*Considerando a Pol\u00edtica Nacional de Desenvolvimento de Pessoas, conforme Decreto n\u00ba 9.991\/19, somente ser\u00e3o certificados os servidores p\u00fablicos pertencentes ao Quadro Efetivo da UFPel.<\/p>\n<p>**Quando homologadas as inscri\u00e7\u00f5es, os selecionados receber\u00e3o e-mail com instru\u00e7\u00f5es de acesso \u00e0 sala de Webconf da UFPel.<\/p>\n<p><strong><span style=\"color: #ff6600\"><a style=\"color: #ff6600\" href=\"https:\/\/wp.ufpel.edu.br\/progep\/files\/2020\/09\/homologa-inscritos_-SAUDE-MENTAL-Sociedade-do-cansaco.pdf\">INSCRI\u00c7\u00d5ES HOMOLOGADAS<\/a><\/span><\/strong><\/p>\n","protected":false},"excerpt":{"rendered":"<p>Facilitador(a): Giovana Fagundes Luczinski Data: 01\/10\/2020 (quinta-feira) Hora:\u00a0das 15h \u00e0s 16h30min Realiza\u00e7\u00e3o:\u00a0plataforma Webconf da UFPel (na modalidade\u00a0on-line) Ementa: Breve caracteriza\u00e7\u00e3o da sociedade do cansa\u00e7o a partir das premissas de Byung- Chul Han; reflex\u00f5es sobre o desgaste ps\u00edquico no modo multitarefas; a sobreposi\u00e7\u00e3o de demandas no isolamento social; caminhos para cuidar da sa\u00fade mental nesse contexto, [&hellip;]<\/p>\n","protected":false},"author":21,"featured_media":0,"parent":0,"menu_order":0,"comment_status":"closed","ping_status":"closed","template":"","meta":{"footnotes":""},"class_list":["post-16229","page","type-page","status-publish","hentry"],"_links":{"self":[{"href":"https:\/\/wp.ufpel.edu.br\/progep\/wp-json\/wp\/v2\/pages\/16229","targetHints":{"allow":["GET"]}}],"collection":[{"href":"https:\/\/wp.ufpel.edu.br\/progep\/wp-json\/wp\/v2\/pages"}],"about":[{"href":"https:\/\/wp.ufpel.edu.br\/progep\/wp-json\/wp\/v2\/types\/page"}],"author":[{"embeddable":true,"href":"https:\/\/wp.ufpel.edu.br\/progep\/wp-json\/wp\/v2\/users\/21"}],"replies":[{"embeddable":true,"href":"https:\/\/wp.ufpel.edu.br\/progep\/wp-json\/wp\/v2\/comments?post=16229"}],"version-history":[{"count":7,"href":"https:\/\/wp.ufpel.edu.br\/progep\/wp-json\/wp\/v2\/pages\/16229\/revisions"}],"predecessor-version":[{"id":33898,"href":"https:\/\/wp.ufpel.edu.br\/progep\/wp-json\/wp\/v2\/pages\/16229\/revisions\/33898"}],"wp:attachment":[{"href":"https:\/\/wp.ufpel.edu.br\/progep\/wp-json\/wp\/v2\/media?parent=16229"}],"curies":[{"name":"wp","href":"https:\/\/api.w.org\/{rel}","templated":true}]}}