{"id":16126,"date":"2020-09-15T09:03:34","date_gmt":"2020-09-15T12:03:34","guid":{"rendered":"https:\/\/wp.ufpel.edu.br\/progep\/?page_id=16126"},"modified":"2025-06-30T13:42:49","modified_gmt":"2025-06-30T16:42:49","slug":"capacita-na-web-setembro-azul-qual-e-o-nosso-papel-no-mes-dos-surdos","status":"publish","type":"page","link":"https:\/\/wp.ufpel.edu.br\/progep\/capacita-na-web-setembro-azul-qual-e-o-nosso-papel-no-mes-dos-surdos\/","title":{"rendered":"Capacita\u00e7\u00e3o: Capacita na web &#8220;Setembro Azul: qual \u00e9 o nosso papel no m\u00eas dos surdos?&#8221;"},"content":{"rendered":"<p><strong>Facilitador(a): <\/strong>Prof\u00aa Francielle Cantarelli Martins<\/p>\n<p><strong>Data:<\/strong> 30\/09\/2020 (quarta-feira)<\/p>\n<p><strong>Hora:\u00a0<\/strong>das 14h \u00e0s 15h30min<\/p>\n<p><strong>Realiza\u00e7\u00e3o:<\/strong>\u00a0plataforma Webconf da UFPel (na modalidade\u00a0on-line)<\/p>\n<p><strong>Ementa:\u00a0<\/strong>O que \u00e9 o Setembro Azul? Qual a import\u00e2ncia do Setembro Azul? Abordar os avan\u00e7os em rela\u00e7\u00e3o \u00e0 acessibilidade e os desafios ainda enfrentados. Possibilidades e visibilidade da comunidade surda.<\/p>\n<p><strong>P\u00fablico Alvo<\/strong>: Servidores docentes e TAE\u2019s ativos*<\/p>\n<p><strong>Per\u00edodo de inscri\u00e7\u00e3o<\/strong>: <span style=\"background-color: #ffffff\">15<\/span>\/09 a 28\/09\/2020<\/p>\n<p><strong>Divulga\u00e7\u00e3o das inscri\u00e7\u00f5es homologadas<\/strong>: 29\/09**, nesta p\u00e1gina.<\/p>\n<p>*Considerando a Pol\u00edtica Nacional de Desenvolvimento de Pessoas, conforme Decreto n\u00ba 9.991\/19, somente ser\u00e3o certificados os servidores p\u00fablicos pertencentes ao Quadro Efetivo da UFPel.<\/p>\n<p>**Quando homologadas as inscri\u00e7\u00f5es, os selecionados receber\u00e3o e-mail com instru\u00e7\u00f5es de acesso \u00e0 sala de Webconf da UFPel.<\/p>\n<p><strong><span style=\"color: #ff6600\"><a style=\"color: #ff6600\" href=\"https:\/\/wp.ufpel.edu.br\/progep\/files\/2020\/09\/homologa-inscritos_-SETEMBRO-AZUL-1.pdf\">INSCRI\u00c7\u00d5ES HOMOLOGADAS<\/a><\/span><\/strong><\/p>\n<p>&nbsp;<\/p>\n<p>&nbsp;<\/p>\n","protected":false},"excerpt":{"rendered":"<p>Facilitador(a): Prof\u00aa Francielle Cantarelli Martins Data: 30\/09\/2020 (quarta-feira) Hora:\u00a0das 14h \u00e0s 15h30min Realiza\u00e7\u00e3o:\u00a0plataforma Webconf da UFPel (na modalidade\u00a0on-line) Ementa:\u00a0O que \u00e9 o Setembro Azul? Qual a import\u00e2ncia do Setembro Azul? Abordar os avan\u00e7os em rela\u00e7\u00e3o \u00e0 acessibilidade e os desafios ainda enfrentados. Possibilidades e visibilidade da comunidade surda. P\u00fablico Alvo: Servidores docentes e TAE\u2019s ativos* [&hellip;]<\/p>\n","protected":false},"author":21,"featured_media":0,"parent":0,"menu_order":0,"comment_status":"closed","ping_status":"closed","template":"","meta":{"footnotes":""},"class_list":["post-16126","page","type-page","status-publish","hentry"],"_links":{"self":[{"href":"https:\/\/wp.ufpel.edu.br\/progep\/wp-json\/wp\/v2\/pages\/16126","targetHints":{"allow":["GET"]}}],"collection":[{"href":"https:\/\/wp.ufpel.edu.br\/progep\/wp-json\/wp\/v2\/pages"}],"about":[{"href":"https:\/\/wp.ufpel.edu.br\/progep\/wp-json\/wp\/v2\/types\/page"}],"author":[{"embeddable":true,"href":"https:\/\/wp.ufpel.edu.br\/progep\/wp-json\/wp\/v2\/users\/21"}],"replies":[{"embeddable":true,"href":"https:\/\/wp.ufpel.edu.br\/progep\/wp-json\/wp\/v2\/comments?post=16126"}],"version-history":[{"count":12,"href":"https:\/\/wp.ufpel.edu.br\/progep\/wp-json\/wp\/v2\/pages\/16126\/revisions"}],"predecessor-version":[{"id":33899,"href":"https:\/\/wp.ufpel.edu.br\/progep\/wp-json\/wp\/v2\/pages\/16126\/revisions\/33899"}],"wp:attachment":[{"href":"https:\/\/wp.ufpel.edu.br\/progep\/wp-json\/wp\/v2\/media?parent=16126"}],"curies":[{"name":"wp","href":"https:\/\/api.w.org\/{rel}","templated":true}]}}