{"id":16099,"date":"2020-09-21T17:00:01","date_gmt":"2020-09-21T20:00:01","guid":{"rendered":"https:\/\/wp.ufpel.edu.br\/progep\/?page_id=16099"},"modified":"2025-06-30T13:42:39","modified_gmt":"2025-06-30T16:42:39","slug":"capacita-na-web-acessibilidade-no-ensino-superior-tornando-as-aulas-mais-inclusivas","status":"publish","type":"page","link":"https:\/\/wp.ufpel.edu.br\/progep\/capacita-na-web-acessibilidade-no-ensino-superior-tornando-as-aulas-mais-inclusivas\/","title":{"rendered":"Capacita\u00e7\u00e3o: Capacita na web &#8220;Acessibilidade no Ensino Superior: tornando as aulas mais inclusivas&#8221;"},"content":{"rendered":"<p><strong>Facilitadora:\u00a0<\/strong>Professora Desir\u00e9e Nobre Salasar<\/p>\n<p><strong>Data:<\/strong> 07\/10\/2020 (quarta-feira)<\/p>\n<p><strong>Hora:\u00a0<\/strong>das 14h \u00e0s 16h<\/p>\n<p><strong>Realiza\u00e7\u00e3o:<\/strong>\u00a0plataforma Webconf da UFPel (na modalidade\u00a0<em>on-line)<\/em><\/p>\n<p><strong>Ementa: <\/strong>Nesta conversa ser\u00e3o abordados aspectos gerais sobre as defici\u00eancias, relacionando os princ\u00edpios do Desenho Universal com o contexto da sala de aula. Ser\u00e3o discutidas algumas formas para acessibilizar o conte\u00fado ministrado, buscando incluir todos os alunos e suas singularidades.<\/p>\n<p><strong>P\u00fablico Alvo<\/strong>: Servidores docentes e TAE\u2019s ativos*<\/p>\n<p><strong>Per\u00edodo de inscri\u00e7\u00e3o<\/strong>: 21\/09 a 05\/10\/2020<\/p>\n<p><strong>Divulga\u00e7\u00e3o das inscri\u00e7\u00f5es homologadas<\/strong>: 06\/10**, nesta p\u00e1gina.<\/p>\n<p>* Considerando a Pol\u00edtica Nacional de Desenvolvimento de Pessoas, conforme Decreto n\u00ba 9.991\/19, somente ser\u00e3o certificados os servidores p\u00fablicos ativos pertencentes ao Quadro Efetivo da UFPel.<\/p>\n<p>** Quando da homologa\u00e7\u00e3o das inscri\u00e7\u00f5es, os selecionados receber\u00e3o e-mail com instru\u00e7\u00f5es de acesso \u00e0 sala de Webconf da UFPel.<\/p>\n<p><strong><span style=\"color: #ff6600\"><a style=\"color: #ff6600\" href=\"https:\/\/wp.ufpel.edu.br\/progep\/files\/2020\/10\/homologa-inscritos_-Acessibilidade-no-Ensino-Superior-tornando-as-aulas-mais-inclusivas.pdf\">INSCRI\u00c7\u00d5ES HOMOLOGADAS<\/a><\/span><\/strong><\/p>\n<p><img class=\"aligncenter wp-image-15628\" src=\"https:\/\/wp.ufpel.edu.br\/progep\/files\/2020\/07\/ACESSIVEL.EM_.LIBRAS.jpg\" alt=\"\" width=\"112\" height=\"167\" \/><\/p>\n","protected":false},"excerpt":{"rendered":"<p>Facilitadora:\u00a0Professora Desir\u00e9e Nobre Salasar Data: 07\/10\/2020 (quarta-feira) Hora:\u00a0das 14h \u00e0s 16h Realiza\u00e7\u00e3o:\u00a0plataforma Webconf da UFPel (na modalidade\u00a0on-line) Ementa: Nesta conversa ser\u00e3o abordados aspectos gerais sobre as defici\u00eancias, relacionando os princ\u00edpios do Desenho Universal com o contexto da sala de aula. Ser\u00e3o discutidas algumas formas para acessibilizar o conte\u00fado ministrado, buscando incluir todos os alunos e [&hellip;]<\/p>\n","protected":false},"author":21,"featured_media":0,"parent":0,"menu_order":0,"comment_status":"closed","ping_status":"closed","template":"","meta":{"footnotes":""},"class_list":["post-16099","page","type-page","status-publish","hentry"],"_links":{"self":[{"href":"https:\/\/wp.ufpel.edu.br\/progep\/wp-json\/wp\/v2\/pages\/16099","targetHints":{"allow":["GET"]}}],"collection":[{"href":"https:\/\/wp.ufpel.edu.br\/progep\/wp-json\/wp\/v2\/pages"}],"about":[{"href":"https:\/\/wp.ufpel.edu.br\/progep\/wp-json\/wp\/v2\/types\/page"}],"author":[{"embeddable":true,"href":"https:\/\/wp.ufpel.edu.br\/progep\/wp-json\/wp\/v2\/users\/21"}],"replies":[{"embeddable":true,"href":"https:\/\/wp.ufpel.edu.br\/progep\/wp-json\/wp\/v2\/comments?post=16099"}],"version-history":[{"count":7,"href":"https:\/\/wp.ufpel.edu.br\/progep\/wp-json\/wp\/v2\/pages\/16099\/revisions"}],"predecessor-version":[{"id":33897,"href":"https:\/\/wp.ufpel.edu.br\/progep\/wp-json\/wp\/v2\/pages\/16099\/revisions\/33897"}],"wp:attachment":[{"href":"https:\/\/wp.ufpel.edu.br\/progep\/wp-json\/wp\/v2\/media?parent=16099"}],"curies":[{"name":"wp","href":"https:\/\/api.w.org\/{rel}","templated":true}]}}