{"id":16031,"date":"2020-08-26T14:14:17","date_gmt":"2020-08-26T17:14:17","guid":{"rendered":"https:\/\/wp.ufpel.edu.br\/progep\/?page_id=16031"},"modified":"2025-06-30T13:43:17","modified_gmt":"2025-06-30T16:43:17","slug":"capacita-na-web-sistema-de-votacao-on-line-na-ufpel","status":"publish","type":"page","link":"https:\/\/wp.ufpel.edu.br\/progep\/capacita-na-web-sistema-de-votacao-on-line-na-ufpel\/","title":{"rendered":"Capacita\u00e7\u00e3o: Capacita na web: Sistema de vota\u00e7\u00e3o on-line na UFPel"},"content":{"rendered":"<p><strong>Facilitadores: <\/strong>T\u00e9cnicos-Administrativos Eduardo Maro\u00f1as Monks, Tiago Camargo Al-Alam, Diorgenes Yuri Leal da Rosa e o Prof. Claiton L. Lencina<\/p>\n<p><strong><span style=\"color: #ff6600\">Turma A:<\/span><\/strong> <strong>09\/09\/2020<\/strong> (quarta-feira), das 14h30min \u00e0s 15h30min <span style=\"color: #0000ff\">(acess\u00edvel em Libras)-\u00a0 <span style=\"color: #ff6600\">inscri\u00e7\u00f5es encerradas &#8211; <strong>ADIADA!<\/strong><\/span><\/span><\/p>\n<p><b><span style=\"color: #ff6600\">Turma B: <\/span><\/b><strong>11\/09\/2020<\/strong> (sexta-feira), das 10h \u00e0s 11h &#8211; <strong><span style=\"color: #0000ff\"><span style=\"color: #ff6600\">ADIADA!<\/span><\/span><\/strong><\/p>\n<p><strong>Realiza\u00e7\u00e3o:<\/strong>\u00a0plataforma Webconf da UFPel (na modalidade\u00a0on-line<em>)<\/em><\/p>\n<p><strong>Ementa: <\/strong>O encontro pretende apresentar\u00a0o sistema Helios Voting utilizado pra vota\u00e7\u00f5es online no \u00e2mbito da UFPEL. Ser\u00e3o abordadas as funcionalidades do sistema e os procedimentos para a realiza\u00e7\u00e3o de elei\u00e7\u00f5es no contexto da UFPEL.<\/p>\n<p><strong>P\u00fablico Alvo<\/strong>: Servidores docentes e TAE\u2019s ativos*<\/p>\n<p><strong>Per\u00edodo de inscri\u00e7\u00e3o<\/strong>: 26\/08 a 03\/09\/2020<\/p>\n<p><strong>N\u00famero de vagas:<\/strong> 80 vagas por turma (vagas limitadas por ordem de inscri\u00e7\u00e3o)**<\/p>\n<p><strong>Divulga\u00e7\u00e3o das inscri\u00e7\u00f5es homologadas<\/strong>: 04\/09***, nesta p\u00e1gina.<\/p>\n<p>*Considerando a Pol\u00edtica Nacional de Desenvolvimento de Pessoas, conforme Decreto n\u00ba 9.991\/19, somente ser\u00e3o certificados os servidores p\u00fablicos pertencentes ao Quadro Efetivo da UFPel.<\/p>\n<p>**Vagas destinadas \u00e0 servidores pertencentes ao Quadro Efetivo da UFPel, preferencialmente.<\/p>\n<p>*** Quando da homologa\u00e7\u00e3o das inscri\u00e7\u00f5es, os selecionados receber\u00e3o e-mail com instru\u00e7\u00f5es de acesso \u00e0 sala de Webconf da UFPel.<\/p>\n<p><strong><span style=\"color: #ff6600\"><a style=\"color: #ff6600\" href=\"https:\/\/wp.ufpel.edu.br\/progep\/files\/2020\/09\/homologa-inscritos_-Sistema-de-votacao-on-line-na-UFPel-Turma-A.pdf\">INSCRI\u00c7\u00d5ES HOMOLOGADAS &#8211; TURMA A<\/a><\/span><\/strong><\/p>\n<p><img class=\"aligncenter wp-image-15628\" src=\"https:\/\/wp.ufpel.edu.br\/progep\/files\/2020\/07\/ACESSIVEL.EM_.LIBRAS.jpg\" alt=\"\" width=\"117\" height=\"176\" \/><\/p>\n","protected":false},"excerpt":{"rendered":"<p>Facilitadores: T\u00e9cnicos-Administrativos Eduardo Maro\u00f1as Monks, Tiago Camargo Al-Alam, Diorgenes Yuri Leal da Rosa e o Prof. Claiton L. Lencina Turma A: 09\/09\/2020 (quarta-feira), das 14h30min \u00e0s 15h30min (acess\u00edvel em Libras)-\u00a0 inscri\u00e7\u00f5es encerradas &#8211; ADIADA! Turma B: 11\/09\/2020 (sexta-feira), das 10h \u00e0s 11h &#8211; ADIADA! Realiza\u00e7\u00e3o:\u00a0plataforma Webconf da UFPel (na modalidade\u00a0on-line) Ementa: O encontro pretende apresentar\u00a0o [&hellip;]<\/p>\n","protected":false},"author":21,"featured_media":0,"parent":0,"menu_order":0,"comment_status":"closed","ping_status":"closed","template":"","meta":{"footnotes":""},"class_list":["post-16031","page","type-page","status-publish","hentry"],"_links":{"self":[{"href":"https:\/\/wp.ufpel.edu.br\/progep\/wp-json\/wp\/v2\/pages\/16031","targetHints":{"allow":["GET"]}}],"collection":[{"href":"https:\/\/wp.ufpel.edu.br\/progep\/wp-json\/wp\/v2\/pages"}],"about":[{"href":"https:\/\/wp.ufpel.edu.br\/progep\/wp-json\/wp\/v2\/types\/page"}],"author":[{"embeddable":true,"href":"https:\/\/wp.ufpel.edu.br\/progep\/wp-json\/wp\/v2\/users\/21"}],"replies":[{"embeddable":true,"href":"https:\/\/wp.ufpel.edu.br\/progep\/wp-json\/wp\/v2\/comments?post=16031"}],"version-history":[{"count":15,"href":"https:\/\/wp.ufpel.edu.br\/progep\/wp-json\/wp\/v2\/pages\/16031\/revisions"}],"predecessor-version":[{"id":33904,"href":"https:\/\/wp.ufpel.edu.br\/progep\/wp-json\/wp\/v2\/pages\/16031\/revisions\/33904"}],"wp:attachment":[{"href":"https:\/\/wp.ufpel.edu.br\/progep\/wp-json\/wp\/v2\/media?parent=16031"}],"curies":[{"name":"wp","href":"https:\/\/api.w.org\/{rel}","templated":true}]}}