{"id":16019,"date":"2020-08-26T14:10:04","date_gmt":"2020-08-26T17:10:04","guid":{"rendered":"https:\/\/wp.ufpel.edu.br\/progep\/?page_id=16019"},"modified":"2025-06-30T13:43:25","modified_gmt":"2025-06-30T16:43:25","slug":"capacitacao-on-line-de-servidores-da-ufpel-no-uso-do-sistema-e-aula","status":"publish","type":"page","link":"https:\/\/wp.ufpel.edu.br\/progep\/capacitacao-on-line-de-servidores-da-ufpel-no-uso-do-sistema-e-aula\/","title":{"rendered":"Capacita\u00e7\u00e3o: Capacita\u00e7\u00e3o on-line de Servidores da UFPel no uso do sistema e-Aula"},"content":{"rendered":"<p><strong>Ministrante(s): <\/strong>Professor Walter Ruben Iriondo Otero e T\u00e9cnico-Administrativo Jo\u00e3o Carlos Roedel Hirdes<\/p>\n<p><b>Modalidade: <\/b>on-line (com tutoria)<\/p>\n<p><strong>Carga hor\u00e1ria:<\/strong> 20 horas<\/p>\n<p><strong>Realiza\u00e7\u00e3o<\/strong>: Plataforma e-Aula e Webconf da UFPel<\/p>\n<p class=\"v1MsoNormal\"><strong>Per\u00edodo<\/strong>: 14 de setembro a <span style=\"background-color: #ffffff\">02 de outubro de 2020<\/span><\/p>\n<p><strong>Aulas s\u00edncronas:<\/strong> Ser\u00e3o realizadas das <strong>17 h \u00e0s 19h<\/strong>\u00a0nos seguintes dias : <strong>15<\/strong>, <strong>22<\/strong> e <strong>29<\/strong> de setembro.<\/p>\n<p><strong>S\u00famula<\/strong>:<\/p>\n<ul>\n<li>\n<p dir=\"ltr\" role=\"presentation\">e-Aula: ampliando os horizontes do ensino e aprendizagem para al\u00e9m da sala de aula;<\/p>\n<\/li>\n<li>\n<p dir=\"ltr\" role=\"presentation\">Configura\u00e7\u00e3o do perfil no e-Aula;<\/p>\n<\/li>\n<li>\n<p dir=\"ltr\" role=\"presentation\">Configura\u00e7\u00e3o de disciplinas no e-Aula;<\/p>\n<\/li>\n<li>\n<p dir=\"ltr\" role=\"presentation\">Inser\u00e7\u00e3o de recursos no e-Aula;<\/p>\n<\/li>\n<li>\n<p dir=\"ltr\" role=\"presentation\">Inser\u00e7\u00e3o de atividades no e-Aula;<\/p>\n<\/li>\n<li>\n<p dir=\"ltr\" role=\"presentation\">Utilizando o e-Aula no processo de ensino e aprendizagem.<\/p>\n<\/li>\n<\/ul>\n<p><b><strong>Avalia\u00e7\u00e3o: <\/strong><\/b>Frequ\u00eancia m\u00ednima de 75% nos encontros s\u00edncronos (webconfer\u00eancias) e aproveitamento de, no m\u00ednimo, 70% do conte\u00fado proposto.<\/p>\n<p class=\"v1MsoNormal\"><strong>P\u00fablico Alvo<\/strong>: Servidores docentes e TAE\u2019s ativos*<\/p>\n<p><strong>N\u00famero de vagas:<\/strong> 30 vagas (vagas limitadas por ordem de inscri\u00e7\u00e3o)**<\/p>\n<p><strong>Per\u00edodo de inscri\u00e7\u00e3o<\/strong>: <span style=\"color: #ff0000\">O per\u00edodo de inscri\u00e7\u00f5es foi encerrado antecipadamente, tendo em vista o n\u00famero de inscritos muito superior ao de vagas disponibilizadas.<\/span><\/p>\n<p><strong>Divulga\u00e7\u00e3o das inscri\u00e7\u00f5es homologadas<\/strong>: 09\/09***, nesta p\u00e1gina.<\/p>\n<p>*Considerando a Pol\u00edtica Nacional de Desenvolvimento de Pessoas, conforme Decreto n\u00ba 9.991\/19, somente ser\u00e3o certificados os servidores p\u00fablicos pertencentes ao Quadro Efetivo da UFPel.<\/p>\n<p>**Vagas destinadas \u00e0 servidores pertencentes ao Quadro Efetivo da UFPel, preferencialmente.<\/p>\n<p>*** Quando da homologa\u00e7\u00e3o das inscri\u00e7\u00f5es, os selecionados receber\u00e3o e-mail com instru\u00e7\u00f5es de acesso \u00e0 sala de Webconf da UFPel.<\/p>\n<p><span style=\"color: #ff6600\"><a style=\"color: #ff6600\" href=\"https:\/\/wp.ufpel.edu.br\/progep\/files\/2020\/09\/HOMOLOGA_Capacitacao-on-line-e-aula.pdf\">INSCRI\u00c7\u00d5ES HOMOLOGADAS<\/a><\/span><\/p>\n","protected":false},"excerpt":{"rendered":"<p>Ministrante(s): Professor Walter Ruben Iriondo Otero e T\u00e9cnico-Administrativo Jo\u00e3o Carlos Roedel Hirdes Modalidade: on-line (com tutoria) Carga hor\u00e1ria: 20 horas Realiza\u00e7\u00e3o: Plataforma e-Aula e Webconf da UFPel Per\u00edodo: 14 de setembro a 02 de outubro de 2020 Aulas s\u00edncronas: Ser\u00e3o realizadas das 17 h \u00e0s 19h\u00a0nos seguintes dias : 15, 22 e 29 de setembro. [&hellip;]<\/p>\n","protected":false},"author":21,"featured_media":0,"parent":0,"menu_order":0,"comment_status":"closed","ping_status":"closed","template":"","meta":{"footnotes":""},"class_list":["post-16019","page","type-page","status-publish","hentry"],"_links":{"self":[{"href":"https:\/\/wp.ufpel.edu.br\/progep\/wp-json\/wp\/v2\/pages\/16019","targetHints":{"allow":["GET"]}}],"collection":[{"href":"https:\/\/wp.ufpel.edu.br\/progep\/wp-json\/wp\/v2\/pages"}],"about":[{"href":"https:\/\/wp.ufpel.edu.br\/progep\/wp-json\/wp\/v2\/types\/page"}],"author":[{"embeddable":true,"href":"https:\/\/wp.ufpel.edu.br\/progep\/wp-json\/wp\/v2\/users\/21"}],"replies":[{"embeddable":true,"href":"https:\/\/wp.ufpel.edu.br\/progep\/wp-json\/wp\/v2\/comments?post=16019"}],"version-history":[{"count":13,"href":"https:\/\/wp.ufpel.edu.br\/progep\/wp-json\/wp\/v2\/pages\/16019\/revisions"}],"predecessor-version":[{"id":33905,"href":"https:\/\/wp.ufpel.edu.br\/progep\/wp-json\/wp\/v2\/pages\/16019\/revisions\/33905"}],"wp:attachment":[{"href":"https:\/\/wp.ufpel.edu.br\/progep\/wp-json\/wp\/v2\/media?parent=16019"}],"curies":[{"name":"wp","href":"https:\/\/api.w.org\/{rel}","templated":true}]}}