{"id":15977,"date":"2020-08-20T09:09:19","date_gmt":"2020-08-20T12:09:19","guid":{"rendered":"https:\/\/wp.ufpel.edu.br\/progep\/?page_id=15977"},"modified":"2025-06-30T13:43:30","modified_gmt":"2025-06-30T16:43:30","slug":"roda-de-conversa-em-pauta-algumas-reflexoes-para-pensar-os-fazeres-de-profissionais-trabalhadores-em-educacao-frente-aos-novos-desafios-impostos-pela-pandemia","status":"publish","type":"page","link":"https:\/\/wp.ufpel.edu.br\/progep\/roda-de-conversa-em-pauta-algumas-reflexoes-para-pensar-os-fazeres-de-profissionais-trabalhadores-em-educacao-frente-aos-novos-desafios-impostos-pela-pandemia\/","title":{"rendered":"Capacita\u00e7\u00e3o: Roda de conversa: Em pauta algumas reflex\u00f5es para pensar os fazeres de profissionais\/trabalhadores em Educa\u00e7\u00e3o frente aos novos desafios impostos pela pandemia"},"content":{"rendered":"<p><strong>Facilitadoras:\u00a0<\/strong>Prof\u00aa. L\u00facia Maria Vaz Peres (docente\/FAE), Ana Carolina Oliveira Nogueira (T\u00e9cnica administrativa-PREC) e Rosane Maria dos Santos Brand\u00e3o (T\u00e9cnica administrativa &#8211; PRAE)<\/p>\n<p><strong>Data:<\/strong> 02\/09\/2020 (quarta-feira)<\/p>\n<p><strong>Hora:\u00a0<\/strong>das 10h \u00e0s 11:30h<\/p>\n<p><strong>Realiza\u00e7\u00e3o:<\/strong>\u00a0plataforma Webconf da UFPel (na modalidade\u00a0<em>on-line)<\/em><\/p>\n<p><strong>Ementa: <\/strong>Problematiza\u00e7\u00e3o de aspectos relacionados ao trabalho de profissional\/trabalhador em educa\u00e7\u00e3o frente \u00e0s demandas atuais, em especial neste momento de pandemia. Trazer a luz pontos de vista para al\u00e9m da sala de aula. Refletir sobre os aspectos subjetivos e objetivos. Novas possibilidades com o trabalho remoto.<\/p>\n<p><strong>P\u00fablico Alvo<\/strong>: Servidores docentes e TAE\u2019s ativos*<\/p>\n<p><strong>Per\u00edodo de inscri\u00e7\u00e3o<\/strong>: 20\/08 a 31\/08\/2020<\/p>\n<p><strong>Divulga\u00e7\u00e3o das inscri\u00e7\u00f5es homologadas<\/strong>: 01\/09**, nesta p\u00e1gina.<\/p>\n<p>* Considerando a Pol\u00edtica Nacional de Desenvolvimento de Pessoas, conforme Decreto n\u00ba 9.991\/19, somente ser\u00e3o certificados os servidores p\u00fablicos ativos pertencentes ao Quadro Efetivo da UFPel.<\/p>\n<p>** Quando da homologa\u00e7\u00e3o das inscri\u00e7\u00f5es, os selecionados receber\u00e3o e-mail com instru\u00e7\u00f5es de acesso \u00e0 sala de Webconf da UFPel.<\/p>\n<p><strong><span style=\"color: #ff6600\"><a style=\"color: #ff6600\" href=\"https:\/\/wp.ufpel.edu.br\/progep\/files\/2020\/09\/homologa-inscritos_-Reflexoes-educacao.pdf\">INSCRI\u00c7\u00d5ES HOMOLOGADAS<\/a><\/span><\/strong><\/p>\n","protected":false},"excerpt":{"rendered":"<p>Facilitadoras:\u00a0Prof\u00aa. L\u00facia Maria Vaz Peres (docente\/FAE), Ana Carolina Oliveira Nogueira (T\u00e9cnica administrativa-PREC) e Rosane Maria dos Santos Brand\u00e3o (T\u00e9cnica administrativa &#8211; PRAE) Data: 02\/09\/2020 (quarta-feira) Hora:\u00a0das 10h \u00e0s 11:30h Realiza\u00e7\u00e3o:\u00a0plataforma Webconf da UFPel (na modalidade\u00a0on-line) Ementa: Problematiza\u00e7\u00e3o de aspectos relacionados ao trabalho de profissional\/trabalhador em educa\u00e7\u00e3o frente \u00e0s demandas atuais, em especial neste momento de [&hellip;]<\/p>\n","protected":false},"author":21,"featured_media":0,"parent":0,"menu_order":0,"comment_status":"closed","ping_status":"closed","template":"","meta":{"footnotes":""},"class_list":["post-15977","page","type-page","status-publish","hentry"],"_links":{"self":[{"href":"https:\/\/wp.ufpel.edu.br\/progep\/wp-json\/wp\/v2\/pages\/15977","targetHints":{"allow":["GET"]}}],"collection":[{"href":"https:\/\/wp.ufpel.edu.br\/progep\/wp-json\/wp\/v2\/pages"}],"about":[{"href":"https:\/\/wp.ufpel.edu.br\/progep\/wp-json\/wp\/v2\/types\/page"}],"author":[{"embeddable":true,"href":"https:\/\/wp.ufpel.edu.br\/progep\/wp-json\/wp\/v2\/users\/21"}],"replies":[{"embeddable":true,"href":"https:\/\/wp.ufpel.edu.br\/progep\/wp-json\/wp\/v2\/comments?post=15977"}],"version-history":[{"count":5,"href":"https:\/\/wp.ufpel.edu.br\/progep\/wp-json\/wp\/v2\/pages\/15977\/revisions"}],"predecessor-version":[{"id":33906,"href":"https:\/\/wp.ufpel.edu.br\/progep\/wp-json\/wp\/v2\/pages\/15977\/revisions\/33906"}],"wp:attachment":[{"href":"https:\/\/wp.ufpel.edu.br\/progep\/wp-json\/wp\/v2\/media?parent=15977"}],"curies":[{"name":"wp","href":"https:\/\/api.w.org\/{rel}","templated":true}]}}