{"id":15917,"date":"2020-08-17T08:41:29","date_gmt":"2020-08-17T11:41:29","guid":{"rendered":"https:\/\/wp.ufpel.edu.br\/progep\/?page_id=15917"},"modified":"2025-06-30T13:43:35","modified_gmt":"2025-06-30T16:43:35","slug":"oficina-de-familiarizacao-com-o-ambiente-virtual-para-oferta-de-disciplinas","status":"publish","type":"page","link":"https:\/\/wp.ufpel.edu.br\/progep\/oficina-de-familiarizacao-com-o-ambiente-virtual-para-oferta-de-disciplinas\/","title":{"rendered":"Capacita\u00e7\u00e3o: Oficina de Familiariza\u00e7\u00e3o com o Ambiente Virtual para oferta de disciplinas"},"content":{"rendered":"<p><strong>Facilitador: <\/strong>Prof. Christiano Otero \u00c1vila<\/p>\n<p><strong>Data:<\/strong> 01\/09\/2020 (ter\u00e7a-feira)<\/p>\n<p><strong>Hora:\u00a0<\/strong>das 09h \u00e0s 11h<\/p>\n<p><strong>Realiza\u00e7\u00e3o:<\/strong>\u00a0plataforma Webconf da UFPel (na modalidade\u00a0<em>on-line)<\/em><\/p>\n<p><strong>Ementa: <\/strong>Ser\u00e3o abordados os seguintes t\u00f3picos:<\/p>\n<ul>\n<li>Rede NATE-UNIDADE;<\/li>\n<li>Ambiente de pr\u00e1tica -espa\u00e7o para preparar a disciplina;<\/li>\n<li>Transfer\u00eancia de uma disciplina de um servidor para outro;<\/li>\n<li>Disciplina exemplo &#8211; estrutura para o e-AULA;<\/li>\n<li>Perfil, papel e prefer\u00eancias;<\/li>\n<li>Ocultar e mostrar disciplina;<\/li>\n<li>Principais recursos e atividades do e-AULA;<\/li>\n<li>Acessos dos alunos;<\/li>\n<li>Webconfer\u00eancia autom\u00e1tica no e-AULA;<\/li>\n<li>Inclus\u00e3o de monitores e int\u00e9rpretes de libras;<\/li>\n<li>Registro de notas;<\/li>\n<li>Registro de frequ\u00eancia.<\/li>\n<\/ul>\n<p><strong>P\u00fablico Alvo<\/strong>: Servidores docentes, PREFERENCIALMENTE aqueles que n\u00e3o tenham ofertado disciplinas no Calend\u00e1rio Alternativo.*<\/p>\n<p><strong>N\u00famero de Vagas<\/strong>: 70 (vagas limitadas por ordem de inscri\u00e7\u00e3o)**<\/p>\n<p style=\"text-align: justify\"><strong>Per\u00edodo de inscri\u00e7\u00e3o<\/strong>: <span style=\"color: #ff0000\">O per\u00edodo de inscri\u00e7\u00f5es foi encerrado antecipadamente, tendo em vista o n\u00famero de inscritos muito superior ao de vagas disponibilizadas. Faremos a homologa\u00e7\u00e3o dos 75 primeiros inscritos e posteriormente, enviaremos e-mails para os pr\u00f3ximos 75 informando sobre nova turma e indicando prazo m\u00e1ximo para confirma\u00e7\u00e3o de participa\u00e7\u00e3o. Solicitamos que em caso de desist\u00eancias, comuniquem a CDP mais breve poss\u00edvel tendo em vista o elevado n\u00famero de suplentes.<\/span><\/p>\n<p><strong>Divulga\u00e7\u00e3o das inscri\u00e7\u00f5es homologadas<\/strong>: 31\/08***, nesta p\u00e1gina.<\/p>\n<p>* Considerando a Pol\u00edtica Nacional de Desenvolvimento de Pessoas, conforme Decreto n\u00ba 9.991\/19, somente ser\u00e3o certificados os servidores p\u00fablicos ativos pertencentes ao Quadro Efetivo da UFPel.<\/p>\n<p>**Vagas destinadas \u00e0 servidores pertencentes ao Quadro Efetivo da UFPel, preferencialmente.<\/p>\n<p>*** Quando da homologa\u00e7\u00e3o das inscri\u00e7\u00f5es, os selecionados receber\u00e3o e-mail com instru\u00e7\u00f5es de acesso \u00e0 sala de Webconf da UFPel.<\/p>\n<p><span style=\"color: #ff6600\"><a style=\"color: #ff6600\" href=\"https:\/\/wp.ufpel.edu.br\/progep\/files\/2020\/08\/homologa_inscritos_Oficina-Familiarizacao.pdf\"><strong>INSCRI\u00c7\u00d5ES HOMOLOGADAS &#8211; TURMA 1<\/strong><\/a><\/span><\/p>\n<p><strong><span style=\"color: #ff6600\"><a style=\"color: #ff6600\" href=\"https:\/\/wp.ufpel.edu.br\/progep\/files\/2020\/09\/homologa_inscritos_Oficina-Familiarizacao-TURMA-2.pdf\">INSCRI\u00c7\u00d5ES HOMOLOGADAS &#8211; TURMA 2<\/a><\/span><\/strong><\/p>\n","protected":false},"excerpt":{"rendered":"<p>Facilitador: Prof. Christiano Otero \u00c1vila Data: 01\/09\/2020 (ter\u00e7a-feira) Hora:\u00a0das 09h \u00e0s 11h Realiza\u00e7\u00e3o:\u00a0plataforma Webconf da UFPel (na modalidade\u00a0on-line) Ementa: Ser\u00e3o abordados os seguintes t\u00f3picos: Rede NATE-UNIDADE; Ambiente de pr\u00e1tica -espa\u00e7o para preparar a disciplina; Transfer\u00eancia de uma disciplina de um servidor para outro; Disciplina exemplo &#8211; estrutura para o e-AULA; Perfil, papel e prefer\u00eancias; Ocultar [&hellip;]<\/p>\n","protected":false},"author":21,"featured_media":0,"parent":0,"menu_order":0,"comment_status":"closed","ping_status":"closed","template":"","meta":{"footnotes":""},"class_list":["post-15917","page","type-page","status-publish","hentry"],"_links":{"self":[{"href":"https:\/\/wp.ufpel.edu.br\/progep\/wp-json\/wp\/v2\/pages\/15917","targetHints":{"allow":["GET"]}}],"collection":[{"href":"https:\/\/wp.ufpel.edu.br\/progep\/wp-json\/wp\/v2\/pages"}],"about":[{"href":"https:\/\/wp.ufpel.edu.br\/progep\/wp-json\/wp\/v2\/types\/page"}],"author":[{"embeddable":true,"href":"https:\/\/wp.ufpel.edu.br\/progep\/wp-json\/wp\/v2\/users\/21"}],"replies":[{"embeddable":true,"href":"https:\/\/wp.ufpel.edu.br\/progep\/wp-json\/wp\/v2\/comments?post=15917"}],"version-history":[{"count":17,"href":"https:\/\/wp.ufpel.edu.br\/progep\/wp-json\/wp\/v2\/pages\/15917\/revisions"}],"predecessor-version":[{"id":33907,"href":"https:\/\/wp.ufpel.edu.br\/progep\/wp-json\/wp\/v2\/pages\/15917\/revisions\/33907"}],"wp:attachment":[{"href":"https:\/\/wp.ufpel.edu.br\/progep\/wp-json\/wp\/v2\/media?parent=15917"}],"curies":[{"name":"wp","href":"https:\/\/api.w.org\/{rel}","templated":true}]}}