{"id":15830,"date":"2020-08-07T11:50:13","date_gmt":"2020-08-07T14:50:13","guid":{"rendered":"https:\/\/wp.ufpel.edu.br\/progep\/?page_id=15830"},"modified":"2025-06-30T13:44:02","modified_gmt":"2025-06-30T16:44:02","slug":"capacita-na-web-patrimonio-construido-da-ufpel-ontem-e-hoje","status":"publish","type":"page","link":"https:\/\/wp.ufpel.edu.br\/progep\/capacita-na-web-patrimonio-construido-da-ufpel-ontem-e-hoje\/","title":{"rendered":"Capacita\u00e7\u00e3o: Capacita na web &#8220;Patrim\u00f4nio constru\u00eddo da UFPel: ontem e hoje&#8221;"},"content":{"rendered":"<p><strong>Facilitadoras: <\/strong><span lang=\"ES-TRAD\">Prof\u00aa Dalila M\u00fcller (FAT &#8211; UFpel) e Prof\u00aa Ana Mar\u00eda Sosa Gonz\u00e1lez (ICH &#8211; UFPel)<\/span><\/p>\n<p><strong>Data:<\/strong> 18\/08\/2020 (ter\u00e7a-feira)<\/p>\n<p><strong>Hora:\u00a0<\/strong>das 15h \u00e0s 16h30min<\/p>\n<p><strong>Realiza\u00e7\u00e3o:<\/strong>\u00a0plataforma Webconf da UFPel (na modalidade\u00a0<em>on-line)<\/em><\/p>\n<p><strong>Ementa: <\/strong>O objetivo desta a\u00e7\u00e3o ser\u00e1 um debate sobre o patrim\u00f4nio edificado da UFPel, abordando alguns pr\u00e9dios historicamente constru\u00eddos j\u00e1 com o objetivo educacional e os antigos espa\u00e7os industriais, de resid\u00eancia e de servi\u00e7os utilizados hoje para atividades acad\u00eamicas ou administrativas universit\u00e1rias. Esses pr\u00e9dios carregam uma densa hist\u00f3ria e mem\u00f3rias das pessoas que por eles passaram e passam.<\/p>\n<p><strong>P\u00fablico Alvo<\/strong>: Servidores docentes e TAE\u2019s ativos*<\/p>\n<p><strong>Per\u00edodo de inscri\u00e7\u00e3o<\/strong>: 07\/08 a 14\/08\/2020<\/p>\n<p><strong>Divulga\u00e7\u00e3o das inscri\u00e7\u00f5es homologadas<\/strong>: 17\/08**, nesta p\u00e1gina.<\/p>\n<p>* Considerando a Pol\u00edtica Nacional de Desenvolvimento de Pessoas, conforme Decreto n\u00ba 9.991\/19, somente ser\u00e3o certificados os servidores p\u00fablicos ativos pertencentes ao Quadro Efetivo da UFPel.<\/p>\n<p>** Quando da homologa\u00e7\u00e3o das inscri\u00e7\u00f5es, os selecionados receber\u00e3o e-mail com instru\u00e7\u00f5es de acesso \u00e0 sala de Webconf da UFPel.<\/p>\n<p><strong><span style=\"color: #ff6600\"><a style=\"color: #ff6600\" href=\"https:\/\/wp.ufpel.edu.br\/progep\/files\/2020\/08\/homologa_inscritos_-Patrimonio-construido-da-UFPel-ontem-e-hoje-.pdf\">INSCRI\u00c7\u00d5ES HOMOLOGADAS<\/a><\/span><\/strong><\/p>\n<p>&nbsp;<\/p>\n<p><img class=\"aligncenter wp-image-15628\" src=\"https:\/\/wp.ufpel.edu.br\/progep\/files\/2020\/07\/ACESSIVEL.EM_.LIBRAS.jpg\" alt=\"\" width=\"164\" height=\"246\" \/><\/p>\n","protected":false},"excerpt":{"rendered":"<p>Facilitadoras: Prof\u00aa Dalila M\u00fcller (FAT &#8211; UFpel) e Prof\u00aa Ana Mar\u00eda Sosa Gonz\u00e1lez (ICH &#8211; UFPel) Data: 18\/08\/2020 (ter\u00e7a-feira) Hora:\u00a0das 15h \u00e0s 16h30min Realiza\u00e7\u00e3o:\u00a0plataforma Webconf da UFPel (na modalidade\u00a0on-line) Ementa: O objetivo desta a\u00e7\u00e3o ser\u00e1 um debate sobre o patrim\u00f4nio edificado da UFPel, abordando alguns pr\u00e9dios historicamente constru\u00eddos j\u00e1 com o objetivo educacional e os [&hellip;]<\/p>\n","protected":false},"author":21,"featured_media":0,"parent":0,"menu_order":0,"comment_status":"closed","ping_status":"closed","template":"","meta":{"footnotes":""},"class_list":["post-15830","page","type-page","status-publish","hentry"],"_links":{"self":[{"href":"https:\/\/wp.ufpel.edu.br\/progep\/wp-json\/wp\/v2\/pages\/15830","targetHints":{"allow":["GET"]}}],"collection":[{"href":"https:\/\/wp.ufpel.edu.br\/progep\/wp-json\/wp\/v2\/pages"}],"about":[{"href":"https:\/\/wp.ufpel.edu.br\/progep\/wp-json\/wp\/v2\/types\/page"}],"author":[{"embeddable":true,"href":"https:\/\/wp.ufpel.edu.br\/progep\/wp-json\/wp\/v2\/users\/21"}],"replies":[{"embeddable":true,"href":"https:\/\/wp.ufpel.edu.br\/progep\/wp-json\/wp\/v2\/comments?post=15830"}],"version-history":[{"count":9,"href":"https:\/\/wp.ufpel.edu.br\/progep\/wp-json\/wp\/v2\/pages\/15830\/revisions"}],"predecessor-version":[{"id":33912,"href":"https:\/\/wp.ufpel.edu.br\/progep\/wp-json\/wp\/v2\/pages\/15830\/revisions\/33912"}],"wp:attachment":[{"href":"https:\/\/wp.ufpel.edu.br\/progep\/wp-json\/wp\/v2\/media?parent=15830"}],"curies":[{"name":"wp","href":"https:\/\/api.w.org\/{rel}","templated":true}]}}