{"id":15659,"date":"2020-07-16T16:19:36","date_gmt":"2020-07-16T19:19:36","guid":{"rendered":"https:\/\/wp.ufpel.edu.br\/progep\/?page_id=15659"},"modified":"2025-06-30T13:39:04","modified_gmt":"2025-06-30T16:39:04","slug":"capacita-na-web-acessibilidade-no-ensino-superior-ferramentas-e-servicos-da-ufpel","status":"publish","type":"page","link":"https:\/\/wp.ufpel.edu.br\/progep\/capacita-na-web-acessibilidade-no-ensino-superior-ferramentas-e-servicos-da-ufpel\/","title":{"rendered":"Capacita\u00e7\u00e3o: Capacita na web: Acessibilidade no Ensino Superior &#8211; Ferramentas e servi\u00e7os da UFPEL"},"content":{"rendered":"<p><strong>Facilitadores: <\/strong>Mirian Bohrer, Joseane Maciel Viana e Rodrigo Vital da Silva<\/p>\n<p><strong>Data:<\/strong> 29\/07\/2020 (quarta-feira)<\/p>\n<p><strong>Hora: <\/strong>das 14h \u00e0s 15h<\/p>\n<p><strong>Realiza\u00e7\u00e3o:<\/strong>\u00a0plataforma Webconf da UFPel (na modalidade\u00a0<em>on-line)<\/em><\/p>\n<p style=\"text-align: justify\"><strong>Ementa: <\/strong>Apresenta\u00e7\u00e3o dos servi\u00e7os realizados na institui\u00e7\u00e3o que buscam promover a acessibilidade de alunos e servidores da UFPEL.<\/p>\n<p><strong>P\u00fablico Alvo<\/strong>: Servidores docentes e TAE\u2019s ativos*<\/p>\n<p><strong>Per\u00edodo de inscri\u00e7\u00e3o<\/strong>: <span style=\"background-color: #ffffff\">16\/07 a 27\/07\/20<\/span>20<\/p>\n<p><strong>Divulga\u00e7\u00e3o das inscri\u00e7\u00f5es homologadas<\/strong>: 28<span style=\"background-color: #ffffff\">\/0<\/span>7**, nesta p\u00e1gina.<\/p>\n<p>* Considerando a Pol\u00edtica Nacional de Desenvolvimento de Pessoas, conforme Decreto n\u00ba 9.991\/19, somente ser\u00e3o certificados os servidores p\u00fablicos ativos pertencentes ao Quadro Efetivo da UFPel.<\/p>\n<p>** Quando da homologa\u00e7\u00e3o das inscri\u00e7\u00f5es, os selecionados receber\u00e3o e-mail com instru\u00e7\u00f5es de acesso \u00e0 sala de Webconf da UFPel.<\/p>\n<p><strong><span style=\"color: #ff6600\"><a style=\"color: #ff6600\" href=\"https:\/\/wp.ufpel.edu.br\/progep\/files\/2020\/07\/homologa_inscritos_-ACESSIBILIDADE.doc.pdf\">INSCRI\u00c7\u00d5ES HOMOLOGADAS<\/a><\/span><\/strong><\/p>\n<p><img class=\"aligncenter\" src=\"https:\/\/webmail.ufpel.edu.br\/?_task=mail&amp;_action=get&amp;_mbox=INBOX&amp;_uid=10983&amp;_token=vrAntZ6BATqnib5viIIFMhe9vcRAg5Iy&amp;_part=2&amp;_embed=1&amp;_mimeclass=image&amp;_thumb=1\" alt=\"ACESS\u00cdVEL.EM.LIBRAS.jpg\" \/><\/p>\n","protected":false},"excerpt":{"rendered":"<p>Facilitadores: Mirian Bohrer, Joseane Maciel Viana e Rodrigo Vital da Silva Data: 29\/07\/2020 (quarta-feira) Hora: das 14h \u00e0s 15h Realiza\u00e7\u00e3o:\u00a0plataforma Webconf da UFPel (na modalidade\u00a0on-line) Ementa: Apresenta\u00e7\u00e3o dos servi\u00e7os realizados na institui\u00e7\u00e3o que buscam promover a acessibilidade de alunos e servidores da UFPEL. P\u00fablico Alvo: Servidores docentes e TAE\u2019s ativos* Per\u00edodo de inscri\u00e7\u00e3o: 16\/07 a [&hellip;]<\/p>\n","protected":false},"author":21,"featured_media":0,"parent":0,"menu_order":0,"comment_status":"closed","ping_status":"closed","template":"","meta":{"footnotes":""},"class_list":["post-15659","page","type-page","status-publish","hentry"],"_links":{"self":[{"href":"https:\/\/wp.ufpel.edu.br\/progep\/wp-json\/wp\/v2\/pages\/15659","targetHints":{"allow":["GET"]}}],"collection":[{"href":"https:\/\/wp.ufpel.edu.br\/progep\/wp-json\/wp\/v2\/pages"}],"about":[{"href":"https:\/\/wp.ufpel.edu.br\/progep\/wp-json\/wp\/v2\/types\/page"}],"author":[{"embeddable":true,"href":"https:\/\/wp.ufpel.edu.br\/progep\/wp-json\/wp\/v2\/users\/21"}],"replies":[{"embeddable":true,"href":"https:\/\/wp.ufpel.edu.br\/progep\/wp-json\/wp\/v2\/comments?post=15659"}],"version-history":[{"count":9,"href":"https:\/\/wp.ufpel.edu.br\/progep\/wp-json\/wp\/v2\/pages\/15659\/revisions"}],"predecessor-version":[{"id":33877,"href":"https:\/\/wp.ufpel.edu.br\/progep\/wp-json\/wp\/v2\/pages\/15659\/revisions\/33877"}],"wp:attachment":[{"href":"https:\/\/wp.ufpel.edu.br\/progep\/wp-json\/wp\/v2\/media?parent=15659"}],"curies":[{"name":"wp","href":"https:\/\/api.w.org\/{rel}","templated":true}]}}