{"id":15617,"date":"2020-07-08T15:02:32","date_gmt":"2020-07-08T18:02:32","guid":{"rendered":"https:\/\/wp.ufpel.edu.br\/progep\/?page_id=15617"},"modified":"2025-06-30T13:39:14","modified_gmt":"2025-06-30T16:39:14","slug":"roda-de-conversa-sobre-gastronomia-comfort-food","status":"publish","type":"page","link":"https:\/\/wp.ufpel.edu.br\/progep\/roda-de-conversa-sobre-gastronomia-comfort-food\/","title":{"rendered":"Capacita\u00e7\u00e3o: Roda de conversa sobre gastronomia: Comfort Food!"},"content":{"rendered":"<p><strong>Facilitador(a): <\/strong>Prof. Alcides Gomes<\/p>\n<p><strong>Data:<\/strong> 17\/07\/2020 (sexta-feira)<\/p>\n<p><strong>Hora: <\/strong>das 9h \u00e0s 12h<\/p>\n<p><strong>Realiza\u00e7\u00e3o:<\/strong>\u00a0plataforma Webconf da UFPel (na modalidade\u00a0<em>on-line)<\/em><\/p>\n<p style=\"text-align: justify\"><strong>Ementa: <\/strong>Desmistificar a cozinha e suas t\u00e9cnicas, abordando preparos simples e dicas saud\u00e1vel para alimenta\u00e7\u00e3o do dia-a-dia.<\/p>\n<p><strong>P\u00fablico Alvo<\/strong>: Servidores docentes e TAE\u2019s ativos<\/p>\n<p><strong>Per\u00edodo de inscri\u00e7\u00e3o<\/strong>: <span style=\"background-color: #ffffff\">08\/07 a 15\/07\/20<\/span>20<\/p>\n<p><strong>Divulga\u00e7\u00e3o das inscri\u00e7\u00f5es homologadas<\/strong>: 16<span style=\"background-color: #ffffff\">\/0<\/span>7*, nesta p\u00e1gina.<\/p>\n<p>* Quando da homologa\u00e7\u00e3o das inscri\u00e7\u00f5es, os selecionados receber\u00e3o e-mail com instru\u00e7\u00f5es de acesso \u00e0 sala de Webconf da UFPel.<\/p>\n<p><strong><span style=\"color: #ff6600\"><a style=\"color: #ff6600\" href=\"https:\/\/wp.ufpel.edu.br\/progep\/files\/2020\/07\/homologa_inscritos_COMFORT-FOOD.pdf\">INSCRI\u00c7\u00d5ES HOMOLOGADAS<\/a><\/span><\/strong><\/p>\n<p>&nbsp;<\/p>\n<p><img class=\"aligncenter wp-image-15628\" src=\"https:\/\/wp.ufpel.edu.br\/progep\/files\/2020\/07\/ACESSIVEL.EM_.LIBRAS.jpg\" alt=\"\" width=\"150\" height=\"225\" \/><\/p>\n","protected":false},"excerpt":{"rendered":"<p>Facilitador(a): Prof. Alcides Gomes Data: 17\/07\/2020 (sexta-feira) Hora: das 9h \u00e0s 12h Realiza\u00e7\u00e3o:\u00a0plataforma Webconf da UFPel (na modalidade\u00a0on-line) Ementa: Desmistificar a cozinha e suas t\u00e9cnicas, abordando preparos simples e dicas saud\u00e1vel para alimenta\u00e7\u00e3o do dia-a-dia. P\u00fablico Alvo: Servidores docentes e TAE\u2019s ativos Per\u00edodo de inscri\u00e7\u00e3o: 08\/07 a 15\/07\/2020 Divulga\u00e7\u00e3o das inscri\u00e7\u00f5es homologadas: 16\/07*, nesta p\u00e1gina. [&hellip;]<\/p>\n","protected":false},"author":21,"featured_media":0,"parent":0,"menu_order":0,"comment_status":"closed","ping_status":"closed","template":"","meta":{"footnotes":""},"class_list":["post-15617","page","type-page","status-publish","hentry"],"_links":{"self":[{"href":"https:\/\/wp.ufpel.edu.br\/progep\/wp-json\/wp\/v2\/pages\/15617","targetHints":{"allow":["GET"]}}],"collection":[{"href":"https:\/\/wp.ufpel.edu.br\/progep\/wp-json\/wp\/v2\/pages"}],"about":[{"href":"https:\/\/wp.ufpel.edu.br\/progep\/wp-json\/wp\/v2\/types\/page"}],"author":[{"embeddable":true,"href":"https:\/\/wp.ufpel.edu.br\/progep\/wp-json\/wp\/v2\/users\/21"}],"replies":[{"embeddable":true,"href":"https:\/\/wp.ufpel.edu.br\/progep\/wp-json\/wp\/v2\/comments?post=15617"}],"version-history":[{"count":7,"href":"https:\/\/wp.ufpel.edu.br\/progep\/wp-json\/wp\/v2\/pages\/15617\/revisions"}],"predecessor-version":[{"id":33879,"href":"https:\/\/wp.ufpel.edu.br\/progep\/wp-json\/wp\/v2\/pages\/15617\/revisions\/33879"}],"wp:attachment":[{"href":"https:\/\/wp.ufpel.edu.br\/progep\/wp-json\/wp\/v2\/media?parent=15617"}],"curies":[{"name":"wp","href":"https:\/\/api.w.org\/{rel}","templated":true}]}}