{"id":15594,"date":"2020-07-02T18:26:56","date_gmt":"2020-07-02T21:26:56","guid":{"rendered":"https:\/\/wp.ufpel.edu.br\/progep\/?page_id=15594"},"modified":"2025-12-31T14:48:22","modified_gmt":"2025-12-31T17:48:22","slug":"convocacoes-edital-31-2019","status":"publish","type":"page","link":"https:\/\/wp.ufpel.edu.br\/progep\/convocacoes-edital-31-2019\/","title":{"rendered":"Convoca\u00e7\u00f5es &#8211; Edital 31\/2019"},"content":{"rendered":"\n<div class=\"wp-block-group\"><div class=\"wp-block-group__inner-container is-layout-constrained wp-block-group-is-layout-constrained\">\n<div class=\"logoTituloModelStyle\"><img class=\"size-medium wp-image-27184 alignleft\" src=\"https:\/\/wp.ufpel.edu.br\/progep\/files\/2025\/03\/logo-progep_atualizacao-nome_AZUL.png\" style=\"padding:0\" alt=\"\" \/><\/p>\n<div style=\"padding: 2rem 0\"><strong>Convoca\u00e7\u00f5es- Edital 31\/2019<\/strong><\/div>\n<\/div>\n<hr class=\"hrModelStyle\" \/>\n<div class=\"descriptionModelStyle\">Acompanhe nesta p\u00e1gina a publica\u00e7\u00e3o dos\/as nomeados\/as para servidores\/as docentes na UFPEL.<\/div>\n<\/div><\/div>\n\n\n<div class=\"pagNomeacoesStyle\">\n<p> Confira a p\u00e1gina com as informa\u00e7\u00f5es a respeito do certame: <\/p>\n<p><a href=\"https:\/\/ces.ufpel.edu.br\/conctecadmed0031_2019\/\" target=\"_blank\">Certame do Edital 31\/2019<\/a><\/p>\n<div class=\"titleStyle\"><strong>Ampla Concorr\u00eancia<\/strong><\/div> \n\n<table id=\"tablepress-201\" class=\"tablepress tablepress-id-201\">\n<thead>\n<tr class=\"row-1\">\n\t<th class=\"column-1\">Processo\/\u00c1rea\/Unidade<\/th><th class=\"column-2\">Classe<\/th><th class=\"column-3\">Classif.<br \/>\nAprovados<\/th><th class=\"column-4\">Situa\u00e7\u00e3o<\/th>\n<\/tr>\n<\/thead>\n<tbody class=\"row-striping row-hover\">\n<tr class=\"row-2\">\n\t<td class=\"column-1\"><strong>PROCESSO N\u00ba. 23110.050908\/2019-31<\/strong><br \/>\nCENTRO DE CI\u00caNCIAS QU\u00cdMICAS, FARMAC\u00caUTICAS E DE<br \/>\nALIMENTOS \u2013 CCQFA<br \/>\nF\u00cdSICO-QU\u00cdMICA<\/td><td class=\"column-2\">C<\/td><td class=\"column-3\">1\u00ba HELEN CRISTINA DOS SANTOS HACKBART<\/td><td class=\"column-4\"><\/td>\n<\/tr>\n<tr class=\"row-3\">\n\t<td class=\"column-1\"><strong>PROCESSO N\u00ba. 23110.051192\/2019-99<\/strong><br \/>\nCENTRO DE CI\u00caNCIAS QU\u00cdMICAS, FARMAC\u00caUTICAS E DE<br \/>\nALIMENTOS \u2013 CCQFA<br \/>\nQU\u00cdMICA ORG\u00c2NICA<\/td><td class=\"column-2\">D<\/td><td class=\"column-3\">1\u00ba PATRICK CARVALHO NOBRE<\/td><td class=\"column-4\"><\/td>\n<\/tr>\n<tr class=\"row-4\">\n\t<td class=\"column-1\"><\/td><td class=\"column-2\"><\/td><td class=\"column-3\">2\u00ba JOSE EDMILSON RIBEIRO DO NASCIMENTO<\/td><td class=\"column-4\"><\/td>\n<\/tr>\n<tr class=\"row-5\">\n\t<td class=\"column-1\"><\/td><td class=\"column-2\"><\/td><td class=\"column-3\">3\u00ba ADRIANA MACHADO DAS NEVES<\/td><td class=\"column-4\"><\/td>\n<\/tr>\n<tr class=\"row-6\">\n\t<td class=\"column-1\"><\/td><td class=\"column-2\"><\/td><td class=\"column-3\">4\u00ba HELEN CRISTINA DOS SANTOS HACKBART<\/td><td class=\"column-4\"><\/td>\n<\/tr>\n<tr class=\"row-7\">\n\t<td class=\"column-1\"><strong>PROCESSO N\u00ba. 23110.049458\/2019-33<\/strong><br \/>\nCENTRO DE DESENVOLVIMENTO TECNOL\u00d3GICO \u2013 CDTEC<br \/>\nALGORITMOS E PROGRAMA\u00c7\u00c3O OU REDES DE<br \/>\nCOMPUTADORES<\/td><td class=\"column-2\">C<\/td><td class=\"column-3\">1\u00ba STEPHANO MACHADO MOREIRA GONCALVES<\/td><td class=\"column-4\">Convocado(a) em 31\/08\/2020<\/td>\n<\/tr>\n<tr class=\"row-8\">\n\t<td class=\"column-1\"><\/td><td class=\"column-2\"><\/td><td class=\"column-3\">2\u00ba CRISTIANO FLORES DOS SANTOS<\/td><td class=\"column-4\"><\/td>\n<\/tr>\n<tr class=\"row-9\">\n\t<td class=\"column-1\"><strong>PROCESSO N\u00ba. 23110.051296\/2019-01<\/strong><br \/>\nCENTRO DE DESENVOLVIMENTO TECNOL\u00d3GICO \u2013 CDTEC<br \/>\nBIOTECNOLOGIA<\/td><td class=\"column-2\">D<\/td><td class=\"column-3\">1\u00ba CAMILA PERELLO FERRUA<\/td><td class=\"column-4\"><\/td>\n<\/tr>\n<tr class=\"row-10\">\n\t<td class=\"column-1\"><\/td><td class=\"column-2\"><\/td><td class=\"column-3\">2\u00ba FERNANDA SEVERO SABEDRA SOUSA<\/td><td class=\"column-4\"><\/td>\n<\/tr>\n<tr class=\"row-11\">\n\t<td class=\"column-1\"><\/td><td class=\"column-2\"><\/td><td class=\"column-3\">3\u00ba PATRICIA BAPTISTA RAMOS<\/td><td class=\"column-4\"><\/td>\n<\/tr>\n<tr class=\"row-12\">\n\t<td class=\"column-1\"><\/td><td class=\"column-2\"><\/td><td class=\"column-3\">4\u00ba FRANCIELLE LIZ MONTEIRO<\/td><td class=\"column-4\"><\/td>\n<\/tr>\n<tr class=\"row-13\">\n\t<td class=\"column-1\"><\/td><td class=\"column-2\"><\/td><td class=\"column-3\">5\u00ba ALEXANDRE ANTUNES BRUM<\/td><td class=\"column-4\"><\/td>\n<\/tr>\n<tr class=\"row-14\">\n\t<td class=\"column-1\"><strong>PROCESSO N\u00ba. 23110.051990\/2019-11<\/strong><br \/>\nCENTRO DE DESENVOLVIMENTO TECNOL\u00d3GICO \u2013 CDTEC<br \/>\nCI\u00caNCIA DA COMPUTA\u00c7\u00c3O<\/td><td class=\"column-2\">D<\/td><td class=\"column-3\">1\u00baALEXANDRA LACKMANN ZIMPECK<\/td><td class=\"column-4\">Convocado(a) em 01\/03\/2021<\/td>\n<\/tr>\n<tr class=\"row-15\">\n\t<td class=\"column-1\"><\/td><td class=\"column-2\"><\/td><td class=\"column-3\">2\u00ba RENATO SOUZA DE SOUZA<\/td><td class=\"column-4\">Convocado(a) em 03\/03\/2021<\/td>\n<\/tr>\n<tr class=\"row-16\">\n\t<td class=\"column-1\"><\/td><td class=\"column-2\"><\/td><td class=\"column-3\">3\u00ba STEPHANO MACHADO MOREIRA GONCALVES<\/td><td class=\"column-4\">Convocado(a) em 12\/03\/2021<\/td>\n<\/tr>\n<tr class=\"row-17\">\n\t<td class=\"column-1\"><\/td><td class=\"column-2\"><\/td><td class=\"column-3\">4\u00ba CRISTIANO FLORES DOS SANTOS<\/td><td class=\"column-4\">Convocado(a) em 15\/03\/2021<\/td>\n<\/tr>\n<tr class=\"row-18\">\n\t<td class=\"column-1\"><strong>PROCESSO N\u00ba. 23110.051421\/2019-75<\/strong><br \/>\nCENTRO DE ENGENHARIAS \u2013 CENG<br \/>\nPESQUISA MINERAL<\/td><td class=\"column-2\">D<\/td><td class=\"column-3\">1\u00ba DANIEL TRIBOLI VIEIRA<\/td><td class=\"column-4\">Convocado(a) em 22\/02\/2021<\/td>\n<\/tr>\n<tr class=\"row-19\">\n\t<td class=\"column-1\"><strong>PROCESSO N\u00ba. 23110.044675\/2019-37<\/strong><br \/>\nCENTRO DE ENGENHARIAS \u2013 CENG<br \/>\nENGENHARIAS<\/td><td class=\"column-2\">C<\/td><td class=\"column-3\">1\u00ba LARISSA PINHEIRO COSTA<\/td><td class=\"column-4\">Convocado(a) em 24\/06\/2020<\/td>\n<\/tr>\n<tr class=\"row-20\">\n\t<td class=\"column-1\"><strong>PROCESSO N\u00ba. 23110.046474\/2019-74<\/strong><br \/>\nCENTRO DE ENGENHARIAS \u2013 CENG<br \/>\nCI\u00caNCIA DA COMPUTA\u00c7\u00c3O<\/td><td class=\"column-2\">C<\/td><td class=\"column-3\">1\u00ba RENATO SOUZA DE SOUZA<\/td><td class=\"column-4\"><\/td>\n<\/tr>\n<tr class=\"row-21\">\n\t<td class=\"column-1\"><\/td><td class=\"column-2\"><\/td><td class=\"column-3\">2\u00ba CRISTIANO FLORES DOS SANTOS<\/td><td class=\"column-4\"><\/td>\n<\/tr>\n<tr class=\"row-22\">\n\t<td class=\"column-1\"><strong>PROCESSO N\u00ba. 23110.046195\/2019-19<\/strong><br \/>\nCENTRO DE ENGENHARIAS \u2013 CENG<br \/>\nSaneamento OU Representa\u00e7\u00e3o Gr\u00e1fica<\/td><td class=\"column-2\">C<\/td><td class=\"column-3\">1\u00ba ROGER VASQUES MARQUES<\/td><td class=\"column-4\"><\/td>\n<\/tr>\n<tr class=\"row-23\">\n\t<td class=\"column-1\"><\/td><td class=\"column-2\"><\/td><td class=\"column-3\">2\u00ba RODRIGO CESAR DE VASCONCELOS DOS SANTOS<\/td><td class=\"column-4\"><\/td>\n<\/tr>\n<tr class=\"row-24\">\n\t<td class=\"column-1\"><strong>PROCESSO N\u00ba. 23110.042019\/2019-08<\/strong><br \/>\nCENTRO DE ENGENHARIAS \u2013 CENG<br \/>\nEngenharia Agr\u00edcola\t<\/td><td class=\"column-2\">A<\/td><td class=\"column-3\">1\u00ba FABIO BRONGAR MILECH<\/td><td class=\"column-4\">Convocado(a) em 18\/09\/2020<\/td>\n<\/tr>\n<tr class=\"row-25\">\n\t<td class=\"column-1\"><\/td><td class=\"column-2\"><\/td><td class=\"column-3\">2\u00ba HUMBERTO DIAS VIANNA<\/td><td class=\"column-4\">Convocado(a) em 21\/09\/2020<\/td>\n<\/tr>\n<tr class=\"row-26\">\n\t<td class=\"column-1\"><strong>PROCESSO N\u00ba. 23110.049660\/2019-65<\/strong><br \/>\nCENTRO DE INTEGRA\u00c7\u00c3O DO MERCOSUL \u2013 CIM<br \/>\nCi\u00eancias Biol\u00f3gicas<\/td><td class=\"column-2\">C<\/td><td class=\"column-3\">1\u00ba THAIS ANTOLINI VECOZZI<\/td><td class=\"column-4\">Convocado(a) em 06\/10\/2020<\/td>\n<\/tr>\n<tr class=\"row-27\">\n\t<td class=\"column-1\"><\/td><td class=\"column-2\"><\/td><td class=\"column-3\">2\u00ba FABIANA FEDATTO BERNARDON<\/td><td class=\"column-4\"><\/td>\n<\/tr>\n<tr class=\"row-28\">\n\t<td class=\"column-1\"><\/td><td class=\"column-2\"><\/td><td class=\"column-3\">3\u00ba YVE ELIGIER ALVES GADELHA<\/td><td class=\"column-4\"><\/td>\n<\/tr>\n<tr class=\"row-29\">\n\t<td class=\"column-1\"><strong>PROCESSO N\u00ba. 23110.037897\/2019-01<\/strong><br \/>\nCENTRO DE LETRAS E COMUNICA\u00c7\u00c3O \u2013 CLC<br \/>\nJornalismo e Editora\u00e7\u00e3o<\/td><td class=\"column-2\">C<\/td><td class=\"column-3\">1\u00ba ALISSON MACHADO<\/td><td class=\"column-4\">Negativa em 21\/02\/2022<\/td>\n<\/tr>\n<tr class=\"row-30\">\n\t<td class=\"column-1\"><\/td><td class=\"column-2\"><\/td><td class=\"column-3\">2\u00ba LARA NASI<\/td><td class=\"column-4\">Convocado(a) em 22\/02\/2022<\/td>\n<\/tr>\n<tr class=\"row-31\">\n\t<td class=\"column-1\"><\/td><td class=\"column-2\"><\/td><td class=\"column-3\">3\u00ba ANELISE ANGELI DE CARLI<\/td><td class=\"column-4\">Convocado(a) em 25\/05\/2022<\/td>\n<\/tr>\n<tr class=\"row-32\">\n\t<td class=\"column-1\"><strong>PROCESSO N\u00ba. 23110.039591\/2019-81<\/strong><br \/>\nCENTRO DE LETRAS E COMUNICA\u00c7\u00c3O \u2013 CLC<br \/>\nLiteratura<\/td><td class=\"column-2\">D<\/td><td class=\"column-3\">1\u00ba BRUNO ANSELMI MATANGRANO<\/td><td class=\"column-4\">Convocado(a) em 27\/04\/2021<\/td>\n<\/tr>\n<tr class=\"row-33\">\n\t<td class=\"column-1\"><\/td><td class=\"column-2\"><\/td><td class=\"column-3\">2\u00ba ALEXANDRE COSTI PANDOLFO<\/td><td class=\"column-4\"><\/td>\n<\/tr>\n<tr class=\"row-34\">\n\t<td class=\"column-1\"><\/td><td class=\"column-2\"><\/td><td class=\"column-3\">3\u00ba WAGNER CORIOLANO DE ABREU<\/td><td class=\"column-4\"><\/td>\n<\/tr>\n<tr class=\"row-35\">\n\t<td class=\"column-1\"><\/td><td class=\"column-2\"><\/td><td class=\"column-3\">4\u00ba LUIZ MAURICIO AZEVEDO DA SILVA<\/td><td class=\"column-4\"><\/td>\n<\/tr>\n<tr class=\"row-36\">\n\t<td class=\"column-1\"><\/td><td class=\"column-2\"><\/td><td class=\"column-3\">5\u00ba RENATA AVILA TROCA<\/td><td class=\"column-4\"><\/td>\n<\/tr>\n<tr class=\"row-37\">\n\t<td class=\"column-1\"><strong>PROCESSO N\u00ba. 23110.038323\/2019-42<\/strong><br \/>\nCENTRO DE LETRAS E COMUNICA\u00c7\u00c3O \u2013 CLC<br \/>\nLingu\u00edstica e Ensino<\/td><td class=\"column-2\">C<\/td><td class=\"column-3\">1\u00ba NAIARA SOUZA DA SILVA<\/td><td class=\"column-4\">Convocado(a) em 26\/02\/2021<\/td>\n<\/tr>\n<tr class=\"row-38\">\n\t<td class=\"column-1\"><strong>PROCESSO N\u00ba. 23110.037880\/2019-46<\/strong><br \/>\nCENTRO DE LETRAS E COMUNICA\u00c7\u00c3O \u2013 CLC<br \/>\nL\u00ednguas Estrangeiras Modernas \u2013 Ingl\u00eas<\/td><td class=\"column-2\">C<\/td><td class=\"column-3\">1\u00ba GISELE MEDINA NUNES<\/td><td class=\"column-4\">Convocado(a) em 01\/03\/2021<\/td>\n<\/tr>\n<tr class=\"row-39\">\n\t<td class=\"column-1\"><strong>PROCESSO N\u00ba. 23110.038675\/2019-06<\/strong><br \/>\nCENTRO DE LETRAS E COMUNICA\u00c7\u00c3O \u2013 CLC<br \/>\nL\u00edngua Portuguesa<\/td><td class=\"column-2\">D<\/td><td class=\"column-3\">1\u00ba NAIARA SOUZA DA SILVA<\/td><td class=\"column-4\"><\/td>\n<\/tr>\n<tr class=\"row-40\">\n\t<td class=\"column-1\"><strong>PROCESSO N\u00ba. 23110.051241\/2019-93<\/strong><br \/>\nFACULDADE DE EDUCA\u00c7\u00c3O \u2013 FAE<br \/>\nFilosofia da Educa\u00e7\u00e3o OU Hist\u00f3ria da Educa\u00e7\u00e3o OU Sociologia da<br \/>\nEduca\u00e7\u00e3o<\/td><td class=\"column-2\">C<\/td><td class=\"column-3\">1\u00ba FERNANDO CEZAR RIPE DA CRUZ<\/td><td class=\"column-4\">Convocado(a) em 22\/04\/2021<\/td>\n<\/tr>\n<tr class=\"row-41\">\n\t<td class=\"column-1\"><\/td><td class=\"column-2\"><\/td><td class=\"column-3\">2\u00ba SANDRA ESPINOSA ALMANSA<\/td><td class=\"column-4\">Convocado(a) em 21\/09\/2021<\/td>\n<\/tr>\n<tr class=\"row-42\">\n\t<td class=\"column-1\"><strong>PROCESSO N\u00ba. 23110.051312\/2019-58<\/strong><br \/>\nFACULDADE DE AGRONOMIA ELISEU MACIEL \u2013 FAEM<br \/>\nMelhoramento Animal<\/td><td class=\"column-2\">C<\/td><td class=\"column-3\">1\u00ba ARIANE GONCALVES GOTUZZO<\/td><td class=\"column-4\"><\/td>\n<\/tr>\n<tr class=\"row-43\">\n\t<td class=\"column-1\"><\/td><td class=\"column-2\"><\/td><td class=\"column-3\">2\u00ba SUZANE FONSECA FREITAS<\/td><td class=\"column-4\"><\/td>\n<\/tr>\n<tr class=\"row-44\">\n\t<td class=\"column-1\"><strong>PROCESSO N\u00ba. 23110.050888\/2019-06<\/strong><br \/>\nFACULDADE DE AGRONOMIA ELISEU MACIEL \u2013 FAEM<br \/>\nNutri\u00e7\u00e3o e Alimenta\u00e7\u00e3o Animal\t<\/td><td class=\"column-2\">A<\/td><td class=\"column-3\">1\u00ba ALINE ARASSIANA PICCINI ROLL<\/td><td class=\"column-4\"><\/td>\n<\/tr>\n<tr class=\"row-45\">\n\t<td class=\"column-1\"><\/td><td class=\"column-2\"><\/td><td class=\"column-3\">2\u00ba OLMAR ANTONIO DENARDIN COSTA<\/td><td class=\"column-4\"><\/td>\n<\/tr>\n<tr class=\"row-46\">\n\t<td class=\"column-1\"><\/td><td class=\"column-2\"><\/td><td class=\"column-3\">3\u00ba GUSTAVO DUARTE FARIAS<\/td><td class=\"column-4\"><\/td>\n<\/tr>\n<tr class=\"row-47\">\n\t<td class=\"column-1\"><\/td><td class=\"column-2\"><\/td><td class=\"column-3\">4\u00ba RENATA CEDRES DIAS<\/td><td class=\"column-4\"><\/td>\n<\/tr>\n<tr class=\"row-48\">\n\t<td class=\"column-1\"><strong>PROCESSO N\u00ba. 23110.040048\/2019-27<\/strong><br \/>\nFACULDADE DE MEDICINA \u2013 FAMED<br \/>\nTerapia Ocupacional\t<\/td><td class=\"column-2\">C<\/td><td class=\"column-3\">1\u00ba GABRIELA DA CRUZ CAMPELO<\/td><td class=\"column-4\">Convocado(a) em 14\/04\/2021<\/td>\n<\/tr>\n<tr class=\"row-49\">\n\t<td class=\"column-1\"><\/td><td class=\"column-2\"><\/td><td class=\"column-3\">2\u00ba CASSANDRA DA SILVA FONSECA<\/td><td class=\"column-4\">Convocado(a) em 22\/04\/2021<\/td>\n<\/tr>\n<tr class=\"row-50\">\n\t<td class=\"column-1\"><\/td><td class=\"column-2\"><\/td><td class=\"column-3\">3\u00ba MANUELLA RASCH SARAIVA<\/td><td class=\"column-4\">Convocado(a) em 29\/10\/2021<\/td>\n<\/tr>\n<tr class=\"row-51\">\n\t<td class=\"column-1\"><\/td><td class=\"column-2\"><\/td><td class=\"column-3\">4\u00ba PRINCE CHAIENE MEIRELES DIAS<\/td><td class=\"column-4\">Conv. pela Reserva de Cotas<\/td>\n<\/tr>\n<tr class=\"row-52\">\n\t<td class=\"column-1\"><\/td><td class=\"column-2\"><\/td><td class=\"column-3\">5\u00ba JULIA TRAUTMANN BANDEIRA<\/td><td class=\"column-4\"><\/td>\n<\/tr>\n<tr class=\"row-53\">\n\t<td class=\"column-1\"><strong>PROCESSO N\u00ba. 23110.049585\/2019-32<\/strong><br \/>\nFACULDADE DE ENFERMAGEM \u2013 FE<br \/>\nEnfermagem<\/td><td class=\"column-2\">C<\/td><td class=\"column-3\">1\u00ba FERNANDA LISE<\/td><td class=\"column-4\">Convocado(a) em 18\/02\/2021<\/td>\n<\/tr>\n<tr class=\"row-54\">\n\t<td class=\"column-1\"><\/td><td class=\"column-2\"><\/td><td class=\"column-3\">2\u00ba DEBORA EDUARDA DUARTE DO AMARAL<\/td><td class=\"column-4\">Convocado(a) em 26\/04\/2021<\/td>\n<\/tr>\n<tr class=\"row-55\">\n\t<td class=\"column-1\"><\/td><td class=\"column-2\"><\/td><td class=\"column-3\">3\u00ba LOURIELE SOARES WACHS<\/td><td class=\"column-4\">Convocado(a) em 14\/04\/2021<\/td>\n<\/tr>\n<tr class=\"row-56\">\n\t<td class=\"column-1\"><strong>PROCESSO N\u00ba. 23110.050166\/2019-43<\/strong> INSTITUTO DE CI\u00caNCIAS HUMANAS \u2013 ICH<br \/>\nGeografia Humana<\/td><td class=\"column-2\">E<\/td><td class=\"column-3\">1\u00ba EDER JARDEL DA SILVA DUTRA<\/td><td class=\"column-4\"><\/td>\n<\/tr>\n<tr class=\"row-57\">\n\t<td class=\"column-1\"><\/td><td class=\"column-2\"><\/td><td class=\"column-3\">2\u00ba DANIEL GODOY<\/td><td class=\"column-4\"><\/td>\n<\/tr>\n<tr class=\"row-58\">\n\t<td class=\"column-1\"><strong>PROCESSO N\u00ba. 23110.038931\/2019-57<\/strong> INSTITUTO DE CI\u00caNCIAS HUMANAS \u2013 ICH<br \/>\nEnsino de Geografia<\/td><td class=\"column-2\">D<\/td><td class=\"column-3\">1\u00ba VANEZA BARRETO PEREIRA<\/td><td class=\"column-4\">Convocado(a) em 20\/05\/2021<\/td>\n<\/tr>\n<tr class=\"row-59\">\n\t<td class=\"column-1\"><\/td><td class=\"column-2\"><\/td><td class=\"column-3\">2\u00ba ANDREA MAIO ORTIGARA<\/td><td class=\"column-4\">Convocado(a) em 27\/05\/2021<\/td>\n<\/tr>\n<tr class=\"row-60\">\n\t<td class=\"column-1\"><strong>PROCESSO N\u00ba. 23110.050162\/2019-65<\/strong> INSTITUTO DE CI\u00caNCIAS HUMANAS \u2013 ICH<br \/>\nGeografia F\u00edsica<\/td><td class=\"column-2\">D<\/td><td class=\"column-3\">1\u00ba EDUARDO SAMUEL RIFFEL<\/td><td class=\"column-4\">Convocado(a) em 24\/11\/2021<\/td>\n<\/tr>\n<tr class=\"row-61\">\n\t<td class=\"column-1\"><strong>PROCESSO N\u00ba. 23110.050709\/2019-22<\/strong><br \/>\nINSTITUTO DE CI\u00caNCIAS HUMANAS \u2013 ICH<br \/>\nEnsino de Hist\u00f3ria<\/td><td class=\"column-2\">C<\/td><td class=\"column-3\">1\u00ba PRISCILA MARIA WEBER<\/td><td class=\"column-4\">Convocado(a) em 04\/08\/2021<\/td>\n<\/tr>\n<tr class=\"row-62\">\n\t<td class=\"column-1\"><\/td><td class=\"column-2\"><\/td><td class=\"column-3\">2\u00ba GUILHERME GALHEGOS FELIPPE<\/td><td class=\"column-4\">Convocado(a) em 22\/02\/2022<\/td>\n<\/tr>\n<tr class=\"row-63\">\n\t<td class=\"column-1\"><\/td><td class=\"column-2\"><\/td><td class=\"column-3\">3\u00ba SERGIO ROBERTO ROCHA DA SILVA<\/td><td class=\"column-4\">Convocado(a) em 02\/03\/2022<\/td>\n<\/tr>\n<tr class=\"row-64\">\n\t<td class=\"column-1\"><strong>PROCESSO N\u00ba. 23110.040101\/2019-90<\/strong><br \/>\nINSTITUTO DE FILOSOFIA, SOCIOLOGIA E POL\u00cdTICA \u2013 IFISP<br \/>\nSociologia<\/td><td class=\"column-2\">D<\/td><td class=\"column-3\">1\u00ba FLAVIO DA SILVA MENDES<\/td><td class=\"column-4\">Negativa em 23\/02\/2022<\/td>\n<\/tr>\n<tr class=\"row-65\">\n\t<td class=\"column-1\"><\/td><td class=\"column-2\"><\/td><td class=\"column-3\">2\u00ba EDUARDO GEORJAO FERNANDES<\/td><td class=\"column-4\">Negativa em 25\/02\/2022<\/td>\n<\/tr>\n<tr class=\"row-66\">\n\t<td class=\"column-1\"><\/td><td class=\"column-2\"><\/td><td class=\"column-3\">3\u00ba JORGE MORGAN DE AGUIAR NETO<\/td><td class=\"column-4\">Convocado(a) em 25\/02\/2022<\/td>\n<\/tr>\n<tr class=\"row-67\">\n\t<td class=\"column-1\"><strong>PROCESSO N\u00ba. 23110.037645\/2019-74<\/strong><br \/>\nINSTITUTO DE F\u00cdSICA E MATEM\u00c1TICA \u2013 IFM<br \/>\nF\u00edsica<\/td><td class=\"column-2\">E<\/td><td class=\"column-3\">1\u00ba MATEUS BROILO DA ROCHA<\/td><td class=\"column-4\"><\/td>\n<\/tr>\n<tr class=\"row-68\">\n\t<td class=\"column-1\"><\/td><td class=\"column-2\"><\/td><td class=\"column-3\">2\u00ba DANEELE SARACOL TUSNSKI<\/td><td class=\"column-4\"><\/td>\n<\/tr>\n<tr class=\"row-69\">\n\t<td class=\"column-1\"><\/td><td class=\"column-2\"><\/td><td class=\"column-3\">3\u00ba MARCELO DOURADO MONCK<\/td><td class=\"column-4\"><\/td>\n<\/tr>\n<tr class=\"row-70\">\n\t<td class=\"column-1\"><strong>PROCESSO N\u00ba. 23110.051852\/2019-31<\/strong> <br \/>\nCENTRO DE CI\u00caNCIAS QU\u00cdMICAS, FARMAC\u00caUTICAS E DE<br \/>\nALIMENTOS \u2013 CCQFA<br \/>\nBioqu\u00edmica<\/td><td class=\"column-2\">D<\/td><td class=\"column-3\">1\u00ba FABIANO BARBOSA CARVALHO<\/td><td class=\"column-4\">Convocado(a) em 10\/03\/2021<\/td>\n<\/tr>\n<tr class=\"row-71\">\n\t<td class=\"column-1\"><\/td><td class=\"column-2\"><\/td><td class=\"column-3\">2\u00ba SUZAN GONCALVES ROSA<\/td><td class=\"column-4\"><\/td>\n<\/tr>\n<tr class=\"row-72\">\n\t<td class=\"column-1\"><\/td><td class=\"column-2\"><\/td><td class=\"column-3\">3\u00ba FERNANDA CARDOSO TEIXEIRA<\/td><td class=\"column-4\"><\/td>\n<\/tr>\n<tr class=\"row-73\">\n\t<td class=\"column-1\"><\/td><td class=\"column-2\"><\/td><td class=\"column-3\">4\u00ba PRISCILA OLIVEIRA DE SOUZA<\/td><td class=\"column-4\"><\/td>\n<\/tr>\n<tr class=\"row-74\">\n\t<td class=\"column-1\"><\/td><td class=\"column-2\"><\/td><td class=\"column-3\">5\u00ba VANESSA ANGONESI ZBOROWSKI<\/td><td class=\"column-4\"><\/td>\n<\/tr>\n<tr class=\"row-75\">\n\t<td class=\"column-1\"><strong>PROCESSO N\u00ba. 23110.051272\/2019-44<\/strong><br \/>\nFACULDADE DE EDUCA\u00c7\u00c3O \u2013 FAE<br \/>\nPsicologia Educacional<\/td><td class=\"column-2\">D<\/td><td class=\"column-3\">1\u00ba POTI QUARTIERO GAVILLON<\/td><td class=\"column-4\">Convocado(a) em 12\/05\/2021<\/td>\n<\/tr>\n<tr class=\"row-76\">\n\t<td class=\"column-1\"><\/td><td class=\"column-2\"><\/td><td class=\"column-3\">2\u00ba JULIA GUIMARAES NEVES<\/td><td class=\"column-4\"><\/td>\n<\/tr>\n<\/tbody>\n<\/table>\n<!-- #tablepress-201 from cache -->\n<div class=\"titleStyle\"><strong> COTAS RACIAIS<\/strong><\/div>\n\n<table id=\"tablepress-202\" class=\"tablepress tablepress-id-202\">\n<thead>\n<tr class=\"row-1\">\n\t<th class=\"column-1\">Processo\/\u00c1rea\/Unidade<\/th><th class=\"column-2\">Classe<\/th><th class=\"column-3\">Classif. Aprovados<\/th><th class=\"column-4\">Situa\u00e7\u00e3o<\/th>\n<\/tr>\n<\/thead>\n<tbody class=\"row-striping row-hover\">\n<tr class=\"row-2\">\n\t<td class=\"column-1\"><strong>PROCESSO N\u00ba. 23110.040048\/2019-27<\/strong><br \/>\nFACULDADE DE MEDICINA \u2013 FAMED<br \/>\nCurso de Terapia Ocupacional<\/td><td class=\"column-2\">C<\/td><td class=\"column-3\">1\u00ba PRINCE CHAIENE MEIRELES DIAS<\/td><td class=\"column-4\">Convocado(a) em 07\/04\/2021<\/td>\n<\/tr>\n<\/tbody>\n<\/table>\n<!-- #tablepress-202 from cache -->\n<\/div>\n\n","protected":false},"excerpt":{"rendered":"<p>Convoca\u00e7\u00f5es- Edital 31\/2019 Acompanhe nesta p\u00e1gina a publica\u00e7\u00e3o dos\/as nomeados\/as para servidores\/as docentes na UFPEL. Confira a p\u00e1gina com as informa\u00e7\u00f5es a respeito do certame: Certame do Edital 31\/2019 Ampla Concorr\u00eancia COTAS RACIAIS<\/p>\n","protected":false},"author":52,"featured_media":0,"parent":0,"menu_order":0,"comment_status":"closed","ping_status":"closed","template":"","meta":{"footnotes":""},"class_list":["post-15594","page","type-page","status-publish","hentry"],"_links":{"self":[{"href":"https:\/\/wp.ufpel.edu.br\/progep\/wp-json\/wp\/v2\/pages\/15594","targetHints":{"allow":["GET"]}}],"collection":[{"href":"https:\/\/wp.ufpel.edu.br\/progep\/wp-json\/wp\/v2\/pages"}],"about":[{"href":"https:\/\/wp.ufpel.edu.br\/progep\/wp-json\/wp\/v2\/types\/page"}],"author":[{"embeddable":true,"href":"https:\/\/wp.ufpel.edu.br\/progep\/wp-json\/wp\/v2\/users\/52"}],"replies":[{"embeddable":true,"href":"https:\/\/wp.ufpel.edu.br\/progep\/wp-json\/wp\/v2\/comments?post=15594"}],"version-history":[{"count":3,"href":"https:\/\/wp.ufpel.edu.br\/progep\/wp-json\/wp\/v2\/pages\/15594\/revisions"}],"predecessor-version":[{"id":39861,"href":"https:\/\/wp.ufpel.edu.br\/progep\/wp-json\/wp\/v2\/pages\/15594\/revisions\/39861"}],"wp:attachment":[{"href":"https:\/\/wp.ufpel.edu.br\/progep\/wp-json\/wp\/v2\/media?parent=15594"}],"curies":[{"name":"wp","href":"https:\/\/api.w.org\/{rel}","templated":true}]}}