{"id":15554,"date":"2025-02-13T15:12:42","date_gmt":"2025-02-13T18:12:42","guid":{"rendered":"https:\/\/wp.ufpel.edu.br\/progep\/?page_id=15554"},"modified":"2025-06-30T16:05:22","modified_gmt":"2025-06-30T19:05:22","slug":"modelo-pagina-divulgacao-acoes","status":"publish","type":"page","link":"https:\/\/wp.ufpel.edu.br\/progep\/modelo-pagina-divulgacao-acoes\/","title":{"rendered":"[MODELO] P\u00c1GINA DIVULGA\u00c7\u00c3O A\u00c7\u00d5ES"},"content":{"rendered":"<div class=\"acaoStyle\">\n<div class=\"cabecalhoAcoes\">\n<div>T\u00edtulo<\/div>\n<p>Lorem ipsum dolor sit amet, consectetur adipiscing elit. Phasellus posuere augue sit amet nulla elementum fermentum. Fusce placerat nisi nec turpis euismod condimentum. Aliquam metus libero, sollicitudin sit amet erat at, sagittis fringilla nibh.<\/p>\n<\/div>\n<div class=\"corpoStyle\"><strong>Facilitador(a):<\/strong><strong>Data:<\/strong> XX\/XX\/2020 (XXX-feira)<strong>Hora:\u00a0<\/strong>das XXXh \u00e0s XXh<\/p>\n<p><strong>Realiza\u00e7\u00e3o:<\/strong>\u00a0plataforma Webconf da UFPel (na modalidade\u00a0<em>on-line)<\/em><\/p>\n<p style=\"text-align: justify\"><strong>Ementa:\u00a0<\/strong><\/p>\n<p><strong>P\u00fablico Alvo<\/strong>: Servidores docentes e TAE\u2019s ativos<\/p>\n<p><strong>Per\u00edodo de inscri\u00e7\u00e3o<\/strong>: XX\/XX a XX\/XX\/2020<\/p>\n<p><strong>Divulga\u00e7\u00e3o das inscri\u00e7\u00f5es homologadas<\/strong>: XX\/XX*, nesta p\u00e1gina.<\/p>\n<p>* Quando da homologa\u00e7\u00e3o das inscri\u00e7\u00f5es, os selecionados receber\u00e3o e-mail com instru\u00e7\u00f5es de acesso \u00e0 sala de Webconf da UFPel.<\/p>\n<p>INSCRI\u00c7\u00d5ES AQUI!<\/p>\n<\/div>\n<\/div>\n","protected":false},"excerpt":{"rendered":"<p>T\u00edtulo Lorem ipsum dolor sit amet, consectetur adipiscing elit. Phasellus posuere augue sit amet nulla elementum fermentum. Fusce placerat nisi nec turpis euismod condimentum. Aliquam metus libero, sollicitudin sit amet erat at, sagittis fringilla nibh. Facilitador(a):Data: XX\/XX\/2020 (XXX-feira)Hora:\u00a0das XXXh \u00e0s XXh Realiza\u00e7\u00e3o:\u00a0plataforma Webconf da UFPel (na modalidade\u00a0on-line) Ementa:\u00a0 P\u00fablico Alvo: Servidores docentes e TAE\u2019s ativos [&hellip;]<\/p>\n","protected":false},"author":21,"featured_media":0,"parent":0,"menu_order":0,"comment_status":"closed","ping_status":"closed","template":"","meta":{"footnotes":""},"class_list":["post-15554","page","type-page","status-publish","hentry"],"_links":{"self":[{"href":"https:\/\/wp.ufpel.edu.br\/progep\/wp-json\/wp\/v2\/pages\/15554","targetHints":{"allow":["GET"]}}],"collection":[{"href":"https:\/\/wp.ufpel.edu.br\/progep\/wp-json\/wp\/v2\/pages"}],"about":[{"href":"https:\/\/wp.ufpel.edu.br\/progep\/wp-json\/wp\/v2\/types\/page"}],"author":[{"embeddable":true,"href":"https:\/\/wp.ufpel.edu.br\/progep\/wp-json\/wp\/v2\/users\/21"}],"replies":[{"embeddable":true,"href":"https:\/\/wp.ufpel.edu.br\/progep\/wp-json\/wp\/v2\/comments?post=15554"}],"version-history":[{"count":8,"href":"https:\/\/wp.ufpel.edu.br\/progep\/wp-json\/wp\/v2\/pages\/15554\/revisions"}],"predecessor-version":[{"id":34226,"href":"https:\/\/wp.ufpel.edu.br\/progep\/wp-json\/wp\/v2\/pages\/15554\/revisions\/34226"}],"wp:attachment":[{"href":"https:\/\/wp.ufpel.edu.br\/progep\/wp-json\/wp\/v2\/media?parent=15554"}],"curies":[{"name":"wp","href":"https:\/\/api.w.org\/{rel}","templated":true}]}}