{"id":15553,"date":"2020-07-08T15:07:55","date_gmt":"2020-07-08T18:07:55","guid":{"rendered":"https:\/\/wp.ufpel.edu.br\/progep\/?page_id=15553"},"modified":"2025-06-30T13:39:09","modified_gmt":"2025-06-30T16:39:09","slug":"capacita-na-web-imunizacoes-em-tempos-de-covid-19","status":"publish","type":"page","link":"https:\/\/wp.ufpel.edu.br\/progep\/capacita-na-web-imunizacoes-em-tempos-de-covid-19\/","title":{"rendered":"Capacita\u00e7\u00e3o: Capacita na web: Imuniza\u00e7\u00f5es em tempos de COVID 19"},"content":{"rendered":"<p><strong>Facilitador(a): <\/strong>Prof.\u00aa Luciane Maria Alves Monteiro<\/p>\n<p><strong>Data:<\/strong> 21\/07\/2020 (ter\u00e7a-feira)<\/p>\n<p><strong>Hora:\u00a0<\/strong>das 09h \u00e0s 10h<\/p>\n<p><strong>Realiza\u00e7\u00e3o:<\/strong>\u00a0plataforma Webconf da UFPel (na modalidade\u00a0<em>on-line)<\/em><\/p>\n<p style=\"text-align: justify\"><strong>Ementa: <\/strong>A import\u00e2ncia das vacinas, o calend\u00e1rio vacinal infantil b\u00e1sico e o calend\u00e1rio vacinal em adultos; a import\u00e2ncia da vacina da gripe; COVID-19, h\u00e1 esperan\u00e7a de vacinas.<\/p>\n<p><strong>P\u00fablico Alvo<\/strong>: Servidores docentes e TAE\u2019s ativos<\/p>\n<p><strong>Per\u00edodo de inscri\u00e7\u00e3o<\/strong>: <span style=\"background-color: #ffffff\">08\/07 a 17<\/span>\/07\/2020<\/p>\n<p><strong>Divulga\u00e7\u00e3o das inscri\u00e7\u00f5es homologadas<\/strong>: 20\/07*, nesta p\u00e1gina.<\/p>\n<p>* Quando da homologa\u00e7\u00e3o das inscri\u00e7\u00f5es, os selecionados receber\u00e3o e-mail com instru\u00e7\u00f5es de acesso \u00e0 sala de Webconf da UFPel.<\/p>\n<p><strong><span style=\"color: #ff6600\"><a style=\"color: #ff6600\" href=\"https:\/\/wp.ufpel.edu.br\/progep\/files\/2020\/07\/HOMOLOGA_inscritos_IMUNIZACOES-1.pdf\">INSCRI\u00c7\u00d5ES HOMOLOGADAS<\/a><\/span><\/strong><\/p>\n<p><img class=\"aligncenter wp-image-15628\" src=\"https:\/\/wp.ufpel.edu.br\/progep\/files\/2020\/07\/ACESSIVEL.EM_.LIBRAS.jpg\" alt=\"\" width=\"150\" height=\"225\" \/><\/p>\n","protected":false},"excerpt":{"rendered":"<p>Facilitador(a): Prof.\u00aa Luciane Maria Alves Monteiro Data: 21\/07\/2020 (ter\u00e7a-feira) Hora:\u00a0das 09h \u00e0s 10h Realiza\u00e7\u00e3o:\u00a0plataforma Webconf da UFPel (na modalidade\u00a0on-line) Ementa: A import\u00e2ncia das vacinas, o calend\u00e1rio vacinal infantil b\u00e1sico e o calend\u00e1rio vacinal em adultos; a import\u00e2ncia da vacina da gripe; COVID-19, h\u00e1 esperan\u00e7a de vacinas. P\u00fablico Alvo: Servidores docentes e TAE\u2019s ativos Per\u00edodo de [&hellip;]<\/p>\n","protected":false},"author":21,"featured_media":0,"parent":0,"menu_order":0,"comment_status":"closed","ping_status":"closed","template":"","meta":{"footnotes":""},"class_list":["post-15553","page","type-page","status-publish","hentry"],"_links":{"self":[{"href":"https:\/\/wp.ufpel.edu.br\/progep\/wp-json\/wp\/v2\/pages\/15553","targetHints":{"allow":["GET"]}}],"collection":[{"href":"https:\/\/wp.ufpel.edu.br\/progep\/wp-json\/wp\/v2\/pages"}],"about":[{"href":"https:\/\/wp.ufpel.edu.br\/progep\/wp-json\/wp\/v2\/types\/page"}],"author":[{"embeddable":true,"href":"https:\/\/wp.ufpel.edu.br\/progep\/wp-json\/wp\/v2\/users\/21"}],"replies":[{"embeddable":true,"href":"https:\/\/wp.ufpel.edu.br\/progep\/wp-json\/wp\/v2\/comments?post=15553"}],"version-history":[{"count":6,"href":"https:\/\/wp.ufpel.edu.br\/progep\/wp-json\/wp\/v2\/pages\/15553\/revisions"}],"predecessor-version":[{"id":33878,"href":"https:\/\/wp.ufpel.edu.br\/progep\/wp-json\/wp\/v2\/pages\/15553\/revisions\/33878"}],"wp:attachment":[{"href":"https:\/\/wp.ufpel.edu.br\/progep\/wp-json\/wp\/v2\/media?parent=15553"}],"curies":[{"name":"wp","href":"https:\/\/api.w.org\/{rel}","templated":true}]}}