{"id":15436,"date":"2020-06-19T13:46:07","date_gmt":"2020-06-19T16:46:07","guid":{"rendered":"https:\/\/wp.ufpel.edu.br\/progep\/?page_id=15436"},"modified":"2025-06-30T13:39:24","modified_gmt":"2025-06-30T16:39:24","slug":"capacita-na-web-roda-de-conversa-os-beneficios-da-companhia-de-um-pet","status":"publish","type":"page","link":"https:\/\/wp.ufpel.edu.br\/progep\/capacita-na-web-roda-de-conversa-os-beneficios-da-companhia-de-um-pet\/","title":{"rendered":"Capacita\u00e7\u00e3o: CAPACITA NA WEB Roda de Conversa: Os benef\u00edcios da companhia de um pet"},"content":{"rendered":"<p><strong>Facilitadoras:<\/strong> Sabrina Capela &#8211; Veterin\u00e1ria, Doutora em Ci\u00eancias (UFPel) e Prof\u00aa Maria Teresa Duarte Nogueira &#8211; Psic\u00f3loga, Doutora em Ci\u00eancias (UFPel)<\/p>\n<p><strong>Data: <span style=\"color: #000000\">15\/07\/2020 (quarta-feira) <span style=\"color: #ff0000\">(nova data)<\/span><\/span><\/strong><\/p>\n<p><strong>Hora:\u00a0<\/strong>das 15h \u00e0s 16h<\/p>\n<p><strong>Realiza\u00e7\u00e3o:<\/strong>\u00a0plataforma Webconf da UFPel (na modalidade\u00a0<em>on-line)<\/em><\/p>\n<p style=\"text-align: justify\"><strong>Ementa: <\/strong><span class=\"v1gmail-notranslate\">Neste momento, as pessoas precisam lidar com o isolamento social e, muitas vezes, experimentam n\u00edveis elevados de ansiedade, depress\u00e3o e estresse.<\/span>\u00a0Os animais de estima\u00e7\u00e3o s\u00e3o\u00a0<span class=\"v1gmail-notranslate\">capazes de responder afetuosamente \u00e0 aten\u00e7\u00e3o humana, provocar comportamentos pr\u00f3-sociais e sentimentos positivos, os animais parecem possuir uma capacidade \u00fanica de servir como ponte emocional e de atuar como catalisadores sociais.<\/span>\u00a0<span class=\"v1gmail-notranslate\">As formas e manifesta\u00e7\u00f5es de v\u00ednculos humanos com animais, principalmente com c\u00e3es, levaram \u00e0 sua ampla inclus\u00e3o em diferentes interven\u00e7\u00f5es educacionais e terap\u00eauticas.<\/span><\/p>\n<div>\n<p class=\"v1MsoNormal\" style=\"text-align: justify\"><strong>P\u00fablico Alvo<\/strong>: Servidores docentes e TAE\u2019s ativos<\/p>\n<\/div>\n<p><strong>Novo per\u00edodo de inscri\u00e7\u00f5es<\/strong>: 01\/07\u00a0 a 10\/07\/2020<\/p>\n<p><strong>Divulga\u00e7\u00e3o das inscri\u00e7\u00f5es homologadas<\/strong>: 13\/07*, nesta p\u00e1gina.<\/p>\n<p>* Quando da homologa\u00e7\u00e3o das inscri\u00e7\u00f5es, os selecionados receber\u00e3o e-mail com instru\u00e7\u00f5es de acesso \u00e0 sala de Webconf da UFPel.<\/p>\n<p><strong><span style=\"color: #ff6600\"><a style=\"color: #ff6600\" href=\"https:\/\/wp.ufpel.edu.br\/progep\/files\/2020\/07\/homologa_inscritos_-Os-beneficios-da-companhia-de-um-pet.pdf\">INSCRI\u00c7\u00d5ES HOMOLOGADAS<\/a><\/span><\/strong><\/p>\n<p>&nbsp;<\/p>\n","protected":false},"excerpt":{"rendered":"<p>Facilitadoras: Sabrina Capela &#8211; Veterin\u00e1ria, Doutora em Ci\u00eancias (UFPel) e Prof\u00aa Maria Teresa Duarte Nogueira &#8211; Psic\u00f3loga, Doutora em Ci\u00eancias (UFPel) Data: 15\/07\/2020 (quarta-feira) (nova data) Hora:\u00a0das 15h \u00e0s 16h Realiza\u00e7\u00e3o:\u00a0plataforma Webconf da UFPel (na modalidade\u00a0on-line) Ementa: Neste momento, as pessoas precisam lidar com o isolamento social e, muitas vezes, experimentam n\u00edveis elevados de ansiedade, [&hellip;]<\/p>\n","protected":false},"author":21,"featured_media":0,"parent":0,"menu_order":0,"comment_status":"closed","ping_status":"closed","template":"","meta":{"footnotes":""},"class_list":["post-15436","page","type-page","status-publish","hentry"],"_links":{"self":[{"href":"https:\/\/wp.ufpel.edu.br\/progep\/wp-json\/wp\/v2\/pages\/15436","targetHints":{"allow":["GET"]}}],"collection":[{"href":"https:\/\/wp.ufpel.edu.br\/progep\/wp-json\/wp\/v2\/pages"}],"about":[{"href":"https:\/\/wp.ufpel.edu.br\/progep\/wp-json\/wp\/v2\/types\/page"}],"author":[{"embeddable":true,"href":"https:\/\/wp.ufpel.edu.br\/progep\/wp-json\/wp\/v2\/users\/21"}],"replies":[{"embeddable":true,"href":"https:\/\/wp.ufpel.edu.br\/progep\/wp-json\/wp\/v2\/comments?post=15436"}],"version-history":[{"count":17,"href":"https:\/\/wp.ufpel.edu.br\/progep\/wp-json\/wp\/v2\/pages\/15436\/revisions"}],"predecessor-version":[{"id":33881,"href":"https:\/\/wp.ufpel.edu.br\/progep\/wp-json\/wp\/v2\/pages\/15436\/revisions\/33881"}],"wp:attachment":[{"href":"https:\/\/wp.ufpel.edu.br\/progep\/wp-json\/wp\/v2\/media?parent=15436"}],"curies":[{"name":"wp","href":"https:\/\/api.w.org\/{rel}","templated":true}]}}