{"id":15408,"date":"2020-06-18T16:32:30","date_gmt":"2020-06-18T19:32:30","guid":{"rendered":"https:\/\/wp.ufpel.edu.br\/progep\/?page_id=15408"},"modified":"2025-06-30T13:39:33","modified_gmt":"2025-06-30T16:39:33","slug":"capacita-na-web-roda-de-conversa-sobre-internacionalizacao-no-ensino-superior","status":"publish","type":"page","link":"https:\/\/wp.ufpel.edu.br\/progep\/capacita-na-web-roda-de-conversa-sobre-internacionalizacao-no-ensino-superior\/","title":{"rendered":"Capacita\u00e7\u00e3o: Capacita na Web &#8211; Roda de Conversa sobre Internacionaliza\u00e7\u00e3o no Ensino Superior"},"content":{"rendered":"<p><strong>Facilitador:<\/strong> Prof. Maximiliano S\u00e9rgio Cenci<\/p>\n<p><strong>Data: <\/strong>08\/07\/2020 (quarta-feira)<\/p>\n<p><strong>Hora:\u00a0<\/strong>das \u00a016h \u00e0s 17h<\/p>\n<p><strong>Realiza\u00e7\u00e3o:<\/strong>\u00a0plataforma Webconf da UFPel (na modalidade\u00a0<em>on-line)<\/em><\/p>\n<p style=\"text-align: justify\"><strong>Ementa: <\/strong>Esta a\u00e7\u00e3o de capacita\u00e7\u00e3o ir\u00e1 explorar aspectos gerais sobre a import\u00e2ncia da internacionaliza\u00e7\u00e3o do ensino superior. Ser\u00e3o discutidos t\u00f3picos: o que \u00e9 a internacionaliza\u00e7\u00e3o e qual seu objetivo; \u00a0quais os seus potenciais impactos na Universidade; a quem a internacionaliza\u00e7\u00e3o \u00e9 destinada; como est\u00e1 a internacionaliza\u00e7\u00e3o na UFPel; o planejamento estrat\u00e9gico para internacionaliza\u00e7\u00e3o da UFPel; o projeto institucional de internacionaliza\u00e7\u00e3o; como fica a internacionaliza\u00e7\u00e3o em tempos de pandemia; e qual o futuro da internacionaliza\u00e7\u00e3o.<\/p>\n<p><strong>P\u00fablico Alvo<\/strong>: Servidores docentes e TAE\u2019s ativos<\/p>\n<p><strong>Per\u00edodo de inscri\u00e7\u00e3o<\/strong>: 18\/06 a 03\/07\/2020<\/p>\n<p><strong>Divulga\u00e7\u00e3o das inscri\u00e7\u00f5es homologadas<\/strong>: 06\/07*, nesta p\u00e1gina.<\/p>\n<p>* Quando da homologa\u00e7\u00e3o das inscri\u00e7\u00f5es, os selecionados receber\u00e3o e-mail com instru\u00e7\u00f5es de acesso \u00e0 sala de Webconf da UFPel.<\/p>\n<p><span style=\"color: #ff6600\"><strong><a style=\"color: #ff6600\" href=\"https:\/\/wp.ufpel.edu.br\/progep\/files\/2020\/07\/Homologacao.pdf\">INSCRI\u00c7\u00d5ES HOMOLOGADAS!<\/a><\/strong><\/span><\/p>\n","protected":false},"excerpt":{"rendered":"<p>Facilitador: Prof. Maximiliano S\u00e9rgio Cenci Data: 08\/07\/2020 (quarta-feira) Hora:\u00a0das \u00a016h \u00e0s 17h Realiza\u00e7\u00e3o:\u00a0plataforma Webconf da UFPel (na modalidade\u00a0on-line) Ementa: Esta a\u00e7\u00e3o de capacita\u00e7\u00e3o ir\u00e1 explorar aspectos gerais sobre a import\u00e2ncia da internacionaliza\u00e7\u00e3o do ensino superior. Ser\u00e3o discutidos t\u00f3picos: o que \u00e9 a internacionaliza\u00e7\u00e3o e qual seu objetivo; \u00a0quais os seus potenciais impactos na Universidade; a [&hellip;]<\/p>\n","protected":false},"author":21,"featured_media":0,"parent":0,"menu_order":0,"comment_status":"closed","ping_status":"closed","template":"","meta":{"footnotes":""},"class_list":["post-15408","page","type-page","status-publish","hentry"],"_links":{"self":[{"href":"https:\/\/wp.ufpel.edu.br\/progep\/wp-json\/wp\/v2\/pages\/15408","targetHints":{"allow":["GET"]}}],"collection":[{"href":"https:\/\/wp.ufpel.edu.br\/progep\/wp-json\/wp\/v2\/pages"}],"about":[{"href":"https:\/\/wp.ufpel.edu.br\/progep\/wp-json\/wp\/v2\/types\/page"}],"author":[{"embeddable":true,"href":"https:\/\/wp.ufpel.edu.br\/progep\/wp-json\/wp\/v2\/users\/21"}],"replies":[{"embeddable":true,"href":"https:\/\/wp.ufpel.edu.br\/progep\/wp-json\/wp\/v2\/comments?post=15408"}],"version-history":[{"count":6,"href":"https:\/\/wp.ufpel.edu.br\/progep\/wp-json\/wp\/v2\/pages\/15408\/revisions"}],"predecessor-version":[{"id":33883,"href":"https:\/\/wp.ufpel.edu.br\/progep\/wp-json\/wp\/v2\/pages\/15408\/revisions\/33883"}],"wp:attachment":[{"href":"https:\/\/wp.ufpel.edu.br\/progep\/wp-json\/wp\/v2\/media?parent=15408"}],"curies":[{"name":"wp","href":"https:\/\/api.w.org\/{rel}","templated":true}]}}