{"id":15247,"date":"2020-06-17T15:55:26","date_gmt":"2020-06-17T18:55:26","guid":{"rendered":"https:\/\/wp.ufpel.edu.br\/progep\/?page_id=15247"},"modified":"2025-06-30T13:39:39","modified_gmt":"2025-06-30T16:39:39","slug":"capacita-na-web-roda-de-conversa-sobre-o-filme-sao-paulo-sociedade-anonima","status":"publish","type":"page","link":"https:\/\/wp.ufpel.edu.br\/progep\/capacita-na-web-roda-de-conversa-sobre-o-filme-sao-paulo-sociedade-anonima\/","title":{"rendered":"Capacita\u00e7\u00e3o: Capacita na Web &#8211; Roda de Conversa sobre o Filme &#8220;S\u00e3o Paulo Sociedade An\u00f4nima\u201d"},"content":{"rendered":"<p><strong>Facilitador:<\/strong> Prof. Luis Eduardo Xavier Rubira<\/p>\n<p><strong>Data:<\/strong> 03\/07\/2020 (sexta-feira)<\/p>\n<p><strong>Hora:\u00a0<\/strong>das 10h \u00e0s 11h<span style=\"background-color: #ffffff;color: #ffffff\">h \u00e0s<\/span><\/p>\n<p><strong>Realiza\u00e7\u00e3o:<\/strong>\u00a0plataforma Webconf da UFPel (na modalidade\u00a0<em>on-line)<\/em><\/p>\n<p style=\"text-align: justify\"><strong>Metodologia: <\/strong>O intuito desta a\u00e7\u00e3o ser\u00e1 um debate sobre o filme <strong>&#8220;S\u00e3o Paulo Sociedade An\u00f4nima\u201d<\/strong>, de Lu\u00eds S\u00e9rgio Person,\u00a0 assim\u00a0 sugerimos que os servidores assistam o filme <strong>ANTES<\/strong> da roda de conversa.\u00a0 Dispon\u00edvel em: <a href=\"https:\/\/www.youtube.com\/watch?v=ns-LPKhz_AE\">https:\/\/www.youtube.com\/watch?v=ns-LPKhz_AE<\/a><\/p>\n<p style=\"text-align: justify\"><strong>Sinopse:<\/strong> O filme \u00e9 um cl\u00e1ssico da cinematografia brasileira e traz a hist\u00f3ria de Carlos, um inspetor de qualidade de uma grande montadora paulista, que progride at\u00e9 se tornar s\u00f3cio de uma f\u00e1brica de autope\u00e7as. Mas, apesar de ter uma vida profissional e afetiva est\u00e1vel, n\u00e3o suporta o ritmo da grande engrenagem.<\/p>\n<p><strong>P\u00fablico Alvo<\/strong>: Servidores docentes e TAE\u2019s ativos<\/p>\n<p><strong>Per\u00edodo de inscri\u00e7\u00e3o<\/strong>: <span style=\"background-color: #ffffff\">17\/06 a 30\/06\/2020 &#8211; <strong><span style=\"color: #ff0000;font-size: 10pt\">EVENTO CANCELADO<\/span><\/strong><\/span><\/p>\n<p><strong>Divulga\u00e7\u00e3o das inscri\u00e7\u00f5es homologadas<\/strong>: <span style=\"background-color: #ffffff\">01<\/span>\/07*, nesta p\u00e1gina.<\/p>\n<p>* Quando da homologa\u00e7\u00e3o das inscri\u00e7\u00f5es, os selecionados receber\u00e3o e-mail com instru\u00e7\u00f5es de acesso \u00e0 sala de Webconf da UFPel.<\/p>\n<p>&nbsp;<\/p>\n","protected":false},"excerpt":{"rendered":"<p>Facilitador: Prof. Luis Eduardo Xavier Rubira Data: 03\/07\/2020 (sexta-feira) Hora:\u00a0das 10h \u00e0s 11hh \u00e0s Realiza\u00e7\u00e3o:\u00a0plataforma Webconf da UFPel (na modalidade\u00a0on-line) Metodologia: O intuito desta a\u00e7\u00e3o ser\u00e1 um debate sobre o filme &#8220;S\u00e3o Paulo Sociedade An\u00f4nima\u201d, de Lu\u00eds S\u00e9rgio Person,\u00a0 assim\u00a0 sugerimos que os servidores assistam o filme ANTES da roda de conversa.\u00a0 Dispon\u00edvel em: https:\/\/www.youtube.com\/watch?v=ns-LPKhz_AE [&hellip;]<\/p>\n","protected":false},"author":21,"featured_media":0,"parent":0,"menu_order":0,"comment_status":"closed","ping_status":"closed","template":"","meta":{"footnotes":""},"class_list":["post-15247","page","type-page","status-publish","hentry"],"_links":{"self":[{"href":"https:\/\/wp.ufpel.edu.br\/progep\/wp-json\/wp\/v2\/pages\/15247","targetHints":{"allow":["GET"]}}],"collection":[{"href":"https:\/\/wp.ufpel.edu.br\/progep\/wp-json\/wp\/v2\/pages"}],"about":[{"href":"https:\/\/wp.ufpel.edu.br\/progep\/wp-json\/wp\/v2\/types\/page"}],"author":[{"embeddable":true,"href":"https:\/\/wp.ufpel.edu.br\/progep\/wp-json\/wp\/v2\/users\/21"}],"replies":[{"embeddable":true,"href":"https:\/\/wp.ufpel.edu.br\/progep\/wp-json\/wp\/v2\/comments?post=15247"}],"version-history":[{"count":9,"href":"https:\/\/wp.ufpel.edu.br\/progep\/wp-json\/wp\/v2\/pages\/15247\/revisions"}],"predecessor-version":[{"id":33884,"href":"https:\/\/wp.ufpel.edu.br\/progep\/wp-json\/wp\/v2\/pages\/15247\/revisions\/33884"}],"wp:attachment":[{"href":"https:\/\/wp.ufpel.edu.br\/progep\/wp-json\/wp\/v2\/media?parent=15247"}],"curies":[{"name":"wp","href":"https:\/\/api.w.org\/{rel}","templated":true}]}}