{"id":15230,"date":"2020-06-08T18:28:00","date_gmt":"2020-06-08T21:28:00","guid":{"rendered":"https:\/\/wp.ufpel.edu.br\/progep\/?page_id=15230"},"modified":"2025-06-30T13:40:20","modified_gmt":"2025-06-30T16:40:20","slug":"capacita-na-web-roda-de-conversa-home-office-seguro-dicas-de-protecao-para-seu-ambiente-profissional-e-pessoal","status":"publish","type":"page","link":"https:\/\/wp.ufpel.edu.br\/progep\/capacita-na-web-roda-de-conversa-home-office-seguro-dicas-de-protecao-para-seu-ambiente-profissional-e-pessoal\/","title":{"rendered":"Capacita\u00e7\u00e3o: Capacita na Web &#8211; Roda de Conversa: Home Office Seguro: Dicas de Prote\u00e7\u00e3o para seu Ambiente Profissional e Pessoal"},"content":{"rendered":"<p style=\"text-align: justify\"><strong>Facilitadores: <\/strong>Rafael Padilha\u00a0 da Silva e Thiago Baneiro Cardoso<\/p>\n<p><strong>Data:<\/strong> 25\/06\/2020<\/p>\n<p><strong>Hora:\u00a0<\/strong>das 14h 30min \u00e0s 15h 30min<\/p>\n<p><strong>Realiza\u00e7\u00e3o:<\/strong>\u00a0plataforma Webconf da UFPel (na modalidade\u00a0<em>on-line)<\/em><\/p>\n<p style=\"text-align: justify\"><strong>Ementa: <\/strong>O encontro tem como objetivo disseminar a\u00e7\u00f5es pr\u00e1ticas e preventivas que minimizam efetivamente os riscos \u00e0 seguran\u00e7a da informa\u00e7\u00e3o nos ambientes familiares e empresariais. Ser\u00e3o discutidos aspectos sobre: backups; cuidados com phishing; compras e transa\u00e7\u00f5es banc\u00e1rias seguras; import\u00e2ncia de a\u00e7\u00f5es como atualiza\u00e7\u00e3o dos dispositivos computacionais e utiliza\u00e7\u00e3o de antiv\u00edrus; estrat\u00e9gias para cria\u00e7\u00e3o de senhas f\u00e1ceis de serem memorizadas e dif\u00edceis de serem comprometidas; entre outros. Os participantes ser\u00e3o estimulados a aplicarem as t\u00e9cnicas abordadas em aula nos seus contextos familiares e profissionais.<\/p>\n<p><strong>P\u00fablico Alvo<\/strong>: servidores em geral<\/p>\n<p><strong>Per\u00edodo de inscri\u00e7\u00e3o<\/strong>: <span style=\"background-color: #ffffff\">08\/06 a 22<\/span>\/06\/2020<\/p>\n<p><strong>Divulga\u00e7\u00e3o das inscri\u00e7\u00f5es homologadas<\/strong>: 23\/06*, nesta p\u00e1gina.<\/p>\n<p>* Quando da homologa\u00e7\u00e3o das inscri\u00e7\u00f5es, os selecionados receber\u00e3o e-mail com instru\u00e7\u00f5es de acesso \u00e0 sala virtual da Webconf da UFPel.<\/p>\n<p><strong><span style=\"color: #ff6600\"><a style=\"color: #ff6600\" href=\"https:\/\/wp.ufpel.edu.br\/progep\/files\/2020\/06\/homologa_inscritos_-HOME-OFFICE-SEGURO-1.pdf\">INSCRI\u00c7\u00d5ES HOMOLOGADAS<\/a><\/span><\/strong><\/p>\n","protected":false},"excerpt":{"rendered":"<p>Facilitadores: Rafael Padilha\u00a0 da Silva e Thiago Baneiro Cardoso Data: 25\/06\/2020 Hora:\u00a0das 14h 30min \u00e0s 15h 30min Realiza\u00e7\u00e3o:\u00a0plataforma Webconf da UFPel (na modalidade\u00a0on-line) Ementa: O encontro tem como objetivo disseminar a\u00e7\u00f5es pr\u00e1ticas e preventivas que minimizam efetivamente os riscos \u00e0 seguran\u00e7a da informa\u00e7\u00e3o nos ambientes familiares e empresariais. Ser\u00e3o discutidos aspectos sobre: backups; cuidados com [&hellip;]<\/p>\n","protected":false},"author":21,"featured_media":0,"parent":0,"menu_order":0,"comment_status":"closed","ping_status":"closed","template":"","meta":{"footnotes":""},"class_list":["post-15230","page","type-page","status-publish","hentry"],"_links":{"self":[{"href":"https:\/\/wp.ufpel.edu.br\/progep\/wp-json\/wp\/v2\/pages\/15230","targetHints":{"allow":["GET"]}}],"collection":[{"href":"https:\/\/wp.ufpel.edu.br\/progep\/wp-json\/wp\/v2\/pages"}],"about":[{"href":"https:\/\/wp.ufpel.edu.br\/progep\/wp-json\/wp\/v2\/types\/page"}],"author":[{"embeddable":true,"href":"https:\/\/wp.ufpel.edu.br\/progep\/wp-json\/wp\/v2\/users\/21"}],"replies":[{"embeddable":true,"href":"https:\/\/wp.ufpel.edu.br\/progep\/wp-json\/wp\/v2\/comments?post=15230"}],"version-history":[{"count":10,"href":"https:\/\/wp.ufpel.edu.br\/progep\/wp-json\/wp\/v2\/pages\/15230\/revisions"}],"predecessor-version":[{"id":33886,"href":"https:\/\/wp.ufpel.edu.br\/progep\/wp-json\/wp\/v2\/pages\/15230\/revisions\/33886"}],"wp:attachment":[{"href":"https:\/\/wp.ufpel.edu.br\/progep\/wp-json\/wp\/v2\/media?parent=15230"}],"curies":[{"name":"wp","href":"https:\/\/api.w.org\/{rel}","templated":true}]}}