{"id":15183,"date":"2020-06-08T14:14:33","date_gmt":"2020-06-08T17:14:33","guid":{"rendered":"https:\/\/wp.ufpel.edu.br\/progep\/?page_id=15183"},"modified":"2025-06-30T13:40:36","modified_gmt":"2025-06-30T16:40:36","slug":"capacita-na-web-roda-de-conversa-a-pandemia-pode-desengajar-as-pessoas","status":"publish","type":"page","link":"https:\/\/wp.ufpel.edu.br\/progep\/capacita-na-web-roda-de-conversa-a-pandemia-pode-desengajar-as-pessoas\/","title":{"rendered":"Capacita\u00e7\u00e3o: Capacita na Web &#8211; Roda de Conversa &#8220;A pandemia pode (des)engajar as pessoas!&#8221;"},"content":{"rendered":"<p><strong>Facilitadora:<\/strong> Prof.\u00aa Andr\u00e9ia Silveira Athaydes (ULBRA \u2013 Universidade Luterana do Brasil)<\/p>\n<p><strong>Data:<\/strong> 23\/06\/2020<\/p>\n<p><strong>Hora:\u00a0<\/strong>das 09h \u00e0s 10h<\/p>\n<p><strong>Realiza\u00e7\u00e3o:<\/strong>\u00a0plataforma Webconf da UFPel (na modalidade\u00a0<em>on-line)<\/em><\/p>\n<p><strong>Ementa: <\/strong>Elementos formadores da cultura organizacional (valores compartilhados, artefatos e pressupostos b\u00e1sicos) e a adapta\u00e7\u00e3o deles em momento de pandemia.<\/p>\n<p><strong>P\u00fablico Alvo<\/strong>: Servidores docentes e TAE&#8217;s ativos da UFPel<\/p>\n<p><strong>Per\u00edodo de inscri\u00e7\u00e3o<\/strong>: A sala virtual estar\u00e1 dispon\u00edvel para servidores ativos da UFPel, mesmo que n\u00e3o tenham realizado a inscri\u00e7\u00e3o, atrav\u00e9s do link <span style=\"color: #0000ff\"><a style=\"color: #0000ff\" href=\"https:\/\/webconf.ufpel.edu.br\/b\/jul-znd-avn\">https:\/\/webconf.ufpel.edu.br\/b\/jul-znd-avn<\/a><\/span><\/p>\n<p><strong>Divulga\u00e7\u00e3o das inscri\u00e7\u00f5es homologadas<\/strong>: 19\/06*, nesta p\u00e1gina.<\/p>\n<p>* Quando da homologa\u00e7\u00e3o das inscri\u00e7\u00f5es, os selecionados receber\u00e3o e-mail com instru\u00e7\u00f5es de acesso \u00e0 sala de Webconf da UFPel.<\/p>\n<p><strong><span style=\"color: #ff6600\"><a style=\"color: #ff6600\" href=\"https:\/\/wp.ufpel.edu.br\/progep\/files\/2020\/06\/homologa_inscritos_A-pandemia-pode-des-engajar-as-pessoas.pdf\">INSCRI\u00c7\u00d5ES HOMOLOGADAS<\/a><\/span><\/strong><\/p>\n<p>&nbsp;<\/p>\n","protected":false},"excerpt":{"rendered":"<p>Facilitadora: Prof.\u00aa Andr\u00e9ia Silveira Athaydes (ULBRA \u2013 Universidade Luterana do Brasil) Data: 23\/06\/2020 Hora:\u00a0das 09h \u00e0s 10h Realiza\u00e7\u00e3o:\u00a0plataforma Webconf da UFPel (na modalidade\u00a0on-line) Ementa: Elementos formadores da cultura organizacional (valores compartilhados, artefatos e pressupostos b\u00e1sicos) e a adapta\u00e7\u00e3o deles em momento de pandemia. P\u00fablico Alvo: Servidores docentes e TAE&#8217;s ativos da UFPel Per\u00edodo de inscri\u00e7\u00e3o: [&hellip;]<\/p>\n","protected":false},"author":21,"featured_media":0,"parent":0,"menu_order":0,"comment_status":"closed","ping_status":"closed","template":"","meta":{"footnotes":""},"class_list":["post-15183","page","type-page","status-publish","hentry"],"_links":{"self":[{"href":"https:\/\/wp.ufpel.edu.br\/progep\/wp-json\/wp\/v2\/pages\/15183","targetHints":{"allow":["GET"]}}],"collection":[{"href":"https:\/\/wp.ufpel.edu.br\/progep\/wp-json\/wp\/v2\/pages"}],"about":[{"href":"https:\/\/wp.ufpel.edu.br\/progep\/wp-json\/wp\/v2\/types\/page"}],"author":[{"embeddable":true,"href":"https:\/\/wp.ufpel.edu.br\/progep\/wp-json\/wp\/v2\/users\/21"}],"replies":[{"embeddable":true,"href":"https:\/\/wp.ufpel.edu.br\/progep\/wp-json\/wp\/v2\/comments?post=15183"}],"version-history":[{"count":13,"href":"https:\/\/wp.ufpel.edu.br\/progep\/wp-json\/wp\/v2\/pages\/15183\/revisions"}],"predecessor-version":[{"id":33889,"href":"https:\/\/wp.ufpel.edu.br\/progep\/wp-json\/wp\/v2\/pages\/15183\/revisions\/33889"}],"wp:attachment":[{"href":"https:\/\/wp.ufpel.edu.br\/progep\/wp-json\/wp\/v2\/media?parent=15183"}],"curies":[{"name":"wp","href":"https:\/\/api.w.org\/{rel}","templated":true}]}}