{"id":15170,"date":"2020-06-05T14:15:23","date_gmt":"2020-06-05T17:15:23","guid":{"rendered":"https:\/\/wp.ufpel.edu.br\/progep\/?page_id=15170"},"modified":"2025-06-30T13:40:41","modified_gmt":"2025-06-30T16:40:41","slug":"capacita-na-web-roda-de-conversa-meio-ambiente-sociedade-e-pandemia","status":"publish","type":"page","link":"https:\/\/wp.ufpel.edu.br\/progep\/capacita-na-web-roda-de-conversa-meio-ambiente-sociedade-e-pandemia\/","title":{"rendered":"Capacita\u00e7\u00e3o: Capacita na Web &#8211; Roda de conversa &#8220;Meio Ambiente, Sociedade e Pandemia&#8221;"},"content":{"rendered":"<p><strong>Facilitadora:<\/strong> Prof.\u00aa Rosaura Esp\u00edrito Santo da Silva<\/p>\n<p><strong>Data:<\/strong> 18\/06\/2020<\/p>\n<p><strong>Hora:\u00a0<\/strong>das 09h \u00e0s 10h<\/p>\n<p><strong>Realiza\u00e7\u00e3o:<\/strong>\u00a0plataforma Webconf da UFPel (na modalidade\u00a0<em>on-line)<\/em><\/p>\n<p><strong>Ementa: <\/strong><\/p>\n<ul>\n<li>Como a pandemia interfere na sociedade;<\/li>\n<li>Quais as consequ\u00eancias e os impactos causados ao meio ambiente;<\/li>\n<li>Pontos positivos e negativos.<\/li>\n<\/ul>\n<p><strong>P\u00fablico Alvo<\/strong>: servidores em geral<\/p>\n<p><strong>Per\u00edodo de inscri\u00e7\u00e3o<\/strong>: <span style=\"background-color: #ffffff\">05\/06 a<\/span> 15\/06\/2020<\/p>\n<p><strong>Divulga\u00e7\u00e3o das inscri\u00e7\u00f5es homologadas<\/strong>: 16\/06*, nesta p\u00e1gina.<\/p>\n<p>* Quando da homologa\u00e7\u00e3o das inscri\u00e7\u00f5es, os selecionados receber\u00e3o e-mail com instru\u00e7\u00f5es de acesso \u00e0 sala de Webconf da UFPel.<\/p>\n<p><strong><span style=\"color: #ff6600\"><a style=\"color: #ff6600\" href=\"https:\/\/wp.ufpel.edu.br\/progep\/files\/2020\/06\/homologa_inscritos_MEIO-AMBIENTE-SOCIEDADE.pdf\">INSCRI\u00c7\u00d5ES HOMOLOGADAS<\/a><\/span><\/strong><\/p>\n<p>&nbsp;<\/p>\n","protected":false},"excerpt":{"rendered":"<p>Facilitadora: Prof.\u00aa Rosaura Esp\u00edrito Santo da Silva Data: 18\/06\/2020 Hora:\u00a0das 09h \u00e0s 10h Realiza\u00e7\u00e3o:\u00a0plataforma Webconf da UFPel (na modalidade\u00a0on-line) Ementa: Como a pandemia interfere na sociedade; Quais as consequ\u00eancias e os impactos causados ao meio ambiente; Pontos positivos e negativos. P\u00fablico Alvo: servidores em geral Per\u00edodo de inscri\u00e7\u00e3o: 05\/06 a 15\/06\/2020 Divulga\u00e7\u00e3o das inscri\u00e7\u00f5es homologadas: [&hellip;]<\/p>\n","protected":false},"author":21,"featured_media":0,"parent":0,"menu_order":0,"comment_status":"closed","ping_status":"closed","template":"","meta":{"footnotes":""},"class_list":["post-15170","page","type-page","status-publish","hentry"],"_links":{"self":[{"href":"https:\/\/wp.ufpel.edu.br\/progep\/wp-json\/wp\/v2\/pages\/15170","targetHints":{"allow":["GET"]}}],"collection":[{"href":"https:\/\/wp.ufpel.edu.br\/progep\/wp-json\/wp\/v2\/pages"}],"about":[{"href":"https:\/\/wp.ufpel.edu.br\/progep\/wp-json\/wp\/v2\/types\/page"}],"author":[{"embeddable":true,"href":"https:\/\/wp.ufpel.edu.br\/progep\/wp-json\/wp\/v2\/users\/21"}],"replies":[{"embeddable":true,"href":"https:\/\/wp.ufpel.edu.br\/progep\/wp-json\/wp\/v2\/comments?post=15170"}],"version-history":[{"count":12,"href":"https:\/\/wp.ufpel.edu.br\/progep\/wp-json\/wp\/v2\/pages\/15170\/revisions"}],"predecessor-version":[{"id":33890,"href":"https:\/\/wp.ufpel.edu.br\/progep\/wp-json\/wp\/v2\/pages\/15170\/revisions\/33890"}],"wp:attachment":[{"href":"https:\/\/wp.ufpel.edu.br\/progep\/wp-json\/wp\/v2\/media?parent=15170"}],"curies":[{"name":"wp","href":"https:\/\/api.w.org\/{rel}","templated":true}]}}