{"id":15147,"date":"2020-06-03T14:40:26","date_gmt":"2020-06-03T17:40:26","guid":{"rendered":"https:\/\/wp.ufpel.edu.br\/progep\/?page_id=15147"},"modified":"2025-06-30T13:40:46","modified_gmt":"2025-06-30T16:40:46","slug":"curso-libreofficecalc-basico","status":"publish","type":"page","link":"https:\/\/wp.ufpel.edu.br\/progep\/curso-libreofficecalc-basico\/","title":{"rendered":"Capacita\u00e7\u00e3o: Curso LibreOffice Calc \u2013 B\u00e1sico"},"content":{"rendered":"<p><b>Modalidade: <\/b><em>on line<\/em> (com tutoria)<\/p>\n<p><strong>Carga hor\u00e1ria:<\/strong> 25 horas<\/p>\n<p class=\"v1MsoNormal\"><strong>Per\u00edodo<\/strong>: 15 de junho a <span style=\"background-color: #ffffff\">15 de julho de 2020<\/span><\/p>\n<p class=\"v1MsoNormal\"><strong>Realiza\u00e7\u00e3o<\/strong>: plataforma AVA (Moodle) da UFPel<\/p>\n<p><strong>S\u00famula<\/strong>:<\/p>\n<ul>\n<li>\n<p dir=\"ltr\" role=\"presentation\">Obtendo, instalando e configurando o LibreOfficeCalc<\/p>\n<\/li>\n<li>\n<p dir=\"ltr\" role=\"presentation\">Conhecendo os recursos do LibreOfficeCalc<\/p>\n<\/li>\n<li>\n<p dir=\"ltr\" role=\"presentation\">Inser\u00e7\u00e3o de dados e formata\u00e7\u00e3o b\u00e1sica<\/p>\n<\/li>\n<li>\n<p dir=\"ltr\" role=\"presentation\">Classifica\u00e7\u00e3o de dados<\/p>\n<\/li>\n<li>\n<p dir=\"ltr\" role=\"presentation\">Introdu\u00e7\u00e3o ao uso de fun\u00e7\u00f5es<\/p>\n<\/li>\n<li>\n<p dir=\"ltr\" role=\"presentation\">Gera\u00e7\u00e3o de gr\u00e1ficos<\/p>\n<\/li>\n<\/ul>\n<p><b><strong>Avalia\u00e7\u00e3o: <\/strong><\/b>A assiduidade de cada aluno no curso ser\u00e1 verificada em fun\u00e7\u00e3o de sua participa\u00e7\u00e3o em f\u00f3runs de discuss\u00e3o e tamb\u00e9m pelo envio de tarefas. A avalia\u00e7\u00e3o final de cada aluno dar-se-\u00e1 pela qualidade e coer\u00eancia das tarefas apresentadas. Embora o envio de cada tarefa possa estar vinculado a uma data limite de postagem, o conte\u00fado de apoio e tutoriais permanecer\u00e3o dispon\u00edveis para que o aluno possa retomar a leitura sempre que considerar conveniente.<\/p>\n<p class=\"v1MsoNormal\"><strong>P\u00fablico Alvo<\/strong>: servidores em geral<\/p>\n<p><strong>N\u00famero de vagas:<\/strong> 40 (vagas limitadas por ordem de inscri\u00e7\u00e3o)<\/p>\n<p><strong>Ministrante:<\/strong>Leandro Stachovski Garcia<\/p>\n<p><strong>Per\u00edodo de inscri\u00e7\u00e3o<\/strong>: 03\/06 a 11\/06<\/p>\n<p><strong>Divulga\u00e7\u00e3o das inscri\u00e7\u00f5es homologadas<\/strong>: 12\/06*, nesta p\u00e1gina.<\/p>\n<p>* Quando da homologa\u00e7\u00e3o das inscri\u00e7\u00f5es, os selecionados receber\u00e3o e-mail com instru\u00e7\u00f5es de acesso ao curso.<\/p>\n<p><strong><span style=\"color: #ff6600\"><a style=\"color: #ff6600\" href=\"https:\/\/wp.ufpel.edu.br\/progep\/files\/2020\/06\/HOMOLOGA_inscritos_LIBREOFFICE-CALC.doc.pdf\">INSCRI\u00c7\u00d5ES HOMOLOGADAS<\/a><\/span><\/strong><\/p>\n","protected":false},"excerpt":{"rendered":"<p>Modalidade: on line (com tutoria) Carga hor\u00e1ria: 25 horas Per\u00edodo: 15 de junho a 15 de julho de 2020 Realiza\u00e7\u00e3o: plataforma AVA (Moodle) da UFPel S\u00famula: Obtendo, instalando e configurando o LibreOfficeCalc Conhecendo os recursos do LibreOfficeCalc Inser\u00e7\u00e3o de dados e formata\u00e7\u00e3o b\u00e1sica Classifica\u00e7\u00e3o de dados Introdu\u00e7\u00e3o ao uso de fun\u00e7\u00f5es Gera\u00e7\u00e3o de gr\u00e1ficos Avalia\u00e7\u00e3o: [&hellip;]<\/p>\n","protected":false},"author":21,"featured_media":0,"parent":0,"menu_order":0,"comment_status":"closed","ping_status":"closed","template":"","meta":{"footnotes":""},"class_list":["post-15147","page","type-page","status-publish","hentry"],"_links":{"self":[{"href":"https:\/\/wp.ufpel.edu.br\/progep\/wp-json\/wp\/v2\/pages\/15147","targetHints":{"allow":["GET"]}}],"collection":[{"href":"https:\/\/wp.ufpel.edu.br\/progep\/wp-json\/wp\/v2\/pages"}],"about":[{"href":"https:\/\/wp.ufpel.edu.br\/progep\/wp-json\/wp\/v2\/types\/page"}],"author":[{"embeddable":true,"href":"https:\/\/wp.ufpel.edu.br\/progep\/wp-json\/wp\/v2\/users\/21"}],"replies":[{"embeddable":true,"href":"https:\/\/wp.ufpel.edu.br\/progep\/wp-json\/wp\/v2\/comments?post=15147"}],"version-history":[{"count":11,"href":"https:\/\/wp.ufpel.edu.br\/progep\/wp-json\/wp\/v2\/pages\/15147\/revisions"}],"predecessor-version":[{"id":33892,"href":"https:\/\/wp.ufpel.edu.br\/progep\/wp-json\/wp\/v2\/pages\/15147\/revisions\/33892"}],"wp:attachment":[{"href":"https:\/\/wp.ufpel.edu.br\/progep\/wp-json\/wp\/v2\/media?parent=15147"}],"curies":[{"name":"wp","href":"https:\/\/api.w.org\/{rel}","templated":true}]}}