{"id":15101,"date":"2020-05-19T23:19:27","date_gmt":"2020-05-20T02:19:27","guid":{"rendered":"https:\/\/wp.ufpel.edu.br\/progep\/?page_id=15101"},"modified":"2025-09-18T10:20:41","modified_gmt":"2025-09-18T13:20:41","slug":"nomeacoes-edital-37-2018","status":"publish","type":"page","link":"https:\/\/wp.ufpel.edu.br\/progep\/nomeacoes-edital-37-2018\/","title":{"rendered":"Nomea\u00e7\u00f5es &#8211; Edital 37\/2018"},"content":{"rendered":"\n<div class=\"wp-block-group\"><div class=\"wp-block-group__inner-container is-layout-constrained wp-block-group-is-layout-constrained\">\n<div class=\"logoTituloModelStyle\"><img class=\"size-medium wp-image-27184 alignleft\" src=\"https:\/\/wp.ufpel.edu.br\/progep\/files\/2025\/03\/logo-progep_atualizacao-nome_AZUL.png\" alt=\"\" \/><\/p>\n<div style=\"padding: 2rem 0\"><strong>Nomea\u00e7\u00f5es &#8211; Edital 37\/2018<\/strong><\/div>\n<\/div>\n<hr class=\"hrModelStyle\" \/>\n<div class=\"descriptionModelStyle\">Acompanhe nesta p\u00e1gina a publica\u00e7\u00e3o dos\/as nomeados\/as para servidores\/as docentes na UFPEL.<\/div>\n<\/div><\/div>\n\n\n<div class=\"pagNomeacoesStyle\">\n<p> Confira a p\u00e1gina com as informa\u00e7\u00f5es a respeito do certame: <\/p>\n<p><a href=\"https:\/\/ces.ufpel.edu.br\/conctecadmed0037_2018\/\" target=\"_blank\">Certame do Edital 37\/2018<\/a><\/p>\n<div class=\"titleStyle\"><strong>Ampla Concorr\u00eancia<\/strong><\/div> \n\n<table id=\"tablepress-161\" class=\"tablepress tablepress-id-161\">\n<thead>\n<tr class=\"row-1\">\n\t<th class=\"column-1\">Unidade\/\u00c1rea\/Processo<\/th><th class=\"column-2\">Classif.<\/th><th class=\"column-3\">Aprovados<\/th><th class=\"column-4\">Situa\u00e7\u00e3o<\/th>\n<\/tr>\n<\/thead>\n<tbody class=\"row-striping row-hover\">\n<tr class=\"row-2\">\n\t<td class=\"column-1\"><strong>Centro de Letras e Comunica\u00e7\u00e3o \u2013 CLC<\/strong><br \/>\nEstudos da Tradu\u00e7\u00e3o<br \/>\nProc. 23110.040545\/2018-44<\/td><td class=\"column-2\">1\u00ba<\/td><td class=\"column-3\">DANIEL SOARES DUARTE<\/td><td class=\"column-4\">Nomeado(a) em 19\/06\/2019<\/td>\n<\/tr>\n<tr class=\"row-3\">\n\t<td class=\"column-1\"><\/td><td class=\"column-2\">2\u00ba<\/td><td class=\"column-3\">PATRICIA RODRIGUES COSTA<\/td><td class=\"column-4\"><\/td>\n<\/tr>\n<tr class=\"row-4\">\n\t<td class=\"column-1\"><strong>Faculdade de Agronomia Eliseu Maciel<\/strong><br \/>\nCi\u00eancias Agr\u00e1rias<br \/>\nProc. 23110.057013\/2018-46<\/td><td class=\"column-2\">1\u00ba<\/td><td class=\"column-3\">GRACIELA VOLZ LOPES<\/td><td class=\"column-4\">Nomeado(a) em 24\/07\/2019<\/td>\n<\/tr>\n<tr class=\"row-5\">\n\t<td class=\"column-1\"><\/td><td class=\"column-2\">2\u00ba<\/td><td class=\"column-3\">RODRIGO CASQUERO CUNHA<\/td><td class=\"column-4\"><\/td>\n<\/tr>\n<tr class=\"row-6\">\n\t<td class=\"column-1\"><\/td><td class=\"column-2\">3\u00ba<\/td><td class=\"column-3\">JESSICA FERNANDA HOFFMANN<\/td><td class=\"column-4\"><\/td>\n<\/tr>\n<tr class=\"row-7\">\n\t<td class=\"column-1\"><strong>Faculdade de Medicina \u2013 FAMED<\/strong><br \/>\nPsicologia e Psiquiatria<br \/>\nProc. 23110.016003\/2018-51<\/td><td class=\"column-2\">1\u00ba<\/td><td class=\"column-3\">GUSTAVO PEGAS JAEGER<\/td><td class=\"column-4\">Nomeado(a) em 07\/06\/2019<\/td>\n<\/tr>\n<tr class=\"row-8\">\n\t<td class=\"column-1\"><\/td><td class=\"column-2\">2\u00ba<\/td><td class=\"column-3\">GUSTAVO CARVALHO COUTINHO ROSA<\/td><td class=\"column-4\">Nomeado em 31\/12\/2021<\/td>\n<\/tr>\n<tr class=\"row-9\">\n\t<td class=\"column-1\"><strong>Faculdade de Medicina \u2013 FAMED<\/strong><br \/>\nGinecologia e Obstetr\u00edcia<br \/>\nProc. 23110.024132\/2018-12<\/td><td class=\"column-2\">1\u00ba<\/td><td class=\"column-3\">MARIANA FONTANA<\/td><td class=\"column-4\">Tornada sem efeito<\/td>\n<\/tr>\n<tr class=\"row-10\">\n\t<td class=\"column-1\"><strong>Faculdade de Medicina \u2013 FAMED<\/strong><br \/>\nEpidemiologia<br \/>\nProc. 23110.041409\/2018-71<\/td><td class=\"column-2\">1\u00ba<\/td><td class=\"column-3\">FERNANDO PIRES HARTWIG<\/td><td class=\"column-4\">Nomeado(a) em 07\/06\/2019<\/td>\n<\/tr>\n<tr class=\"row-11\">\n\t<td class=\"column-1\"><\/td><td class=\"column-2\">2\u00ba<\/td><td class=\"column-3\">BRUNA GON\u00c7ALVES CORDEIRO DA SILVA<\/td><td class=\"column-4\"><\/td>\n<\/tr>\n<tr class=\"row-12\">\n\t<td class=\"column-1\"><\/td><td class=\"column-2\">3\u00ba<\/td><td class=\"column-3\">CAUANE BLUMENBERG SILVA<\/td><td class=\"column-4\"><\/td>\n<\/tr>\n<tr class=\"row-13\">\n\t<td class=\"column-1\"><strong>Faculdade de Medicina \u2013 FAMED<\/strong><br \/>\nFundamentos e Medidas da Psicologia ou Constru\u00e7\u00e3o e Validade de Testes, Escalas e Outras Medidas em Psicologia<br \/>\nProc. 23110.104162\/2017-21<\/td><td class=\"column-2\">1\u00ba<\/td><td class=\"column-3\">MATEUS LUZ LEVANDOWSKI<\/td><td class=\"column-4\">Nomeado(a) em 14\/06\/2019<\/td>\n<\/tr>\n<tr class=\"row-14\">\n\t<td class=\"column-1\"><\/td><td class=\"column-2\">2\u00ba<\/td><td class=\"column-3\">MARIANE RICARDO ACOSTA LOPEZ MOLINA<\/td><td class=\"column-4\"><\/td>\n<\/tr>\n<tr class=\"row-15\">\n\t<td class=\"column-1\"><\/td><td class=\"column-2\">3\u00ba<\/td><td class=\"column-3\">JACIANA MARLOVA GONCALVES ARAUJO<\/td><td class=\"column-4\"><\/td>\n<\/tr>\n<tr class=\"row-16\">\n\t<td class=\"column-1\"><strong>Faculdade de Medicina \u2013 FAMED<\/strong><br \/>\nSa\u00fade Mental<br \/>\nProc. 23110.056463\/2018-11<\/td><td class=\"column-2\">1\u00ba<\/td><td class=\"column-3\">ELLEN CRISTINA RICCI<\/td><td class=\"column-4\">Nomeado(a) em 24\/07\/2019<\/td>\n<\/tr>\n<tr class=\"row-17\">\n\t<td class=\"column-1\"><\/td><td class=\"column-2\">2\u00ba<\/td><td class=\"column-3\">VAGNER DOS SANTOS<\/td><td class=\"column-4\">Tornada  sem efeito<\/td>\n<\/tr>\n<tr class=\"row-18\">\n\t<td class=\"column-1\"><\/td><td class=\"column-2\">3\u00ba<\/td><td class=\"column-3\">JULIANA ARA\u00daJO SILVA<\/td><td class=\"column-4\"><\/td>\n<\/tr>\n<tr class=\"row-19\">\n\t<td class=\"column-1\"><strong>Faculdade de Nutri\u00e7\u00e3o \u2013 FN<\/strong><br \/>\nCi\u00eancias da Sa\u00fade<br \/>\nProc. 23110.046727\/2018-29<\/td><td class=\"column-2\">1\u00ba<\/td><td class=\"column-3\">TATIANE KUKA VALENTE GANDRA<\/td><td class=\"column-4\">Nomeado(a) em 12\/09\/2019<\/td>\n<\/tr>\n<tr class=\"row-20\">\n\t<td class=\"column-1\"><\/td><td class=\"column-2\">2\u00ba<\/td><td class=\"column-3\">PATRICIA REGINA AMANTE<\/td><td class=\"column-4\"><\/td>\n<\/tr>\n<tr class=\"row-21\">\n\t<td class=\"column-1\"><strong>Instituto de Biologia \u2013 IB<\/strong><br \/>\nFarmacologia<br \/>\nProc. 23110.045360\/2018-26<\/td><td class=\"column-2\">1\u00ba<\/td><td class=\"column-3\">JUCIMARA BALDISSARELLI<\/td><td class=\"column-4\">Nomeado(a) em 24\/07\/2019<\/td>\n<\/tr>\n<tr class=\"row-22\">\n\t<td class=\"column-1\"><\/td><td class=\"column-2\">2\u00ba<\/td><td class=\"column-3\">DEBORA GUERINI DE SOUZA<\/td><td class=\"column-4\"><\/td>\n<\/tr>\n<tr class=\"row-23\">\n\t<td class=\"column-1\"><\/td><td class=\"column-2\">3\u00ba<\/td><td class=\"column-3\">HECSON JESSER SEGAT<\/td><td class=\"column-4\"><\/td>\n<\/tr>\n<tr class=\"row-24\">\n\t<td class=\"column-1\"><\/td><td class=\"column-2\">4\u00ba<\/td><td class=\"column-3\">ANA CRISTINA STEIN<\/td><td class=\"column-4\"><\/td>\n<\/tr>\n<\/tbody>\n<\/table>\n<!-- #tablepress-161 from cache -->\n<\/div>\n","protected":false},"excerpt":{"rendered":"<p>Nomea\u00e7\u00f5es &#8211; Edital 37\/2018 Acompanhe nesta p\u00e1gina a publica\u00e7\u00e3o dos\/as nomeados\/as para servidores\/as docentes na UFPEL. Confira a p\u00e1gina com as informa\u00e7\u00f5es a respeito do certame: Certame do Edital 37\/2018 Ampla Concorr\u00eancia<\/p>\n","protected":false},"author":52,"featured_media":0,"parent":0,"menu_order":0,"comment_status":"closed","ping_status":"closed","template":"","meta":{"footnotes":""},"class_list":["post-15101","page","type-page","status-publish","hentry"],"_links":{"self":[{"href":"https:\/\/wp.ufpel.edu.br\/progep\/wp-json\/wp\/v2\/pages\/15101","targetHints":{"allow":["GET"]}}],"collection":[{"href":"https:\/\/wp.ufpel.edu.br\/progep\/wp-json\/wp\/v2\/pages"}],"about":[{"href":"https:\/\/wp.ufpel.edu.br\/progep\/wp-json\/wp\/v2\/types\/page"}],"author":[{"embeddable":true,"href":"https:\/\/wp.ufpel.edu.br\/progep\/wp-json\/wp\/v2\/users\/52"}],"replies":[{"embeddable":true,"href":"https:\/\/wp.ufpel.edu.br\/progep\/wp-json\/wp\/v2\/comments?post=15101"}],"version-history":[{"count":3,"href":"https:\/\/wp.ufpel.edu.br\/progep\/wp-json\/wp\/v2\/pages\/15101\/revisions"}],"predecessor-version":[{"id":37396,"href":"https:\/\/wp.ufpel.edu.br\/progep\/wp-json\/wp\/v2\/pages\/15101\/revisions\/37396"}],"wp:attachment":[{"href":"https:\/\/wp.ufpel.edu.br\/progep\/wp-json\/wp\/v2\/media?parent=15101"}],"curies":[{"name":"wp","href":"https:\/\/api.w.org\/{rel}","templated":true}]}}