{"id":151,"date":"2010-03-29T16:23:09","date_gmt":"2010-03-29T19:23:09","guid":{"rendered":"https:\/\/wp.ufpel.edu.br\/prgrh\/?page_id=151"},"modified":"2026-01-16T21:55:01","modified_gmt":"2026-01-17T00:55:01","slug":"selecao-de-facilitadores-as-de-aprendizagem","status":"publish","type":"page","link":"https:\/\/wp.ufpel.edu.br\/progep\/selecao-de-facilitadores-as-de-aprendizagem\/","title":{"rendered":"Sele\u00e7\u00e3o de Facilitadores\/as de Aprendizagem"},"content":{"rendered":"\n<div class=\"wp-block-group\"><div class=\"wp-block-group__inner-container is-layout-constrained wp-block-group-is-layout-constrained\">\n<div class=\"logoTituloModelStyle\"><img class=\"size-medium wp-image-27184 alignleft\" style=\"padding: 0\" src=\"https:\/\/wp.ufpel.edu.br\/progep\/files\/2025\/03\/logo-progep_atualizacao-nome_AZUL.png\" alt=\"\" \/><\/p>\n<div style=\"padding: 2rem 0\"><strong>Sele\u00e7\u00e3o de Facilitadores\/as de Aprendizagem<\/strong><\/div>\n<\/div>\n<hr class=\"hrModelStyle\" \/>\n<div class=\"descriptionModelStyle\">Nesta p\u00e1gina, a <strong>Coordena\u00e7\u00e3o de Desenvolvimento de Pessoal<\/strong> ir\u00e1 anexar e abrir processos seletivos para servidores\/as interessados em atuarem como <strong>Facilitadores\/as de Aprendizagem<\/strong>. Os editais e os resultados ser\u00e3o divulgados nesta p\u00e1gina.<\/div>\n<\/div><\/div>\n\n\n<div class=\"selecaoFacilitadoraStyle\">\n<div class=\"paragrafoComumStyle\">A <strong>CDP\/PROGEP<\/strong> divulga a abertura do processo seletivo para <strong>Facilitadores\/as de Aprendizagem<\/strong> para atua\u00e7\u00e3o nos eventos do <strong>Plano de Desenvolvimento de Pessoas (PDP) <\/strong>da Universidade Federal de Pelotas, atrav\u00e9s do seguinte edital:<\/div>\n<div class=\"blocoDIVStyle\">\n<div class=\"titleComumStyle\">Edital PROGEP CDP N\u00ba 1\/2025:<\/div>\n<p><a href=\"https:\/\/wp.ufpel.edu.br\/progep\/files\/2025\/09\/SEI_2994670_Edital_PROGEP_1-2.pdf\" target=\"_blank\" rel=\"noopener\">Edital PROGEP 1\u00a0&#8211; Chamada P\u00fablica de Facilitadores\/as de Apredizagem 2025.<\/a><\/p>\n<div class=\"titleComumStyle\">Edital PROGEP CDP N\u00ba 3\/2025 &#8211; Retifica\u00e7\u00e3o:<\/div>\n<p><a href=\"https:\/\/wp.ufpel.edu.br\/progep\/files\/2025\/09\/SEI_3278799_Edital_PROGEP_3.pdf\" target=\"_blank\" rel=\"noopener\">Edital de Retifica\u00e7\u00e3o.<\/a><\/p>\n<div class=\"titleComumStyle\">Formul\u00e1rio de inscri\u00e7\u00e3o 2025:<\/div>\n<p><a href=\"https:\/\/forms.gle\/hzek8VupE1etr9q47\" target=\"_blank\" rel=\"noopener\">Formul\u00e1rio de inscri\u00e7\u00e3o<\/a><\/p>\n<div class=\"titleComumStyle\">Resultado Preliminar 2025:<\/div>\n<div><a href=\"https:\/\/wp.ufpel.edu.br\/progep\/files\/2025\/09\/SEI_3311243_Despacho.pdf\" target=\"_blank\" rel=\"noopener\">Resultado Preliminar<\/a><\/div>\n<div class=\"titleComumStyle\">Resultado Final 2025:<\/div>\n<div><a href=\"https:\/\/wp.ufpel.edu.br\/progep\/files\/2025\/09\/SEI_3319511_Despacho.pdf\" target=\"_blank\" rel=\"noopener\">Resultado Final<\/a><\/div>\n<div class=\"titleComumStyle\">Formul\u00e1rio de Recurso 2025:<\/div>\n<p><a href=\"https:\/\/forms.gle\/tozpj96sQirhuTU67\" target=\"_blank\" rel=\"noopener\">Formul\u00e1rio de recurso<\/a><\/p>\n<\/div>\n<div class=\"tabelasRepoDoc\"><span class=\"collapseomatic \" id=\"id69e36d948571f\"  tabindex=\"0\" title=\"Sele\u00e7\u00e3o de Facilitadores\/as de Aprendizagem de 2024\"    >Sele\u00e7\u00e3o de Facilitadores\/as de Aprendizagem de 2024<\/span><div id=\"target-id69e36d948571f\" class=\"collapseomatic_content \">\n<div class=\"titleComumStyle\">Edital PROGEP 4 &#8211; Ano 2024:<\/div>\n<p><a href=\"https:\/\/wp.ufpel.edu.br\/progep\/files\/2024\/06\/edital-4-1.pdf\" target=\"_blank\" rel=\"noopener\">Edital PROGEP 4 \u00a0&#8211; Chamada P\u00fablica de Facilitadores\/as de Apredizagem.<\/a><\/p>\n<p><a href=\"https:\/\/wp.ufpel.edu.br\/progep\/files\/2024\/06\/SEI_UFPel-2646662-RESULTADO-PRELIMINAR.pdf\" target=\"_blank\" rel=\"noopener\">Resultado Preliminar<\/a><\/p>\n<p><a href=\"https:\/\/wp.ufpel.edu.br\/progep\/files\/2024\/08\/RESULTADO-FINAL.pdf\" target=\"_blank\" rel=\"noopener\">RESULTADO FINAL<\/a><\/p>\n<div class=\"titleComumStyle\">Edital PROGEP 3 &#8211; Ano 2024:<\/div>\n<p><a href=\"https:\/\/wp.ufpel.edu.br\/progep\/files\/2024\/04\/SEI_23110.006346_2024_55.pdf\" target=\"_blank\" rel=\"noopener\">Edital PROGEP 3 &#8211; Chamada P\u00fablica de Facilitadores\/as de Aprendizagem.<\/a><\/p>\n<p><a href=\"https:\/\/wp.ufpel.edu.br\/progep\/files\/2024\/04\/EDITAL-FACILITADORES-01.pdf\" target=\"_blank\" rel=\"noopener\">Resultado preliminar<\/a><\/p>\n<p><a href=\"https:\/\/wp.ufpel.edu.br\/progep\/files\/2024\/05\/SEI_23110.006346_2024_55-1.pdf\" target=\"_blank\" rel=\"noopener\">RESULTADO FINAL<\/a><br \/><\/div>\n<\/div>\n<div class=\"titleComumStyle\">Normativos Gov.br:<\/div>\n<p><a title=\"\" href=\"https:\/\/www.in.gov.br\/web\/dou\/-\/decreto-n-11.069-de-10-de-maio-de-2022-398971288\" target=\"_blank\" rel=\"noopener\">Decreto n\u00ba 11.069, de 10 de maio de 2022<\/a>\u00a0<\/p>\n<div class=\"paragrafoComumStyle\">Regulamenta a concess\u00e3o da Gratifica\u00e7\u00e3o por Encargo de Curso ou Concurso de que trata o art. 76-A da Lei n\u00ba 8.112, de 11 de dezembro de 1990, e altera o Decreto n\u00ba 9.739, de 28 de mar\u00e7o de 2019, que estabelece medidas de efici\u00eancia organizacional para o aprimoramento da administra\u00e7\u00e3o p\u00fablica federal direta, aut\u00e1rquica e fundacional.<\/div>\n<p><a href=\"https:\/\/www.gov.br\/servidor\/pt-br\/acesso-a-informacao\/gestao-de-pessoas\/pndp\/gecc\/copy2_of_IN33TextoCompiladoSite.pdf\" target=\"_blank\" rel=\"noopener\">Instru\u00e7\u00e3o Normativa SGP\/MGI n\u00ba 33, de 13 de novembro de 2023<\/a><\/p>\n<div class=\"paragrafoComumStyle\">TEXTO COMPILADO. Estabelece orienta\u00e7\u00f5es aos \u00f3rg\u00e3os e entidades integrantes do Sistema de Pessoal Civil da Administra\u00e7\u00e3o P\u00fablica Federal &#8211; SIPEC, quanto \u00e0 concess\u00e3o da Gratifica\u00e7\u00e3o por Encargo de Curso ou Concurso regulamentada pelo Decreto n\u00ba 11.069, 10 de maio de 2022. NOVO<\/div>\n<p><a href=\"https:\/\/www.in.gov.br\/en\/web\/dou\/-\/instrucao-normativa-sgp\/mgi-n-35-de-20-de-novembro-de-2023-524583670\" target=\"_blank\" rel=\"noopener\">Instru\u00e7\u00e3o Normativa SGP\/MGI n\u00ba 35, de 20 de novembro de 2023<\/a><\/p>\n<div class=\"paragrafoComumStyle\">Altera a Instru\u00e7\u00e3o Normativa SGP\/MGI n\u00ba 33 de 13 de novembro de 2023.\u00a0NOVO<\/div>\n<p><a href=\"https:\/\/www.in.gov.br\/en\/web\/dou\/-\/instrucao-normativa-sgp\/mgi-n-1-de-8-de-janeiro-de-2024-536510348\" target=\"_blank\" rel=\"noopener\">Instru\u00e7\u00e3o Normativa SGP\/MGI n\u00ba 1, de 8 de janeiro de 2024<\/a><\/p>\n<div class=\"paragrafoComumStyle\">Estabelece orienta\u00e7\u00f5es, crit\u00e9rios e procedimentos aos \u00f3rg\u00e3os e entidades integrantes do Sistema de Pessoal Civil da Administra\u00e7\u00e3o Federal &#8211; Sipec, relativas \u00e0 implanta\u00e7\u00e3o e ao uso dos servi\u00e7os digitais dispon\u00edveis nos Sistemas Estruturantes de Gest\u00e3o de Pessoal para o acompanhamento, o controle de horas e o pagamento de Gratifica\u00e7\u00e3o por Encargo de Curso ou Concurso &#8211; GECC.\u00a0NOVO<\/div>\n<div class=\"titleComumStyle\">Fundamento Legal:<\/div>\n<p><a href=\"http:\/\/www.planalto.gov.br\/ccivil_03\/Leis\/L8112cons.htm\" target=\"_blank\" rel=\"noopener\">Lei n\u00ba 8.112\/90 &#8211; Regime Jur\u00eddico \u00danico<\/a><br \/><a href=\"http:\/\/www.planalto.gov.br\/ccivil_03\/_Ato2007-2010\/2007\/Decreto\/D6114.htm\" target=\"_blank\" rel=\"noopener\">Decreto 6.114 \/07 \u2013 Remunera\u00e7\u00e3o de Instrutores<\/a><br \/><a href=\"https:\/\/wp.ufpel.edu.br\/progep\/files\/2022\/06\/RES.-142019-1.pdf\" target=\"_blank\" rel=\"noopener\">Resolu\u00e7\u00e3o n\u00ba 14\/ 2019 &#8211; Pagamento GECC<\/a><\/p>\n<p>&lt;\/div<\/p>\n<\/div>","protected":false},"excerpt":{"rendered":"<p>Sele\u00e7\u00e3o de Facilitadores\/as de Aprendizagem Nesta p\u00e1gina, a Coordena\u00e7\u00e3o de Desenvolvimento de Pessoal ir\u00e1 anexar e abrir processos seletivos para servidores\/as interessados em atuarem como Facilitadores\/as de Aprendizagem. Os editais e os resultados ser\u00e3o divulgados nesta p\u00e1gina. A CDP\/PROGEP divulga a abertura do processo seletivo para Facilitadores\/as de Aprendizagem para atua\u00e7\u00e3o nos eventos do Plano [&hellip;]<\/p>\n","protected":false},"author":21,"featured_media":0,"parent":0,"menu_order":4,"comment_status":"closed","ping_status":"closed","template":"","meta":{"footnotes":""},"class_list":["post-151","page","type-page","status-publish","hentry"],"_links":{"self":[{"href":"https:\/\/wp.ufpel.edu.br\/progep\/wp-json\/wp\/v2\/pages\/151","targetHints":{"allow":["GET"]}}],"collection":[{"href":"https:\/\/wp.ufpel.edu.br\/progep\/wp-json\/wp\/v2\/pages"}],"about":[{"href":"https:\/\/wp.ufpel.edu.br\/progep\/wp-json\/wp\/v2\/types\/page"}],"author":[{"embeddable":true,"href":"https:\/\/wp.ufpel.edu.br\/progep\/wp-json\/wp\/v2\/users\/21"}],"replies":[{"embeddable":true,"href":"https:\/\/wp.ufpel.edu.br\/progep\/wp-json\/wp\/v2\/comments?post=151"}],"version-history":[{"count":3,"href":"https:\/\/wp.ufpel.edu.br\/progep\/wp-json\/wp\/v2\/pages\/151\/revisions"}],"predecessor-version":[{"id":40194,"href":"https:\/\/wp.ufpel.edu.br\/progep\/wp-json\/wp\/v2\/pages\/151\/revisions\/40194"}],"wp:attachment":[{"href":"https:\/\/wp.ufpel.edu.br\/progep\/wp-json\/wp\/v2\/media?parent=151"}],"curies":[{"name":"wp","href":"https:\/\/api.w.org\/{rel}","templated":true}]}}