{"id":15093,"date":"2020-05-19T18:42:37","date_gmt":"2020-05-19T21:42:37","guid":{"rendered":"https:\/\/wp.ufpel.edu.br\/progep\/?page_id=15093"},"modified":"2020-05-19T18:49:22","modified_gmt":"2020-05-19T21:49:22","slug":"procedimentos-para-ingresso-3","status":"publish","type":"page","link":"https:\/\/wp.ufpel.edu.br\/progep\/procedimentos-para-ingresso-3\/","title":{"rendered":"Procedimentos para Ingresso"},"content":{"rendered":"<p><a href=\"https:\/\/wp.ufpel.edu.br\/progep\/procedimentos-para-ingresso\/\">Procedimentos para ingresso &#8211; Servidor Efetivo<\/a><\/p>\n<p><a href=\"https:\/\/wp.ufpel.edu.br\/progep\/procedimentos-para-ingresso-cont-temporaria\/\">Procedimentos para ingresso &#8211; Contrata\u00e7\u00e3o Tempor\u00e1ria (Prof. Substituto e outros)<\/a><\/p>\n","protected":false},"excerpt":{"rendered":"<p>Procedimentos para ingresso &#8211; Servidor Efetivo Procedimentos para ingresso &#8211; Contrata\u00e7\u00e3o Tempor\u00e1ria (Prof. Substituto e outros)<\/p>\n","protected":false},"author":52,"featured_media":0,"parent":0,"menu_order":0,"comment_status":"closed","ping_status":"closed","template":"","meta":{"footnotes":""},"class_list":["post-15093","page","type-page","status-publish","hentry"],"_links":{"self":[{"href":"https:\/\/wp.ufpel.edu.br\/progep\/wp-json\/wp\/v2\/pages\/15093","targetHints":{"allow":["GET"]}}],"collection":[{"href":"https:\/\/wp.ufpel.edu.br\/progep\/wp-json\/wp\/v2\/pages"}],"about":[{"href":"https:\/\/wp.ufpel.edu.br\/progep\/wp-json\/wp\/v2\/types\/page"}],"author":[{"embeddable":true,"href":"https:\/\/wp.ufpel.edu.br\/progep\/wp-json\/wp\/v2\/users\/52"}],"replies":[{"embeddable":true,"href":"https:\/\/wp.ufpel.edu.br\/progep\/wp-json\/wp\/v2\/comments?post=15093"}],"version-history":[{"count":2,"href":"https:\/\/wp.ufpel.edu.br\/progep\/wp-json\/wp\/v2\/pages\/15093\/revisions"}],"predecessor-version":[{"id":15099,"href":"https:\/\/wp.ufpel.edu.br\/progep\/wp-json\/wp\/v2\/pages\/15093\/revisions\/15099"}],"wp:attachment":[{"href":"https:\/\/wp.ufpel.edu.br\/progep\/wp-json\/wp\/v2\/media?parent=15093"}],"curies":[{"name":"wp","href":"https:\/\/api.w.org\/{rel}","templated":true}]}}