{"id":15055,"date":"2020-05-12T18:08:36","date_gmt":"2020-05-12T21:08:36","guid":{"rendered":"https:\/\/wp.ufpel.edu.br\/progep\/?page_id=15055"},"modified":"2025-06-30T13:34:28","modified_gmt":"2025-06-30T16:34:28","slug":"live-um-sonho-que-nao-tem-fim-a-forca-da-empatia-em-um-mundo-transformado-por-uma-pandemia","status":"publish","type":"page","link":"https:\/\/wp.ufpel.edu.br\/progep\/live-um-sonho-que-nao-tem-fim-a-forca-da-empatia-em-um-mundo-transformado-por-uma-pandemia\/","title":{"rendered":"Capacita\u00e7\u00e3o: Live &#8220;Um sonho que n\u00e3o tem fim&#8221; &#8211; A for\u00e7a da empatia em um mundo transformado por uma pandemia"},"content":{"rendered":"<p><strong>Facilitador:<\/strong> Alex Cardoso de Melo &#8211; idealizador da ONG &#8220;Meu sonho n\u00e3o tem fim&#8221; (http:\/\/www.meusonhonaotemfim.org.br)<\/p>\n<p><strong>Data:<\/strong> 27\/05\/2020<\/p>\n<p><strong>Hora:\u00a0<\/strong>das 09h \u00e0s 10h<\/p>\n<p><strong>Realiza\u00e7\u00e3o:<\/strong>\u00a0plataforma Webconf da UFPel (na modalidade\u00a0<em>on line)<\/em><\/p>\n<p style=\"text-align: justify\"><strong>Ementa: <\/strong>A live ser\u00e1 sobre a miss\u00e3o de tornar cada cidad\u00e3o um agente de transforma\u00e7\u00e3o na sociedade. Ainda, ser\u00e3o abordados os temas cidadania, empatia e a\u00e7\u00f5es sociais em tempos de isolamento social.<\/p>\n<p><strong>P\u00fablico Alvo<\/strong>: servidores em geral<\/p>\n<p><strong>Per\u00edodo de inscri\u00e7\u00e3o<\/strong>: 12\/05 a 22\/05\/2020<\/p>\n<p><strong>Divulga\u00e7\u00e3o das inscri\u00e7\u00f5es homologadas<\/strong>: 25\/05*, nesta p\u00e1gina.<\/p>\n<p>* Quando da homologa\u00e7\u00e3o das inscri\u00e7\u00f5es, os selecionados receber\u00e3o e-mail com instru\u00e7\u00f5es de acesso \u00e0 sala de Webconf da UFPel.<\/p>\n<p><span style=\"color: #ff6600\"><strong><a style=\"color: #ff6600\" href=\"https:\/\/wp.ufpel.edu.br\/progep\/files\/2020\/05\/Homologacao-meu-sonho.pdf\">INSCRI\u00c7\u00d5ES HOMOLOGADAS!<\/a><\/strong><\/span><\/p>\n","protected":false},"excerpt":{"rendered":"<p>Facilitador: Alex Cardoso de Melo &#8211; idealizador da ONG &#8220;Meu sonho n\u00e3o tem fim&#8221; (http:\/\/www.meusonhonaotemfim.org.br) Data: 27\/05\/2020 Hora:\u00a0das 09h \u00e0s 10h Realiza\u00e7\u00e3o:\u00a0plataforma Webconf da UFPel (na modalidade\u00a0on line) Ementa: A live ser\u00e1 sobre a miss\u00e3o de tornar cada cidad\u00e3o um agente de transforma\u00e7\u00e3o na sociedade. Ainda, ser\u00e3o abordados os temas cidadania, empatia e a\u00e7\u00f5es sociais [&hellip;]<\/p>\n","protected":false},"author":21,"featured_media":0,"parent":0,"menu_order":0,"comment_status":"closed","ping_status":"closed","template":"","meta":{"footnotes":""},"class_list":["post-15055","page","type-page","status-publish","hentry"],"_links":{"self":[{"href":"https:\/\/wp.ufpel.edu.br\/progep\/wp-json\/wp\/v2\/pages\/15055","targetHints":{"allow":["GET"]}}],"collection":[{"href":"https:\/\/wp.ufpel.edu.br\/progep\/wp-json\/wp\/v2\/pages"}],"about":[{"href":"https:\/\/wp.ufpel.edu.br\/progep\/wp-json\/wp\/v2\/types\/page"}],"author":[{"embeddable":true,"href":"https:\/\/wp.ufpel.edu.br\/progep\/wp-json\/wp\/v2\/users\/21"}],"replies":[{"embeddable":true,"href":"https:\/\/wp.ufpel.edu.br\/progep\/wp-json\/wp\/v2\/comments?post=15055"}],"version-history":[{"count":10,"href":"https:\/\/wp.ufpel.edu.br\/progep\/wp-json\/wp\/v2\/pages\/15055\/revisions"}],"predecessor-version":[{"id":33857,"href":"https:\/\/wp.ufpel.edu.br\/progep\/wp-json\/wp\/v2\/pages\/15055\/revisions\/33857"}],"wp:attachment":[{"href":"https:\/\/wp.ufpel.edu.br\/progep\/wp-json\/wp\/v2\/media?parent=15055"}],"curies":[{"name":"wp","href":"https:\/\/api.w.org\/{rel}","templated":true}]}}