{"id":14916,"date":"2020-06-10T16:44:05","date_gmt":"2020-06-10T19:44:05","guid":{"rendered":"https:\/\/wp.ufpel.edu.br\/progep\/?page_id=14916"},"modified":"2020-07-14T16:53:33","modified_gmt":"2020-07-14T19:53:33","slug":"capacita-libras","status":"publish","type":"page","link":"https:\/\/wp.ufpel.edu.br\/progep\/capacita-libras\/","title":{"rendered":"Capacita Libras"},"content":{"rendered":"<p style=\"text-align: justify\"><span style=\"color: #000000\">O <strong>PROJETO CAPACITA LIBRAS<\/strong> tem o intuito de possibilitar a comunica\u00e7\u00e3o interpessoal entre surdos e ouvintes, minimizando as barreiras comunicacionais e proporcionando o acesso adequado aos servi\u00e7os prestados pela Universidade, contribuindo assim para uma sociedade mais inclusiva. A L\u00edngua Brasileira de Sinais (Libras) foi reconhecida pela Lei n\u00ba 10.436\/2002 como como meio legal de comunica\u00e7\u00e3o e express\u00e3o das comunidades surdas do Brasil. Assim, o projeto pretende divulgar a Libras\u00a0 e a cultura surda atrav\u00e9s de diversas a\u00e7\u00f5es que proporcionem ambientes mais inclusivos em toda a Institui\u00e7\u00e3o.<\/span><\/p>\n<p><span style=\"color: #000000\">Por que aprender Libras?<\/span> <span style=\"color: #ff6600\"><strong>Porque \u00e9 a l\u00edngua utilizada pelos discentes e docentes surdos da Universidade. Aprendendo Libras poder\u00e1 comunicar-se e assim proporcionar ambientes de trabalho mais inclusivos.<\/strong><\/span><\/p>\n<p><span style=\"color: #000000\">Como aprender?<\/span> \u00a0<span style=\"color: #ff6600\"><strong>Participando das capacita\u00e7\u00f5es em Libras<\/strong> <\/span><strong><span style=\"color: #ff6600\">oportunizadas pela Coordena\u00e7\u00e3o de Desenvolvimento de Pessoal e atrav\u00e9s dos sites das Escolas de Governo. <\/span><\/strong><span style=\"color: #ff6600\"><span style=\"color: #808080;font-size: 10pt\">(ver op\u00e7\u00f5es abaixo)<\/span><\/span><\/p>\n<p><strong><span style=\"color: #000000\">LIBRAS N\u00cdVEL B\u00c1SICO<\/span><br \/>\n<\/strong><strong><span style=\"color: #ff6600\">Comunicando-se em Libras <\/span><\/strong><span style=\"color: #ff6600\">(Curso realizado de 12\/05 a 23\/06\/2020)<\/span><\/p>\n<p><strong><span style=\"color: #000000\">LIBRAS N\u00cdVEL INTERMEDI\u00c1RIO\/AVAN\u00c7ADO<\/span><br \/>\n<\/strong><span style=\"color: #999999\">Em breve\u00a0<\/span><strong><br \/>\n<\/strong><\/p>\n<p><span style=\"color: #000000\">As Escolas de Governo possuem outras oportunidades para aprender Libras, veja algumas sugest\u00f5es:<\/span><\/p>\n<p><span style=\"color: #000000\"><span style=\"color: #333333\"><img class=\"wp-image-14923 alignleft\" src=\"https:\/\/wp.ufpel.edu.br\/progep\/files\/2020\/05\/Capturar.jpg\" alt=\"\" width=\"100\" height=\"64\" srcset=\"https:\/\/wp.ufpel.edu.br\/progep\/files\/2020\/05\/Capturar.jpg 424w, https:\/\/wp.ufpel.edu.br\/progep\/files\/2020\/05\/Capturar-400x257.jpg 400w\" sizes=\"(max-width: 100px) 100vw, 100px\" \/><br \/>\n<strong><span style=\"color: #ff6600\">EVG\u2013ESCOLA VIRTUAL.GOV<\/span><\/strong><\/span><\/span><\/p>\n<p>&nbsp;<\/p>\n<p><span style=\"color: #000000\">A Escola Virtual de Governo disponibiliza em sua plataforma o curso Introdu\u00e7\u00e3o \u00e0 Libras.<\/span><span style=\"color: #333333\"><br \/>\n<span style=\"color: #000000\">As inscri\u00e7\u00f5es podem ser feitas diretamente no site da EVG atrav\u00e9s do link:<\/span> <span style=\"color: #0000ff\">https:\/\/www.escolavirtual.gov.br\/curso\/11<\/span><\/span><span style=\"color: #333333\"><br \/>\n<span style=\"color: #000000\">Na p\u00e1gina, tamb\u00e9m est\u00e3o dispon\u00edveis outras informa\u00e7\u00f5es como o conte\u00fado, carga hor\u00e1ria e dura\u00e7\u00e3o.<\/span><\/span><\/p>\n<p><strong><span style=\"color: #000000\"><span style=\"color: #ff6600\"><img class=\"wp-image-14929 alignleft\" src=\"https:\/\/wp.ufpel.edu.br\/progep\/files\/2020\/05\/Capturar-2.jpg\" alt=\"\" width=\"106\" height=\"60\" srcset=\"https:\/\/wp.ufpel.edu.br\/progep\/files\/2020\/05\/Capturar-2.jpg 544w, https:\/\/wp.ufpel.edu.br\/progep\/files\/2020\/05\/Capturar-2-400x226.jpg 400w\" sizes=\"(max-width: 106px) 100vw, 106px\" \/><br \/>\nENAP &#8211; ESCOLA NACIONAL DE ADMINISTRA\u00c7\u00c3O P\u00daBLICA<\/span><br \/>\n<\/span><\/strong><\/p>\n<p><strong><span style=\"color: #000000\"><br \/>\nDesafio de Libras 2019<br \/>\n<\/span><\/strong><span style=\"color: #000000\">Est\u00e3o dispon\u00edveis no canal do Youtube da Enap, os v\u00eddeos do Desafio de Libras 2019.<\/span><br \/>\n<span style=\"color: #000000\">A proposta da s\u00e9rie \u00e9 ensinar uma palavra por dia em L\u00edngua Brasileira de Sinais e apresentar mais sinais atrav\u00e9s de exemplos r\u00e1pidos e informais.<\/span><br \/>\n<span style=\"color: #000000\">Todos v\u00eddeos s\u00e3o curtos, com dura\u00e7\u00e3o de no m\u00e1ximo um minuto. Confira<\/span><span style=\"color: #ff6600\"> <strong><a style=\"color: #ff6600\" href=\"https:\/\/www.youtube.com\/watch?v=sRQMVfervvA&amp;list=PLCDO8oMmhbxvRbSHTQJcOCcSH52AKs7Aj\">AQUI!<\/a><\/strong><\/span><\/p>\n","protected":false},"excerpt":{"rendered":"<p>O PROJETO CAPACITA LIBRAS tem o intuito de possibilitar a comunica\u00e7\u00e3o interpessoal entre surdos e ouvintes, minimizando as barreiras comunicacionais e proporcionando o acesso adequado aos servi\u00e7os prestados pela Universidade, contribuindo assim para uma sociedade mais inclusiva. A L\u00edngua Brasileira de Sinais (Libras) foi reconhecida pela Lei n\u00ba 10.436\/2002 como como meio legal de comunica\u00e7\u00e3o [&hellip;]<\/p>\n","protected":false},"author":21,"featured_media":0,"parent":0,"menu_order":0,"comment_status":"closed","ping_status":"closed","template":"","meta":{"footnotes":""},"class_list":["post-14916","page","type-page","status-publish","hentry"],"_links":{"self":[{"href":"https:\/\/wp.ufpel.edu.br\/progep\/wp-json\/wp\/v2\/pages\/14916","targetHints":{"allow":["GET"]}}],"collection":[{"href":"https:\/\/wp.ufpel.edu.br\/progep\/wp-json\/wp\/v2\/pages"}],"about":[{"href":"https:\/\/wp.ufpel.edu.br\/progep\/wp-json\/wp\/v2\/types\/page"}],"author":[{"embeddable":true,"href":"https:\/\/wp.ufpel.edu.br\/progep\/wp-json\/wp\/v2\/users\/21"}],"replies":[{"embeddable":true,"href":"https:\/\/wp.ufpel.edu.br\/progep\/wp-json\/wp\/v2\/comments?post=14916"}],"version-history":[{"count":67,"href":"https:\/\/wp.ufpel.edu.br\/progep\/wp-json\/wp\/v2\/pages\/14916\/revisions"}],"predecessor-version":[{"id":15652,"href":"https:\/\/wp.ufpel.edu.br\/progep\/wp-json\/wp\/v2\/pages\/14916\/revisions\/15652"}],"wp:attachment":[{"href":"https:\/\/wp.ufpel.edu.br\/progep\/wp-json\/wp\/v2\/media?parent=14916"}],"curies":[{"name":"wp","href":"https:\/\/api.w.org\/{rel}","templated":true}]}}