{"id":14780,"date":"2020-04-23T14:22:31","date_gmt":"2020-04-23T17:22:31","guid":{"rendered":"https:\/\/wp.ufpel.edu.br\/progep\/?page_id=14780"},"modified":"2025-06-30T13:34:58","modified_gmt":"2025-06-30T16:34:58","slug":"capacita-na-web-roda-de-conversa-boas-praticas-e-uso-de-recursos-avancados-no-sistema-eletronico-de-informacoes-sei-em-tempos-de-isolamento","status":"publish","type":"page","link":"https:\/\/wp.ufpel.edu.br\/progep\/capacita-na-web-roda-de-conversa-boas-praticas-e-uso-de-recursos-avancados-no-sistema-eletronico-de-informacoes-sei-em-tempos-de-isolamento\/","title":{"rendered":"Capacita\u00e7\u00e3o: Capacita na Web &#8211; Roda de Conversa: boas pr\u00e1ticas e uso de recursos avan\u00e7ados no Sistema Eletr\u00f4nico de Informa\u00e7\u00f5es (SEI) em tempos de isolamento"},"content":{"rendered":"<p><strong>Modalidade<\/strong><strong>:<\/strong> <em>on line<\/em> (plataforma Webconf UFPel)<\/p>\n<p><strong>Carga Hor\u00e1ria<\/strong>: 2 horas<\/p>\n<p><strong>Facilitadores<\/strong>: Membros da Comiss\u00e3o de Acompanhamento e Gest\u00e3o do SEI<\/p>\n<p><strong>Objetivos:<\/strong>\u00a0Aprimorar o uso de recursos no SEI; \u00a0Apresentar boas pr\u00e1ticas de uso do SEI;\u00a0&#8211; Retirar d\u00favidas no uso do SEI.<\/p>\n<p><strong>Ementa<\/strong>:<br \/>\n<u>Recursos do SEI<\/u>: Bloco de assinatura; Acompanhamento especial; Busca e uso da base de conhecimento; Andamento do processo; Relacionamento e anexa\u00e7\u00e3o de processos; Sobrestamento de processos; Uso do recurso de pesquisa e estat\u00edsticas; Uso do grupo de envio (e-mail, envio e contatos); \u00a0Envio de e-mail; Cadastro de usu\u00e1rio externo e disponibiliza\u00e7\u00e3o de documentos para usu\u00e1rio externo; Texto padr\u00e3o; Documento modelo; SEI++;Uso aplicativo.<br \/>\n<u>Boas Pr\u00e1ticas no uso do SEI<\/u>: Uso do SEI: qual finalidade; A import\u00e2ncia da classifica\u00e7\u00e3o de processos; A import\u00e2ncia da especifica\u00e7\u00e3o do processo; Interessado no processo\/documento; Retorno de bloco de assinatura; N\u00e3o utilizar o retorno programado; Problema de processo abertos em unidades sem necessidade; Orienta\u00e7\u00f5es sobre processos p\u00fablicos, restritos e sigilosos; Quest\u00f5es de seguran\u00e7a; Link de documentos no SEI; Modifica\u00e7\u00e3o documento assinado e visualizado por outra unidade; Uso da atualiza\u00e7\u00e3o de andamento para registro de informa\u00e7\u00f5es relevantes.<\/p>\n<p><strong>P\u00fablico alvo<\/strong>: servidores em geral<\/p>\n<p><span style=\"color: #ff6600\"><strong>Turma A<\/strong><\/span><\/p>\n<p><strong>Data:<\/strong> 05 de maio de 2020<\/p>\n<p><strong>Hor\u00e1rio:\u00a0<\/strong>9h \u00e0s 11h<\/p>\n<p><strong>N\u00famero de Vagas:<\/strong> 40<\/p>\n<p><strong>Per\u00edodo de Inscri\u00e7\u00f5es:<\/strong> 23 de abril\u00a0 a 30 de abril de 2020<\/p>\n<p><strong>Divulga\u00e7\u00e3o das inscri\u00e7\u00f5es homologadas:<\/strong> 04 de maio de 2020**, nesta p\u00e1gina. <span style=\"color: #ff0000\"><span style=\"color: #ff6600\">Informamos que as homologa\u00e7\u00f5es foram antecipadas, tendo em vista que foi atingido o n\u00famero m\u00e1ximo de inscritos na turma.<\/span><br \/>\n<\/span>** Quando da homologa\u00e7\u00e3o das inscri\u00e7\u00f5es, os selecionados receber\u00e3o e-mail com instru\u00e7\u00f5es de acesso \u00e0 sala de Webconf da UFPel.<\/p>\n<p><strong><span style=\"color: #ff6600\"><a style=\"color: #ff6600\" href=\"https:\/\/wp.ufpel.edu.br\/progep\/files\/2020\/04\/homologa_inscritos_SEIA-1.pdf\">INSCRI\u00c7\u00d5ES HOMOLOGADAS &#8211; TURMA A<\/a><\/span><\/strong><\/p>\n<p>&nbsp;<\/p>\n<p><span style=\"color: #ff6600\"><strong>Turma B<\/strong><\/span><\/p>\n<p><strong>Data:<\/strong> 12 de maio de 2020<\/p>\n<p><strong>Hor\u00e1rio:\u00a0<\/strong>14h30min \u00e0s 16h30min<\/p>\n<p><strong>N\u00famero de Vagas:<\/strong> 40<\/p>\n<p><strong>Per\u00edodo de Inscri\u00e7\u00f5es:<\/strong> 23 de abril\u00a0 a 30 de abril de 2020<\/p>\n<p><strong>Divulga\u00e7\u00e3o das inscri\u00e7\u00f5es homologadas:<\/strong> 04 de maio de 2020**, nesta p\u00e1gina. <span style=\"color: #ff6600\">Informamos que as homologa\u00e7\u00f5es foram antecipadas, tendo em vista que foi atingido o n\u00famero m\u00e1ximo de inscritos na turma.<\/span><br \/>\n** Quando da homologa\u00e7\u00e3o das inscri\u00e7\u00f5es, os selecionados receber\u00e3o e-mail com instru\u00e7\u00f5es de acesso \u00e0 sala de Webconf da UFPel.<\/p>\n<p><strong><span style=\"color: #ff6600\"><a style=\"color: #ff6600\" href=\"https:\/\/wp.ufpel.edu.br\/progep\/files\/2020\/04\/homologa_inscritos_SEIB.pdf\">INSCRI\u00c7\u00d5ES HOMOLOGADAS &#8211; TURMA B<\/a><\/span><\/strong><\/p>\n<p>&nbsp;<\/p>\n<p><span style=\"color: #ff6600\"><strong>Turma C<\/strong><\/span><\/p>\n<p><strong>Data:<\/strong> 14 de maio de 2020<\/p>\n<p><strong>Hor\u00e1rio:\u00a0<\/strong>9h \u00e0s 11h<\/p>\n<p><strong>N\u00famero de Vagas:<\/strong> 40<\/p>\n<p><strong>Per\u00edodo de Inscri\u00e7\u00f5es:<\/strong> 29 de abril\u00a0 a 08 de maio de 2020<\/p>\n<p><strong>Divulga\u00e7\u00e3o das inscri\u00e7\u00f5es homologadas:<\/strong> 11 de maio de 2020**, nesta p\u00e1gina.<br \/>\n** Quando da homologa\u00e7\u00e3o das inscri\u00e7\u00f5es, os selecionados receber\u00e3o e-mail com instru\u00e7\u00f5es de acesso \u00e0 sala de Webconf da UFPel.<\/p>\n<p><strong><span style=\"color: #ff6600\"><a style=\"color: #ff6600\" href=\"https:\/\/wp.ufpel.edu.br\/progep\/files\/2020\/05\/homologa_inscritos_SEI-Turma-C.pdf\">INSCRI\u00c7\u00d5ES HOMOLOGADAS &#8211; TURMA C<\/a><\/span><\/strong><\/p>\n<p>&nbsp;<\/p>\n","protected":false},"excerpt":{"rendered":"<p>Modalidade: on line (plataforma Webconf UFPel) Carga Hor\u00e1ria: 2 horas Facilitadores: Membros da Comiss\u00e3o de Acompanhamento e Gest\u00e3o do SEI Objetivos:\u00a0Aprimorar o uso de recursos no SEI; \u00a0Apresentar boas pr\u00e1ticas de uso do SEI;\u00a0&#8211; Retirar d\u00favidas no uso do SEI. Ementa: Recursos do SEI: Bloco de assinatura; Acompanhamento especial; Busca e uso da base de [&hellip;]<\/p>\n","protected":false},"author":21,"featured_media":0,"parent":0,"menu_order":0,"comment_status":"closed","ping_status":"closed","template":"","meta":{"footnotes":""},"class_list":["post-14780","page","type-page","status-publish","hentry"],"_links":{"self":[{"href":"https:\/\/wp.ufpel.edu.br\/progep\/wp-json\/wp\/v2\/pages\/14780","targetHints":{"allow":["GET"]}}],"collection":[{"href":"https:\/\/wp.ufpel.edu.br\/progep\/wp-json\/wp\/v2\/pages"}],"about":[{"href":"https:\/\/wp.ufpel.edu.br\/progep\/wp-json\/wp\/v2\/types\/page"}],"author":[{"embeddable":true,"href":"https:\/\/wp.ufpel.edu.br\/progep\/wp-json\/wp\/v2\/users\/21"}],"replies":[{"embeddable":true,"href":"https:\/\/wp.ufpel.edu.br\/progep\/wp-json\/wp\/v2\/comments?post=14780"}],"version-history":[{"count":20,"href":"https:\/\/wp.ufpel.edu.br\/progep\/wp-json\/wp\/v2\/pages\/14780\/revisions"}],"predecessor-version":[{"id":33862,"href":"https:\/\/wp.ufpel.edu.br\/progep\/wp-json\/wp\/v2\/pages\/14780\/revisions\/33862"}],"wp:attachment":[{"href":"https:\/\/wp.ufpel.edu.br\/progep\/wp-json\/wp\/v2\/media?parent=14780"}],"curies":[{"name":"wp","href":"https:\/\/api.w.org\/{rel}","templated":true}]}}