{"id":14765,"date":"2020-04-22T14:58:55","date_gmt":"2020-04-22T17:58:55","guid":{"rendered":"https:\/\/wp.ufpel.edu.br\/progep\/?page_id=14765"},"modified":"2025-06-30T13:35:05","modified_gmt":"2025-06-30T16:35:05","slug":"roda-de-conversa-a-minha-a-sua-a-nossa-saude-mental-em-tempos-de-pandemia-e-isolamento-social","status":"publish","type":"page","link":"https:\/\/wp.ufpel.edu.br\/progep\/roda-de-conversa-a-minha-a-sua-a-nossa-saude-mental-em-tempos-de-pandemia-e-isolamento-social\/","title":{"rendered":"Capacita\u00e7\u00e3o: Capacita na Web &#8211; Roda de Conversa &#8220;A minha, a sua, a nossa sa\u00fade mental em tempos de pandemia e isolamento social&#8221;"},"content":{"rendered":"<p><strong>Facilitadora:<\/strong> Psic\u00f3loga Juliana Antunes Souza<\/p>\n<p><strong>Data:<\/strong> 30\/04\/2020<\/p>\n<p><strong>Hora: <\/strong>das 15h30min \u00e0s 16h30min<\/p>\n<p><strong>Realiza\u00e7\u00e3o:<\/strong> plataforma Webconf da UFPel (na modalidade <em>on line)<\/em><\/p>\n<p><strong>Ementa: <\/strong>A atividade de capacita\u00e7\u00e3o visa possibilitar um di\u00e1logo entre os pares sobre como a experi\u00eancia do isolamento social em raz\u00e3o da pandemia da COVID-19 vem afetando nossa sa\u00fade mental. Pretendemos abordar as seguintes tem\u00e1ticas:<br \/>\nQuais s\u00e3o nossas estrat\u00e9gias de enfrentamento do trabalho remoto?<br \/>\nComo estamos lidando com os filhos em tempo integral e suas demandas relativas \u00e0s tarefas escolares?<br \/>\nComo vai nossa conjugalidade?<br \/>\nCuidados com a sa\u00fade (f\u00edsica, mental, espiritual)<br \/>\nSolid\u00e3o ou\u00a0Solitude no isolamento?<\/p>\n<p><strong>P\u00fablico Alvo<\/strong>: servidores em geral<\/p>\n<p><strong>Per\u00edodo de inscri\u00e7\u00e3o<\/strong>: 22\/04 a 26\/04\/2020<\/p>\n<p><strong>Divulga\u00e7\u00e3o das inscri\u00e7\u00f5es homologadas<\/strong>: 27\/04**, nesta p\u00e1gina.<\/p>\n<p>** Quando da homologa\u00e7\u00e3o das inscri\u00e7\u00f5es, os selecionados receber\u00e3o e-mail com instru\u00e7\u00f5es de acesso \u00e0 sala de Webconf da UFPel.<\/p>\n<p><span style=\"color: #ff6600\"><strong><a style=\"color: #ff6600\" href=\"https:\/\/wp.ufpel.edu.br\/progep\/files\/2020\/04\/homologa_inscritos_saude_mental.pdf\">INSCRI\u00c7\u00d5ES HOMOLOGADAS!<\/a><\/strong><br \/>\n<\/span><\/p>\n","protected":false},"excerpt":{"rendered":"<p>Facilitadora: Psic\u00f3loga Juliana Antunes Souza Data: 30\/04\/2020 Hora: das 15h30min \u00e0s 16h30min Realiza\u00e7\u00e3o: plataforma Webconf da UFPel (na modalidade on line) Ementa: A atividade de capacita\u00e7\u00e3o visa possibilitar um di\u00e1logo entre os pares sobre como a experi\u00eancia do isolamento social em raz\u00e3o da pandemia da COVID-19 vem afetando nossa sa\u00fade mental. Pretendemos abordar as seguintes [&hellip;]<\/p>\n","protected":false},"author":21,"featured_media":0,"parent":0,"menu_order":0,"comment_status":"closed","ping_status":"closed","template":"","meta":{"footnotes":""},"class_list":["post-14765","page","type-page","status-publish","hentry"],"_links":{"self":[{"href":"https:\/\/wp.ufpel.edu.br\/progep\/wp-json\/wp\/v2\/pages\/14765","targetHints":{"allow":["GET"]}}],"collection":[{"href":"https:\/\/wp.ufpel.edu.br\/progep\/wp-json\/wp\/v2\/pages"}],"about":[{"href":"https:\/\/wp.ufpel.edu.br\/progep\/wp-json\/wp\/v2\/types\/page"}],"author":[{"embeddable":true,"href":"https:\/\/wp.ufpel.edu.br\/progep\/wp-json\/wp\/v2\/users\/21"}],"replies":[{"embeddable":true,"href":"https:\/\/wp.ufpel.edu.br\/progep\/wp-json\/wp\/v2\/comments?post=14765"}],"version-history":[{"count":9,"href":"https:\/\/wp.ufpel.edu.br\/progep\/wp-json\/wp\/v2\/pages\/14765\/revisions"}],"predecessor-version":[{"id":33863,"href":"https:\/\/wp.ufpel.edu.br\/progep\/wp-json\/wp\/v2\/pages\/14765\/revisions\/33863"}],"wp:attachment":[{"href":"https:\/\/wp.ufpel.edu.br\/progep\/wp-json\/wp\/v2\/media?parent=14765"}],"curies":[{"name":"wp","href":"https:\/\/api.w.org\/{rel}","templated":true}]}}