{"id":14759,"date":"2020-04-22T14:58:46","date_gmt":"2020-04-22T17:58:46","guid":{"rendered":"https:\/\/wp.ufpel.edu.br\/progep\/?page_id=14759"},"modified":"2025-06-30T13:35:10","modified_gmt":"2025-06-30T16:35:10","slug":"roda-de-conversa-home-office-em-tempos-de-pandemia-expectativa-x-realidade","status":"publish","type":"page","link":"https:\/\/wp.ufpel.edu.br\/progep\/roda-de-conversa-home-office-em-tempos-de-pandemia-expectativa-x-realidade\/","title":{"rendered":"Capacita\u00e7\u00e3o: Capacita na Web &#8211; Roda de Conversa &#8220;Home Office em tempos de pandemia &#8211; Expectativa x Realidade&#8221;"},"content":{"rendered":"<p><strong>Facilitadoras:<\/strong> Prof\u00aa Dr\u00aa. Simone Portella Teixeira de Mello e Prof\u00aa Dr\u00aa. Tatiana Bolivar Lebedeff<\/p>\n<p><strong>Data:<\/strong> 28\/04\/2020<\/p>\n<p><strong>Hora: <\/strong>das 09h \u00e0s 10h<\/p>\n<p><strong>Realiza\u00e7\u00e3o:<\/strong> plataforma Webconf da UFPel (na modalidade <em>on line)<\/em><\/p>\n<p style=\"text-align: justify\"><strong>Ementa: <\/strong>Trabalho remoto: conceitos, tend\u00eancias\/diferen\u00e7as, vantagens\/desvantagens, estrutura de trabalho (f\u00edsica,\u00a0<em>web, smartphone<\/em>), qualidade de vida, engajamento, comprometimento organizacional, educa\u00e7\u00e3o corporativa, gest\u00e3o de pessoas a dist\u00e2ncia e sustentabilidade. Al\u00e9m disso, ser\u00e3o feitas reflex\u00f5es acerca das mudan\u00e7as de local de trabalho e de intera\u00e7\u00e3o com os colegas. Discuss\u00e3o sobre: a) a confus\u00e3o de papeis m\u00e3e-professora com as atividades remotas da escola; b) o tempo da escola consome o tempo do home office.<\/p>\n<p><strong>P\u00fablico Alvo<\/strong>: servidores em geral<\/p>\n<p><strong>Per\u00edodo de inscri\u00e7\u00e3o<\/strong>: 22\/04 a 26\/04\/2020<\/p>\n<p><strong>Divulga\u00e7\u00e3o das inscri\u00e7\u00f5es homologadas<\/strong>: 27\/04**, nesta p\u00e1gina.<\/p>\n<p>** Quando da homologa\u00e7\u00e3o das inscri\u00e7\u00f5es, os selecionados receber\u00e3o e-mail com instru\u00e7\u00f5es de acesso \u00e0 sala de Webconf da UFPel.<\/p>\n<p><strong><span style=\"color: #ff6600\"><a style=\"color: #ff6600\" href=\"https:\/\/wp.ufpel.edu.br\/progep\/files\/2020\/04\/homologa_inscritos_Home-Office.pdf\">INSCRI\u00c7\u00d5ES HOMOLOGADAS!<\/a><\/span><\/strong><\/p>\n","protected":false},"excerpt":{"rendered":"<p>Facilitadoras: Prof\u00aa Dr\u00aa. Simone Portella Teixeira de Mello e Prof\u00aa Dr\u00aa. Tatiana Bolivar Lebedeff Data: 28\/04\/2020 Hora: das 09h \u00e0s 10h Realiza\u00e7\u00e3o: plataforma Webconf da UFPel (na modalidade on line) Ementa: Trabalho remoto: conceitos, tend\u00eancias\/diferen\u00e7as, vantagens\/desvantagens, estrutura de trabalho (f\u00edsica,\u00a0web, smartphone), qualidade de vida, engajamento, comprometimento organizacional, educa\u00e7\u00e3o corporativa, gest\u00e3o de pessoas a dist\u00e2ncia e [&hellip;]<\/p>\n","protected":false},"author":21,"featured_media":0,"parent":0,"menu_order":0,"comment_status":"closed","ping_status":"closed","template":"","meta":{"footnotes":""},"class_list":["post-14759","page","type-page","status-publish","hentry"],"_links":{"self":[{"href":"https:\/\/wp.ufpel.edu.br\/progep\/wp-json\/wp\/v2\/pages\/14759","targetHints":{"allow":["GET"]}}],"collection":[{"href":"https:\/\/wp.ufpel.edu.br\/progep\/wp-json\/wp\/v2\/pages"}],"about":[{"href":"https:\/\/wp.ufpel.edu.br\/progep\/wp-json\/wp\/v2\/types\/page"}],"author":[{"embeddable":true,"href":"https:\/\/wp.ufpel.edu.br\/progep\/wp-json\/wp\/v2\/users\/21"}],"replies":[{"embeddable":true,"href":"https:\/\/wp.ufpel.edu.br\/progep\/wp-json\/wp\/v2\/comments?post=14759"}],"version-history":[{"count":11,"href":"https:\/\/wp.ufpel.edu.br\/progep\/wp-json\/wp\/v2\/pages\/14759\/revisions"}],"predecessor-version":[{"id":33864,"href":"https:\/\/wp.ufpel.edu.br\/progep\/wp-json\/wp\/v2\/pages\/14759\/revisions\/33864"}],"wp:attachment":[{"href":"https:\/\/wp.ufpel.edu.br\/progep\/wp-json\/wp\/v2\/media?parent=14759"}],"curies":[{"name":"wp","href":"https:\/\/api.w.org\/{rel}","templated":true}]}}