{"id":14742,"date":"2020-04-20T17:46:15","date_gmt":"2020-04-20T20:46:15","guid":{"rendered":"https:\/\/wp.ufpel.edu.br\/progep\/?page_id=14742"},"modified":"2025-09-18T10:32:57","modified_gmt":"2025-09-18T13:32:57","slug":"nomeacoes-edital-24-2019","status":"publish","type":"page","link":"https:\/\/wp.ufpel.edu.br\/progep\/nomeacoes-edital-24-2019\/","title":{"rendered":"Nomea\u00e7\u00f5es &#8211; Edital 24\/2019"},"content":{"rendered":"\n<div class=\"wp-block-group\"><div class=\"wp-block-group__inner-container is-layout-constrained wp-block-group-is-layout-constrained\">\n<div class=\"logoTituloModelStyle\"><img class=\"size-medium wp-image-27184 alignleft\" src=\"https:\/\/wp.ufpel.edu.br\/progep\/files\/2025\/03\/logo-progep_atualizacao-nome_AZUL.png\" alt=\"\" \/><\/p>\n<div style=\"padding: 2rem 0\"><strong>Nomea\u00e7\u00f5es &#8211; Edital 24\/2019<\/strong><\/div>\n<\/div>\n<hr class=\"hrModelStyle\" \/>\n<div class=\"descriptionModelStyle\">Acompanhe nesta p\u00e1gina a publica\u00e7\u00e3o dos\/as nomeados\/as para servidores\/as docentes na UFPEL.<\/div>\n<\/div><\/div>\n\n\n<div class=\"pagNomeacoesStyle\">\n<p> Confira a p\u00e1gina com as informa\u00e7\u00f5es a respeito do certame: <\/p>\n<p><a href=\"https:\/\/ces.ufpel.edu.br\/conctecadmed0024_2019\/\" target=\"_blank\">Certame do Edital 24\/2019<\/a><\/p>\n<div class=\"titleStyle\"><strong>Ampla Concorr\u00eancia<\/strong><\/div> \n\n<table id=\"tablepress-162\" class=\"tablepress tablepress-id-162\">\n<thead>\n<tr class=\"row-1\">\n\t<th class=\"column-1\">Unidade\/\u00c1rea\/Processo<\/th><th class=\"column-2\">Classif.<\/th><th class=\"column-3\">Aprovados<\/th><th class=\"column-4\">Situa\u00e7\u00e3o<\/th>\n<\/tr>\n<\/thead>\n<tbody class=\"row-striping row-hover\">\n<tr class=\"row-2\">\n\t<td class=\"column-1\"><strong>Centro de Desenvolvimento Tecnol\u00f3gico \u2013 CDTec<\/strong><br \/>\nBioinform\u00e1tica<br \/>\nProc. 23110.058165\/2018-66<\/td><td class=\"column-2\">1\u00ba<\/td><td class=\"column-3\">FREDERICO SCHMITT KREMER<\/td><td class=\"column-4\">Nomeado(a) em 08\/09\/2020<\/td>\n<\/tr>\n<tr class=\"row-3\">\n\t<td class=\"column-1\"><\/td><td class=\"column-2\">2\u00ba<\/td><td class=\"column-3\">FRANCINE FERREIRA PADILHA<\/td><td class=\"column-4\"><\/td>\n<\/tr>\n<tr class=\"row-4\">\n\t<td class=\"column-1\"><\/td><td class=\"column-2\">3\u00ba<\/td><td class=\"column-3\">FERNANDO HAYASHI SANT ANNA<\/td><td class=\"column-4\"><\/td>\n<\/tr>\n<tr class=\"row-5\">\n\t<td class=\"column-1\"><\/td><td class=\"column-2\">4\u00ba<\/td><td class=\"column-3\">TONY LEANDRO REZENDE DA SILVEIRA<\/td><td class=\"column-4\"><\/td>\n<\/tr>\n<tr class=\"row-6\">\n\t<td class=\"column-1\"><\/td><td class=\"column-2\">5\u00ba<\/td><td class=\"column-3\">TAIS SILVEIRA ASSMANN<\/td><td class=\"column-4\"><\/td>\n<\/tr>\n<tr class=\"row-7\">\n\t<td class=\"column-1\"><strong>Centro de Desenvolvimento Tecnol\u00f3gico \u2013 CDTec<\/strong><br \/>\nMateriais<br \/>\nProc. 23110.058311\/2018-53<\/td><td class=\"column-2\">1\u00ba<\/td><td class=\"column-3\">MATEUS MENEGHETTI FERRER<\/td><td class=\"column-4\">Nomeado(a) em 05\/05\/2020<\/td>\n<\/tr>\n<tr class=\"row-8\">\n\t<td class=\"column-1\"><\/td><td class=\"column-2\">2\u00ba<\/td><td class=\"column-3\">ANDRE LUIZ MISSIO<\/td><td class=\"column-4\">Nomeado(a) em 30\/06\/2020<\/td>\n<\/tr>\n<tr class=\"row-9\">\n\t<td class=\"column-1\"><\/td><td class=\"column-2\">3\u00ba<\/td><td class=\"column-3\">LUIZ FERNANDO GORUP<\/td><td class=\"column-4\"><\/td>\n<\/tr>\n<tr class=\"row-10\">\n\t<td class=\"column-1\"><\/td><td class=\"column-2\">4\u00ba<\/td><td class=\"column-3\">JANIO VENTURINI JUNIOR<\/td><td class=\"column-4\"><\/td>\n<\/tr>\n<tr class=\"row-11\">\n\t<td class=\"column-1\"><\/td><td class=\"column-2\">5\u00ba<\/td><td class=\"column-3\">SIARA SILVESTRI<\/td><td class=\"column-4\"><\/td>\n<\/tr>\n<tr class=\"row-12\">\n\t<td class=\"column-1\"><strong>Escola Superior de Educa\u00e7\u00e3o F\u00edsica \u2013 ESEF<\/strong><br \/>\nEduca\u00e7\u00e3o F\u00edsica<br \/>\nProc. 23110.058658\/2018-04<\/td><td class=\"column-2\">1\u00ba<\/td><td class=\"column-3\">RICARDO REZER<\/td><td class=\"column-4\">Nomeado(a) em 05\/05\/2020<\/td>\n<\/tr>\n<tr class=\"row-13\">\n\t<td class=\"column-1\"><\/td><td class=\"column-2\">2\u00ba<\/td><td class=\"column-3\">RUHENA KELBER ABRAO FERREIRA<\/td><td class=\"column-4\"><\/td>\n<\/tr>\n<tr class=\"row-14\">\n\t<td class=\"column-1\"><\/td><td class=\"column-2\">3\u00ba<\/td><td class=\"column-3\">VICENTE CABRERA CALHEIROS<\/td><td class=\"column-4\"><\/td>\n<\/tr>\n<tr class=\"row-15\">\n\t<td class=\"column-1\"><\/td><td class=\"column-2\">4\u00ba<\/td><td class=\"column-3\">CARLA DOS REIS REZER<\/td><td class=\"column-4\"><\/td>\n<\/tr>\n<tr class=\"row-16\">\n\t<td class=\"column-1\"><\/td><td class=\"column-2\">5\u00ba<\/td><td class=\"column-3\">FERNANDA HERNANDES FIGUEIRA<\/td><td class=\"column-4\"><\/td>\n<\/tr>\n<tr class=\"row-17\">\n\t<td class=\"column-1\"><strong>Faculdade de Educa\u00e7\u00e3o \u2013 FaE<\/strong><br \/>\nEduca\u00e7\u00e3o<br \/>\nProc. 23110.058922\/2018-00<\/td><td class=\"column-2\">1\u00ba<\/td><td class=\"column-3\">SIMONE GON\u00c7ALVES DA SILVA<\/td><td class=\"column-4\">Nomeado(a) em 05\/05\/2020<\/td>\n<\/tr>\n<tr class=\"row-18\">\n\t<td class=\"column-1\"><\/td><td class=\"column-2\">2\u00ba<\/td><td class=\"column-3\">FERNANDO CEZAR RIPE DA CRUZ<\/td><td class=\"column-4\">Nomeado em 08\/07\/2021<\/td>\n<\/tr>\n<tr class=\"row-19\">\n\t<td class=\"column-1\"><\/td><td class=\"column-2\">3\u00ba<\/td><td class=\"column-3\">LETICIA MARIA PASSOS CORREA<\/td><td class=\"column-4\">Nomeada em 02\/09\/2021<\/td>\n<\/tr>\n<tr class=\"row-20\">\n\t<td class=\"column-1\"><\/td><td class=\"column-2\">4\u00ba<\/td><td class=\"column-3\">ANDRE LUIZ DE OLIVEIRA FAGUNDES<\/td><td class=\"column-4\"><\/td>\n<\/tr>\n<tr class=\"row-21\">\n\t<td class=\"column-1\"><\/td><td class=\"column-2\">5\u00ba<\/td><td class=\"column-3\">MAGDA GISELA CRUZ DOS SANTOS<\/td><td class=\"column-4\"><\/td>\n<\/tr>\n<tr class=\"row-22\">\n\t<td class=\"column-1\"><strong>Faculdade de Agronomia Eliseu Maciel \u2013 FAEM<\/strong><br \/>\nCi\u00eancia de Alimentos<br \/>\nProc. 23110.058925\/2018-35<\/td><td class=\"column-2\">1\u00ba<\/td><td class=\"column-3\">ADRIANA DILLENBURG MEINHART<\/td><td class=\"column-4\">Nomeado(a) em 05\/05\/2020<\/td>\n<\/tr>\n<tr class=\"row-23\">\n\t<td class=\"column-1\"><\/td><td class=\"column-2\">2\u00ba<\/td><td class=\"column-3\">SHANISE LISIE MELLO EL HALAL<\/td><td class=\"column-4\"><\/td>\n<\/tr>\n<tr class=\"row-24\">\n\t<td class=\"column-1\"><\/td><td class=\"column-2\">3\u00ba<\/td><td class=\"column-3\">TAYSE FERREIRA FERREIRA DA SILVEIRA<\/td><td class=\"column-4\"><\/td>\n<\/tr>\n<tr class=\"row-25\">\n\t<td class=\"column-1\"><strong>Faculdade de Agronomia Eliseu Maciel \u2013 FAEM<\/strong><br \/>\nProdu\u00e7\u00e3o e Beneficiamento de Sementes ou Ci\u00eancia do Solo<br \/>\nProc. 23110.057885\/2018-12<\/td><td class=\"column-2\">1\u00ba<\/td><td class=\"column-3\">MATEUS DA SILVEIRA PASA<\/td><td class=\"column-4\">Nomeado(a) em 25\/06\/2020<\/td>\n<\/tr>\n<tr class=\"row-26\">\n\t<td class=\"column-1\"><\/td><td class=\"column-2\">2\u00ba<\/td><td class=\"column-3\">FABIO RODRIGO THEWES<\/td><td class=\"column-4\"><\/td>\n<\/tr>\n<tr class=\"row-27\">\n\t<td class=\"column-1\"><\/td><td class=\"column-2\">3\u00ba<\/td><td class=\"column-3\">CRISTIANE DEUNER<\/td><td class=\"column-4\"><\/td>\n<\/tr>\n<tr class=\"row-28\">\n\t<td class=\"column-1\"><\/td><td class=\"column-2\">4\u00ba<\/td><td class=\"column-3\">DANIELE BRANDSTETTER RODRIGUES<\/td><td class=\"column-4\"><\/td>\n<\/tr>\n<tr class=\"row-29\">\n\t<td class=\"column-1\"><\/td><td class=\"column-2\">5\u00ba<\/td><td class=\"column-3\">EDUARDO VENSKE<\/td><td class=\"column-4\"><\/td>\n<\/tr>\n<tr class=\"row-30\">\n\t<td class=\"column-1\"><strong>Faculdade de Medicina \u2013 FAMED<\/strong><br \/>\nEpidemiologia<br \/>\nProc. 23110.058326\/2018-11<\/td><td class=\"column-2\">1\u00ba<\/td><td class=\"column-3\">JANA\u00cdNA VIEIRA DOS SANTOS MOTTA<\/td><td class=\"column-4\">Nomeado(a) em 25\/06\/2020<\/td>\n<\/tr>\n<tr class=\"row-31\">\n\t<td class=\"column-1\"><\/td><td class=\"column-2\">2\u00ba<\/td><td class=\"column-3\">BRUNA GON\u00c7ALVES CORDEIRO DA SILVA<\/td><td class=\"column-4\">Nomeada em 31\/12\/2020<\/td>\n<\/tr>\n<tr class=\"row-32\">\n\t<td class=\"column-1\"><\/td><td class=\"column-2\">3\u00ba<\/td><td class=\"column-3\">THAYNA RAMOS FLORES NUNES<\/td><td class=\"column-4\"><\/td>\n<\/tr>\n<tr class=\"row-33\">\n\t<td class=\"column-1\"><\/td><td class=\"column-2\">4\u00ba<\/td><td class=\"column-3\">ANDREA TUCHTENHAGEN WENDT<\/td><td class=\"column-4\"><\/td>\n<\/tr>\n<tr class=\"row-34\">\n\t<td class=\"column-1\"><\/td><td class=\"column-2\">5\u00ba<\/td><td class=\"column-3\">CAROLINA DE VARGAS NUNES COLL<\/td><td class=\"column-4\"><\/td>\n<\/tr>\n<tr class=\"row-35\">\n\t<td class=\"column-1\"><strong>Faculdade de Arquitetura e Urbanismo \u2013 FAUrb<\/strong><br \/>\nProjeto de Arquitetura e Urbanismo ou Fundamentos de Arquitetura e Urbanismo ou Paisagismo<br \/>\nProc. 23110.058883\/2018-32<\/td><td class=\"column-2\">1\u00ba<\/td><td class=\"column-3\">CRISTHIAN MOREIRA BRUM<\/td><td class=\"column-4\">Nomeado(a) em 25\/06\/2020<\/td>\n<\/tr>\n<tr class=\"row-36\">\n\t<td class=\"column-1\"><\/td><td class=\"column-2\">2\u00ba<\/td><td class=\"column-3\">RAFAELA BORTOLINI<\/td><td class=\"column-4\">Nomeado(a) em 08\/09\/2020<\/td>\n<\/tr>\n<tr class=\"row-37\">\n\t<td class=\"column-1\"><\/td><td class=\"column-2\">3\u00ba<\/td><td class=\"column-3\">TASSIA BORGES DE VASCONSELOS<\/td><td class=\"column-4\">Nomeada em 31\/08\/2021<\/td>\n<\/tr>\n<tr class=\"row-38\">\n\t<td class=\"column-1\"><\/td><td class=\"column-2\">4\u00ba<\/td><td class=\"column-3\">FERNANDA MACHADO DILL<\/td><td class=\"column-4\"><\/td>\n<\/tr>\n<tr class=\"row-39\">\n\t<td class=\"column-1\"><\/td><td class=\"column-2\">5\u00ba<\/td><td class=\"column-3\">MARIANNE COSTA AVALONE<\/td><td class=\"column-4\"><\/td>\n<\/tr>\n<tr class=\"row-40\">\n\t<td class=\"column-1\"><strong>Faculdade de Enfermagem \u2013 FE<\/strong><br \/>\nEnfermagem de Sa\u00fade P\u00fablica<br \/>\nProc. 23110.058672\/2018-08<\/td><td class=\"column-2\">1\u00ba<\/td><td class=\"column-3\">ALINE BASSO DA SILVA<\/td><td class=\"column-4\">Nomeado(a) em 08\/09\/2020<\/td>\n<\/tr>\n<tr class=\"row-41\">\n\t<td class=\"column-1\"><\/td><td class=\"column-2\">2\u00ba<\/td><td class=\"column-3\">JAQUELINE ARBOIT<\/td><td class=\"column-4\"><\/td>\n<\/tr>\n<tr class=\"row-42\">\n\t<td class=\"column-1\"><\/td><td class=\"column-2\">3\u00ba<\/td><td class=\"column-3\">MARCOS AURELIO MATOS LEMOES<\/td><td class=\"column-4\"><\/td>\n<\/tr>\n<tr class=\"row-43\">\n\t<td class=\"column-1\"><\/td><td class=\"column-2\">4\u00ba<\/td><td class=\"column-3\">MARJORIE DA COSTA MENDIETA<\/td><td class=\"column-4\"><\/td>\n<\/tr>\n<tr class=\"row-44\">\n\t<td class=\"column-1\"><\/td><td class=\"column-2\">5\u00ba<\/td><td class=\"column-3\">POLIANA FARIAS ALVES<\/td><td class=\"column-4\">Nomea\u00e7\u00e3o pela lista de cotas raciais<\/td>\n<\/tr>\n<tr class=\"row-45\">\n\t<td class=\"column-1\"><strong>Faculdade de Odontologia \u2013 FO<\/strong><br \/>\nOdontologia<br \/>\nProc. 23110.058668\/2018-31<\/td><td class=\"column-2\">1\u00ba<\/td><td class=\"column-3\">ANELISE FERNANDES MONTAGNER<\/td><td class=\"column-4\">Nomeado(a) em 25\/06\/2020<\/td>\n<\/tr>\n<tr class=\"row-46\">\n\t<td class=\"column-1\"><\/td><td class=\"column-2\">2\u00ba<\/td><td class=\"column-3\">MARIANA GONZALEZ CADEMARTORI<\/td><td class=\"column-4\">Nomeado(a) em 30\/06\/2020<\/td>\n<\/tr>\n<tr class=\"row-47\">\n\t<td class=\"column-1\"><\/td><td class=\"column-2\">3\u00ba<\/td><td class=\"column-3\">LUIZ ALEXANDRE CHISINI<\/td><td class=\"column-4\"><\/td>\n<\/tr>\n<tr class=\"row-48\">\n\t<td class=\"column-1\"><\/td><td class=\"column-2\">4\u00ba<\/td><td class=\"column-3\">TAMIRES TIMM MASKE<\/td><td class=\"column-4\"><\/td>\n<\/tr>\n<tr class=\"row-49\">\n\t<td class=\"column-1\"><\/td><td class=\"column-2\">5\u00ba<\/td><td class=\"column-3\">MABEL MILUSKA SUCA SALAS<\/td><td class=\"column-4\"><\/td>\n<\/tr>\n<tr class=\"row-50\">\n\t<td class=\"column-1\"><strong>Faculdade de Veterin\u00e1ria \u2013 FV<\/strong><br \/>\nDiagn\u00f3stico Celular e Molecular<br \/>\nProc. 23110.058435\/2018-39<\/td><td class=\"column-2\">1\u00ba<\/td><td class=\"column-3\">RODRIGO CASQUERO CUNHA<\/td><td class=\"column-4\">Nomeado(a) em 08\/09\/2020<\/td>\n<\/tr>\n<tr class=\"row-51\">\n\t<td class=\"column-1\"><\/td><td class=\"column-2\">2\u00ba<\/td><td class=\"column-3\">MONIQUE TOMAZELE ROVANI<\/td><td class=\"column-4\"><\/td>\n<\/tr>\n<tr class=\"row-52\">\n\t<td class=\"column-1\"><\/td><td class=\"column-2\">3\u00ba<\/td><td class=\"column-3\">MARCOS ROBERTO ALVES FERREIRA<\/td><td class=\"column-4\"><\/td>\n<\/tr>\n<tr class=\"row-53\">\n\t<td class=\"column-1\"><\/td><td class=\"column-2\">4\u00ba<\/td><td class=\"column-3\">PAULA FONSECA FINGER<\/td><td class=\"column-4\"><\/td>\n<\/tr>\n<tr class=\"row-54\">\n\t<td class=\"column-1\"><\/td><td class=\"column-2\">5\u00ba<\/td><td class=\"column-3\">ANGELICA CAVALHEIRO BERTAGNOLLI RODRIGUES<\/td><td class=\"column-4\"><\/td>\n<\/tr>\n<tr class=\"row-55\">\n\t<td class=\"column-1\"><strong>Instituto de Ci\u00eancias Humanas \u2013 ICH<\/strong><br \/>\nCi\u00eancias Sociais Aplicadas ou Ci\u00eancias Humanas ou Sociais e Humanidades<br \/>\nProc. 23110.058347\/2018-37<\/td><td class=\"column-2\">1\u00ba<\/td><td class=\"column-3\">ELOISA BELING LOOSE<\/td><td class=\"column-4\"><\/td>\n<\/tr>\n<tr class=\"row-56\">\n\t<td class=\"column-1\"><\/td><td class=\"column-2\">2\u00ba<\/td><td class=\"column-3\">DARLAN DE MAMANN MARCHI<\/td><td class=\"column-4\"><\/td>\n<\/tr>\n<tr class=\"row-57\">\n\t<td class=\"column-1\"><\/td><td class=\"column-2\">3\u00ba<\/td><td class=\"column-3\">MAR\u00cdLIA FLOOR KOSBY<\/td><td class=\"column-4\"><\/td>\n<\/tr>\n<tr class=\"row-58\">\n\t<td class=\"column-1\"><\/td><td class=\"column-2\">4\u00ba<\/td><td class=\"column-3\">EDUARDO CRISTIANO HASS DA SILVA<\/td><td class=\"column-4\"><\/td>\n<\/tr>\n<tr class=\"row-59\">\n\t<td class=\"column-1\"><\/td><td class=\"column-2\">5\u00ba<\/td><td class=\"column-3\">RITA JULIANA SOARES POLONI<\/td><td class=\"column-4\">Nomeado(a) pela reserva de PcD em 30\/06\/2020<\/td>\n<\/tr>\n<\/tbody>\n<\/table>\n<!-- #tablepress-162 from cache -->\n<div class=\"titleStyle\"><strong>Cotas Raciais<\/strong><\/div> \n\n<table id=\"tablepress-163\" class=\"tablepress tablepress-id-163\">\n<thead>\n<tr class=\"row-1\">\n\t<th class=\"column-1\">Unidade\/\u00c1rea\/Processo<\/th><th class=\"column-2\">Classif.<\/th><th class=\"column-3\">Aprovados<\/th><th class=\"column-4\">Situa\u00e7\u00e3o<\/th>\n<\/tr>\n<\/thead>\n<tbody class=\"row-striping row-hover\">\n<tr class=\"row-2\">\n\t<td class=\"column-1\"><strong>Faculdade de Enfermagem \u2013 FE<\/strong><br \/>\nEnfermagem de Sa\u00fade P\u00fablica<br \/>\nProc. 23110.058672\/2018-08<\/td><td class=\"column-2\">1\u00ba<\/td><td class=\"column-3\">POLIANA FARIAS ALVES<\/td><td class=\"column-4\">Nomeado(a) em 05\/05\/2020<\/td>\n<\/tr>\n<tr class=\"row-3\">\n\t<td class=\"column-1\"><strong>Instituto de Ci\u00eancias Humanas \u2013 ICH<\/strong><br \/>\nCi\u00eancias Sociais Aplicadas ou Ci\u00eancias Humanas ou Sociais e Humanidades<br \/>\nProc. 23110.058347\/2018-37<\/td><td class=\"column-2\">2\u00ba<\/td><td class=\"column-3\">CLAUDIA DAIANE GARCIA MOLET<\/td><td class=\"column-4\"><\/td>\n<\/tr>\n<\/tbody>\n<\/table>\n<!-- #tablepress-163 from cache -->\n<div class=\"titleStyle\"><strong>Cotas PcD<\/strong><\/div> \n\n<table id=\"tablepress-164\" class=\"tablepress tablepress-id-164\">\n<thead>\n<tr class=\"row-1\">\n\t<th class=\"column-1\">Unidade\/\u00c1rea\/Processo<\/th><th class=\"column-2\">Classif.<\/th><th class=\"column-3\">Aprovados<\/th><th class=\"column-4\">Situa\u00e7\u00e3o<\/th>\n<\/tr>\n<\/thead>\n<tbody class=\"row-striping row-hover\">\n<tr class=\"row-2\">\n\t<td class=\"column-1\"><strong>Instituto de Ci\u00eancias Humanas \u2013 ICH<\/strong><br \/>\nCi\u00eancias Sociais Aplicadas ou Ci\u00eancias Humanas ou Sociais e Humanidades<br \/>\nProc. 23110.058347\/2018-37<\/td><td class=\"column-2\">1\u00ba<\/td><td class=\"column-3\">RITA JULIANA SOARES POLONI<\/td><td class=\"column-4\">Nomeado(a) em 30\/06\/2020<\/td>\n<\/tr>\n<tr class=\"row-3\">\n\t<td class=\"column-1\"><strong>Faculdade de Veterin\u00e1ria \u2013 FV<\/strong><br \/>\nDiagn\u00f3stico Celular e Molecular<br \/>\nProc. 23110.058435\/2018-39<\/td><td class=\"column-2\">2\u00ba<\/td><td class=\"column-3\">STEFANIE BRESSAN WALLER<\/td><td class=\"column-4\"><\/td>\n<\/tr>\n<tr class=\"row-4\">\n\t<td class=\"column-1\"><strong>Centro de Desenvolvimento Tecnol\u00f3gico \u2013 CDTec<\/strong><br \/>\nBioinform\u00e1tica<br \/>\nProc. 23110.058165\/2018-66<\/td><td class=\"column-2\">3\u00ba<\/td><td class=\"column-3\">MARCUS REDU ESLAB\u00c3O<\/td><td class=\"column-4\"><\/td>\n<\/tr>\n<\/tbody>\n<\/table>\n<!-- #tablepress-164 from cache -->\n<\/div>\n\n\n","protected":false},"excerpt":{"rendered":"<p>Nomea\u00e7\u00f5es &#8211; Edital 24\/2019 Acompanhe nesta p\u00e1gina a publica\u00e7\u00e3o dos\/as nomeados\/as para servidores\/as docentes na UFPEL. Confira a p\u00e1gina com as informa\u00e7\u00f5es a respeito do certame: Certame do Edital 24\/2019 Ampla Concorr\u00eancia Cotas Raciais Cotas PcD<\/p>\n","protected":false},"author":52,"featured_media":0,"parent":0,"menu_order":0,"comment_status":"closed","ping_status":"closed","template":"","meta":{"footnotes":""},"class_list":["post-14742","page","type-page","status-publish","hentry"],"_links":{"self":[{"href":"https:\/\/wp.ufpel.edu.br\/progep\/wp-json\/wp\/v2\/pages\/14742","targetHints":{"allow":["GET"]}}],"collection":[{"href":"https:\/\/wp.ufpel.edu.br\/progep\/wp-json\/wp\/v2\/pages"}],"about":[{"href":"https:\/\/wp.ufpel.edu.br\/progep\/wp-json\/wp\/v2\/types\/page"}],"author":[{"embeddable":true,"href":"https:\/\/wp.ufpel.edu.br\/progep\/wp-json\/wp\/v2\/users\/52"}],"replies":[{"embeddable":true,"href":"https:\/\/wp.ufpel.edu.br\/progep\/wp-json\/wp\/v2\/comments?post=14742"}],"version-history":[{"count":4,"href":"https:\/\/wp.ufpel.edu.br\/progep\/wp-json\/wp\/v2\/pages\/14742\/revisions"}],"predecessor-version":[{"id":37405,"href":"https:\/\/wp.ufpel.edu.br\/progep\/wp-json\/wp\/v2\/pages\/14742\/revisions\/37405"}],"wp:attachment":[{"href":"https:\/\/wp.ufpel.edu.br\/progep\/wp-json\/wp\/v2\/media?parent=14742"}],"curies":[{"name":"wp","href":"https:\/\/api.w.org\/{rel}","templated":true}]}}