{"id":14694,"date":"2020-04-13T17:24:24","date_gmt":"2020-04-13T20:24:24","guid":{"rendered":"https:\/\/wp.ufpel.edu.br\/progep\/?page_id=14694"},"modified":"2025-06-30T13:35:34","modified_gmt":"2025-06-30T16:35:34","slug":"programa-permanente-de-iniciacao-ao-servico-publico-turma-01-2020","status":"publish","type":"page","link":"https:\/\/wp.ufpel.edu.br\/progep\/programa-permanente-de-iniciacao-ao-servico-publico-turma-01-2020\/","title":{"rendered":"Capacita\u00e7\u00e3o: PROGRAMA PERMANENTE DE INICIA\u00c7\u00c3O AO SERVI\u00c7O P\u00daBLICO &#8211; Turma 01\/2020"},"content":{"rendered":"<p><span style=\"font-size: 14pt\"><strong>Modalidade:<\/strong>\u00a0<em>On line*<\/em><\/span><\/p>\n<p><span style=\"font-size: 14pt\"><strong>Carga Hor\u00e1ria:<\/strong>\u00a060 horas<\/span><\/p>\n<p><span style=\"font-size: 14pt\"><strong>Per\u00edodo:<\/strong> 29\/04 a 29\/07\/2020**<\/span><\/p>\n<p><span style=\"font-size: 14pt\"><strong>Realiza\u00e7\u00e3o:<\/strong>\u00a0plataforma AVA da UFPel<\/span><\/p>\n<p><span style=\"font-size: 14pt\"><strong>M\u00f3dulos:<\/strong><\/span><\/p>\n<ol>\n<li><span style=\"font-size: 14pt\">Estado e Administra\u00e7\u00e3o P\u00fablica (15 horas)<\/span><\/li>\n<li><span style=\"font-size: 14pt\">Universidade Federal de Pelotas (17 horas)<\/span><\/li>\n<li><span style=\"font-size: 14pt\">Legisla\u00e7\u00e3o e Carreira do Servidor P\u00fablico Federal (28 horas)<\/span><\/li>\n<\/ol>\n<p><span style=\"font-size: 14pt\"><strong>P\u00fablico Alvo<\/strong>: Programa anteriormente ofertado apenas aos servidores ingressantes, no entanto, a turma 01 de 2020 ser\u00e1 aberta para todos os servidores interessados, tendo em vista o momento at\u00edpico vivido.<\/span><\/p>\n<p><span style=\"font-size: 14pt\"><strong>Per\u00edodo de inscri\u00e7\u00e3o<\/strong>: 14\/04 a 26\/04\/2020<\/span><\/p>\n<p><span style=\"font-size: 14pt\"><strong>Homologa\u00e7\u00e3o das inscri\u00e7\u00f5es<\/strong>: 27\/04***, nesta p\u00e1gina.<\/span><\/p>\n<p><span style=\"font-size: 14pt\">*A capacita\u00e7\u00e3o ocorrer\u00e1 sem tutoria.<\/span><\/p>\n<p><span style=\"font-size: 14pt\">** A certifica\u00e7\u00e3o dos servidores que atingirem\u00a0a m\u00e9dia 7,0 dos 3 m\u00f3dulos se dar\u00e1 ao final deste per\u00edodo, n\u00e3o havendo possibilidade de emiss\u00e3o de certificado antes de finalizado o per\u00edodo acima citado.<\/span><\/p>\n<p><span style=\"font-size: 14pt\">*** Quando da homologa\u00e7\u00e3o das inscri\u00e7\u00f5es, os selecionados receber\u00e3o e-mail com instru\u00e7\u00f5es de acesso ao curso.<\/span><\/p>\n<p><strong><span style=\"color: #ff6600\"><a style=\"color: #ff6600\" href=\"https:\/\/wp.ufpel.edu.br\/progep\/files\/2020\/04\/Homologa_inscritos_INICIACAO-SERV-PUB.pdf\">INSCRI\u00c7\u00d5ES HOMOLOGADAS!<\/a><\/span><\/strong><\/p>\n","protected":false},"excerpt":{"rendered":"<p>Modalidade:\u00a0On line* Carga Hor\u00e1ria:\u00a060 horas Per\u00edodo: 29\/04 a 29\/07\/2020** Realiza\u00e7\u00e3o:\u00a0plataforma AVA da UFPel M\u00f3dulos: Estado e Administra\u00e7\u00e3o P\u00fablica (15 horas) Universidade Federal de Pelotas (17 horas) Legisla\u00e7\u00e3o e Carreira do Servidor P\u00fablico Federal (28 horas) P\u00fablico Alvo: Programa anteriormente ofertado apenas aos servidores ingressantes, no entanto, a turma 01 de 2020 ser\u00e1 aberta para todos [&hellip;]<\/p>\n","protected":false},"author":21,"featured_media":0,"parent":0,"menu_order":0,"comment_status":"closed","ping_status":"closed","template":"","meta":{"footnotes":""},"class_list":["post-14694","page","type-page","status-publish","hentry"],"_links":{"self":[{"href":"https:\/\/wp.ufpel.edu.br\/progep\/wp-json\/wp\/v2\/pages\/14694","targetHints":{"allow":["GET"]}}],"collection":[{"href":"https:\/\/wp.ufpel.edu.br\/progep\/wp-json\/wp\/v2\/pages"}],"about":[{"href":"https:\/\/wp.ufpel.edu.br\/progep\/wp-json\/wp\/v2\/types\/page"}],"author":[{"embeddable":true,"href":"https:\/\/wp.ufpel.edu.br\/progep\/wp-json\/wp\/v2\/users\/21"}],"replies":[{"embeddable":true,"href":"https:\/\/wp.ufpel.edu.br\/progep\/wp-json\/wp\/v2\/comments?post=14694"}],"version-history":[{"count":6,"href":"https:\/\/wp.ufpel.edu.br\/progep\/wp-json\/wp\/v2\/pages\/14694\/revisions"}],"predecessor-version":[{"id":33866,"href":"https:\/\/wp.ufpel.edu.br\/progep\/wp-json\/wp\/v2\/pages\/14694\/revisions\/33866"}],"wp:attachment":[{"href":"https:\/\/wp.ufpel.edu.br\/progep\/wp-json\/wp\/v2\/media?parent=14694"}],"curies":[{"name":"wp","href":"https:\/\/api.w.org\/{rel}","templated":true}]}}