{"id":14692,"date":"2020-04-14T09:20:21","date_gmt":"2020-04-14T12:20:21","guid":{"rendered":"https:\/\/wp.ufpel.edu.br\/progep\/?page_id=14692"},"modified":"2025-06-30T13:35:15","modified_gmt":"2025-06-30T16:35:15","slug":"curso-wordpress-institucional-turma-01-2020","status":"publish","type":"page","link":"https:\/\/wp.ufpel.edu.br\/progep\/curso-wordpress-institucional-turma-01-2020\/","title":{"rendered":"Capacita\u00e7\u00e3o: CURSO WORDPRESS INSTITUCIONAL \u2013 TURMA 01\/2020"},"content":{"rendered":"<p><strong>Modalidade:<\/strong>\u00a0<em>On line*<\/em><\/p>\n<p><strong>Carga Hor\u00e1ria:<\/strong>\u00a040 horas<\/p>\n<p><strong>Per\u00edodo:<\/strong> 29\/04 a 29\/06\/2020<\/p>\n<p><strong>Realiza\u00e7\u00e3o:<\/strong>\u00a0plataforma AVA da UFPel<\/p>\n<p><strong>S\u00famula:<\/strong><\/p>\n<ul>\n<li>Unidade 1 \u2013 Ambienta\u00e7\u00e3o\n<ul>\n<li>Introdu\u00e7\u00e3o ao WordPress e Plataforma de Treinamento<\/li>\n<li>Acesso ao Painel Administrativo<\/li>\n<\/ul>\n<\/li>\n<li>Unidade 2 \u2013 P\u00e1ginas, Posts e Categorias\n<ul>\n<li>P\u00e1ginas<\/li>\n<li>Posts e Categorias<\/li>\n<\/ul>\n<\/li>\n<li>Unidade 3 \u2013 Menus Personalizados e Conte\u00fado Multim\u00eddia\n<ul>\n<li>Menus Personalizados<\/li>\n<li>Conte\u00fado Multim\u00eddia<\/li>\n<\/ul>\n<\/li>\n<li>Unidade 4 \u2013 Plugins\n<ul>\n<li>Plugins<\/li>\n<\/ul>\n<\/li>\n<li>Unidade 5 \u2013 Widgets\n<ul>\n<li>Widgets<\/li>\n<\/ul>\n<\/li>\n<li>Unidade 6 \u2013 Temas\n<ul>\n<li>O que s\u00e3o Temas?<\/li>\n<li>Tema UFPel 2.0<\/li>\n<li>Alterando o tema do site<\/li>\n<\/ul>\n<\/li>\n<\/ul>\n<p><strong>P\u00fablico Alvo<\/strong>: servidores em geral<\/p>\n<p><strong>Per\u00edodo de inscri\u00e7\u00e3o<\/strong>: 14\/04 a 26\/04\/2020<\/p>\n<p><strong>Homologa\u00e7\u00e3o das inscri\u00e7\u00f5es<\/strong>: 27\/04**, nesta p\u00e1gina.<\/p>\n<p>*A capacita\u00e7\u00e3o ocorrer\u00e1 sem tutoria.<\/p>\n<p>** Quando da homologa\u00e7\u00e3o das inscri\u00e7\u00f5es, os selecionados receber\u00e3o e-mail com instru\u00e7\u00f5es de acesso ao curso.<\/p>\n<p><span style=\"color: #ff6600\"><strong><a style=\"color: #ff6600\" href=\"https:\/\/wp.ufpel.edu.br\/progep\/files\/2020\/04\/HOMOLOGA_inscritos_WORDPRESS2020-1.pdf\">INSCRI\u00c7\u00d5ES\u00a0HOMOLOGADAS!<\/a><\/strong><\/span><\/p>\n","protected":false},"excerpt":{"rendered":"<p>Modalidade:\u00a0On line* Carga Hor\u00e1ria:\u00a040 horas Per\u00edodo: 29\/04 a 29\/06\/2020 Realiza\u00e7\u00e3o:\u00a0plataforma AVA da UFPel S\u00famula: Unidade 1 \u2013 Ambienta\u00e7\u00e3o Introdu\u00e7\u00e3o ao WordPress e Plataforma de Treinamento Acesso ao Painel Administrativo Unidade 2 \u2013 P\u00e1ginas, Posts e Categorias P\u00e1ginas Posts e Categorias Unidade 3 \u2013 Menus Personalizados e Conte\u00fado Multim\u00eddia Menus Personalizados Conte\u00fado Multim\u00eddia Unidade 4 \u2013 [&hellip;]<\/p>\n","protected":false},"author":21,"featured_media":0,"parent":0,"menu_order":0,"comment_status":"closed","ping_status":"closed","template":"","meta":{"footnotes":""},"class_list":["post-14692","page","type-page","status-publish","hentry"],"_links":{"self":[{"href":"https:\/\/wp.ufpel.edu.br\/progep\/wp-json\/wp\/v2\/pages\/14692","targetHints":{"allow":["GET"]}}],"collection":[{"href":"https:\/\/wp.ufpel.edu.br\/progep\/wp-json\/wp\/v2\/pages"}],"about":[{"href":"https:\/\/wp.ufpel.edu.br\/progep\/wp-json\/wp\/v2\/types\/page"}],"author":[{"embeddable":true,"href":"https:\/\/wp.ufpel.edu.br\/progep\/wp-json\/wp\/v2\/users\/21"}],"replies":[{"embeddable":true,"href":"https:\/\/wp.ufpel.edu.br\/progep\/wp-json\/wp\/v2\/comments?post=14692"}],"version-history":[{"count":6,"href":"https:\/\/wp.ufpel.edu.br\/progep\/wp-json\/wp\/v2\/pages\/14692\/revisions"}],"predecessor-version":[{"id":33865,"href":"https:\/\/wp.ufpel.edu.br\/progep\/wp-json\/wp\/v2\/pages\/14692\/revisions\/33865"}],"wp:attachment":[{"href":"https:\/\/wp.ufpel.edu.br\/progep\/wp-json\/wp\/v2\/media?parent=14692"}],"curies":[{"name":"wp","href":"https:\/\/api.w.org\/{rel}","templated":true}]}}