{"id":14615,"date":"2020-04-07T18:21:07","date_gmt":"2020-04-07T21:21:07","guid":{"rendered":"https:\/\/wp.ufpel.edu.br\/progep\/?page_id=14615"},"modified":"2026-04-09T15:50:55","modified_gmt":"2026-04-09T18:50:55","slug":"transparencia-de-capacitacao","status":"publish","type":"page","link":"https:\/\/wp.ufpel.edu.br\/progep\/transparencia-de-capacitacao\/","title":{"rendered":"Transpar\u00eancia de Capacita\u00e7\u00e3o"},"content":{"rendered":"\n<div class=\"wp-block-group\"><div class=\"wp-block-group__inner-container is-layout-constrained wp-block-group-is-layout-constrained\">\n<div class=\"logoTituloModelStyle\"><img class=\"size-medium wp-image-27184 alignleft\" src=\"https:\/\/wp.ufpel.edu.br\/progep\/files\/2025\/03\/logo-progep_atualizacao-nome_AZUL.png\" alt=\"\" \/><\/p>\n<div style=\"font-size: 25pt;padding: 1.5rem 0\"><strong>Transpar\u00eancia de Capacita\u00e7\u00e3o<\/strong><\/div>\n<\/div>\n<hr class=\"hrModelStyle\" \/>\n<div class=\"descriptionModelStyle\">Conforme <strong>INSTRU\u00c7\u00c3O NORMATIVA N\u00ba 201\/ 2019<\/strong>, o \u00f3rg\u00e3o ou entidade dever\u00e1 promover a publicidade das despesas mensais, referente \u00e0s a\u00e7\u00f5es de desenvolvimento ofertadas pelo \u00f3rg\u00e3o ou entidade, at\u00e9 o 10\u00ba dia \u00fatil do m\u00eas subsequente, de forma transparente e objetiva ao cidad\u00e3o.\u00a0<\/div>\n<\/div><\/div>\n\n\n<div class=\"acoesStyle externaStyle\">A\u00e7\u00f5es Externas<\/div>\n<div class=\"acoesStyleBody externaBody\"><a href=\"https:\/\/wp.ufpel.edu.br\/progep\/files\/2025\/12\/Transparencia-2025-Pagina3.pdf\">A\u00e7\u00f5es Externas apoiadas pelo Programa de Capacita\u00e7\u00e3o 2025<\/a><a href=\"https:\/\/wp.ufpel.edu.br\/progep\/files\/2024\/11\/Transparencia-2024-Pagina1-2.pdf\" target=\"_blank\" rel=\"noopener\">A\u00e7\u00f5es Externas apoiadas pelo Programa de Capacita\u00e7\u00e3o 2024<\/a> <strong class=\"collapseomatic \" id=\"id69dc6253c19ec\" rel=\"-highlander\" tabindex=\"0\" title=\"A\u00e7\u00f5es de anos anteriores\"    >A\u00e7\u00f5es de anos anteriores<\/strong><div id=\"target-id69dc6253c19ec\" class=\"collapseomatic_content \"> <a href=\"https:\/\/wp.ufpel.edu.br\/progep\/files\/2024\/01\/Transparencia-2023-Pagina1-11.pdf\" target=\"_blank\" rel=\"noopener\">A\u00e7\u00f5es Externas apoiadas pelo Programa de Capacita\u00e7\u00e3o 2023<\/a> <a href=\"https:\/\/wp.ufpel.edu.br\/progep\/files\/2023\/11\/Transparencia-2023-Pagina2-1.pdf\" target=\"_blank\" rel=\"noopener\">A\u00e7\u00f5es Incompany apoiadas pelo Programa de Capacita\u00e7\u00e3o 2023<\/a> <a href=\"https:\/\/wp.ufpel.edu.br\/progep\/files\/2023\/02\/Transparencia-Acoes-externas-2022.xlsx-Acoes-externas-1.pdf\" target=\"_blank\" rel=\"noopener\">A\u00e7\u00f5es Externas apoiadas pelo Programa de Capacita\u00e7\u00e3o 2022<\/a> <a href=\"https:\/\/wp.ufpel.edu.br\/progep\/files\/2022\/12\/Transparencia-Acoes-Incompany-2022.pdf\" target=\"_blank\" rel=\"noopener\">A\u00e7\u00f5es Incompany apoiadas pelo Programa de Capacita\u00e7\u00e3o 2022<\/a> <a href=\"https:\/\/wp.ufpel.edu.br\/progep\/files\/2021\/12\/Acoes-externas-2021-transp21out.xlsx-Planilha1.pdf\" target=\"_blank\" rel=\"noopener\">A\u00e7\u00f5es Externas apoiadas pelo Programa de Capacita\u00e7\u00e3o 2021<\/a> <a href=\"https:\/\/wp.ufpel.edu.br\/progep\/files\/2021\/04\/Acoes-externas-2020.1.pdf\" target=\"_blank\" rel=\"noopener\">A\u00e7\u00f5es Externas apoiadas pelo Programa de Capacita\u00e7\u00e3o 2020<\/a> <a href=\"https:\/\/wp.ufpel.edu.br\/progep\/files\/2020\/06\/Acoes-Desenvolvimento-Unidades-Acoes-de-Desenvolvimento.pdf\" target=\"_blank\" rel=\"noopener\">A\u00e7\u00f5es Desenvolvimento Unidades &#8211; A\u00e7\u00f5es de Desenvolvimento<\/a><\/div>\u00a0<\/div>\n<div class=\"acoesStyle internaStyle\">A\u00e7\u00f5es Internas<\/div>\n<div class=\"acoesStyleBody internaBody\">\n<a href=\"https:\/\/wp.ufpel.edu.br\/progep\/files\/2026\/04\/Transparencia-2026-Transparencia-2026.pdf\" target=\"_blank\" rel=\"noopener\">A\u00e7\u00f5es de Desenvolvimento 2026 &#8211; SFS<\/a>\n<a href=\"https:\/\/wp.ufpel.edu.br\/progep\/files\/2026\/01\/Transparencia-2025-Transparencia-2025-1.pdf\" target=\"_blank\" rel=\"noopener\">A\u00e7\u00f5es de Desenvolvimento 2025 &#8211; SFS<\/a> <a href=\"https:\/\/wp.ufpel.edu.br\/progep\/files\/2024\/12\/Transparencia-2024-SFS.pdf\" target=\"_blank\" rel=\"noopener\">A\u00e7\u00f5es de Desenvolvimento 2024 &#8211; SFS<\/a> <strong class=\"collapseomatic \" id=\"id69dc6253c1a90\" rel=\"-highlander\" tabindex=\"0\" title=\"A\u00e7\u00f5es de anos anteriores\"    >A\u00e7\u00f5es de anos anteriores<\/strong><div id=\"target-id69dc6253c1a90\" class=\"collapseomatic_content \"> <a href=\"https:\/\/wp.ufpel.edu.br\/progep\/files\/2024\/01\/Transparencia-2023.xlsx-jan-2024.pdf\" target=\"_blank\" rel=\"noopener\">A\u00e7\u00f5es de Desenvolvimento 2023 &#8211; SFS<\/a> <a href=\"https:\/\/wp.ufpel.edu.br\/progep\/files\/2022\/11\/Transparencia-2022.xlsx-NOVA.pdf\">A\u00e7\u00f5es de Desenvolvimento 2022 &#8211; SFS<\/a> <a href=\"https:\/\/wp.ufpel.edu.br\/progep\/files\/2022\/03\/6-Transparencia-cursos-e-rodas-2021.pdf\" target=\"_blank\" rel=\"noopener\">A\u00e7\u00f5es de Desenvolvimento 2021 &#8211; SFS<\/a> <a href=\"https:\/\/wp.ufpel.edu.br\/progep\/files\/2021\/02\/Acoes-de-Desenvolvimento-SAE-FEV.pdf\" target=\"_blank\" rel=\"noopener\">A\u00e7\u00f5es de Desenvolvimento 2020- SFS<\/a> <\/div><\/div>","protected":false},"excerpt":{"rendered":"<p>Transpar\u00eancia de Capacita\u00e7\u00e3o Conforme INSTRU\u00c7\u00c3O NORMATIVA N\u00ba 201\/ 2019, o \u00f3rg\u00e3o ou entidade dever\u00e1 promover a publicidade das despesas mensais, referente \u00e0s a\u00e7\u00f5es de desenvolvimento ofertadas pelo \u00f3rg\u00e3o ou entidade, at\u00e9 o 10\u00ba dia \u00fatil do m\u00eas subsequente, de forma transparente e objetiva ao cidad\u00e3o.\u00a0 A\u00e7\u00f5es Externas A\u00e7\u00f5es Externas apoiadas pelo Programa de Capacita\u00e7\u00e3o 2025A\u00e7\u00f5es [&hellip;]<\/p>\n","protected":false},"author":21,"featured_media":0,"parent":0,"menu_order":0,"comment_status":"closed","ping_status":"closed","template":"","meta":{"footnotes":""},"class_list":["post-14615","page","type-page","status-publish","hentry"],"_links":{"self":[{"href":"https:\/\/wp.ufpel.edu.br\/progep\/wp-json\/wp\/v2\/pages\/14615","targetHints":{"allow":["GET"]}}],"collection":[{"href":"https:\/\/wp.ufpel.edu.br\/progep\/wp-json\/wp\/v2\/pages"}],"about":[{"href":"https:\/\/wp.ufpel.edu.br\/progep\/wp-json\/wp\/v2\/types\/page"}],"author":[{"embeddable":true,"href":"https:\/\/wp.ufpel.edu.br\/progep\/wp-json\/wp\/v2\/users\/21"}],"replies":[{"embeddable":true,"href":"https:\/\/wp.ufpel.edu.br\/progep\/wp-json\/wp\/v2\/comments?post=14615"}],"version-history":[{"count":3,"href":"https:\/\/wp.ufpel.edu.br\/progep\/wp-json\/wp\/v2\/pages\/14615\/revisions"}],"predecessor-version":[{"id":41116,"href":"https:\/\/wp.ufpel.edu.br\/progep\/wp-json\/wp\/v2\/pages\/14615\/revisions\/41116"}],"wp:attachment":[{"href":"https:\/\/wp.ufpel.edu.br\/progep\/wp-json\/wp\/v2\/media?parent=14615"}],"curies":[{"name":"wp","href":"https:\/\/api.w.org\/{rel}","templated":true}]}}