{"id":14498,"date":"2020-02-05T11:51:01","date_gmt":"2020-02-05T14:51:01","guid":{"rendered":"https:\/\/wp.ufpel.edu.br\/progep\/?page_id=14498"},"modified":"2020-02-17T12:00:17","modified_gmt":"2020-02-17T15:00:17","slug":"edital-progep-nucap-no-01-2020","status":"publish","type":"page","link":"https:\/\/wp.ufpel.edu.br\/progep\/edital-progep-nucap-no-01-2020\/","title":{"rendered":"Edital PROGEP NUCAP n\u00ba 01\/2020"},"content":{"rendered":"<p>RESULTADO FINAL &#8211; Edital 01\/2020<\/p>\n<p><a href=\"https:\/\/wp.ufpel.edu.br\/progep\/files\/2020\/02\/Acoes-Classificadas-Final.pdf\">A\u00e7\u00f5es Classificadas &#8211; Final<\/a><\/p>\n<p><a href=\"https:\/\/wp.ufpel.edu.br\/progep\/files\/2020\/02\/Acoes-Desclassificadas-Final.pdf\">A\u00e7\u00f5es Desclassificadas &#8211; Final<\/a><\/p>\n<p><a href=\"https:\/\/wp.ufpel.edu.br\/progep\/files\/2020\/02\/Acoes-Eliminadas-Final.pdf\">A\u00e7\u00f5es Eliminadas &#8211; Final<\/a><\/p>\n<p><a href=\"https:\/\/wp.ufpel.edu.br\/progep\/files\/2020\/02\/Acoes-Contempladas-Final.pdf\">A\u00e7\u00f5es Contempladas &#8211; Final<\/a><\/p>\n<p><a href=\"https:\/\/wp.ufpel.edu.br\/progep\/files\/2020\/02\/SEI_UFPel-0865705-Despacho-comissa.pdf\">Parecer Comiss\u00e3o<\/a><\/p>\n<p>&nbsp;<\/p>\n<p>&nbsp;<\/p>\n<p>RESULTADO PRELIMINAR &#8211; Edital 01\/2020<\/p>\n<p><a href=\"https:\/\/wp.ufpel.edu.br\/progep\/files\/2020\/02\/Acoes-Classificadas-Preliminar.pdf\">A\u00e7\u00f5es Classificadas &#8211; Preliminar<\/a><\/p>\n<p><a href=\"https:\/\/wp.ufpel.edu.br\/progep\/files\/2020\/02\/Acoes-Desclassificadas-Preliminar.pdf\">A\u00e7\u00f5es Desclassificadas &#8211; Preliminar<\/a><\/p>\n<p><a href=\"https:\/\/wp.ufpel.edu.br\/progep\/files\/2020\/02\/Acoes-Eliminadas-Preliminar.pdf\">A\u00e7\u00f5es Eliminadas &#8211; Preliminar<\/a><\/p>\n<p><a href=\"https:\/\/wp.ufpel.edu.br\/progep\/files\/2020\/02\/Acoes-Contempladas-Preliminar.pdf\">A\u00e7\u00f5es Contempladas &#8211; Preliminar<\/a><\/p>\n<p><a href=\"https:\/\/wp.ufpel.edu.br\/progep\/files\/2020\/02\/Parecer-da-Comissao.pdf\">Parecer da Comiss\u00e3o<\/a><\/p>\n","protected":false},"excerpt":{"rendered":"<p>RESULTADO FINAL &#8211; Edital 01\/2020 A\u00e7\u00f5es Classificadas &#8211; Final A\u00e7\u00f5es Desclassificadas &#8211; Final A\u00e7\u00f5es Eliminadas &#8211; Final A\u00e7\u00f5es Contempladas &#8211; Final Parecer Comiss\u00e3o &nbsp; &nbsp; RESULTADO PRELIMINAR &#8211; Edital 01\/2020 A\u00e7\u00f5es Classificadas &#8211; Preliminar A\u00e7\u00f5es Desclassificadas &#8211; Preliminar A\u00e7\u00f5es Eliminadas &#8211; Preliminar A\u00e7\u00f5es Contempladas &#8211; Preliminar Parecer da Comiss\u00e3o<\/p>\n","protected":false},"author":21,"featured_media":0,"parent":0,"menu_order":0,"comment_status":"closed","ping_status":"closed","template":"","meta":{"footnotes":""},"class_list":["post-14498","page","type-page","status-publish","hentry"],"_links":{"self":[{"href":"https:\/\/wp.ufpel.edu.br\/progep\/wp-json\/wp\/v2\/pages\/14498","targetHints":{"allow":["GET"]}}],"collection":[{"href":"https:\/\/wp.ufpel.edu.br\/progep\/wp-json\/wp\/v2\/pages"}],"about":[{"href":"https:\/\/wp.ufpel.edu.br\/progep\/wp-json\/wp\/v2\/types\/page"}],"author":[{"embeddable":true,"href":"https:\/\/wp.ufpel.edu.br\/progep\/wp-json\/wp\/v2\/users\/21"}],"replies":[{"embeddable":true,"href":"https:\/\/wp.ufpel.edu.br\/progep\/wp-json\/wp\/v2\/comments?post=14498"}],"version-history":[{"count":2,"href":"https:\/\/wp.ufpel.edu.br\/progep\/wp-json\/wp\/v2\/pages\/14498\/revisions"}],"predecessor-version":[{"id":14566,"href":"https:\/\/wp.ufpel.edu.br\/progep\/wp-json\/wp\/v2\/pages\/14498\/revisions\/14566"}],"wp:attachment":[{"href":"https:\/\/wp.ufpel.edu.br\/progep\/wp-json\/wp\/v2\/media?parent=14498"}],"curies":[{"name":"wp","href":"https:\/\/api.w.org\/{rel}","templated":true}]}}