{"id":14479,"date":"2020-01-30T10:35:15","date_gmt":"2020-01-30T13:35:15","guid":{"rendered":"https:\/\/wp.ufpel.edu.br\/progep\/?page_id=14479"},"modified":"2023-01-30T21:55:37","modified_gmt":"2023-01-31T00:55:37","slug":"nota-tecnica-sobre-cirurgias-plasticas","status":"publish","type":"page","link":"https:\/\/wp.ufpel.edu.br\/progep\/csqv\/nucleo-de-seguranca-e-medicina-do-trabalho__trashed\/nota-tecnica-sobre-cirurgias-plasticas\/","title":{"rendered":"NOTA T\u00c9CNICA SOBRE CIRURGIAS PL\u00c1STICAS"},"content":{"rendered":"<p>A CSQV informa sobre procedimento de cirurgia pl\u00e1stica eletiva .<\/p>\n<p>Visando atender ao exposto na Nota T\u00e9cnica N\u00ba 82\/2014\/CGNOR\/DENOP\/SEGEP\/MP, orientamos ao(\u00e0)s servidores\/as que, antecipadamente ao procedimento de cirurgia pl\u00e1stica eletiva, busque avalia\u00e7\u00e3o m\u00e9dica na Se\u00e7\u00e3o de Per\u00edcia da Universidade.<\/p>\n<p>Contatos:<br \/>\nRua Gomes Carneiro, 1 Sala 210 -PROGEP<br \/>\n32843985<\/p>\n<p><a href=\"mailto:pericia.medica@ufpel.edu.br\" target=\"_blank\" rel=\"nofollow noopener noreferrer\">pericia.medica@ufpel.edu.br<\/a><\/p>\n<p><a href=\"https:\/\/wp.ufpel.edu.br\/progep\/files\/2020\/01\/Nota-tecnica-cirugia-plastica.pdf\">Nota t\u00e9cnica cirugia pl\u00e1stica MPOG<\/a><\/p>\n<p>&nbsp;<\/p>\n","protected":false},"excerpt":{"rendered":"<p>A CSQV informa sobre procedimento de cirurgia pl\u00e1stica eletiva . Visando atender ao exposto na Nota T\u00e9cnica N\u00ba 82\/2014\/CGNOR\/DENOP\/SEGEP\/MP, orientamos ao(\u00e0)s servidores\/as que, antecipadamente ao procedimento de cirurgia pl\u00e1stica eletiva, busque avalia\u00e7\u00e3o m\u00e9dica na Se\u00e7\u00e3o de Per\u00edcia da Universidade. Contatos: Rua Gomes Carneiro, 1 Sala 210 -PROGEP 32843985 pericia.medica@ufpel.edu.br Nota t\u00e9cnica cirugia pl\u00e1stica MPOG &nbsp;<\/p>\n","protected":false},"author":246,"featured_media":0,"parent":3671,"menu_order":0,"comment_status":"closed","ping_status":"closed","template":"","meta":{"footnotes":""},"class_list":["post-14479","page","type-page","status-publish","hentry"],"_links":{"self":[{"href":"https:\/\/wp.ufpel.edu.br\/progep\/wp-json\/wp\/v2\/pages\/14479","targetHints":{"allow":["GET"]}}],"collection":[{"href":"https:\/\/wp.ufpel.edu.br\/progep\/wp-json\/wp\/v2\/pages"}],"about":[{"href":"https:\/\/wp.ufpel.edu.br\/progep\/wp-json\/wp\/v2\/types\/page"}],"author":[{"embeddable":true,"href":"https:\/\/wp.ufpel.edu.br\/progep\/wp-json\/wp\/v2\/users\/246"}],"replies":[{"embeddable":true,"href":"https:\/\/wp.ufpel.edu.br\/progep\/wp-json\/wp\/v2\/comments?post=14479"}],"version-history":[{"count":5,"href":"https:\/\/wp.ufpel.edu.br\/progep\/wp-json\/wp\/v2\/pages\/14479\/revisions"}],"predecessor-version":[{"id":22345,"href":"https:\/\/wp.ufpel.edu.br\/progep\/wp-json\/wp\/v2\/pages\/14479\/revisions\/22345"}],"up":[{"embeddable":true,"href":"https:\/\/wp.ufpel.edu.br\/progep\/wp-json\/wp\/v2\/pages\/3671"}],"wp:attachment":[{"href":"https:\/\/wp.ufpel.edu.br\/progep\/wp-json\/wp\/v2\/media?parent=14479"}],"curies":[{"name":"wp","href":"https:\/\/api.w.org\/{rel}","templated":true}]}}