{"id":14444,"date":"2020-01-22T11:19:05","date_gmt":"2020-01-22T14:19:05","guid":{"rendered":"https:\/\/wp.ufpel.edu.br\/progep\/?page_id=14444"},"modified":"2026-03-10T11:06:47","modified_gmt":"2026-03-10T14:06:47","slug":"convocacoes-docentes-substitutos","status":"publish","type":"page","link":"https:\/\/wp.ufpel.edu.br\/progep\/convocacoes-docentes-substitutos\/","title":{"rendered":"CONVOCA\u00c7\u00d5ES &#8211; DOCENTES SUBSTITUTOS"},"content":{"rendered":"\n<div class=\"wp-block-group\"><div class=\"wp-block-group__inner-container is-layout-constrained wp-block-group-is-layout-constrained\">\n    <div class=\"logoTituloModelStyle\"><img class=\"size-medium wp-image-27184 alignleft\" src=\"https:\/\/wp.ufpel.edu.br\/progep\/files\/2025\/03\/logo-progep_atualizacao-nome_AZUL.png\" alt=\"\" \/>\n    <div style=\"padding:2rem 0\"><strong>Convoca\u00e7\u00f5es \u2013 Docentes Substitutos<\/strong><\/div>\n    <\/div>\n    <hr class=\"hrModelStyle\" \/>\n    <div class=\"descriptionModelStyle\">Nesta p\u00e1gina ser\u00e3o divulgados as convoca\u00e7\u00f5es para Docente Substituto. Confira atrav\u00e9s dos editais abaixo.<\/div>\n    <\/div><\/div>\n    \n <div class=\"nomeacoesDocenteStyle\">\n\n\n\n<div class=\"editaisVigentesStyle\">\n<a href=\"https:\/\/wp.ufpel.edu.br\/progep\/convocacoes-edital-025-2025\/\"><strong>Edital 025\/2025<\/strong> &#8211; validade: 09\/03\/2027, prorrog\u00e1vel por +1 ano<\/a> \n\n<p class=\"cargoStyle\">\u00c1reas:<\/p>\n   <div class=\"editaisVigentesContentStyle\">\n   <p>Design OU Publicidade<\/p>\n   <p>Farm\u00e1cia<\/p>\n   <p>Qu\u00edmica Inorg\u00e2nica<\/p>\n   <p>Ci\u00eancias Sociais Aplicadas<\/p>\n   <p>Redes de Computadores e Comunica\u00e7\u00e3o de Dados<\/p>\n   <p>Engenharia do Produto OU Ger\u00eancia de Produ\u00e7\u00e3o<\/p>\n   <p>L\u00edngua Espanhola e Lingu\u00edstica Aplicada<\/p>\n   <p>Li\u0301nguas Estrangeiras Modernas &#8211; Li\u0301ngua Francesa<\/p>\n   <p>Tradu\u00e7\u00e3o Espanhol \/ Portugu\u00eas<\/p>\n   <p>L\u00edngua Brasileira de Sinais<\/p>\n   <p>L\u00edngua Portuguesa e Latim<\/p>\n   <p>Teoria do Direito OU Direitos Especiais <\/p>\n   <p>Silvicultura<\/p>\n   <p>Filosofia da Educa\u00e7\u00e3o OU Hist\u00f3ria da Educa\u00e7\u00e3o OU Sociologia da Educa\u00e7\u00e3o<\/p>\n   <p>Patologia<\/p>\n   <p>Cl\u00ednica M\u00e9dica<\/p>\n   <p>Oftalmologi<\/p>\n   <p>Aten\u00e7\u00e3o B\u00e1sica \u00e0 Sa\u00fade <\/p>\n   <p>Terapia Ocupacional em seus m\u00faltiplos contextos<\/p>\n   <p>Sa\u00fade Bucal Coletiva<\/p>\n   <p>Periodontia<\/p>\n   <p>Anatomia Humana<\/p>\n   <p>Ecologia <\/p>\n   <p>Antropologia<\/p>\n   <p>Teoria Econ\u00f4mica<\/p>\n   <p>Ci\u00eancia da Conserva\u00e7\u00e3o<\/p>\n<\/div>\n<\/div>\n\n\n\n\n\n<div class=\"editaisVigentesStyle\">\n<a href=\"https:\/\/wp.ufpel.edu.br\/progep\/convocacoes-edital-008-2025\/\"><strong>Edital 008\/2025<\/strong> &#8211; validade: 15\/09\/2026, prorrog\u00e1vel por +1 ano<\/a> \n\n<p class=\"cargoStyle\">\u00c1reas:<\/p>\n   <div class=\"editaisVigentesContentStyle\">\n   <p>Teoria e Pr\u00e1tica Pedag\u00f3gica em Artes Visuais<\/p>\n   <p>M\u00fasica<\/p>\n   <p>Qu\u00edmica Anal\u00edtica<\/p>\n   <p>Controle e Matem\u00e1tica<\/p>\n   <p>L\u00ednguas Estrangeiras Modernas &#8211; Ingl\u00eas<\/p>\n   <p>M\u00e1quinas e Implementos Agr\u00edcolas OU Mecaniza\u00e7\u00e3o Agr\u00edcola<\/p>\n   <p>Medicina Paliativa<\/p>\n   <p>Terapia Ocupacional<\/p>\n   <p>Terapia Ocupacional e Reabilita\u00e7\u00e3o F\u00edsica<\/p>\n   <p>Gastronomia<\/p>\n   <p>Patologia Animal<\/p>\n   <p>Sociologia <\/p>\n   <p>Rela\u00e7\u00f5es Internacionais<\/p>\n   <p>Ci\u00eancia dos Materiais<\/p>\n   <p>Hist\u00f3ria<\/p>\n<\/div>\n<\/div>\n\n\n\n\n\n<div class=\"editaisVigentesStyle\">\n<a href=\"https:\/\/wp.ufpel.edu.br\/progep\/convocacoes-edital-005-2025\/\"><strong>Edital 005\/2025<\/strong> &#8211; validade: 12\/06\/2026, prorrog\u00e1vel por +1 ano<\/a> \n\n<p class=\"cargoStyle\">\u00c1reas:<\/p>\n   <div class=\"editaisVigentesContentStyle\">\n   <p>Viol\u00e3o<\/p>\n   <p>L\u00edngua Brasileira de Sinais<\/p>\n   <p>L\u00ednguas Estrangeiras Modernas &#8211; L\u00edngua Alem\u00e3<\/p>\n   <p>L\u00ednguas Estrangeiras Modernas &#8211; L\u00edngua Francesa<\/p>\n   <p>Sistemas de Produ\u00e7\u00e3o de N\u00e3o Ruminantes<\/p>\n   <p>Direito Processual Civil<\/p>\n   <p>Enfermagem no Cuidado ao Adulto e Idoso<\/p>\n   <p>Aten\u00e7\u00e3o B\u00e1sica \u00e0 Sa\u00fade<\/p>\n   <p>Patologia Bucal OU Estomatologia OU Diagn\u00f3stico Bucal<\/p>\n   <p>Ensino de Ci\u00eancias e Biologia<\/p>\n<\/div>\n<\/div>\n\n\n    <div class=\"editaisVigentesStyle\">\n<a href=\"https:\/\/wp.ufpel.edu.br\/progep\/convocacoes-edital-24-2024\/\"><strong>Edital 024\/2024<\/strong> &#8211; validade: 28\/04\/2026, prorrog\u00e1vel por +1 ano.<\/a> \n\n<p class=\"cargoStyle\">\u00c1reas:<\/p>\n   <div class=\"editaisVigentesContentStyle\">\n<p>Pr\u00e1tica Art\u00edstico-Pedag\u00f3gica em Dan\u00e7as Afro-Brasileiras<\/p>\n<p>Qu\u00edmica Anal\u00edtica<\/p>\n<p>Ci\u00eancia e Tecnologia de Alimentos<\/p>\n<p>Ci\u00eancias Sociais Aplicadas<\/p>\n<p>Estruturas<\/p>\n<p>Geoci\u00eancias<\/p>\n<p>Lingu\u00edstica e Ensino<\/p>\n<p>Jornalismo e Editora\u00e7\u00e3o<\/p>\n<p>L\u00ednguas Estrangeiras Modernas &#8211; L\u00edngua Alem\u00e3<\/p>\n<p>Biodin\u00e2mica<\/p>\n<p>Educa\u00e7\u00e3o F\u00edsica<\/p>\n<p>Fisioterapia<\/p>\n<p>Fisioterapia Cardiorespirat\u00f3ria e Hospitalar<\/p>\n<p>Herbologia<\/p>\n<p>Ensino da Matem\u00e1tica<\/p>\n<p>Psicologia Geral<\/p>\n<p>Terapia Ocupacional<\/p>\n<p>Gastronomia<\/p>\n<p>Nutri\u00e7\u00e3o<\/p>\n<p>Cirurgia Buco-Maxilo-Facial<\/p>\n<p>Cariologia<\/p>\n<p>Pr\u00f3tese Dent\u00e1ria OU Reabilita\u00e7\u00e3o Oral<\/p>\n<p>Dent\u00edstica<\/p>\n<p>Odontopediatria<\/p>\n<p>Cl\u00ednica M\u00e9dica de Equinos<\/p>\n<p>Epidemiologia Veterin\u00e1ria<\/p>\n<p>Gen\u00e9tica<\/p>\n<p>Zoologia de Vertebrados<\/p>\n<p>Parasitologia<\/p>\n<p>Geografia F\u00edsica<\/p>\n<p>Teoria Econ\u00f4mica<\/p>\n<p>F\u00edsica Geral<\/p>\n<p>Literatura<\/p>\n<\/div>\n<\/div>\n <div class=\"editaisVigentesStyle\">\n<a href=\"https:\/\/wp.ufpel.edu.br\/progep\/convocacoes-edital-14-2024\/\"><strong>Edital 14\/2024<\/strong> &#8211; validade: 29\/10\/2026<\/a> \n<p class=\"cargoStyle\">\u00c1reas:<\/p>\n   <div class=\"editaisVigentesContentStyle\">\n<p>Filosofia da Arte OU Hist\u00f3ria da Arte<\/p>\n<p>Ensino de Teatro e Pr\u00e1ticas de Atua\u00e7\u00e3o<\/p>\n<p>Farm\u00e1cia<\/p>\n<p>Ci\u00eancia da Computa\u00e7\u00e3o<\/p>\n<p>Engenharia Eletr\u00f4nica<\/p>\n<p>Geologia<\/p>\n<p>Engenharias III ou Matem\u00e1tica<\/p>\n<p>Gest\u00e3o e Meio Ambiente<\/p>\n<p>Literatura<\/p>\n<p>L\u00edngua Portuguesa e Latim<\/p>\n<p>Matologia<\/p>\n<p>Constru\u00e7\u00e3o Civil e Estruturas<\/p>\n<p>Conserva\u00e7\u00e3o e Restaura\u00e7\u00e3o<\/p>\n<p>Filosofia &#8211; \u00c9tica Antiga e Medieval<\/p>\n<p>Educa\u00e7\u00e3o Matem\u00e1tica<\/p>\n<p>Sociologia<\/p>\n<p>Ci\u00eancias Ambientais<\/p>\n<p>Constru\u00e7\u00e3o Civil e Instala\u00e7\u00f5es Prediais<\/p>\n<p>Educa\u00e7\u00e3o F\u00edsica<\/p>\n<p>Matem\u00e1tica Aplicada<\/p>\n<p>Semiologia Veterin\u00e1ria<\/p>\n<\/div>\n<\/div>\n <div class=\"editaisVigentesStyle\">\n<a href=\"https:\/\/wp.ufpel.edu.br\/progep\/convocacoes-edital-09-2024\/\"><strong>Edital 09\/2024<\/strong>\u00a0&#8211; validade: 06\/08\/2026<\/a> \n<p class=\"cargoStyle\">\u00c1reas:<\/p>\n<div class=\"editaisVigentesContentStyle\">\n<p>Anima\u00e7\u00e3o 2D<\/p>\n<p>Farm\u00e1cia<\/p>\n<p>Dep\u00f3sitos Minerais, Avalia\u00e7\u00e3o e Cubagem de Jazidas<\/p>\n<p>Biodin\u00e2mica<\/p>\n<p>Enfermagem Sa\u00fade do Adulto e Fam\u00edlia<\/p>\n<p>Terapia Ocupacional<\/p>\n<p>Farmacologia<\/p>\n<p>Citologia e Biologia Celular OU Histologia<\/p>\n<\/div>\n<\/div>\n <div class=\"editaisVigentesStyle\">\n<a href=\"https:\/\/wp.ufpel.edu.br\/progep\/convocacoes-edital-001-2024\/\"><strong>Edital 01\/2024<\/strong>\u00a0&#8211; validade: 15\/04\/2026.<\/a> \n<p class=\"cargoStyle\">\u00c1reas:<\/p>\n<div class=\"editaisVigentesContentStyle\">\n<p>M\u00fasica-Piano<\/p>\n<p>Violino<\/p>\n<p>F\u00edsico-Qu\u00edmica<\/p>\n<p>Turismo<\/p>\n<p>Saneamento B\u00e1sico<\/p>\n<p>Geologia<\/p>\n<p>Banco de Dados<\/p>\n<p>Matem\u00e1tica Aplicada<\/p>\n<p>Lingu\u00edstica e Ensino<\/p>\n<p>L\u00ednguas Estrangeiras Modernas &#8211; L\u00edngua Alem\u00e3<\/p>\n<p>L\u00ednguas Estrangeiras Modernas &#8211; Ingl\u00eas<\/p>\n<p>Biodin\u00e2mica<\/p>\n<p>Sistemas de Produ\u00e7\u00e3o de N\u00e3o Ruminantes<\/p>\n<p>Filosofia da Educa\u00e7\u00e3o OU Hist\u00f3ria da Educa\u00e7\u00e3o OU Sociologia da Educa\u00e7\u00e3o<\/p>\n<p>Linguagem<\/p>\n<p>Aten\u00e7\u00e3o B\u00e1sica \u00e0 Sa\u00fade<\/p>\n<p>Arqueologia Brasileira<\/p>\n<p>Ensino de Geografia<\/p>\n<p>Museologia<\/p>\n<p>Arquitetura e Urbanismo<\/p>\n<\/div>\n<\/div>\n <div class=\"editaisVigentesStyle\">\n<a href=\"https:\/\/wp.ufpel.edu.br\/progep\/convocacoes-edital-20-2023\/\"><strong>Edital 20\/2023<\/strong> &#8211; validade: 31\/01\/2026<\/a> \n<p class=\"cargoStyle\">\u00c1reas:<\/p>\n   <div class=\"editaisVigentesContentStyle\">\n<p>Controle e Matem\u00e1tica<\/p>\n<p>Ginecologia e Obstetr\u00edcia<\/p>\n<p>Ci\u00eancias Agr\u00e1rias<\/p>\n<\/div>\n<\/div>\n\n<div class=\"titleComumStyle\">Editais antigos<\/div>\n <div class=\"editaisAntigosStyle\">\n<a href=\"https:\/\/wp.ufpel.edu.br\/progep\/convocacoes-edital-16-2023\/\"><strong>Edital 16\/2023<\/strong> &#8211; validade: 09\/11\/2025<\/a>\n<p class=\"cargoStyle\">\u00c1reas:<\/p>\n   <div class=\"editaisAntigosContentStyle\">\n<p>Turismo<\/p>\n<p>Matem\u00e1tica Aplicada<\/p>\n<p>Cirurgia Proctol\u00f3gica<\/p>\n<p>Dent\u00edstica<\/p>\n<p>Fisiologia Humana<\/p>\n<p>Microbiologia Oral e Imunologia<\/p>\n<p>Engenharia de Petr\u00f3leo<\/p>\n<p>Terapia Ocupacional na Educa\u00e7\u00e3o e Cultura<\/p>\n<\/div>\n<\/div>\n <div class=\"editaisAntigosStyle\">\n<a href=\"https:\/\/wp.ufpel.edu.br\/progep\/convocacoes-edital-14-2023\/\"><strong>Edital 14\/2023 &#8211; <\/strong>validade: 20\/10\/2025<\/a>\n<p class=\"cargoStyle\">\u00c1reas:<\/p>\n   <div class=\"editaisAntigosContentStyle\">\n<p>Fotografia<\/p>\n<p>Fundamentos da Linguagem Visual e Dire\u00e7\u00e3o de Arte<\/p>\n<p>Qu\u00edmica Geral e Inorg\u00e2nica<\/p>\n<p>Farm\u00e1cia<\/p>\n<p>Controle e Matem\u00e1tica<\/p>\n<p>Direito Ambiental e Ci\u00eancias Ambientais<\/p>\n<p>Fisioterapia Hospitalar e Neurofuncional<\/p>\n<p>Tecnologia de Produtos de Origem Animal<\/p>\n<p>Herbologia<\/p>\n<p>Nutri\u00e7\u00e3o<\/p>\n<p>Teoria Antropol\u00f3gica<\/p>\n<p>Cartografia B\u00e1sica<\/p>\n<p>Ci\u00eancia Pol\u00edtica<\/p>\n<p>Rela\u00e7\u00f5es Internacionais<\/p>\n<p>Educa\u00e7\u00e3o Matem\u00e1tica<\/p>\n<\/div>\n<\/div>\n<div class=\"editaisAntigosStyle\">\n<a href=\"https:\/\/wp.ufpel.edu.br\/progep\/convocacoes-edital-20-2022\/\"><strong>Edital 20\/2022<\/strong> &#8211; validade: 25\/01\/2025<\/a>\n<\/div>\n<div class=\"editaisAntigosStyle\">\n<a href=\"https:\/\/wp.ufpel.edu.br\/progep\/convocacoes-edital-08-2023\/\"><strong>Edital 08\/2023<\/strong> &#8211; validade: 16\/06\/2024<\/a>\n<\/div>\n<div class=\"editaisAntigosStyle\">\n<a href=\"https:\/\/wp.ufpel.edu.br\/progep\/convocacoes-edital-04-2022-2\/\"><strong>Edital 04\/2022 &#8211;\u00a0<\/strong>validade: 13\/05\/2024<\/a>\n<\/div>\n<div class=\"editaisAntigosStyle\">\n<a href=\"https:\/\/wp.ufpel.edu.br\/progep\/convocacoes-edital-19-2021\/\"><strong>Edital 19\/2021<\/strong> &#8211; validade: 12\/01\/2024<\/a>\n<\/div>\n<div class=\"editaisAntigosStyle\">\n<a href=\"https:\/\/wp.ufpel.edu.br\/progep\/convocacoes-edital-25-2019\/\"><strong>Edital 25\/2019<\/strong> &#8211; validade at\u00e9 06\/10\/2023<\/a>\n<\/div>\n<div class=\"editaisAntigosStyle\">\n<a href=\"https:\/\/wp.ufpel.edu.br\/progep\/convocacoes-edital-08-2021\/\"><strong>Edital 08\/2021<\/strong> &#8211; validade: 05\/08\/2023<\/a>\n<\/div>\n<div class=\"editaisAntigosStyle\">\n<a href=\"https:\/\/wp.ufpel.edu.br\/progep\/convocacoes-edital-20-2019\/\"><strong>Edital 20\/2019<\/strong> &#8211; validade at\u00e9 25\/05\/2023<\/a>\n<\/div>\n<div class=\"editaisAntigosStyle\">\n<a href=\"https:\/\/wp.ufpel.edu.br\/progep\/convocacoes-edital-01-2021\/\"><strong>Edital 01\/2021<\/strong> &#8211; validade: 06\/04\/2023<\/a>\n<\/div>\n<div class=\"editaisAntigosStyle\">\n<a href=\"https:\/\/wp.ufpel.edu.br\/progep\/convocacoes-edital-31-2019\/\"><strong>Edital 31\/2019<\/strong> &#8211; validade: 30\/06\/2022<\/a>\n<\/div>\n<div class=\"editaisAntigosStyle\">\n<a href=\"https:\/\/wp.ufpel.edu.br\/progep\/convocacoes-edital-09-2019\/\"><strong>Edital 09\/2019<\/strong> &#8211; validade at\u00e9 23\/03\/2023<\/a>\n<\/div>\n  <\/div> ","protected":false},"excerpt":{"rendered":"<p>Convoca\u00e7\u00f5es \u2013 Docentes Substitutos Nesta p\u00e1gina ser\u00e3o divulgados as convoca\u00e7\u00f5es para Docente Substituto. Confira atrav\u00e9s dos editais abaixo. Edital 025\/2025 &#8211; validade: 09\/03\/2027, prorrog\u00e1vel por +1 ano \u00c1reas: Design OU Publicidade Farm\u00e1cia Qu\u00edmica Inorg\u00e2nica Ci\u00eancias Sociais Aplicadas Redes de Computadores e Comunica\u00e7\u00e3o de Dados Engenharia do Produto OU Ger\u00eancia de Produ\u00e7\u00e3o L\u00edngua Espanhola e Lingu\u00edstica [&hellip;]<\/p>\n","protected":false},"author":52,"featured_media":0,"parent":0,"menu_order":0,"comment_status":"closed","ping_status":"closed","template":"","meta":{"footnotes":""},"class_list":["post-14444","page","type-page","status-publish","hentry"],"_links":{"self":[{"href":"https:\/\/wp.ufpel.edu.br\/progep\/wp-json\/wp\/v2\/pages\/14444","targetHints":{"allow":["GET"]}}],"collection":[{"href":"https:\/\/wp.ufpel.edu.br\/progep\/wp-json\/wp\/v2\/pages"}],"about":[{"href":"https:\/\/wp.ufpel.edu.br\/progep\/wp-json\/wp\/v2\/types\/page"}],"author":[{"embeddable":true,"href":"https:\/\/wp.ufpel.edu.br\/progep\/wp-json\/wp\/v2\/users\/52"}],"replies":[{"embeddable":true,"href":"https:\/\/wp.ufpel.edu.br\/progep\/wp-json\/wp\/v2\/comments?post=14444"}],"version-history":[{"count":3,"href":"https:\/\/wp.ufpel.edu.br\/progep\/wp-json\/wp\/v2\/pages\/14444\/revisions"}],"predecessor-version":[{"id":40733,"href":"https:\/\/wp.ufpel.edu.br\/progep\/wp-json\/wp\/v2\/pages\/14444\/revisions\/40733"}],"wp:attachment":[{"href":"https:\/\/wp.ufpel.edu.br\/progep\/wp-json\/wp\/v2\/media?parent=14444"}],"curies":[{"name":"wp","href":"https:\/\/api.w.org\/{rel}","templated":true}]}}