{"id":14438,"date":"2020-01-20T14:12:48","date_gmt":"2020-01-20T17:12:48","guid":{"rendered":"https:\/\/wp.ufpel.edu.br\/progep\/?page_id=14438"},"modified":"2025-12-26T19:37:37","modified_gmt":"2025-12-26T22:37:37","slug":"convocacoes-edital-25-2019","status":"publish","type":"page","link":"https:\/\/wp.ufpel.edu.br\/progep\/convocacoes-edital-25-2019\/","title":{"rendered":"Convoca\u00e7\u00f5es &#8211; Edital 25\/2019"},"content":{"rendered":"\n<div class=\"wp-block-group\"><div class=\"wp-block-group__inner-container is-layout-constrained wp-block-group-is-layout-constrained\">\n<div class=\"logoTituloModelStyle\"><img class=\"size-medium wp-image-27184 alignleft\" src=\"https:\/\/wp.ufpel.edu.br\/progep\/files\/2025\/03\/logo-progep_atualizacao-nome_AZUL.png\" style=\"padding:0\" alt=\"\" \/><\/p>\n<div style=\"padding: 2rem 0\"><strong>Convoca\u00e7\u00f5es- Edital 25\/2019<\/strong><\/div>\n<\/div>\n<hr class=\"hrModelStyle\" \/>\n<div class=\"descriptionModelStyle\">Acompanhe nesta p\u00e1gina a publica\u00e7\u00e3o dos\/as nomeados\/as para servidores\/as docentes na UFPEL.<\/div>\n<\/div><\/div>\n\n\n<div class=\"pagNomeacoesStyle\">\n<p> Confira a p\u00e1gina com as informa\u00e7\u00f5es a respeito do certame: <\/p>\n<p><a href=\"https:\/\/ces.ufpel.edu.br\/conctecadmed0025_2019\/\" target=\"_blank\">Certame do Edital 25\/2019<\/a><\/p>\n<div class=\"titleStyle\"><strong>Ampla Concorr\u00eancia<\/strong><\/div> \n\n<table id=\"tablepress-193\" class=\"tablepress tablepress-id-193\">\n<thead>\n<tr class=\"row-1\">\n\t<th class=\"column-1\">Processo\/\u00c1rea\/Unidade<\/th><th class=\"column-2\">Classe<\/th><th class=\"column-3\">Classif.<br \/>\nAprovados<\/th><th class=\"column-4\">Situa\u00e7\u00e3o<\/th>\n<\/tr>\n<\/thead>\n<tbody class=\"row-striping row-hover\">\n<tr class=\"row-2\">\n\t<td class=\"column-1\"><strong>Proc. 23110.023096\/2019-51<\/strong><br \/>\nCentro de Desenvolvimento Tecnol\u00f3gico \u2013 CDTec<br \/>\nManejo de Bacias Hidrogr\u00e1ficas ou Hidrometria<\/td><td class=\"column-2\">D<\/td><td class=\"column-3\">1\u00ba Guilherme Kruger Bartels<\/td><td class=\"column-4\">Conv. em 12\/02\/2020<\/td>\n<\/tr>\n<tr class=\"row-3\">\n\t<td class=\"column-1\"><\/td><td class=\"column-2\"><\/td><td class=\"column-3\">2\u00ba J\u00e9ssica Fernanda Ogassawara<\/td><td class=\"column-4\">Conv. em 27\/01\/2022<\/td>\n<\/tr>\n<tr class=\"row-4\">\n\t<td class=\"column-1\"><\/td><td class=\"column-2\"><\/td><td class=\"column-3\">3\u00ba Bruna Moreira Sell<\/td><td class=\"column-4\">Conv. em 31\/01\/2022<\/td>\n<\/tr>\n<tr class=\"row-5\">\n\t<td class=\"column-1\"><strong>Proc. 23110.022628\/2019-32<\/strong><br \/>\nCentro de Engenharias \u2013 Ceng<br \/>\nEngenharias IV\t<\/td><td class=\"column-2\">D<\/td><td class=\"column-3\">1\u00ba Erico Castro de Albuquerque Melo<\/td><td class=\"column-4\">Conv. em 12\/02\/2020<\/td>\n<\/tr>\n<tr class=\"row-6\">\n\t<td class=\"column-1\"><\/td><td class=\"column-2\"><\/td><td class=\"column-3\">2\u00ba Pedro Taua Lopes Pereira<\/td><td class=\"column-4\"><\/td>\n<\/tr>\n<tr class=\"row-7\">\n\t<td class=\"column-1\"><strong>Proc. 23110.035383\/2019-11<\/strong><br \/>\nEscola Superior de Educa\u00e7\u00e3o F\u00edsica \u2013 ESEF<br \/>\nEduca\u00e7\u00e3o F\u00edsica<\/td><td class=\"column-2\">C<\/td><td class=\"column-3\">1\u00ba Cintia Ehlers Botton<\/td><td class=\"column-4\">Conv. em 13\/02\/2020<\/td>\n<\/tr>\n<tr class=\"row-8\">\n\t<td class=\"column-1\"><\/td><td class=\"column-2\"><\/td><td class=\"column-3\">2\u00ba Caroline Brand<\/td><td class=\"column-4\">Desist\u00eancia<\/td>\n<\/tr>\n<tr class=\"row-9\">\n\t<td class=\"column-1\"><\/td><td class=\"column-2\"><\/td><td class=\"column-3\">3\u00ba Arieli Fernandes Dias<\/td><td class=\"column-4\">Desist\u00eancia<\/td>\n<\/tr>\n<tr class=\"row-10\">\n\t<td class=\"column-1\"><strong>Proc. 23110.027127\/2019-42<\/strong><br \/>\nEscola Superior de Educa\u00e7\u00e3o F\u00edsica \u2013 ESEF<br \/>\nEduca\u00e7\u00e3o F\u00edsica<\/td><td class=\"column-2\">D<\/td><td class=\"column-3\">1\u00ba Laura Garcia Jung<\/td><td class=\"column-4\">Conv. em 11\/02\/2020<\/td>\n<\/tr>\n<tr class=\"row-11\">\n\t<td class=\"column-1\"><\/td><td class=\"column-2\"><\/td><td class=\"column-3\">2\u00ba Gabriela Barreto David<\/td><td class=\"column-4\">Conv. em 22\/02\/2022<\/td>\n<\/tr>\n<tr class=\"row-12\">\n\t<td class=\"column-1\"><\/td><td class=\"column-2\"><\/td><td class=\"column-3\">3\u00ba Mariana Ribeiro Silva<\/td><td class=\"column-4\">Conv. em 07\/07\/2023<\/td>\n<\/tr>\n<tr class=\"row-13\">\n\t<td class=\"column-1\"><strong>Proc. 23110.028694\/2019-16<\/strong><br \/>\nFaculdade de Educa\u00e7\u00e3o \u2013 FaE<br \/>\nTeoria e Pr\u00e1tica Pedag\u00f3gica<\/td><td class=\"column-2\">D<\/td><td class=\"column-3\">1\u00ba Carmen Regina Gon\u00e7alves Ferreira<\/td><td class=\"column-4\">Conv. em 12\/02\/2020<\/td>\n<\/tr>\n<tr class=\"row-14\">\n\t<td class=\"column-1\"><\/td><td class=\"column-2\"><\/td><td class=\"column-3\">2\u00ba Virginia Tavares Vieira<\/td><td class=\"column-4\"><\/td>\n<\/tr>\n<tr class=\"row-15\">\n\t<td class=\"column-1\"><\/td><td class=\"column-2\"><\/td><td class=\"column-3\">3\u00ba Anna Helena Silveira Sonego<\/td><td class=\"column-4\"><\/td>\n<\/tr>\n<tr class=\"row-16\">\n\t<td class=\"column-1\"><strong>Proc. 23110.029563\/2019-56<\/strong><br \/>\nFaculdade de Agronomia Eliseu Maciel \u2013 FAEM<br \/>\nExtens\u00e3o Rural<\/td><td class=\"column-2\">E<\/td><td class=\"column-3\">1\u00ba Let\u00edcia Paludo Vargas<\/td><td class=\"column-4\">Conv. em 12\/02\/2020<\/td>\n<\/tr>\n<tr class=\"row-17\">\n\t<td class=\"column-1\"><\/td><td class=\"column-2\"><\/td><td class=\"column-3\"><br \/>\n2\u00ba Ana Cec\u00edlia Guedes<\/td><td class=\"column-4\"><\/td>\n<\/tr>\n<tr class=\"row-18\">\n\t<td class=\"column-1\"><\/td><td class=\"column-2\"><\/td><td class=\"column-3\">3\u00ba Lillian Bastian<\/td><td class=\"column-4\"><\/td>\n<\/tr>\n<tr class=\"row-19\">\n\t<td class=\"column-1\"><\/td><td class=\"column-2\"><\/td><td class=\"column-3\">4\u00ba Iolanda Araujo Ferreira dos Santos<\/td><td class=\"column-4\"><\/td>\n<\/tr>\n<tr class=\"row-20\">\n\t<td class=\"column-1\"><\/td><td class=\"column-2\"><\/td><td class=\"column-3\">5\u00ba Leticia Bauer Nino<\/td><td class=\"column-4\"><\/td>\n<\/tr>\n<tr class=\"row-21\">\n\t<td class=\"column-1\"><strong>Proc. 23110.033236\/2019-07<\/strong><br \/>\nFaculdade de Agronomia Eliseu Maciel \u2013 FAEM<br \/>\nFitotecnia<\/td><td class=\"column-2\">D<\/td><td class=\"column-3\">1\u00ba Cristiane Mariliz Stocker<\/td><td class=\"column-4\">Conv. em 03\/03\/2020<\/td>\n<\/tr>\n<tr class=\"row-22\">\n\t<td class=\"column-1\"><\/td><td class=\"column-2\"><\/td><td class=\"column-3\">2\u00ba Gabriela Berguenmaier de Olanda<\/td><td class=\"column-4\"><\/td>\n<\/tr>\n<tr class=\"row-23\">\n\t<td class=\"column-1\"><\/td><td class=\"column-2\"><\/td><td class=\"column-3\">3\u00ba Liamara Bahr Thurow<\/td><td class=\"column-4\"><\/td>\n<\/tr>\n<tr class=\"row-24\">\n\t<td class=\"column-1\"><\/td><td class=\"column-2\"><\/td><td class=\"column-3\">4\u00ba Fabio Batista Araujo<\/td><td class=\"column-4\"><\/td>\n<\/tr>\n<tr class=\"row-25\">\n\t<td class=\"column-1\"><\/td><td class=\"column-2\"><\/td><td class=\"column-3\">5\u00ba Marcel Diedrich Eicholz<\/td><td class=\"column-4\"><\/td>\n<\/tr>\n<tr class=\"row-26\">\n\t<td class=\"column-1\"><strong>Proc. 23110.035547\/2019-01<\/strong><br \/>\nFaculdade de Medicina \u2013 FAMED<br \/>\nPsicologia Social\t<\/td><td class=\"column-2\">D<\/td><td class=\"column-3\">1\u00ba Carla Gon\u00e7alves Rodrigues<\/td><td class=\"column-4\">Conv. em 26\/06\/2020<\/td>\n<\/tr>\n<tr class=\"row-27\">\n\t<td class=\"column-1\"><\/td><td class=\"column-2\"><\/td><td class=\"column-3\">2\u00ba Eduardo Georj\u00e3o Fernandes<\/td><td class=\"column-4\">Conv. em 06\/04\/2021<\/td>\n<\/tr>\n<tr class=\"row-28\">\n\t<td class=\"column-1\"><\/td><td class=\"column-2\"><\/td><td class=\"column-3\">3\u00ba Alana Soares Albuquerque<\/td><td class=\"column-4\">Conv. em 20\/08\/2021<\/td>\n<\/tr>\n<tr class=\"row-29\">\n\t<td class=\"column-1\"><\/td><td class=\"column-2\"><\/td><td class=\"column-3\">4\u00ba Poti Quartiero Gavillon<\/td><td class=\"column-4\">Neg. em 25\/08\/2021<\/td>\n<\/tr>\n<tr class=\"row-30\">\n\t<td class=\"column-1\"><strong>Proc. 23110.037060\/2019-54<\/strong><br \/>\nFaculdade de Arquitetura e Urbanismo \u2013 FAUrb<br \/>\nProjeto de Arquitetura e Urbanismo OU Fundamentos de Arquitetura e Urbanismo OU Desenho de Projetos\t<\/td><td class=\"column-2\">E e D<\/td><td class=\"column-3\">1\u00ba Ana Paula Vieceli<\/td><td class=\"column-4\">Conv. em 10\/02\/2020<\/td>\n<\/tr>\n<tr class=\"row-31\">\n\t<td class=\"column-1\"><\/td><td class=\"column-2\"><\/td><td class=\"column-3\">2\u00ba Helena Bender<\/td><td class=\"column-4\">Conv. em 05\/03\/2020<\/td>\n<\/tr>\n<tr class=\"row-32\">\n\t<td class=\"column-1\"><strong>Proc. 23110.031775\/2019-01<\/strong><br \/>\nFaculdade de Odontologia \u2013 FO<br \/>\nPr\u00f3tese Dent\u00e1ria ou Reabilita\u00e7\u00e3o Oral<\/td><td class=\"column-2\">D<\/td><td class=\"column-3\">1\u00ba Amalia Machado Bielemann<\/td><td class=\"column-4\">Conv. em 12\/02\/2020<\/td>\n<\/tr>\n<tr class=\"row-33\">\n\t<td class=\"column-1\"><\/td><td class=\"column-2\"><\/td><td class=\"column-3\">2\u00ba Alessandra Julie Schuster<\/td><td class=\"column-4\">Conv. em 01\/03\/2021<\/td>\n<\/tr>\n<tr class=\"row-34\">\n\t<td class=\"column-1\"><strong>Proc. 23110.039568\/2019-97<\/strong><br \/>\nFaculdade de Odontologia \u2013 FO<br \/>\nMateriais Odontol\u00f3gicos<\/td><td class=\"column-2\">C<\/td><td class=\"column-3\">1\u00ba Julia Cadorim Facenda<\/td><td class=\"column-4\">Conv. em 11\/03\/2020<\/td>\n<\/tr>\n<tr class=\"row-35\">\n\t<td class=\"column-1\"><strong>Proc. 23110.032809\/2019-77<\/strong><br \/>\nFaculdade de Odontologia \u2013 FO<br \/>\nOdontologia<\/td><td class=\"column-2\">D<\/td><td class=\"column-3\">1\u00ba Ana Paula Rodrigues Gon\u00e7alves<\/td><td class=\"column-4\">Conv. em 12\/02\/2020<\/td>\n<\/tr>\n<tr class=\"row-36\">\n\t<td class=\"column-1\"><\/td><td class=\"column-2\"><\/td><td class=\"column-3\">2\u00ba Analice da Cunha Rocha<\/td><td class=\"column-4\">Conv. em 09\/03\/2020<\/td>\n<\/tr>\n<tr class=\"row-37\">\n\t<td class=\"column-1\"><strong>Proc. 23110.032861\/2019-23<\/strong><br \/>\nInstituto de Biologia \u2013 IB<br \/>\nMicrobiologia<\/td><td class=\"column-2\">D<\/td><td class=\"column-3\">1\u00ba Luiza da Gama Os\u00f3rio<\/td><td class=\"column-4\"><\/td>\n<\/tr>\n<tr class=\"row-38\">\n\t<td class=\"column-1\"><\/td><td class=\"column-2\"><\/td><td class=\"column-3\">2\u00ba Marcelo Gomes de Gomes<\/td><td class=\"column-4\"><\/td>\n<\/tr>\n<tr class=\"row-39\">\n\t<td class=\"column-1\"><\/td><td class=\"column-2\"><\/td><td class=\"column-3\">3\u00ba Marcos Roberto Alves Ferreira<\/td><td class=\"column-4\"><\/td>\n<\/tr>\n<tr class=\"row-40\">\n\t<td class=\"column-1\"><\/td><td class=\"column-2\"><\/td><td class=\"column-3\">4\u00ba Cristina Gomes Zambrano<\/td><td class=\"column-4\"><\/td>\n<\/tr>\n<tr class=\"row-41\">\n\t<td class=\"column-1\"><strong>Proc. 23110.027483\/2019-66<\/strong><br \/>\nInstituto de Ci\u00eancias Humanas \u2013 ICH<br \/>\nMicroeconomia e M\u00e9todos Quantitativos<\/td><td class=\"column-2\">C<\/td><td class=\"column-3\">1\u00ba Alexandre Rodrigues Loures<\/td><td class=\"column-4\">Conv. em 02\/03\/2020<\/td>\n<\/tr>\n<tr class=\"row-42\">\n\t<td class=\"column-1\"><strong>Proc. 23110.037440\/2019-99<\/strong><br \/>\nInstituto de F\u00edsica e Matem\u00e1tica \u2013 IFM<br \/>\nCi\u00eancias Exatas e da Terra<\/td><td class=\"column-2\">C<\/td><td class=\"column-3\">1\u00ba Laura Fernanda Osmari Vendrame<\/td><td class=\"column-4\">Conv. em 03\/01\/2020<\/td>\n<\/tr>\n<tr class=\"row-43\">\n\t<td class=\"column-1\"><\/td><td class=\"column-2\"><\/td><td class=\"column-3\">2\u00ba Gabriela Hollmann<\/td><td class=\"column-4\"><\/td>\n<\/tr>\n<tr class=\"row-44\">\n\t<td class=\"column-1\"><\/td><td class=\"column-2\"><\/td><td class=\"column-3\">3\u00ba Humberto Dias Vianna<\/td><td class=\"column-4\"><\/td>\n<\/tr>\n<tr class=\"row-45\">\n\t<td class=\"column-1\"><\/td><td class=\"column-2\"><\/td><td class=\"column-3\">4\u00ba Milena Ramos Vaz Fontes<\/td><td class=\"column-4\"><\/td>\n<\/tr>\n<tr class=\"row-46\">\n\t<td class=\"column-1\"><strong>Proc. 23110.033907\/2019-21<\/strong><br \/>\nInstituto de F\u00edsica e Matem\u00e1tica \u2013 IFM<br \/>\nMatem\u00e1tica OU Estat\u00edstica OU Ci\u00eancias Agr\u00e1rias<\/td><td class=\"column-2\">C<\/td><td class=\"column-3\">1\u00ba Fernanda Tumelero<\/td><td class=\"column-4\">Conv. em 13\/02\/2020<\/td>\n<\/tr>\n<tr class=\"row-47\">\n\t<td class=\"column-1\"><\/td><td class=\"column-2\"><\/td><td class=\"column-3\">2\u00ba Lidiane Raquel Eloy<\/td><td class=\"column-4\">Conv. em 06\/05\/2022<\/td>\n<\/tr>\n<\/tbody>\n<\/table>\n<!-- #tablepress-193 from cache -->\n<div class=\"titleStyle\"><strong> COTAS RACIAIS<\/strong><\/div>\n\n<table id=\"tablepress-194\" class=\"tablepress tablepress-id-194\">\n<thead>\n<tr class=\"row-1\">\n\t<th class=\"column-1\">Processo\/\u00c1rea\/Unidade<\/th><th class=\"column-2\">Classe<\/th><th class=\"column-3\">Classif. <br \/>\nAprovados<\/th><th class=\"column-4\">Situa\u00e7\u00e3o<\/th>\n<\/tr>\n<\/thead>\n<tbody class=\"row-striping row-hover\">\n<tr class=\"row-2\">\n\t<td class=\"column-1\"><strong>Proc. 23110.027483\/2019-66<\/strong><br \/>\nInstituto de Ci\u00eancias Humanas \u2013 ICH<br \/>\nMicroeconomia e M\u00e9todos Quantitativos<\/td><td class=\"column-2\">C<\/td><td class=\"column-3\">1\u00ba Pierre Joseph Nelcide<\/td><td class=\"column-4\">Conv. em 10\/02\/2020<\/td>\n<\/tr>\n<\/tbody>\n<\/table>\n<!-- #tablepress-194 from cache -->\n<div class=\"titleStyle\"><strong> COTAS PCD<\/strong><\/div>\n<p style=\"text-align:center\">\n<table id=\"tablepress-195\" class=\"tablepress tablepress-id-195\">\n<thead>\n<tr class=\"row-1\">\n\t<th class=\"column-1\">Processo\/\u00c1rea\/Unidade<\/th><th class=\"column-2\">Classe<\/th><th class=\"column-3\">Classif.<br \/>\nAprovados<\/th><th class=\"column-4\">Situa\u00e7\u00e3o<\/th>\n<\/tr>\n<\/thead>\n<tbody class=\"row-striping row-hover\">\n<tr class=\"row-2\">\n\t<td class=\"column-1\"><strong>Proc. 23110.032861\/2019-23<\/strong><br \/>\nInstituto de Biologia \u2013 IB<br \/>\nMicrobiologia<\/td><td class=\"column-2\">D<\/td><td class=\"column-3\">1\u00ba \tStefanie Bressan Waller<\/td><td class=\"column-4\"><\/td>\n<\/tr>\n<tr class=\"row-3\">\n\t<td class=\"column-1\"><strong>Proc. 23110.035547\/2019-01<\/strong><br \/>\nFaculdade de Medicina \u2013 FAMED<br \/>\nPsicologia Social<\/td><td class=\"column-2\">D<\/td><td class=\"column-3\">2\u00ba Helen Bedinoto Durgante<\/td><td class=\"column-4\">Negativa em 17\/03\/2021<\/td>\n<\/tr>\n<\/tbody>\n<\/table>\n<!-- #tablepress-195 from cache -->\n<\/div>\n\n","protected":false},"excerpt":{"rendered":"<p>Convoca\u00e7\u00f5es- Edital 25\/2019 Acompanhe nesta p\u00e1gina a publica\u00e7\u00e3o dos\/as nomeados\/as para servidores\/as docentes na UFPEL. Confira a p\u00e1gina com as informa\u00e7\u00f5es a respeito do certame: Certame do Edital 25\/2019 Ampla Concorr\u00eancia COTAS RACIAIS COTAS PCD<\/p>\n","protected":false},"author":52,"featured_media":0,"parent":0,"menu_order":0,"comment_status":"closed","ping_status":"closed","template":"","meta":{"footnotes":""},"class_list":["post-14438","page","type-page","status-publish","hentry"],"_links":{"self":[{"href":"https:\/\/wp.ufpel.edu.br\/progep\/wp-json\/wp\/v2\/pages\/14438","targetHints":{"allow":["GET"]}}],"collection":[{"href":"https:\/\/wp.ufpel.edu.br\/progep\/wp-json\/wp\/v2\/pages"}],"about":[{"href":"https:\/\/wp.ufpel.edu.br\/progep\/wp-json\/wp\/v2\/types\/page"}],"author":[{"embeddable":true,"href":"https:\/\/wp.ufpel.edu.br\/progep\/wp-json\/wp\/v2\/users\/52"}],"replies":[{"embeddable":true,"href":"https:\/\/wp.ufpel.edu.br\/progep\/wp-json\/wp\/v2\/comments?post=14438"}],"version-history":[{"count":3,"href":"https:\/\/wp.ufpel.edu.br\/progep\/wp-json\/wp\/v2\/pages\/14438\/revisions"}],"predecessor-version":[{"id":39840,"href":"https:\/\/wp.ufpel.edu.br\/progep\/wp-json\/wp\/v2\/pages\/14438\/revisions\/39840"}],"wp:attachment":[{"href":"https:\/\/wp.ufpel.edu.br\/progep\/wp-json\/wp\/v2\/media?parent=14438"}],"curies":[{"name":"wp","href":"https:\/\/api.w.org\/{rel}","templated":true}]}}