{"id":14389,"date":"2019-12-13T16:43:56","date_gmt":"2019-12-13T19:43:56","guid":{"rendered":"https:\/\/wp.ufpel.edu.br\/progep\/?page_id=14389"},"modified":"2025-12-26T15:13:45","modified_gmt":"2025-12-26T18:13:45","slug":"nomeacoes-edital-26-2017-2","status":"publish","type":"page","link":"https:\/\/wp.ufpel.edu.br\/progep\/nomeacoes-edital-26-2017-2\/","title":{"rendered":"NOMEA\u00c7\u00d5ES &#8211; EDITAL 26\/2017"},"content":{"rendered":"\n<div class=\"wp-block-group\"><div class=\"wp-block-group__inner-container is-layout-constrained wp-block-group-is-layout-constrained\">\n<div class=\"logoTituloModelStyle\"><img class=\"size-medium wp-image-27184 alignleft\" src=\"https:\/\/wp.ufpel.edu.br\/progep\/files\/2025\/03\/logo-progep_atualizacao-nome_AZUL.png\" style=\"padding:0\" alt=\"\" \/><\/p>\n<div style=\"padding: 2rem 0\"><strong>Nomea\u00e7\u00f5es &#8211; Edital 26\/2017<\/strong><\/div>\n<\/div>\n<hr class=\"hrModelStyle\" \/>\n<div class=\"descriptionModelStyle\">Acompanhe nesta p\u00e1gina a publica\u00e7\u00e3o dos\/as nomeados\/as para servidores\/as docentes na UFPEL.<\/div>\n<\/div><\/div>\n\n\n<div class=\"pagNomeacoesStyle\">\n<p> Confira a p\u00e1gina com as informa\u00e7\u00f5es a respeito do certame: <\/p>\n<p><a href=\"https:\/\/ces.ufpel.edu.br\/conctecadmed0026_2017\/\" target=\"_blank\">Certame do Edital 26\/2017<\/a><\/p>\n<div class=\"titleStyle\"><strong>Ampla Concorr\u00eancia<\/strong><\/div> \n\n<table id=\"tablepress-170\" class=\"tablepress tablepress-id-170\">\n<thead>\n<tr class=\"row-1\">\n\t<th class=\"column-1\">Unidade\/\u00c1rea\/Processo<\/th><th class=\"column-2\">Aprovados<\/th><th class=\"column-3\">Situa\u00e7\u00e3o<\/th>\n<\/tr>\n<\/thead>\n<tbody class=\"row-striping row-hover\">\n<tr class=\"row-2\">\n\t<td class=\"column-1\"><strong>Centro de Ci\u00eancias Qu\u00edmicas, Farmac\u00eauticas e de Alimentos<\/strong><br \/>\nQu\u00edmica<br \/>\nProc. 23110.004630\/2017-68<\/td><td class=\"column-2\">1\u00ba Marcio Santos da Silva<\/td><td class=\"column-3\">Nomeado(a) em 26\/04\/2018<\/td>\n<\/tr>\n<tr class=\"row-3\">\n\t<td class=\"column-1\"><\/td><td class=\"column-2\">2\u00ba Jussiane Souza da Silva<\/td><td class=\"column-3\"><\/td>\n<\/tr>\n<tr class=\"row-4\">\n\t<td class=\"column-1\"><\/td><td class=\"column-2\">3\u00ba Jos\u00e9 Sebasti\u00e3o dos Santos Neto<\/td><td class=\"column-3\"><\/td>\n<\/tr>\n<tr class=\"row-5\">\n\t<td class=\"column-1\"><strong>Centro de Engenharias<\/strong><br \/>\nEngenharias<br \/>\nProc. 23110.005951\/2017-80<\/td><td class=\"column-2\">1\u00ba Leandro Sanzi Aquino<\/td><td class=\"column-3\">Nomeado(a) em 09\/04\/2018<\/td>\n<\/tr>\n<tr class=\"row-6\">\n\t<td class=\"column-1\"><\/td><td class=\"column-2\">2\u00ba Fabricio Correia de Oliveira<\/td><td class=\"column-3\"><\/td>\n<\/tr>\n<tr class=\"row-7\">\n\t<td class=\"column-1\"><\/td><td class=\"column-2\">3\u00ba Vin\u00edcius Augusto de Oliveira<\/td><td class=\"column-3\"><\/td>\n<\/tr>\n<tr class=\"row-8\">\n\t<td class=\"column-1\"><\/td><td class=\"column-2\">4\u00ba Carlos Emmanuel Ribeiro Lautenschlager<\/td><td class=\"column-3\"><\/td>\n<\/tr>\n<tr class=\"row-9\">\n\t<td class=\"column-1\"><\/td><td class=\"column-2\">5\u00ba Daiane Hellnvig Zarnott<\/td><td class=\"column-3\"><\/td>\n<\/tr>\n<tr class=\"row-10\">\n\t<td class=\"column-1\"><strong>Centro de Engenharias<\/strong><br \/>\nEstruturas<br \/>\nProc. 23110.005950\/2017-35<\/td><td class=\"column-2\">1\u00ba Rafael de Avila Delucis<\/td><td class=\"column-3\">Nomeado(a) em 09\/04\/2018<\/td>\n<\/tr>\n<tr class=\"row-11\">\n\t<td class=\"column-1\"><\/td><td class=\"column-2\">2\u00ba Juliana do Amaral Martins Grimmler<\/td><td class=\"column-3\"><\/td>\n<\/tr>\n<tr class=\"row-12\">\n\t<td class=\"column-1\"><strong>Centro de Letras e Comunica\u00e7\u00e3o<\/strong><br \/>\nL\u00ednguas Estrangeiras Modernas \u2013 Alem\u00e3o<br \/>\nProc. 23110.007229\/2017-80<\/td><td class=\"column-2\">1\u00ba Bernardo Kolling Limberger<\/td><td class=\"column-3\">Nomeado(a) em 09\/04\/2018<\/td>\n<\/tr>\n<tr class=\"row-13\">\n\t<td class=\"column-1\"><strong>Escola Superior de Educa\u00e7\u00e3o F\u00edsica<\/strong><br \/>\nEsportes Coletivos \u2013 \u00canfase em Voleibol e Pedagogia do Esporte<br \/>\nProc. 23110.006214\/2017-02<\/td><td class=\"column-2\">1\u00ba In\u00e1cio Crochemore Mohnsam da Silva<\/td><td class=\"column-3\">Nomeado(a) em 09\/04\/2018<\/td>\n<\/tr>\n<tr class=\"row-14\">\n\t<td class=\"column-1\"><\/td><td class=\"column-2\">2\u00ba Ana Carolina Kanitz<\/td><td class=\"column-3\"><\/td>\n<\/tr>\n<tr class=\"row-15\">\n\t<td class=\"column-1\"><strong>Faculdade de Agronomia Eliseu Maciel<\/strong><br \/>\nFertilidade do Solo e Aduba\u00e7\u00e3o<br \/>\nProc. 23110.002753\/2017-64<\/td><td class=\"column-2\">1\u00ba Filipe Selau Carlos<\/td><td class=\"column-3\">Nomeado(a) em 09\/04\/2018<\/td>\n<\/tr>\n<tr class=\"row-16\">\n\t<td class=\"column-1\"><\/td><td class=\"column-2\">2\u00ba Djalma Eugenio Schmitt<\/td><td class=\"column-3\">Desistiu<\/td>\n<\/tr>\n<tr class=\"row-17\">\n\t<td class=\"column-1\"><\/td><td class=\"column-2\">3\u00ba Wedisson Oliveira Santos<\/td><td class=\"column-3\">Desistiu<\/td>\n<\/tr>\n<tr class=\"row-18\">\n\t<td class=\"column-1\"><\/td><td class=\"column-2\">4\u00ba Lizete Stumpf<\/td><td class=\"column-3\">Nomeado(a) em 29\/11\/2019<\/td>\n<\/tr>\n<tr class=\"row-19\">\n\t<td class=\"column-1\"><strong>Faculdade de Agronomia Eliseu Maciel<\/strong><br \/>\nProdu\u00e7\u00e3o Animal<br \/>\nProc. 23110.006678\/2017-19<\/td><td class=\"column-2\">1\u00ba Giovani Fiorentini<\/td><td class=\"column-3\">Nomeado(a) em 26\/04\/2018<\/td>\n<\/tr>\n<tr class=\"row-20\">\n\t<td class=\"column-1\"><\/td><td class=\"column-2\">2\u00ba Laura Franco Prados<\/td><td class=\"column-3\"><\/td>\n<\/tr>\n<tr class=\"row-21\">\n\t<td class=\"column-1\"><\/td><td class=\"column-2\">3\u00ba Alisson Marian Callegaro<\/td><td class=\"column-3\"><\/td>\n<\/tr>\n<tr class=\"row-22\">\n\t<td class=\"column-1\"><\/td><td class=\"column-2\">4\u00ba Jorgea Pradiee<\/td><td class=\"column-3\"><\/td>\n<\/tr>\n<tr class=\"row-23\">\n\t<td class=\"column-1\"><\/td><td class=\"column-2\">5\u00ba Leonardo de Melo Menezes<\/td><td class=\"column-3\"><\/td>\n<\/tr>\n<tr class=\"row-24\">\n\t<td class=\"column-1\"><strong>Faculdade de Arquitetura e Urbanismo<\/strong><br \/>\nProjeto de Arquitetura e Urbanismo OU Planejamento e Projeto do Espa\u00e7o Urbano OU Legisla\u00e7\u00e3o Urbana e Regional OU Aspectos Sociais do Planejamento Urbano e Regional<br \/>\nProc. 23110.005954\/2017-13<\/td><td class=\"column-2\">1\u00ba Emanuela Di Felice<\/td><td class=\"column-3\">Nomeado(a) em 25\/05\/2018<\/td>\n<\/tr>\n<tr class=\"row-25\">\n\t<td class=\"column-1\"><strong>Faculdade de Arquitetura e Urbanismo<\/strong><br \/>\nTecnologia de Arquitetura e Urbanismo<br \/>\nProc. 23110.004020\/2017-64<\/td><td class=\"column-2\">1\u00ba Leticia Ramos Berr<\/td><td class=\"column-3\">Tornada sem efeito<\/td>\n<\/tr>\n<tr class=\"row-26\">\n\t<td class=\"column-1\"><strong>Faculdade de Educa\u00e7\u00e3o<\/strong><br \/>\nEduca\u00e7\u00e3o Infantil<br \/>\nProc. 23110.006257\/2017-80<\/td><td class=\"column-2\">1\u00ba Maiane Liana Hatschbach Ourique<\/td><td class=\"column-3\">Nomeado(a) em 09\/04\/2018<\/td>\n<\/tr>\n<tr class=\"row-27\">\n\t<td class=\"column-1\"><\/td><td class=\"column-2\">2\u00ba Caroline Braga Michel<\/td><td class=\"column-3\"><\/td>\n<\/tr>\n<tr class=\"row-28\">\n\t<td class=\"column-1\"><\/td><td class=\"column-2\">3\u00ba Kelly Werle<\/td><td class=\"column-3\"><\/td>\n<\/tr>\n<tr class=\"row-29\">\n\t<td class=\"column-1\"><\/td><td class=\"column-2\">4\u00ba Carmen Regina Gon\u00e7alves Ferreira<\/td><td class=\"column-3\"><\/td>\n<\/tr>\n<tr class=\"row-30\">\n\t<td class=\"column-1\"><strong>Faculdade de Educa\u00e7\u00e3o<\/strong><br \/>\nPol\u00edtica Educacional<br \/>\nProc. 23110.006253\/2017-00<\/td><td class=\"column-2\">1\u00ba Iana Gomes de Lima<\/td><td class=\"column-3\">Nomeado(a) em 25\/05\/2018<\/td>\n<\/tr>\n<tr class=\"row-31\">\n\t<td class=\"column-1\"><\/td><td class=\"column-2\">2\u00ba Leonardo Dornelles Gon\u00e7alves<\/td><td class=\"column-3\">Nomeado(a) em 17\/12\/2018<\/td>\n<\/tr>\n<tr class=\"row-32\">\n\t<td class=\"column-1\"><\/td><td class=\"column-2\">3\u00ba Elen Machado Tavares<\/td><td class=\"column-3\">Tornada sem efeito<\/td>\n<\/tr>\n<tr class=\"row-33\">\n\t<td class=\"column-1\"><\/td><td class=\"column-2\">4\u00ba Eugenia Antunes Dias<\/td><td class=\"column-3\">Nomeado(a) em 21\/03\/2019<\/td>\n<\/tr>\n<tr class=\"row-34\">\n\t<td class=\"column-1\"><\/td><td class=\"column-2\">5\u00ba Rita Cristine Basso Soares Severo<\/td><td class=\"column-3\"><\/td>\n<\/tr>\n<tr class=\"row-35\">\n\t<td class=\"column-1\"><strong>Faculdade de Medicina<\/strong><br \/>\nGinecologia e Obstetr\u00edcia<br \/>\nProc. 23110.007677\/2015-11<\/td><td class=\"column-2\">1\u00ba Tatiane Bilhalva Foga\u00e7a<\/td><td class=\"column-3\">Nomeado(a) em 09\/04\/2018<\/td>\n<\/tr>\n<tr class=\"row-36\">\n\t<td class=\"column-1\"><strong>Faculdade de Medicina<\/strong><br \/>\nOftalmologia<br \/>\nProc. 23110.007674\/2015-88<\/td><td class=\"column-2\">1\u00ba Tatiana Kauffmann Papaleo<\/td><td class=\"column-3\">Nomeado(a) em 11\/05\/2018<\/td>\n<\/tr>\n<tr class=\"row-37\">\n\t<td class=\"column-1\"><strong>Faculdade de Medicina<\/strong><br \/>\nPneumologia<br \/>\nProc. 23110.004998\/2017-26<\/td><td class=\"column-2\">1\u00ba Ricardo Bica Noal<\/td><td class=\"column-3\">Nomeado(a) em 09\/04\/2018<\/td>\n<\/tr>\n<tr class=\"row-38\">\n\t<td class=\"column-1\"><strong>Faculdade de Medicina<\/strong>Terapia Ocupacional<br \/>\nProc. 23110.005884\/2017-01<\/td><td class=\"column-2\">1\u00ba Diego Eugenio Roquette Godoy Almeida<\/td><td class=\"column-3\">Nomeado(a) em 26\/04\/2018<\/td>\n<\/tr>\n<tr class=\"row-39\">\n\t<td class=\"column-1\"><strong>Faculdade de Odontologia<\/strong><br \/>\nCariologia<br \/>\nProc. 23110.003311\/2017-35<\/td><td class=\"column-2\">1\u00ba Francoise Helene Van de Sande Leite<\/td><td class=\"column-3\">Nomeado(a) em 09\/04\/2018<\/td>\n<\/tr>\n<tr class=\"row-40\">\n\t<td class=\"column-1\"><\/td><td class=\"column-2\">2\u00ba Wellington Luiz de Oliveira da Rosa<\/td><td class=\"column-3\">Nomeado(a) em 24\/07\/2019<\/td>\n<\/tr>\n<tr class=\"row-41\">\n\t<td class=\"column-1\"><\/td><td class=\"column-2\">3\u00ba Tamires Timm Maske<\/td><td class=\"column-3\"><\/td>\n<\/tr>\n<tr class=\"row-42\">\n\t<td class=\"column-1\"><\/td><td class=\"column-2\">4\u00ba Luiz Alexandre Chisini<\/td><td class=\"column-3\"><\/td>\n<\/tr>\n<tr class=\"row-43\">\n\t<td class=\"column-1\"><\/td><td class=\"column-2\">5\u00ba Kaue Collares<\/td><td class=\"column-3\"><\/td>\n<\/tr>\n<tr class=\"row-44\">\n\t<td class=\"column-1\"><strong>Faculdade de Odontologia<\/strong><br \/>\nEndodontia<br \/>\nProc. 23110.003330\/2017-61<\/td><td class=\"column-2\">1\u00ba Francine Benetti<\/td><td class=\"column-3\"><\/td>\n<\/tr>\n<tr class=\"row-45\">\n\t<td class=\"column-1\"><\/td><td class=\"column-2\">2\u00ba Luciane Geanini Pena dos Santos<\/td><td class=\"column-3\">Nomeada pela lista de cotas raciais<\/td>\n<\/tr>\n<tr class=\"row-46\">\n\t<td class=\"column-1\"><\/td><td class=\"column-2\">3\u00ba Pauline Mastella Lang<\/td><td class=\"column-3\"><\/td>\n<\/tr>\n<tr class=\"row-47\">\n\t<td class=\"column-1\"><\/td><td class=\"column-2\">4\u00ba Leticia Boldrin Mestieri<\/td><td class=\"column-3\"><\/td>\n<\/tr>\n<tr class=\"row-48\">\n\t<td class=\"column-1\"><\/td><td class=\"column-2\">5\u00ba Rafaela Andrade de Vasconcelos<\/td><td class=\"column-3\"><\/td>\n<\/tr>\n<tr class=\"row-49\">\n\t<td class=\"column-1\"><strong>Faculdade de Odontologia<\/strong><br \/>\nOdontologia Social e Preventiva OU Epidemiologia OU Sa\u00fade P\u00fablica<br \/>\nProc. 23110.003303\/2017-99<\/td><td class=\"column-2\">1\u00ba Ot\u00e1vio Pereira Davila<\/td><td class=\"column-3\">Nomeado(a) em 17\/04\/2018<\/td>\n<\/tr>\n<tr class=\"row-50\">\n\t<td class=\"column-1\"><\/td><td class=\"column-2\">2\u00ba Lenise Menezes Seerig<\/td><td class=\"column-3\">Tornada sem efeito<\/td>\n<\/tr>\n<tr class=\"row-51\">\n\t<td class=\"column-1\"><\/td><td class=\"column-2\">3\u00ba Bernardo Ant\u00f4nio Agostini<\/td><td class=\"column-3\">Tornada sem efeito<\/td>\n<\/tr>\n<tr class=\"row-52\">\n\t<td class=\"column-1\"><strong>Faculdade de Odontologia <\/strong><br \/>\nOdontopediatria<br \/>\nProc. 23110.003559\/2017-04<\/td><td class=\"column-2\">1\u00ba Vanessa Polina Pereira da Costa<\/td><td class=\"column-3\">Nomeado(a) em 17\/04\/2018<\/td>\n<\/tr>\n<tr class=\"row-53\">\n\t<td class=\"column-1\"><\/td><td class=\"column-2\">2\u00ba Cristiane Meira Assun\u00e7\u00e3o<\/td><td class=\"column-3\"><\/td>\n<\/tr>\n<tr class=\"row-54\">\n\t<td class=\"column-1\"><\/td><td class=\"column-2\">3\u00ba Mariana Gonzalez Cadermatori<\/td><td class=\"column-3\"><\/td>\n<\/tr>\n<tr class=\"row-55\">\n\t<td class=\"column-1\"><strong>Faculdade de Odontologia <\/strong><br \/>\nPeriodontia<br \/>\nProc. 23110.004760\/2017-09<\/td><td class=\"column-2\">1\u00ba Francisco Wilker Mustafa Gomes Muniz<\/td><td class=\"column-3\">Nomeado(a) em 09\/04\/2018<\/td>\n<\/tr>\n<tr class=\"row-56\">\n\t<td class=\"column-1\"><\/td><td class=\"column-2\">2\u00ba Maisa Casarin<\/td><td class=\"column-3\">Nomeado(a) em 23\/04\/2018<\/td>\n<\/tr>\n<tr class=\"row-57\">\n\t<td class=\"column-1\"><\/td><td class=\"column-2\">3\u00ba Giovane Hisse Gomes<\/td><td class=\"column-3\"><\/td>\n<\/tr>\n<tr class=\"row-58\">\n\t<td class=\"column-1\"><strong>Faculdade de Veterin\u00e1ria <\/strong><br \/>\nCl\u00ednica Veterin\u00e1ria de Pequenos Animais<br \/>\nProc. 23110.004885\/2017-21<\/td><td class=\"column-2\">1\u00ba Mariana Cristina Hoeppner Rondelli<\/td><td class=\"column-3\">Nomeado(a) em 09\/04\/2018<\/td>\n<\/tr>\n<tr class=\"row-59\">\n\t<td class=\"column-1\"><\/td><td class=\"column-2\">2\u00ba Paula Priscila Correia Costa<\/td><td class=\"column-3\">Nomeado(a) em 16\/05\/2019<\/td>\n<\/tr>\n<tr class=\"row-60\">\n\t<td class=\"column-1\"><\/td><td class=\"column-2\">3\u00ba Sergio Jorge<\/td><td class=\"column-3\">Enc. p\/ nomea\u00e7\u00e3o (prev. Fev\/2020)<\/td>\n<\/tr>\n<tr class=\"row-61\">\n\t<td class=\"column-1\"><\/td><td class=\"column-2\">4\u00ba Clarissa Caetano de Castro<\/td><td class=\"column-3\"><\/td>\n<\/tr>\n<tr class=\"row-62\">\n\t<td class=\"column-1\"><strong>Instituto de Biologia <\/strong><br \/>\nAnatomia Humana<br \/>\nProc. 23110.007341\/2017-11<\/td><td class=\"column-2\">1\u00ba Mariana Soares Valen\u00e7a<\/td><td class=\"column-3\">Nomeado(a) em 10\/04\/2018<\/td>\n<\/tr>\n<tr class=\"row-63\">\n\t<td class=\"column-1\"><\/td><td class=\"column-2\">2\u00ba Anelise Levay Murari<\/td><td class=\"column-3\">Nomeado(a) em 24\/07\/2019<\/td>\n<\/tr>\n<tr class=\"row-64\">\n\t<td class=\"column-1\"><\/td><td class=\"column-2\">3\u00ba Josiane Jimenez Rojas<\/td><td class=\"column-3\">Nomeado(a) em 18\/02\/2020<\/td>\n<\/tr>\n<tr class=\"row-65\">\n\t<td class=\"column-1\"><\/td><td class=\"column-2\">4\u00ba Fernanda Burlani Neves<\/td><td class=\"column-3\"><\/td>\n<\/tr>\n<tr class=\"row-66\">\n\t<td class=\"column-1\"><strong>Instituto de Filosofia, Sociologia e Pol\u00edtica<\/strong><br \/>\nSociologia<br \/>\nProc. 23110.005143\/2017-12<\/td><td class=\"column-2\">1\u00ba Simone da Silva Ribeiro Gomes<\/td><td class=\"column-3\">Nomeado(a) em 26\/04\/2018<\/td>\n<\/tr>\n<tr class=\"row-67\">\n\t<td class=\"column-1\"><\/td><td class=\"column-2\">2\u00ba Thays Wolfarth Mossi<\/td><td class=\"column-3\"><\/td>\n<\/tr>\n<tr class=\"row-68\">\n\t<td class=\"column-1\"><\/td><td class=\"column-2\">3\u00ba Celso Gabatz<\/td><td class=\"column-3\"><\/td>\n<\/tr>\n<tr class=\"row-69\">\n\t<td class=\"column-1\"><\/td><td class=\"column-2\">4\u00ba Andressa da Silva Correa<\/td><td class=\"column-3\"><\/td>\n<\/tr>\n<tr class=\"row-70\">\n\t<td class=\"column-1\"><\/td><td class=\"column-2\">5\u00ba Alessandra Santos Nascimento<\/td><td class=\"column-3\"><\/td>\n<\/tr>\n<\/tbody>\n<\/table>\n\n<div class=\"titleStyle\"><strong> COTAS RACIAIS<\/strong><\/div>\n\n<table id=\"tablepress-171\" class=\"tablepress tablepress-id-171\">\n<thead>\n<tr class=\"row-1\">\n\t<th class=\"column-1\">Unidade\/\u00c1rea\/Processo<\/th><th class=\"column-2\">Aprovados<\/th><th class=\"column-3\">Situa\u00e7\u00e3o<\/th>\n<\/tr>\n<\/thead>\n<tbody class=\"row-striping row-hover\">\n<tr class=\"row-2\">\n\t<td class=\"column-1\"><strong>Faculdade de Odontologia<\/strong><br \/>\nEndodontia<br \/>\nProc. 23110.003330\/2017-61<\/td><td class=\"column-2\">1\u00ba Luciane Geanini Pena dos Santos<\/td><td class=\"column-3\">Nomeado(a) em 09\/04\/2018<\/td>\n<\/tr>\n<\/tbody>\n<\/table>\n\n<div class=\"titleStyle\"><strong> COTAS PCD<\/strong><\/div>\n<p style=\"text-align:center\">&#8212;&#8211;<\/p>\n<\/div>\n\n","protected":false},"excerpt":{"rendered":"<p>Nomea\u00e7\u00f5es &#8211; Edital 26\/2017 Acompanhe nesta p\u00e1gina a publica\u00e7\u00e3o dos\/as nomeados\/as para servidores\/as docentes na UFPEL. Confira a p\u00e1gina com as informa\u00e7\u00f5es a respeito do certame: Certame do Edital 26\/2017 Ampla Concorr\u00eancia COTAS RACIAIS COTAS PCD &#8212;&#8211;<\/p>\n","protected":false},"author":52,"featured_media":0,"parent":0,"menu_order":0,"comment_status":"closed","ping_status":"closed","template":"","meta":{"footnotes":""},"class_list":["post-14389","page","type-page","status-publish","hentry"],"_links":{"self":[{"href":"https:\/\/wp.ufpel.edu.br\/progep\/wp-json\/wp\/v2\/pages\/14389","targetHints":{"allow":["GET"]}}],"collection":[{"href":"https:\/\/wp.ufpel.edu.br\/progep\/wp-json\/wp\/v2\/pages"}],"about":[{"href":"https:\/\/wp.ufpel.edu.br\/progep\/wp-json\/wp\/v2\/types\/page"}],"author":[{"embeddable":true,"href":"https:\/\/wp.ufpel.edu.br\/progep\/wp-json\/wp\/v2\/users\/52"}],"replies":[{"embeddable":true,"href":"https:\/\/wp.ufpel.edu.br\/progep\/wp-json\/wp\/v2\/comments?post=14389"}],"version-history":[{"count":3,"href":"https:\/\/wp.ufpel.edu.br\/progep\/wp-json\/wp\/v2\/pages\/14389\/revisions"}],"predecessor-version":[{"id":39771,"href":"https:\/\/wp.ufpel.edu.br\/progep\/wp-json\/wp\/v2\/pages\/14389\/revisions\/39771"}],"wp:attachment":[{"href":"https:\/\/wp.ufpel.edu.br\/progep\/wp-json\/wp\/v2\/media?parent=14389"}],"curies":[{"name":"wp","href":"https:\/\/api.w.org\/{rel}","templated":true}]}}