{"id":14347,"date":"2019-11-25T14:19:57","date_gmt":"2019-11-25T17:19:57","guid":{"rendered":"https:\/\/wp.ufpel.edu.br\/progep\/?page_id=14347"},"modified":"2025-06-30T13:36:55","modified_gmt":"2025-06-30T16:36:55","slug":"palestra-cancer-de-pele-como-prevenir-e-reconhecer","status":"publish","type":"page","link":"https:\/\/wp.ufpel.edu.br\/progep\/palestra-cancer-de-pele-como-prevenir-e-reconhecer\/","title":{"rendered":"Capacita\u00e7\u00e3o: Palestra &#8220;C\u00e2ncer de Pele: como prevenir e reconhecer?&#8221;"},"content":{"rendered":"<p><strong>Data: <\/strong>11\/12\/19 (quarta-feira)<\/p>\n<p><strong>Hor\u00e1rio: <\/strong>das 14h \u00e0s 16<\/p>\n<p><strong>Local: <\/strong>Audit\u00f3rio da Reitoria<\/p>\n<p><strong>Conte\u00fado:<\/strong><\/p>\n<p>&#8211; Como prevenir o c\u00e2ncer de pele?<\/p>\n<p>&#8211; Como alertar-se para\u00a0les\u00f5es suspeitas?<\/p>\n<p>&#8211; Import\u00e2ncia nas medidas preventivas.<\/p>\n<p>&#8211; Incid\u00eancia e risco de c\u00e2ncer de pele na popula\u00e7\u00e3o.<\/p>\n<p><strong>Facilitadora: <\/strong>Cristiane Rios Petrarca<\/p>\n<p><strong>P\u00fablico Alvo<\/strong>: servidores em geral<\/p>\n<p><strong>N\u00famero de vagas<\/strong>: 45<\/p>\n<p><strong>Per\u00edodo de inscri\u00e7\u00e3o<\/strong>: 25\/11 a 08\/12<\/p>\n<p><strong>Divulga\u00e7\u00e3o das inscri\u00e7\u00f5es homologadas<\/strong>: 09\/12<\/p>\n<p><strong><span style=\"color: #ff6600\"><a style=\"color: #ff6600\" href=\"https:\/\/wp.ufpel.edu.br\/progep\/files\/2019\/12\/homologa_inscritos.pdf\">INSCRI\u00c7\u00d5ES HOMOLOGADAS<\/a><\/span><\/strong><\/p>\n","protected":false},"excerpt":{"rendered":"<p>Data: 11\/12\/19 (quarta-feira) Hor\u00e1rio: das 14h \u00e0s 16 Local: Audit\u00f3rio da Reitoria Conte\u00fado: &#8211; Como prevenir o c\u00e2ncer de pele? &#8211; Como alertar-se para\u00a0les\u00f5es suspeitas? &#8211; Import\u00e2ncia nas medidas preventivas. &#8211; Incid\u00eancia e risco de c\u00e2ncer de pele na popula\u00e7\u00e3o. Facilitadora: Cristiane Rios Petrarca P\u00fablico Alvo: servidores em geral N\u00famero de vagas: 45 Per\u00edodo de [&hellip;]<\/p>\n","protected":false},"author":21,"featured_media":0,"parent":0,"menu_order":0,"comment_status":"closed","ping_status":"closed","template":"","meta":{"footnotes":""},"class_list":["post-14347","page","type-page","status-publish","hentry"],"_links":{"self":[{"href":"https:\/\/wp.ufpel.edu.br\/progep\/wp-json\/wp\/v2\/pages\/14347","targetHints":{"allow":["GET"]}}],"collection":[{"href":"https:\/\/wp.ufpel.edu.br\/progep\/wp-json\/wp\/v2\/pages"}],"about":[{"href":"https:\/\/wp.ufpel.edu.br\/progep\/wp-json\/wp\/v2\/types\/page"}],"author":[{"embeddable":true,"href":"https:\/\/wp.ufpel.edu.br\/progep\/wp-json\/wp\/v2\/users\/21"}],"replies":[{"embeddable":true,"href":"https:\/\/wp.ufpel.edu.br\/progep\/wp-json\/wp\/v2\/comments?post=14347"}],"version-history":[{"count":3,"href":"https:\/\/wp.ufpel.edu.br\/progep\/wp-json\/wp\/v2\/pages\/14347\/revisions"}],"predecessor-version":[{"id":33867,"href":"https:\/\/wp.ufpel.edu.br\/progep\/wp-json\/wp\/v2\/pages\/14347\/revisions\/33867"}],"wp:attachment":[{"href":"https:\/\/wp.ufpel.edu.br\/progep\/wp-json\/wp\/v2\/media?parent=14347"}],"curies":[{"name":"wp","href":"https:\/\/api.w.org\/{rel}","templated":true}]}}