{"id":14232,"date":"2019-11-08T08:52:53","date_gmt":"2019-11-08T11:52:53","guid":{"rendered":"https:\/\/wp.ufpel.edu.br\/progep\/?page_id=14232"},"modified":"2025-06-30T13:37:00","modified_gmt":"2025-06-30T16:37:00","slug":"curso-gestao-e-fiscalizacao-de-contratos-administrativos","status":"publish","type":"page","link":"https:\/\/wp.ufpel.edu.br\/progep\/curso-gestao-e-fiscalizacao-de-contratos-administrativos\/","title":{"rendered":"Capacita\u00e7\u00e3o: Curso Gest\u00e3o e Fiscaliza\u00e7\u00e3o de Contratos Administrativos"},"content":{"rendered":"<p><strong>Modalidade:<\/strong>\u00a0presencial<\/p>\n<p><strong>Carga Hor\u00e1ria:<\/strong>\u00a028 horas<\/p>\n<p><strong>Per\u00edodo:<\/strong>\u00a09 a 12 de dezembro de 2019<\/p>\n<p><strong>Hor\u00e1rio:<\/strong>\u00a0das 08h30min \u00e0s 11h30min e das 13h30min \u00e0s 17h30min<\/p>\n<p><strong>Local:<\/strong>\u00a0Audit\u00f3rio Acad\u00eamico (dia 11\/12 \u00e0 tarde sala 436)<\/p>\n<p><strong>P\u00fablico Alvo<\/strong>: servidores que atuam na Gest\u00e3o e Fiscaliza\u00e7\u00e3o de Contratos Administrativos<\/p>\n<p><strong>Principais T\u00f3picos:<\/strong> Conhecer os elementos essenciais do contrato administrativo; Analisar as altera\u00e7\u00f5es contratuais; Conhecer e aplicar as t\u00e9cnicas de fiscaliza\u00e7\u00e3o de contratos; Diferenciar os pap\u00e9is do gestor e fiscal de contrato; Aplicar penalidades.<\/p>\n<p><strong>N\u00famero de vagas dispon\u00edveis<\/strong>: 25<\/p>\n<p><strong>Ministrante<\/strong>: Rodrigo do Canto Cardoso &#8211; ENAP<\/p>\n<p><strong>Per\u00edodo de inscri\u00e7\u00e3o<\/strong>: 08 a 22 de novembro de 2019<\/p>\n<p><strong>Homologa\u00e7\u00e3o das inscri\u00e7\u00f5es<\/strong>: 25 de novembro<\/p>\n<p>&nbsp;<\/p>\n<p><strong>Procedimentos para a inscri\u00e7\u00e3o no sistema da ENAP: <\/strong>utilizar o navegador Google Chrome, seguindo as etapas abaixo:<\/p>\n<p>&nbsp;<\/p>\n<ol>\n<li>a) Caso tenha cadastro no Portal da ENAP:<\/li>\n<\/ol>\n<p>&nbsp;<\/p>\n<p>Acesse sua conta com seu endere\u00e7o de e-mail e senha por meio do link: (https:\/\/suap.enap.gov.br\/portal?ead_opcao=login)<\/p>\n<p>Preencha os campos e clique em Iniciar Cadastro para atualizar seu cadastro no novo portal da ENAP.<\/p>\n<p>Voc\u00ea receber\u00e1 um e-mail para ativar sua nova conta. Clique no link encaminhado para seu e-mail e preencha os campos solicitados.<\/p>\n<ol>\n<li>b) Caso n\u00e3o tenha cadastro no Portal da ENAP:<\/li>\n<\/ol>\n<p>&nbsp;<\/p>\n<p>Acesse o link (https:\/\/suap.enap.gov.br\/portal?ead_opcao=login) e Clique em \u201cAinda n\u00e3o sou usu\u00e1rio e desejo ME CADASTRAR\u201d.<\/p>\n<p>Preencha os campos e clique em Iniciar Cadastro.<\/p>\n<p>Voc\u00ea receber\u00e1 um e-mail para ativar sua nova conta. Clique no link encaminhado para seu e-mail e preencha os campos solicitados.<\/p>\n<p>Acesse o link da turma (https:\/\/suap.enap.gov.br\/portal\/curso\/340\/). Na turma \u201cExclusiva \u2013 UFPEL \u2013 Turma 1\u201d, Clique em \u201cInscreva-se\u201d .<\/p>\n<p>Clique em \u201cLi e concordo com os termos da Inscri\u00e7\u00e3o\u201d, selecione uma op\u00e7\u00e3o para as pr\u00f3ximas duas perguntas.<\/p>\n<p>Na Justificativa, insira a seguinte informa\u00e7\u00e3o: \u201cTurma Exclusiva da UFPEL\u201d.<\/p>\n<p>Clique em \u201cContinuar\u201d e sua inscri\u00e7\u00e3o ser\u00e1 efetivada.<\/p>\n<p><strong><span style=\"color: #ff6600\"><a style=\"color: #ff6600\" href=\"https:\/\/wp.ufpel.edu.br\/progep\/files\/2019\/11\/homologa_inscritos-1.pdf\">INSCRI\u00c7\u00d5ES HOMOLOGADAS!<\/a><\/span><\/strong><\/p>\n","protected":false},"excerpt":{"rendered":"<p>Modalidade:\u00a0presencial Carga Hor\u00e1ria:\u00a028 horas Per\u00edodo:\u00a09 a 12 de dezembro de 2019 Hor\u00e1rio:\u00a0das 08h30min \u00e0s 11h30min e das 13h30min \u00e0s 17h30min Local:\u00a0Audit\u00f3rio Acad\u00eamico (dia 11\/12 \u00e0 tarde sala 436) P\u00fablico Alvo: servidores que atuam na Gest\u00e3o e Fiscaliza\u00e7\u00e3o de Contratos Administrativos Principais T\u00f3picos: Conhecer os elementos essenciais do contrato administrativo; Analisar as altera\u00e7\u00f5es contratuais; Conhecer e [&hellip;]<\/p>\n","protected":false},"author":21,"featured_media":0,"parent":0,"menu_order":0,"comment_status":"closed","ping_status":"closed","template":"","meta":{"footnotes":""},"class_list":["post-14232","page","type-page","status-publish","hentry"],"_links":{"self":[{"href":"https:\/\/wp.ufpel.edu.br\/progep\/wp-json\/wp\/v2\/pages\/14232","targetHints":{"allow":["GET"]}}],"collection":[{"href":"https:\/\/wp.ufpel.edu.br\/progep\/wp-json\/wp\/v2\/pages"}],"about":[{"href":"https:\/\/wp.ufpel.edu.br\/progep\/wp-json\/wp\/v2\/types\/page"}],"author":[{"embeddable":true,"href":"https:\/\/wp.ufpel.edu.br\/progep\/wp-json\/wp\/v2\/users\/21"}],"replies":[{"embeddable":true,"href":"https:\/\/wp.ufpel.edu.br\/progep\/wp-json\/wp\/v2\/comments?post=14232"}],"version-history":[{"count":3,"href":"https:\/\/wp.ufpel.edu.br\/progep\/wp-json\/wp\/v2\/pages\/14232\/revisions"}],"predecessor-version":[{"id":33868,"href":"https:\/\/wp.ufpel.edu.br\/progep\/wp-json\/wp\/v2\/pages\/14232\/revisions\/33868"}],"wp:attachment":[{"href":"https:\/\/wp.ufpel.edu.br\/progep\/wp-json\/wp\/v2\/media?parent=14232"}],"curies":[{"name":"wp","href":"https:\/\/api.w.org\/{rel}","templated":true}]}}