{"id":14217,"date":"2019-11-05T15:04:30","date_gmt":"2019-11-05T18:04:30","guid":{"rendered":"https:\/\/wp.ufpel.edu.br\/progep\/?page_id=14217"},"modified":"2026-03-13T18:07:26","modified_gmt":"2026-03-13T21:07:26","slug":"nomeacoes-docentes-efetivos","status":"publish","type":"page","link":"https:\/\/wp.ufpel.edu.br\/progep\/nomeacoes-docentes-efetivos\/","title":{"rendered":"NOMEA\u00c7\u00d5ES \u2013 DOCENTES EFETIVOS"},"content":{"rendered":"\n<div class=\"wp-block-group\"><div class=\"wp-block-group__inner-container is-layout-constrained wp-block-group-is-layout-constrained\">\n<div class=\"logoTituloModelStyle\"><img class=\"size-medium wp-image-27184 alignleft\" src=\"https:\/\/wp.ufpel.edu.br\/progep\/files\/2025\/03\/logo-progep_atualizacao-nome_AZUL.png\" alt=\"\" \/><\/p>\n<div style=\"padding:1rem 0\"><strong>Nomea\u00e7\u00f5es \u2013 Servidores\/as Docentes Efetivo<\/strong><\/div>\n<\/p><\/div>\n<hr class=\"hrModelStyle\" \/>\n<div class=\"descriptionModelStyle\">Nesta p\u00e1gina ser\u00e3o divulgados as nomea\u00e7\u00f5es para os cargos de Docente Efetivo. Confira atrav\u00e9s dos editais abaixo.<\/div>\n<\/div><\/div>\n\n\n<div class=\"nomeacoesDocenteStyle\">\n\n\n<div class=\"editaisVigentesStyle\"><a href=\"https:\/\/wp.ufpel.edu.br\/progep\/nomeacoes-edital-020-2025\/\"><strong>Edital 20\/2025<\/strong> &#8211; validade: 10\/03\/2028, prorrog\u00e1vel por +2 anos<\/a>\u00a0\n<p class=\"cargoStyle\">\u00c1reas:<\/p>\n<div class=\"editaisVigentesContentStyle\">\n  <p>Gravura<\/p>\n  <p>Piano<\/p>\n  <p>Medidas El\u00e9tricas, Magn\u00e9ticas e Eletr\u00f4nicas, Instrumenta\u00e7\u00e3o OU Eletr\u00f4nica Industrial, Sistemas e Controles Eletr\u00f4nicos OU Telecomunica\u00e7\u00f5es<\/p>\n  <p>Geocartografia<\/p>\n  <p>Ci\u00eancias Agr\u00e1rias I<\/p>\n  <p>L\u00ednguas Cl\u00e1ssicas (Latim)<\/p>\n  <p>Literaturas Estrangeiras Modernas &#8211; Alem\u00e3o OU L\u00ednguas Estrangeiras Modernas &#8211; Alem\u00e3o<\/p>\n  <p>L\u00edteraturas Estrangeiras Modernas &#8211; Ingl\u00eas<\/p>\n  <p>L\u00ednguas Estrangeiras Modernas &#8211; Ingl\u00eas<\/p>\n  <p>M\u00e1quinas e Implementos Agr\u00edcolas OU Mecaniza\u00e7\u00e3o Agr\u00edcola<\/p>\n  <p>Linguagem, Alfabetiza\u00e7\u00e3o e Letramento<\/p>\n  <p>Cirurgia Proctol\u00f3gica<\/p>\n  <p>Gastroenterologia<\/p>\n  <p>Hematologia<\/p>\n  <p>Pediatria<\/p>\n  <p>Psiquiatria\/Psicologia M\u00e9dica<\/p>\n  <p>Ensino de Geografia<\/p>\n  <p>Sociologia<\/p>\n  <p>Filosofia Pol\u00edtica<\/p>\n<\/div>\n<\/div>\n\n\n\n\n\n\n\n\n\n\n\n\n\n\n\n<div class=\"editaisVigentesStyle\"><a href=\"https:\/\/wp.ufpel.edu.br\/progep\/nomeacoes-edital-11-2024\/\"><strong>Edital 11\/2024<\/strong> &#8211; validade: 14\/03\/2027, prorrog\u00e1vel por +2 anos<\/a>\u00a0\n<p class=\"cargoStyle\">\u00c1reas:<\/p>\n<div class=\"editaisVigentesContentStyle\">\n<p>Modelagem Tridimensional, Usabilidade e Acessibilidade em Design<\/p>\n<p>M\u00fasica<\/p>\n<p>Composi\u00e7\u00e3o Musical<\/p>\n<p>Pedagogia do Teatro e Est\u00e1gios Supervisionados<\/p>\n<p>Qu\u00edmica<\/p>\n<p>Bioqu\u00edmica<\/p>\n<p>Economia Internacional<\/p>\n<p>Turismo<\/p>\n<p>Geologia Estrutural e Mapeamento Geol\u00f3gico<\/p>\n<p>Geologia Econ\u00f4mica<\/p>\n<p>Geologia Ambiental<\/p>\n<p>Pesquisa Operacional<\/p>\n<p>Matem\u00e1tica Aplicada \u00e0s Engenharias<\/p>\n<p>Mec\u00e2nica ou Resist\u00eancia dos Materiais<\/p>\n<p>L\u00ednguas Estrangeiras Modernas &#8211; Franc\u00eas<\/p>\n<p>Pol\u00edticas P\u00fablicas em Esporte e Lazer<\/p>\n<p>Produ\u00e7\u00e3o Animal, Pastagem e Forragicultura<\/p>\n<p>Tecnologia de Produtos de Origem Vegetal<\/p>\n<p>Tecnologia de Produtos de Origem Animal<\/p>\n<p>P\u00f3s-colheita e Industrializa\u00e7\u00e3o de Gr\u00e3os<\/p>\n<p>Direito P\u00fablico\/ Direito Processual e SAJ<\/p>\n<p>Processo Penal e Servi\u00e7o de Assist\u00eancia Jur\u00eddica<\/p>\n<p>Dermatologia<\/p>\n<p>Ginecologia e Obstetr\u00edcia<\/p>\n<p>Aten\u00e7\u00e3o B\u00e1sica \u00e0 Sa\u00fade<\/p>\n<p>Psicologia e Fenomenologia<\/p>\n<p>Psicologia e Sa\u00fade Coletiva<\/p>\n<p>Terapia Ocupacional em Sa\u00fade Mental<\/p>\n<p>Terapia Ocupacional na Educa\u00e7\u00e3o<\/p>\n<p>Nutri\u00e7\u00e3o e Alimenta\u00e7\u00e3o Coletiva<\/p>\n<p>Reprodu\u00e7\u00e3o Animal<\/p>\n<p>Zoologia<\/p>\n<p>Teoria Antropol\u00f3gica<\/p>\n<p>Geografia Humana<\/p>\n<p>Conserva\u00e7\u00e3o e Restaura\u00e7\u00e3o<\/p>\n<p>Filosofia &#8211; Ensino de Filosofia<\/p>\n<p>Matem\u00e1tica<\/p>\n<p>Matem\u00e1tica Aplicada<\/p>\n<p>Enfermagem de Sa\u00fade P\u00fablica: Gest\u00e3o, Aten\u00e7\u00e3o B\u00e1sica e Sa\u00fade Mental<\/p>\n<p>Radiologia Odontol\u00f3gica<\/p>\n<\/div>\n<\/div>\n<div class=\"editaisVigentesStyle\"><a href=\"https:\/\/wp.ufpel.edu.br\/progep\/nomeacoes-edital-06-2023\/\"><strong>Edital 06\/2023<\/strong>\u00a0&#8211; validade: 04\/08\/2027<\/a>\n<p class=\"cargoStyle\">\u00c1reas:<\/p>\n<div class=\"editaisVigentesContentStyle\">\n<p>Intera\u00e7\u00e3o e Tecnologia &#8211; Design Digital<\/p>\n<p>Contabilidade e Finan\u00e7as P\u00fablicas<\/p>\n<p>Pol\u00edmeros<\/p>\n<p>Constru\u00e7\u00e3o Civil ou Estruturas<\/p>\n<p>Lingu\u00edstica &#8211; Lingu\u00edstica Aplicada: Lingu\u00edstica e Libras<\/p>\n<p>Sa\u00fade Coletiva<\/p>\n<p>Projeto de Arquitetura e Urbanismo<\/p>\n<p>Anatomia dos Animais Dom\u00e9sticos<\/p>\n<p>Neurologia ou Neurocirurgia<\/p>\n<p>Anatomia Humana &#8211; Odontologia<\/p>\n<p>Conserva\u00e7\u00e3o e Restaura\u00e7\u00e3o<\/p>\n<p>Anestesiologia<\/p>\n<p>Comunica\u00e7\u00e3o<\/p>\n<p>Engenharias I<\/p>\n<p>Ci\u00eancia da Computa\u00e7\u00e3o<\/p>\n<p>L\u00edngua Portuguesa<\/p>\n<p>Psicologia do Trabalho e Organizacional<\/p>\n<p>Anatomia Humana<\/p>\n<p>Cl\u00ednica de Grandes Animais<\/p>\n<p>G\u00eanese, Morfologia e Classifica\u00e7\u00e3o dos Solos<\/p>\n<\/div>\n<\/div>\n<div class=\"editaisVigentesStyle\"><a href=\"https:\/\/wp.ufpel.edu.br\/progep\/nomeacoes-edital-19-2022\/\"><strong>Edital 19\/2022<\/strong>\u00a0&#8211; validade: 20\/01\/2027.<\/a>\n<p class=\"cargoStyle\">\u00c1reas:<\/p>\n<div class=\"editaisVigentesContentStyle\">\n<p>Lingu\u00edstica &#8211; Lingu\u00edstica Aplicada: Lingu\u00edstica e Libras<\/p>\n<p>L\u00edngua Portuguesa: Ensino da L\u00edngua Portuguesa como L1 e como L2 para surdos<\/p>\n<p>Letras &#8211; Literatura Brasileira: Literatura Surda e Libras<\/p>\n<\/div>\n<\/div>\n<div class=\"editaisVigentesStyle\"><a href=\"https:\/\/wp.ufpel.edu.br\/progep\/nomeacoes-edital-18-2022\/\"><strong>Edital 18\/2022<\/strong>\u00a0&#8211; validade: 20\/01\/2027.<\/a>\n<p class=\"cargoStyle\">\u00c1reas:<\/p>\n<div class=\"editaisVigentesContentStyle\">\n<p>Educa\u00e7\u00e3o Musical<\/p>\n<p>Artes &#8211; Game Design<\/p>\n<p>Artes &#8211; Anima\u00e7\u00e3o e Modelagem 2D e 3D<\/p>\n<p>Interpreta\u00e7\u00e3o Teatral: Pr\u00e1ticas Performativas e Rela\u00e7\u00f5es \u00c9tnico-Raciais<\/p>\n<p>Lingu\u00edstica<\/p>\n<p>Engenharia de Computa\u00e7\u00e3o: Medidas El\u00e9tricas, Magn\u00e9ticas e Eletr\u00f4nicas, Instrumenta\u00e7\u00e3o OU Eletr\u00f4nica Industrial, Sistemas e Controles Eletr\u00f4nicos OU Telecomunica\u00e7\u00f5es<\/p>\n<p>Geod\u00e9sia<\/p>\n<p>Educa\u00e7\u00e3o Especial<\/p>\n<p>Fitopatologia<\/p>\n<p>Extens\u00e3o Rural ou Sociologia Rural<\/p>\n<p>Cirurgia<\/p>\n<p>Pr\u00f3tese Dental<\/p>\n<p>Museologia<\/p>\n<p>Probabilidade e Estat\u00edstica<\/p>\n<\/div>\n<\/div>\n<div class=\"editaisVigentesStyle\"><a href=\"https:\/\/wp.ufpel.edu.br\/progep\/nomeacoes-edital-17-2022\/\"><strong>Edital 17\/2022<\/strong>\u00a0&#8211; validade: 09\/01\/2027.<\/a>\n<p class=\"cargoStyle\">\u00c1reas:<\/p>\n<div class=\"editaisVigentesContentStyle\">\n<p>Artes &#8211; Teoria e Pr\u00e1tica Pedag\u00f3gica<\/p>\n<p>Ensino de Qu\u00edmica<\/p>\n<p>Mecaniza\u00e7\u00e3o Agr\u00edcola OU M\u00e1quinas e Implementos Agr\u00edcolas OU Engenharia de Materiais e Metal\u00fargica OU Engenharia Mec\u00e2nica<\/p>\n<p>Fisioterapia em Sa\u00fade da Mulher OU Fisioterapia Dermatofuncional<\/p>\n<p>Fertilidade do Solo e Aduba\u00e7\u00e3o<\/p>\n<p>Qu\u00edmica do Solo<\/p>\n<p>Psicologia Educacional<\/p>\n<p>Cl\u00ednica M\u00e9dica<\/p>\n<p>Ortopedia e Traumatologia<\/p>\n<p>Terapia Ocupacional na Educa\u00e7\u00e3o<\/p>\n<p>Dent\u00edstica<\/p>\n<p>Endodontia<\/p>\n<p>Parasitologia<\/p>\n<p>Taxonomia de Cript\u00f3gamos<\/p>\n<p>Fisiologia Vegetal<\/p>\n<p>Geografia F\u00edsica<\/p>\n<\/div>\n<\/div>\n<div class=\"editaisAntigosStyle\"><a href=\"https:\/\/wp.ufpel.edu.br\/progep\/nomeacoes-edital-12-2020\/\"><strong>Edital 12\/2020<\/strong><\/a><\/div>\n<div class=\"editaisAntigosStyle\"><a href=\"https:\/\/wp.ufpel.edu.br\/progep\/nomeacoes-edital-03-2020\/\"><strong>Edital 03\/2020<\/strong><\/a><\/div>\n<div class=\"editaisAntigosStyle\"><a href=\"https:\/\/wp.ufpel.edu.br\/progep\/nomeacoes-edital-27-2018\/\"><strong>Edital 27\/2018<\/strong><\/a><\/div>\n<div class=\"editaisAntigosStyle\"><a href=\"https:\/\/wp.ufpel.edu.br\/progep\/nomeacoes-edital-37-2018\/\"><strong>Edital 37\/2018<\/strong><\/a><\/div>\n<div class=\"editaisAntigosStyle\"><a href=\"https:\/\/wp.ufpel.edu.br\/progep\/nomeacoes-edital-24-2019\/\"><strong>Edital 24\/2019<\/strong><\/a><\/div>\n<div class=\"editaisAntigosStyle\"><a href=\"https:\/\/wp.ufpel.edu.br\/progep\/nomeacoes-edital-10-2018\/\"><strong>Edital 10\/2018<\/strong><\/a><\/div>\n<div class=\"editaisAntigosStyle\"><a href=\"https:\/\/wp.ufpel.edu.br\/progep\/nomeacoes-edital-26-2017-2\/\"><strong>Edital 26\/2017<\/strong><\/a><\/div>\n<div class=\"editaisAntigosStyle\"><a href=\"https:\/\/wp.ufpel.edu.br\/progep\/nomeacoes-edital-15-2017\/\"><strong>Edital 15\/2017<\/strong><\/a><\/div>\n<div class=\"editaisAntigosStyle\"><a href=\"https:\/\/wp.ufpel.edu.br\/progep\/nomeacoes-edital-40-2016\/\"><strong>Edital 40\/2016<\/strong><\/a><\/div>\n<div class=\"editaisAntigosStyle\"><a href=\"https:\/\/wp.ufpel.edu.br\/progep\/nomeacoes-edital-07-2016\/\"><strong>Edital 07\/2016<\/strong><\/a><\/div>\n<div class=\"editaisAntigosStyle\"><a href=\"https:\/\/wp.ufpel.edu.br\/progep\/nomeacoes-edital-74-2015\/\"><strong>Edital 74\/2015<\/strong><\/a><\/div>\n<div class=\"editaisAntigosStyle\"><a href=\"https:\/\/wp.ufpel.edu.br\/progep\/nomeacoes-edital-62-2015\/\"><strong>Edital 62\/2015<\/strong><\/a><\/div>\n<div class=\"editaisAntigosStyle\"><a href=\"https:\/\/wp.ufpel.edu.br\/progep\/nomeacoes-edital-49-2015\/\"><strong>Edital 49\/2015<\/strong><\/a><\/div>\n<div class=\"editaisAntigosStyle\"><a href=\"https:\/\/wp.ufpel.edu.br\/progep\/nomeacoes-edital-33-2015\/\"><strong>Edital 33\/2015<\/strong><\/a><\/div>\n<div class=\"editaisAntigosStyle\"><a href=\"https:\/\/wp.ufpel.edu.br\/progep\/nomeacoes-edital-23-2015\/\"><strong>Edital 23\/2015<\/strong><\/a><\/div>\n<div class=\"editaisAntigosStyle\"><a href=\"https:\/\/wp.ufpel.edu.br\/progep\/nomeacoes-edital-20-2015\/\"><strong>Edital 20\/2015<\/strong><\/a><\/div>\n<div class=\"editaisAntigosStyle\"><a href=\"https:\/\/wp.ufpel.edu.br\/progep\/nomeacoes-edital-05-2015\/\"><strong>Edital 05\/2015<\/strong><\/a><\/div>\n\n<\/div>","protected":false},"excerpt":{"rendered":"<p>Nomea\u00e7\u00f5es \u2013 Servidores\/as Docentes Efetivo Nesta p\u00e1gina ser\u00e3o divulgados as nomea\u00e7\u00f5es para os cargos de Docente Efetivo. Confira atrav\u00e9s dos editais abaixo. Edital 20\/2025 &#8211; validade: 10\/03\/2028, prorrog\u00e1vel por +2 anos\u00a0 \u00c1reas: Gravura Piano Medidas El\u00e9tricas, Magn\u00e9ticas e Eletr\u00f4nicas, Instrumenta\u00e7\u00e3o OU Eletr\u00f4nica Industrial, Sistemas e Controles Eletr\u00f4nicos OU Telecomunica\u00e7\u00f5es Geocartografia Ci\u00eancias Agr\u00e1rias I L\u00ednguas Cl\u00e1ssicas [&hellip;]<\/p>\n","protected":false},"author":52,"featured_media":0,"parent":0,"menu_order":0,"comment_status":"closed","ping_status":"closed","template":"","meta":{"footnotes":""},"class_list":["post-14217","page","type-page","status-publish","hentry"],"_links":{"self":[{"href":"https:\/\/wp.ufpel.edu.br\/progep\/wp-json\/wp\/v2\/pages\/14217","targetHints":{"allow":["GET"]}}],"collection":[{"href":"https:\/\/wp.ufpel.edu.br\/progep\/wp-json\/wp\/v2\/pages"}],"about":[{"href":"https:\/\/wp.ufpel.edu.br\/progep\/wp-json\/wp\/v2\/types\/page"}],"author":[{"embeddable":true,"href":"https:\/\/wp.ufpel.edu.br\/progep\/wp-json\/wp\/v2\/users\/52"}],"replies":[{"embeddable":true,"href":"https:\/\/wp.ufpel.edu.br\/progep\/wp-json\/wp\/v2\/comments?post=14217"}],"version-history":[{"count":4,"href":"https:\/\/wp.ufpel.edu.br\/progep\/wp-json\/wp\/v2\/pages\/14217\/revisions"}],"predecessor-version":[{"id":40836,"href":"https:\/\/wp.ufpel.edu.br\/progep\/wp-json\/wp\/v2\/pages\/14217\/revisions\/40836"}],"wp:attachment":[{"href":"https:\/\/wp.ufpel.edu.br\/progep\/wp-json\/wp\/v2\/media?parent=14217"}],"curies":[{"name":"wp","href":"https:\/\/api.w.org\/{rel}","templated":true}]}}