{"id":14202,"date":"2019-11-04T14:18:14","date_gmt":"2019-11-04T17:18:14","guid":{"rendered":"https:\/\/wp.ufpel.edu.br\/progep\/?page_id=14202"},"modified":"2025-06-30T13:37:09","modified_gmt":"2025-06-30T16:37:09","slug":"sistema-de-concessao-de-diarias-e-passagens-scdp-operacional","status":"publish","type":"page","link":"https:\/\/wp.ufpel.edu.br\/progep\/sistema-de-concessao-de-diarias-e-passagens-scdp-operacional\/","title":{"rendered":"Capacita\u00e7\u00e3o: Curso: Sistema de Concess\u00e3o de Di\u00e1rias e Passagens (SCDP) &#8211; Operacional"},"content":{"rendered":"<p><strong>Modalidade:<\/strong>\u00a0presencial<\/p>\n<p><strong>Carga Hor\u00e1ria:<\/strong>\u00a014 horas<\/p>\n<p><strong>Per\u00edodo:<\/strong>\u00a02 e 3 de dezembro de 2019<\/p>\n<p><strong>Hor\u00e1rio:<\/strong>\u00a0das 08h30min \u00e0s 11h30min e das 13h30min \u00e0s 17h30min<\/p>\n<p><strong>Local:<\/strong> sala 311 &#8211; Campus Anglo<\/p>\n<p><strong>P\u00fablico Alvo<\/strong>: servidores que utilizem o SCDP<\/p>\n<p><strong>Conte\u00fado Program\u00e1tico:\u00a0<\/strong><\/p>\n<p><strong>1. Solicitante de Viagem \/ Execu\u00e7\u00e3o Financeira<\/strong><\/p>\n<p><strong>\u00a0<\/strong>1.1 \u2013 Viagem Nacional; 1.1.1 \u2013 Tipos de Proposto; 1.1.2 \u2013 Cadastrar Trechos de Viagem; 1.1.3 \u2013 Complementar Dados da Viagem; 1.2 \u2013 Viagem Internacional; 1.2.1 \u2013 Tipos de Proposto; 1.2.2 \u2013 Cadastrar Trechos de Viagem; 1.2.3 \u2013 Complementar Dados da Viagem; 1.2.4 \u2013 Servi\u00e7os Correlatos; 1.3 \u2013 Copia \/ Altera Viagem; 1.3.1 \u2013 Copiar Viagem; 1.3.2 \u2013 Cancelar Viagem; 1.3.3 \u2013 Antecipar \/ Prorrogar \/ Complementar Viagem; 1.4 \u2013 Aprova\u00e7\u00f5es; 1.5 \u2013 Execu\u00e7\u00e3o Financeira; 1.6 \u2013 T\u00e9rmino de Viagem; 1.6.1 \u2013 Presta\u00e7\u00e3o de Contas; 1.6.1.1 \u2013 Restitui\u00e7\u00e3o (passagens, remarca\u00e7\u00f5es de bilhetes etc.); 1.6.1.2 \u2013 Estorno de lan\u00e7amento de di\u00e1rias; 1.6.2 \u2013 Devolu\u00e7\u00e3o de Valores;<\/p>\n<p><strong>2. Solicitante de Passagem<\/strong><\/p>\n<p>2.1 \u2013 Formas de Aquisi\u00e7\u00e3o; 2.1.1 \u2013 Compra Direta; 2.1.2 \u2013 Agenciamento; 2.2 \u2013 Compra Direta; 2.2.1 \u2013 Consultar Passagem;\u00a0 2.2.2 \u2013 Editar e Excluir Reserva; 2.2.3 \u2013 Cancelar Bilhete; 2.2.4 \u2013 Emiss\u00f5es Pendentes; 2.3 \u2013 Compra Via Ag\u00eancia; 2.3.1 \u2013 Incluir Reserva; 2.3.2 \u2013 Editar \/ Excluir Reserva; 2.3.3 \u2013 Reaproveitar Bilhete; 2.3.4 \u2013 Remarcar Passagem; 2.3.5 \u2013 Cancelar Bilhete<\/p>\n<p><strong>N\u00famero de vagas dispon\u00edveis<\/strong>: 25<\/p>\n<p><strong>Ministrante<\/strong>: Edson Andre Coelho Levinski &#8211; ENAP<\/p>\n<p><strong>Per\u00edodo de inscri\u00e7\u00e3o<\/strong>: 04 a 18 de novembro de 2019<\/p>\n<p><strong>Homologa\u00e7\u00e3o das inscri\u00e7\u00f5es<\/strong>: 20 de novembro<\/p>\n<p><strong>Procedimentos para a inscri\u00e7\u00e3o no sistema da ENAP: <\/strong>utilizar o navegador Google Chrome, seguindo as etapas abaixo:<\/p>\n<ol>\n<li>a) Caso tenha cadastro no Portal da ENAP:<\/li>\n<\/ol>\n<p>Acesse sua conta com seu endere\u00e7o de e-mail e senha por meio do link: (https:\/\/suap.enap.gov.br\/portal?ead_opcao=login)<\/p>\n<p>Preencha os campos e clique em Iniciar Cadastro para atualizar seu cadastro no novo portal da ENAP.<\/p>\n<p>Voc\u00ea receber\u00e1 um e-mail para ativar sua nova conta. Clique no link encaminhado para seu e-mail e preencha os campos solicitados.<\/p>\n<ol>\n<li>b) Caso n\u00e3o tenha cadastro no Portal da ENAP:<\/li>\n<\/ol>\n<p>Acesse o link (https:\/\/suap.enap.gov.br\/portal?ead_opcao=login) e Clique em \u201cAinda n\u00e3o sou usu\u00e1rio e desejo ME CADASTRAR\u201d.<\/p>\n<p>Preencha os campos e clique em Iniciar Cadastro.<\/p>\n<p>Voc\u00ea receber\u00e1 um e-mail para ativar sua nova conta. Clique no link encaminhado para seu e-mail e preencha os campos solicitados.<\/p>\n<p>Acesse o link da turma (https:\/\/suap.enap.gov.br\/portal\/curso\/318\/). Na turma \u201cExclusiva \u2013 UFPEL \u2013 Turma 1\u201d, Clique em \u201cInscreva-se\u201d .<\/p>\n<p>Clique em \u201cLi e concordo com os termos da Inscri\u00e7\u00e3o\u201d, selecione uma op\u00e7\u00e3o para as pr\u00f3ximas duas perguntas.<\/p>\n<p>Na Justificativa, insira a seguinte informa\u00e7\u00e3o: \u201cTurma Exclusiva da UFPEL\u201d.<\/p>\n<p>Clique em \u201cContinuar\u201d e sua inscri\u00e7\u00e3o ser\u00e1 efetivada.<\/p>\n<p>&nbsp;<\/p>\n<p><strong><span style=\"color: #ff6600\"><a style=\"color: #ff6600\" href=\"https:\/\/wp.ufpel.edu.br\/progep\/files\/2019\/11\/homologa_inscritos.pdf\">INSCRI\u00c7\u00d5ES HOMOLOGADAS<\/a><\/span><\/strong><\/p>\n","protected":false},"excerpt":{"rendered":"<p>Modalidade:\u00a0presencial Carga Hor\u00e1ria:\u00a014 horas Per\u00edodo:\u00a02 e 3 de dezembro de 2019 Hor\u00e1rio:\u00a0das 08h30min \u00e0s 11h30min e das 13h30min \u00e0s 17h30min Local: sala 311 &#8211; Campus Anglo P\u00fablico Alvo: servidores que utilizem o SCDP Conte\u00fado Program\u00e1tico:\u00a0 1. Solicitante de Viagem \/ Execu\u00e7\u00e3o Financeira \u00a01.1 \u2013 Viagem Nacional; 1.1.1 \u2013 Tipos de Proposto; 1.1.2 \u2013 Cadastrar Trechos [&hellip;]<\/p>\n","protected":false},"author":21,"featured_media":0,"parent":0,"menu_order":0,"comment_status":"closed","ping_status":"closed","template":"","meta":{"footnotes":""},"class_list":["post-14202","page","type-page","status-publish","hentry"],"_links":{"self":[{"href":"https:\/\/wp.ufpel.edu.br\/progep\/wp-json\/wp\/v2\/pages\/14202","targetHints":{"allow":["GET"]}}],"collection":[{"href":"https:\/\/wp.ufpel.edu.br\/progep\/wp-json\/wp\/v2\/pages"}],"about":[{"href":"https:\/\/wp.ufpel.edu.br\/progep\/wp-json\/wp\/v2\/types\/page"}],"author":[{"embeddable":true,"href":"https:\/\/wp.ufpel.edu.br\/progep\/wp-json\/wp\/v2\/users\/21"}],"replies":[{"embeddable":true,"href":"https:\/\/wp.ufpel.edu.br\/progep\/wp-json\/wp\/v2\/comments?post=14202"}],"version-history":[{"count":5,"href":"https:\/\/wp.ufpel.edu.br\/progep\/wp-json\/wp\/v2\/pages\/14202\/revisions"}],"predecessor-version":[{"id":33869,"href":"https:\/\/wp.ufpel.edu.br\/progep\/wp-json\/wp\/v2\/pages\/14202\/revisions\/33869"}],"wp:attachment":[{"href":"https:\/\/wp.ufpel.edu.br\/progep\/wp-json\/wp\/v2\/media?parent=14202"}],"curies":[{"name":"wp","href":"https:\/\/api.w.org\/{rel}","templated":true}]}}