{"id":14178,"date":"2019-11-04T10:54:38","date_gmt":"2019-11-04T13:54:38","guid":{"rendered":"https:\/\/wp.ufpel.edu.br\/progep\/?page_id=14178"},"modified":"2025-06-30T13:37:30","modified_gmt":"2025-06-30T16:37:30","slug":"mesa-redonda-outubro-rosa-e-novembro-azul-prevencao-em-saude","status":"publish","type":"page","link":"https:\/\/wp.ufpel.edu.br\/progep\/mesa-redonda-outubro-rosa-e-novembro-azul-prevencao-em-saude\/","title":{"rendered":"Capacita\u00e7\u00e3o: Mesa Redonda: Outubro Rosa e Novembro Azul, preven\u00e7\u00e3o em sa\u00fade!"},"content":{"rendered":"<p><span style=\"color: #808080\"><strong>Data:<\/strong> 21 de novembro de 2019 \u00a0(<span style=\"color: #ff0000\">A palestra foi cancelada, haja vista que o n\u00famero de inscritos n\u00e3o atingiu o m\u00ednimo de metade das vagas oferecidas<\/span>)<\/span><\/p>\n<p><span style=\"color: #808080\"><strong>Local:<\/strong> Audit\u00f3rio da Reitoria &#8211; Campus Anglo<\/span><\/p>\n<p><span style=\"color: #808080\"><strong>Hor\u00e1rio:<\/strong> 8h30min<\/span><\/p>\n<p style=\"text-align: justify\"><span style=\"color: #808080\"><strong>Ementa: <\/strong>Outubro Rosa e Novembro Azul: nesses dois meses temos as mobiliza\u00e7\u00f5es mundiais para prevenir o c\u00e2ncer de mama e o c\u00e2ncer de pr\u00f3stata, funcionando como alertas para mulheres e homens.<\/span><\/p>\n<p><span style=\"color: #808080\"><strong>Palestrantes:<\/strong> Profissionais da Associa\u00e7\u00e3o de Apoio a Pessoas com C\u00e2ncer (AAPECAN): Psic\u00f3loga Viviane Almeida e a Assistente Social Fernanda Ayres.<\/span><\/p>\n<p><span style=\"color: #808080\"><strong>Per\u00edodo de inscri\u00e7\u00f5es: <\/strong>04 a 19 de novembro de 2019<\/span><\/p>\n<p><span style=\"color: #808080\"><strong>Divulga\u00e7\u00e3o das inscri\u00e7\u00f5es homologadas:<\/strong> 20 de novembro de 2019, nesta p\u00e1gina.<\/span><\/p>\n<p><span style=\"color: #808080\"><strong><span style=\"color: #ff6600\">Aten\u00e7\u00e3o:<\/span> <span style=\"color: #ff6600\">A\u00c7\u00c3O SOLID\u00c1RIA!<\/span><\/strong><\/span><\/p>\n<p><span style=\"color: #808080\">A CDP est\u00e1 promovendo a\u00e7\u00e3o solid\u00e1ria de doa\u00e7\u00e3o de alimentos para a cesta de Natal em prol dos usu\u00e1rios da AAPECAN. A lista desses alimentos pode ser conferida\u00a0<strong><span style=\"color: #ff6600\"><a style=\"color: #ff6600\" href=\"https:\/\/wp.ufpel.edu.br\/progep\/files\/2019\/11\/ACAO-SOLIDARIA-2.pdf\">AQUI<\/a><\/span><\/strong>! Os locais de arrecada\u00e7\u00e3o s\u00e3o os seguintes: Campus Anglo (CDP\/PROGEP &#8211; 2\u00ba piso) e Campus Cap\u00e3o do Le\u00e3o (FAEM &#8211; Sagu\u00e3o\/Secretaria Unificada).<\/span><\/p>\n<p>&nbsp;<\/p>\n","protected":false},"excerpt":{"rendered":"<p>Data: 21 de novembro de 2019 \u00a0(A palestra foi cancelada, haja vista que o n\u00famero de inscritos n\u00e3o atingiu o m\u00ednimo de metade das vagas oferecidas) Local: Audit\u00f3rio da Reitoria &#8211; Campus Anglo Hor\u00e1rio: 8h30min Ementa: Outubro Rosa e Novembro Azul: nesses dois meses temos as mobiliza\u00e7\u00f5es mundiais para prevenir o c\u00e2ncer de mama e [&hellip;]<\/p>\n","protected":false},"author":21,"featured_media":0,"parent":0,"menu_order":0,"comment_status":"closed","ping_status":"closed","template":"","meta":{"footnotes":""},"class_list":["post-14178","page","type-page","status-publish","hentry"],"_links":{"self":[{"href":"https:\/\/wp.ufpel.edu.br\/progep\/wp-json\/wp\/v2\/pages\/14178","targetHints":{"allow":["GET"]}}],"collection":[{"href":"https:\/\/wp.ufpel.edu.br\/progep\/wp-json\/wp\/v2\/pages"}],"about":[{"href":"https:\/\/wp.ufpel.edu.br\/progep\/wp-json\/wp\/v2\/types\/page"}],"author":[{"embeddable":true,"href":"https:\/\/wp.ufpel.edu.br\/progep\/wp-json\/wp\/v2\/users\/21"}],"replies":[{"embeddable":true,"href":"https:\/\/wp.ufpel.edu.br\/progep\/wp-json\/wp\/v2\/comments?post=14178"}],"version-history":[{"count":17,"href":"https:\/\/wp.ufpel.edu.br\/progep\/wp-json\/wp\/v2\/pages\/14178\/revisions"}],"predecessor-version":[{"id":33870,"href":"https:\/\/wp.ufpel.edu.br\/progep\/wp-json\/wp\/v2\/pages\/14178\/revisions\/33870"}],"wp:attachment":[{"href":"https:\/\/wp.ufpel.edu.br\/progep\/wp-json\/wp\/v2\/media?parent=14178"}],"curies":[{"name":"wp","href":"https:\/\/api.w.org\/{rel}","templated":true}]}}