{"id":14166,"date":"2019-10-31T16:18:22","date_gmt":"2019-10-31T19:18:22","guid":{"rendered":"https:\/\/wp.ufpel.edu.br\/progep\/?page_id=14166"},"modified":"2021-11-11T20:55:24","modified_gmt":"2021-11-11T23:55:24","slug":"pensao-civil-e-auxilio-funeral","status":"publish","type":"page","link":"https:\/\/wp.ufpel.edu.br\/progep\/administracao-de-pessoal\/manual-do-servidor\/pensao-civil-e-auxilio-funeral\/","title":{"rendered":"Pens\u00e3o Civil e Aux\u00edlio Funeral"},"content":{"rendered":"<p><strong>PENS\u00c3O CIVIL<\/strong><\/p>\n<p><strong>DEFINI\u00c7\u00c3O:<\/strong><\/p>\n<p>Por morte do servidor, os seus dependentes, nas hip\u00f3teses legais, fazem jus \u00e0 pens\u00e3o por morte.<\/p>\n<p><strong>REQUISITOS B\u00c1SICOS:<\/strong><\/p>\n<p>Ter dependentes previstos no Art. 217 da Lei 8.112\/90, sujeitos \u00e0 designa\u00e7\u00e3o.<\/p>\n<p><strong>PROCEDIMENTOS:<\/strong><\/p>\n<p>Os formul\u00e1rios ser\u00e3o preenchidos junto ao N\u00facleo de Benef\u00edcios da PROGEP e, juntamente, dever\u00e3o ser apresentados os seguintes documentos originais:<\/p>\n<ul>\n<li>Requerimentos: fornecidos pela PROGEP (contato pelo email beneficios@ufpel.edu.br);<\/li>\n<li>Certid\u00e3o de \u00d3bito;<\/li>\n<li>Documento de identifica\u00e7\u00e3o + CPF do servidor falecido;<\/li>\n<li>Documento de identifica\u00e7\u00e3o + CPF + T\u00edtulo de Eleitor do benefici\u00e1rio da pens\u00e3o;<\/li>\n<li>&#8211; Para esposo(a): Certid\u00e3o de Casamento <strong>atualizada<\/strong>;<\/li>\n<li>&#8211; Para companheiro(a): Certid\u00e3o de Uni\u00e3o Est\u00e1vel <strong>atualizada <\/strong>mais documentos detalhados na Orienta\u00e7\u00e3o Normativa n\u00ba 9, de 06 de novembro de 2010, do MPOG;<\/li>\n<li>&#8211; Para filhos: Certid\u00e3o de nascimento;<\/li>\n<li>Comprovante da conta corrente &#8211; com uma conta sal\u00e1rio vinculada a esta conta corrente.<\/li>\n<\/ul>\n<p><strong>ATEN\u00c7\u00c3O<\/strong>: para encaminhar o <strong>aux\u00edlio funeral<\/strong> os documentos solicitados s\u00e3o os mesmos acima &#8211; acrescido da nota fiscal da funer\u00e1ria.<\/p>\n<p>&nbsp;<\/p>\n<p><strong>INFORMA\u00c7\u00d5ES GERAIS:<\/strong><\/p>\n<p><strong>1 \u2013 Na hip\u00f3tese de companheiro deve-se apresentar, no m\u00ednimo, tr\u00eas comprova\u00e7\u00f5es da uni\u00e3o, podendo ser os seguintes documentos, conforme Art. 4\u00ba da <span style=\"color: #ff6600\"><a style=\"color: #ff6600\" href=\"https:\/\/wp.ufpel.edu.br\/progep\/files\/2019\/10\/on-09-2010.pdf\">Orienta\u00e7\u00e3o Normativa n\u00ba 09\/2010:<\/a><\/span><\/strong><\/p>\n<p>Art. 4\u00ba Para fins de comprova\u00e7\u00e3o do v\u00ednculo e da depend\u00eancia econ\u00f4mica do benefici\u00e1rio dever\u00e3o ser apresentados no m\u00ednimo tr\u00eas dos seguintes documentos:<\/p>\n<p>I &#8211; certid\u00e3o de nascimento de filho havido em comum;<br \/>\nII &#8211; certid\u00e3o de casamento religioso;<br \/>\nIII &#8211; declara\u00e7\u00e3o de imposto de renda do servidor, em que conste o interessado como seu dependente;<br \/>\nIV &#8211; disposi\u00e7\u00f5es testament\u00e1rias;<br \/>\nV &#8211; declara\u00e7\u00e3o especial feita perante Tabeli\u00e3o;<br \/>\nVI &#8211; prova de resid\u00eancia no mesmo domic\u00edlio;<br \/>\nVII &#8211; prova de encargos dom\u00e9sticos evidentes e exist\u00eancia de sociedade ou comunh\u00e3o nos atos da vida civil;<br \/>\nVIII &#8211; procura\u00e7\u00e3o ou fian\u00e7a reciprocamente outorgada;<br \/>\nIX &#8211; conta banc\u00e1ria conjunta;<br \/>\nX &#8211; registro em associa\u00e7\u00e3o de qualquer natureza, no qual conste o nome do interessado como dependente do servidor;<br \/>\nXI &#8211; anota\u00e7\u00e3o constante de ficha ou livro de registro de empregados;<br \/>\nXII &#8211; ap\u00f3lice de seguro no qual conste o servidor como titular do seguro e a pessoa interessada como sua benefici\u00e1ria;<br \/>\nXIII &#8211; ficha de tratamento em institui\u00e7\u00e3o de assist\u00eancia m\u00e9dica, da qual conste o servidor como\u00a0 respons\u00e1vel;<br \/>\nXIV &#8211; escritura de compra e venda de im\u00f3vel pelo servidor em nome do dependente;<br \/>\nXV &#8211; declara\u00e7\u00e3o de n\u00e3o emancipa\u00e7\u00e3o do dependente menor de vinte e um anos; ou<br \/>\nXVI &#8211; quaisquer outros que possam levar \u00e0 convic\u00e7\u00e3o do fato a ser comprovado<\/p>\n<p>&nbsp;<\/p>\n<p>Acesse <a href=\"https:\/\/wp.ufpel.edu.br\/progep\/administracao-de-pessoal\/manual-do-servidor\/pensao-civil-e-auxilio-funeral\/administracao-de-pessoal-auxilio-funeral\/\"><span style=\"color: #ff6600\"><strong>aqui<\/strong><\/span><\/a> a publicidade do pagamento de aux\u00edlio funeral, conforme prev\u00ea o Art. 10 da <strong><a style=\"color: #ff6600\" href=\"https:\/\/wp.ufpel.edu.br\/progep\/files\/2019\/10\/on-09-2010.pdf\">Instru\u00e7\u00e3o Normativa<\/a> SGP\/SEDGG\/ME n\u00ba 101<\/strong>, de 27\/10\/2021.<\/p>\n<p>&nbsp;<\/p>\n<p><strong>FUNDAMENTO LEGAL: <\/strong><\/p>\n<ol>\n<li>Art. 215 e 217 da <span style=\"color: #ff6600\"><strong><a style=\"color: #ff6600\" href=\"http:\/\/www.planalto.gov.br\/ccivil_03\/leis\/l8112cons.htm\">Lei n\u00ba 8.112<\/a><\/strong><\/span>, de 11\/12\/90 (D.O.U. 12\/12\/90)<\/li>\n<\/ol>\n","protected":false},"excerpt":{"rendered":"<p>PENS\u00c3O CIVIL DEFINI\u00c7\u00c3O: Por morte do servidor, os seus dependentes, nas hip\u00f3teses legais, fazem jus \u00e0 pens\u00e3o por morte. REQUISITOS B\u00c1SICOS: Ter dependentes previstos no Art. 217 da Lei 8.112\/90, sujeitos \u00e0 designa\u00e7\u00e3o. PROCEDIMENTOS: Os formul\u00e1rios ser\u00e3o preenchidos junto ao N\u00facleo de Benef\u00edcios da PROGEP e, juntamente, dever\u00e3o ser apresentados os seguintes documentos originais: Requerimentos: [&hellip;]<\/p>\n","protected":false},"author":52,"featured_media":0,"parent":6430,"menu_order":0,"comment_status":"closed","ping_status":"closed","template":"","meta":{"footnotes":""},"class_list":["post-14166","page","type-page","status-publish","hentry"],"_links":{"self":[{"href":"https:\/\/wp.ufpel.edu.br\/progep\/wp-json\/wp\/v2\/pages\/14166","targetHints":{"allow":["GET"]}}],"collection":[{"href":"https:\/\/wp.ufpel.edu.br\/progep\/wp-json\/wp\/v2\/pages"}],"about":[{"href":"https:\/\/wp.ufpel.edu.br\/progep\/wp-json\/wp\/v2\/types\/page"}],"author":[{"embeddable":true,"href":"https:\/\/wp.ufpel.edu.br\/progep\/wp-json\/wp\/v2\/users\/52"}],"replies":[{"embeddable":true,"href":"https:\/\/wp.ufpel.edu.br\/progep\/wp-json\/wp\/v2\/comments?post=14166"}],"version-history":[{"count":8,"href":"https:\/\/wp.ufpel.edu.br\/progep\/wp-json\/wp\/v2\/pages\/14166\/revisions"}],"predecessor-version":[{"id":19093,"href":"https:\/\/wp.ufpel.edu.br\/progep\/wp-json\/wp\/v2\/pages\/14166\/revisions\/19093"}],"up":[{"embeddable":true,"href":"https:\/\/wp.ufpel.edu.br\/progep\/wp-json\/wp\/v2\/pages\/6430"}],"wp:attachment":[{"href":"https:\/\/wp.ufpel.edu.br\/progep\/wp-json\/wp\/v2\/media?parent=14166"}],"curies":[{"name":"wp","href":"https:\/\/api.w.org\/{rel}","templated":true}]}}