{"id":14149,"date":"2019-10-30T18:54:40","date_gmt":"2019-10-30T21:54:40","guid":{"rendered":"https:\/\/wp.ufpel.edu.br\/progep\/?page_id=14149"},"modified":"2025-06-11T15:39:42","modified_gmt":"2025-06-11T18:39:42","slug":"nomeacoes-edital-15-2019","status":"publish","type":"page","link":"https:\/\/wp.ufpel.edu.br\/progep\/nomeacoes-edital-15-2019\/","title":{"rendered":"NOMEA\u00c7\u00d5ES \u2013 EDITAL 15\/2019"},"content":{"rendered":"\n<div class=\"wp-block-group\" style=\"padding:0\"><div class=\"wp-block-group__inner-container is-layout-constrained wp-block-group-is-layout-constrained\">\n<div class=\"logoTituloModelStyle\" style=\"padding:0\"><img class=\"size-medium wp-image-27184 alignleft\" src=\"https:\/\/wp.ufpel.edu.br\/progep\/files\/2025\/03\/logo-progep_atualizacao-nome_AZUL.png\" style=\"padding:0\" alt=\"\" \/><\/p>\n<div style=\"padding:2rem 0.3rem\"><strong>Nomea\u00e7\u00f5es &#8211; Edital 15\/2019<\/strong><\/div>\n<\/div>\n<hr class=\"hrModelStyle\" \/>\n<div class=\"descriptionModelStyle\">Acompanhe nesta p\u00e1gina a publica\u00e7\u00e3o dos\/as nomeados\/as para cargos t\u00e9cnicos na UFPEL.<\/div>\n<\/div><\/div>\n\n\n<div class=\"pagNomeacoesStyle\">\n<div class=\"cargosNomeConvStyle\">\n<div class=\"cargosTitleStyle\"> Cargos nesta p\u00e1gina:<\/div>\n<div class=\"cargosStyle\">\n<p>Assistente em Administra\u00e7\u00e3o<\/p>\n<\/div>\n<\/div>\n<p> Confira a p\u00e1gina com as informa\u00e7\u00f5es a respeito do certame: <\/p>\n<a href=\"http:\/\/ces.ufpel.edu.br\/conctecadmed0015_2019\/\" target=\"_blank\">Certame do Edital 05\/2019<\/a>\n<div class=\"titleStyle\"><strong>Cargo<\/strong>: Assistente em Administra\u00e7\u00e3o<\/div>\n<\/div>\n<table id=\"tablepress-96\" class=\"tablepress tablepress-id-96 linkRet\">\n<thead>\n<tr class=\"row-1\">\n\t<th class=\"column-1\">Posi\u00e7\u00e3o<\/th><th class=\"column-2\">Nome<\/th><th class=\"column-3\">Modalidade<\/th><th class=\"column-4\">Situa\u00e7\u00e3o<\/th>\n<\/tr>\n<\/thead>\n<tbody class=\"row-striping row-hover\">\n<tr class=\"row-2\">\n\t<td class=\"column-1\">1<\/td><td class=\"column-2\">MAIQUELE ANDRINE HOLZ SCHRODER<\/td><td class=\"column-3\">AC<\/td><td class=\"column-4\">Nomeado(a) em 01\/11\/2019<\/td>\n<\/tr>\n<tr class=\"row-3\">\n\t<td class=\"column-1\">2<\/td><td class=\"column-2\">RENATA SILVA SALLES<\/td><td class=\"column-3\">PcD<\/td><td class=\"column-4\">Nomeado(a) em 01\/11\/2019<\/td>\n<\/tr>\n<tr class=\"row-4\">\n\t<td class=\"column-1\">3<\/td><td class=\"column-2\">JO\u00c3O GABRIEL DIAS NUNES<\/td><td class=\"column-3\">CR<\/td><td class=\"column-4\">Nomeado(a) em 01\/11\/2019<\/td>\n<\/tr>\n<tr class=\"row-5\">\n\t<td class=\"column-1\">4<\/td><td class=\"column-2\">HENRIQUE DE MELLO REICHOW<\/td><td class=\"column-3\">AC<\/td><td class=\"column-4\">Tornado s\/ efeito<\/td>\n<\/tr>\n<tr class=\"row-6\">\n\t<td class=\"column-1\">5<\/td><td class=\"column-2\">MICHEL TAVARES DE OLIVEIRA<\/td><td class=\"column-3\">AC<\/td><td class=\"column-4\">Nomeado(a) em 01\/11\/2019<\/td>\n<\/tr>\n<tr class=\"row-7\">\n\t<td class=\"column-1\">6<\/td><td class=\"column-2\">PAULA PEREIRA PINTO<\/td><td class=\"column-3\">AC<\/td><td class=\"column-4\">Nomeado(a) em 01\/11\/2019<\/td>\n<\/tr>\n<tr class=\"row-8\">\n\t<td class=\"column-1\">7<\/td><td class=\"column-2\">CINTIA FAGUNDES CORREA<\/td><td class=\"column-3\">AC<\/td><td class=\"column-4\">Nomeado(a) em 01\/11\/2019<\/td>\n<\/tr>\n<tr class=\"row-9\">\n\t<td class=\"column-1\">8<\/td><td class=\"column-2\">TAIGUER HENRIQUE SILVA SARAIVA<\/td><td class=\"column-3\">CR<\/td><td class=\"column-4\">Nomeado(a) em 01\/11\/2019<\/td>\n<\/tr>\n<tr class=\"row-10\">\n\t<td class=\"column-1\">9<\/td><td class=\"column-2\">LUIZA ZUCHETTO MAGNUS<\/td><td class=\"column-3\">AC<\/td><td class=\"column-4\">Nomeado(a) em 01\/11\/2019<\/td>\n<\/tr>\n<tr class=\"row-11\">\n\t<td class=\"column-1\">10<\/td><td class=\"column-2\">PAOLA SILVEIRA QUADRO<\/td><td class=\"column-3\">AC<\/td><td class=\"column-4\">Nomeado(a) em 01\/11\/2019<\/td>\n<\/tr>\n<tr class=\"row-12\">\n\t<td class=\"column-1\">11<\/td><td class=\"column-2\">GABRIELA DA SILVA CHAVES<\/td><td class=\"column-3\">AC<\/td><td class=\"column-4\">Nomeado(a) em 01\/11\/2019<\/td>\n<\/tr>\n<tr class=\"row-13\">\n\t<td class=\"column-1\">12<\/td><td class=\"column-2\">LUCAS SEGA FERRAS VIEIRA<\/td><td class=\"column-3\">AC<\/td><td class=\"column-4\">Nomeado(a) em 01\/11\/2019<\/td>\n<\/tr>\n<tr class=\"row-14\">\n\t<td class=\"column-1\">13<\/td><td class=\"column-2\">MAIARA LESSA BANDEIRA RIBEIRO<\/td><td class=\"column-3\">CR<\/td><td class=\"column-4\">Nomeado(a) em 09\/12\/2019<\/td>\n<\/tr>\n<tr class=\"row-15\">\n\t<td class=\"column-1\">14<\/td><td class=\"column-2\">CARLOS HUMBERTO SAUCEDO DA SILVA JUNIOR<\/td><td class=\"column-3\">AC<\/td><td class=\"column-4\">Nomeado(a) em 09\/12\/2019<\/td>\n<\/tr>\n<tr class=\"row-16\">\n\t<td class=\"column-1\">15<\/td><td class=\"column-2\">LETICIA SILVA DUTRA ZIMMERMANN<\/td><td class=\"column-3\">AC<\/td><td class=\"column-4\">Nomeado(a) em 14\/02\/2020<\/td>\n<\/tr>\n<tr class=\"row-17\">\n\t<td class=\"column-1\">16<\/td><td class=\"column-2\">LIZ FERNANDA CARRARD DE LIMA<\/td><td class=\"column-3\">AC<\/td><td class=\"column-4\">Nomeado(a) em 13\/10\/2020<\/td>\n<\/tr>\n<tr class=\"row-18\">\n\t<td class=\"column-1\">17<\/td><td class=\"column-2\">JANAINA VIANA DA ROSA<\/td><td class=\"column-3\">AC<\/td><td class=\"column-4\">Nomeado(a) em 13\/10\/2020<\/td>\n<\/tr>\n<tr class=\"row-19\">\n\t<td class=\"column-1\">18<\/td><td class=\"column-2\">THAISE ROSA DA COSTA (inclu\u00edda cfe. <a target=\"_blank\" href=\"http:\/\/ces.ufpel.edu.br\/conctecadmed0015_2019\/download\/2019\/retifica15.pdf\">ret. Edital<\/a>)<\/td><td class=\"column-3\">CR<\/td><td class=\"column-4\">Nomeada em 30\/12\/2020<\/td>\n<\/tr>\n<tr class=\"row-20\">\n\t<td class=\"column-1\">19<\/td><td class=\"column-2\">LUCAS FONSECA MULLER<\/td><td class=\"column-3\">AC<\/td><td class=\"column-4\">Nomeado em 19\/05\/2021<\/td>\n<\/tr>\n<tr class=\"row-21\">\n\t<td class=\"column-1\">20<\/td><td class=\"column-2\">PAULO CESAR SCHWANKE<\/td><td class=\"column-3\">AC<\/td><td class=\"column-4\">Nomeado em 19\/05\/2021<\/td>\n<\/tr>\n<tr class=\"row-22\">\n\t<td class=\"column-1\">21<\/td><td class=\"column-2\">RENATA SCHMIDT DE ARRUDA GOMES<\/td><td class=\"column-3\">PcD<\/td><td class=\"column-4\">Nomeada em 19\/05\/2021<\/td>\n<\/tr>\n<tr class=\"row-23\">\n\t<td class=\"column-1\">22<\/td><td class=\"column-2\">RICARDO MACHADO MADEIRA<\/td><td class=\"column-3\">AC<\/td><td class=\"column-4\">Nomeado em 19\/05\/2021<\/td>\n<\/tr>\n<tr class=\"row-24\">\n\t<td class=\"column-1\">23<\/td><td class=\"column-2\">FELIPE MARTINS SANTANA<\/td><td class=\"column-3\">CR<\/td><td class=\"column-4\">Nomeado em 19\/05\/2021<\/td>\n<\/tr>\n<tr class=\"row-25\">\n\t<td class=\"column-1\">24<\/td><td class=\"column-2\">RODRIGO DE FARIA RODRIGUES<\/td><td class=\"column-3\">AC<\/td><td class=\"column-4\">Nomeado em 19\/05\/2021<\/td>\n<\/tr>\n<tr class=\"row-26\">\n\t<td class=\"column-1\">25<\/td><td class=\"column-2\">GABRIELA VALERIO PAZ OLIVEIRA<\/td><td class=\"column-3\">AC<\/td><td class=\"column-4\">Nomeada em 27\/09\/2021<\/td>\n<\/tr>\n<tr class=\"row-27\">\n\t<td class=\"column-1\">26<\/td><td class=\"column-2\">FLAVIA ARSAND<\/td><td class=\"column-3\">AC<\/td><td class=\"column-4\">Nomeada em 30\/12\/2021<\/td>\n<\/tr>\n<tr class=\"row-28\">\n\t<td class=\"column-1\">27<\/td><td class=\"column-2\">ANDREA GUERREIRO FONSECA<\/td><td class=\"column-3\">AC<\/td><td class=\"column-4\">Tornada s\/efeito<\/td>\n<\/tr>\n<tr class=\"row-29\">\n\t<td class=\"column-1\">28<\/td><td class=\"column-2\">GEORGE MARINO SOARES GONCALVES<\/td><td class=\"column-3\">CR<\/td><td class=\"column-4\">Nomeado em 31\/12\/2021<\/td>\n<\/tr>\n<tr class=\"row-30\">\n\t<td class=\"column-1\">29<\/td><td class=\"column-2\">CRISTINA DOS ANJOS LOPES URTIAGA<\/td><td class=\"column-3\">AC<\/td><td class=\"column-4\">Nomeada em 31\/12\/2021<\/td>\n<\/tr>\n<tr class=\"row-31\">\n\t<td class=\"column-1\">30<\/td><td class=\"column-2\">CRISTIANE DOS SANTOS NUNES<\/td><td class=\"column-3\">AC<\/td><td class=\"column-4\">Nomeada em 24\/01\/2022<\/td>\n<\/tr>\n<tr class=\"row-32\">\n\t<td class=\"column-1\">31<\/td><td class=\"column-2\">BEATRIZ DIAS ISLAB\u00c3O<\/td><td class=\"column-3\">AC<\/td><td class=\"column-4\">Nomeada em 07\/02\/2022<\/td>\n<\/tr>\n<tr class=\"row-33\">\n\t<td class=\"column-1\">32<\/td><td class=\"column-2\">DIEGO VIEIRA BRAGA<\/td><td class=\"column-3\">AC<\/td><td class=\"column-4\">Nomeado em 07\/02\/2022<\/td>\n<\/tr>\n<tr class=\"row-34\">\n\t<td class=\"column-1\">33<\/td><td class=\"column-2\">DANIELE DE MEDEIROS CUNHA<\/td><td class=\"column-3\">CR<\/td><td class=\"column-4\">Nomeada em  16\/02\/2022<\/td>\n<\/tr>\n<tr class=\"row-35\">\n\t<td class=\"column-1\">34<\/td><td class=\"column-2\">ANDRE LUIS BAUMHARDT ZULIANI<\/td><td class=\"column-3\">AC<\/td><td class=\"column-4\">Tornada s\/efeito<\/td>\n<\/tr>\n<tr class=\"row-36\">\n\t<td class=\"column-1\">35<\/td><td class=\"column-2\">TAINARA MULLER GARCIA<\/td><td class=\"column-3\">AC<\/td><td class=\"column-4\">Nomeada em 11\/03\/2022<\/td>\n<\/tr>\n<tr class=\"row-37\">\n\t<td class=\"column-1\">36<\/td><td class=\"column-2\">ADRIANO ALVARENGA PEREIRA<\/td><td class=\"column-3\">AC<\/td><td class=\"column-4\">Nomeado em 01\/04\/2022<\/td>\n<\/tr>\n<tr class=\"row-38\">\n\t<td class=\"column-1\">37<\/td><td class=\"column-2\">BRUNO PEREIRA DIEHL<\/td><td class=\"column-3\">AC<\/td><td class=\"column-4\">Nomeado em 01\/04\/2022<\/td>\n<\/tr>\n<tr class=\"row-39\">\n\t<td class=\"column-1\">38<\/td><td class=\"column-2\">JESSICA ROBERTA DA SILVA GOMES<\/td><td class=\"column-3\">CR<\/td><td class=\"column-4\">Nomeada em 01\/04\/2022<\/td>\n<\/tr>\n<tr class=\"row-40\">\n\t<td class=\"column-1\">39<\/td><td class=\"column-2\">RENATA ALMEIDA SILVEIRA<\/td><td class=\"column-3\">AC<\/td><td class=\"column-4\">Nomeada em 30\/05\/2022<\/td>\n<\/tr>\n<tr class=\"row-41\">\n\t<td class=\"column-1\">40<\/td><td class=\"column-2\">THOMAZ LOPES KNEIB<\/td><td class=\"column-3\">AC<\/td><td class=\"column-4\">Nomeado em 22\/09\/2022<\/td>\n<\/tr>\n<tr class=\"row-42\">\n\t<td class=\"column-1\">41<\/td><td class=\"column-2\">FERNANDA SALVADOR PEREIRA<\/td><td class=\"column-3\">PcD<\/td><td class=\"column-4\">Nomeada em 08\/11\/2022<\/td>\n<\/tr>\n<tr class=\"row-43\">\n\t<td class=\"column-1\">42<\/td><td class=\"column-2\">GABRIELE DUARTE FERREIRA<\/td><td class=\"column-3\">AC<\/td><td class=\"column-4\">Nomeada em 16\/11\/2022<\/td>\n<\/tr>\n<tr class=\"row-44\">\n\t<td class=\"column-1\">43<\/td><td class=\"column-2\">PAULO VITOR LIMA PADILHA<\/td><td class=\"column-3\">CR<\/td><td class=\"column-4\">Nomeado em 16\/11\/2022<\/td>\n<\/tr>\n<tr class=\"row-45\">\n\t<td class=\"column-1\">44<\/td><td class=\"column-2\">CARLA FERREIRA SILVEIRA<\/td><td class=\"column-3\">CR<\/td><td class=\"column-4\">Nomeada em 16\/11\/2022<\/td>\n<\/tr>\n<\/tbody>\n<\/table>\n<!-- #tablepress-96 from cache -->","protected":false},"excerpt":{"rendered":"<p>Nomea\u00e7\u00f5es &#8211; Edital 15\/2019 Acompanhe nesta p\u00e1gina a publica\u00e7\u00e3o dos\/as nomeados\/as para cargos t\u00e9cnicos na UFPEL. Cargos nesta p\u00e1gina: Assistente em Administra\u00e7\u00e3o Confira a p\u00e1gina com as informa\u00e7\u00f5es a respeito do certame: Certame do Edital 05\/2019 Cargo: Assistente em Administra\u00e7\u00e3o<\/p>\n","protected":false},"author":52,"featured_media":0,"parent":0,"menu_order":0,"comment_status":"closed","ping_status":"closed","template":"","meta":{"footnotes":""},"class_list":["post-14149","page","type-page","status-publish","hentry"],"_links":{"self":[{"href":"https:\/\/wp.ufpel.edu.br\/progep\/wp-json\/wp\/v2\/pages\/14149","targetHints":{"allow":["GET"]}}],"collection":[{"href":"https:\/\/wp.ufpel.edu.br\/progep\/wp-json\/wp\/v2\/pages"}],"about":[{"href":"https:\/\/wp.ufpel.edu.br\/progep\/wp-json\/wp\/v2\/types\/page"}],"author":[{"embeddable":true,"href":"https:\/\/wp.ufpel.edu.br\/progep\/wp-json\/wp\/v2\/users\/52"}],"replies":[{"embeddable":true,"href":"https:\/\/wp.ufpel.edu.br\/progep\/wp-json\/wp\/v2\/comments?post=14149"}],"version-history":[{"count":30,"href":"https:\/\/wp.ufpel.edu.br\/progep\/wp-json\/wp\/v2\/pages\/14149\/revisions"}],"predecessor-version":[{"id":33146,"href":"https:\/\/wp.ufpel.edu.br\/progep\/wp-json\/wp\/v2\/pages\/14149\/revisions\/33146"}],"wp:attachment":[{"href":"https:\/\/wp.ufpel.edu.br\/progep\/wp-json\/wp\/v2\/media?parent=14149"}],"curies":[{"name":"wp","href":"https:\/\/api.w.org\/{rel}","templated":true}]}}