{"id":13994,"date":"2019-10-15T16:48:11","date_gmt":"2019-10-15T19:48:11","guid":{"rendered":"https:\/\/wp.ufpel.edu.br\/progep\/?page_id=13994"},"modified":"2025-06-11T15:19:21","modified_gmt":"2025-06-11T18:19:21","slug":"nomeacoes-edital-04-2018","status":"publish","type":"page","link":"https:\/\/wp.ufpel.edu.br\/progep\/nomeacoes-edital-04-2018\/","title":{"rendered":"NOMEA\u00c7\u00d5ES \u2013 EDITAL 04\/2018"},"content":{"rendered":"\n<div class=\"wp-block-group\" style=\"padding:0\"><div class=\"wp-block-group__inner-container is-layout-constrained wp-block-group-is-layout-constrained\">\n<div class=\"logoTituloModelStyle\" style=\"padding:0\"><img class=\"size-medium wp-image-27184 alignleft\" src=\"https:\/\/wp.ufpel.edu.br\/progep\/files\/2025\/03\/logo-progep_atualizacao-nome_AZUL.png\" style=\"padding:0\" alt=\"\" \/><\/p>\n<div style=\"padding:2rem 0.3rem\"><strong>Nomea\u00e7\u00f5es &#8211; Edital 04\/2018<\/strong><\/div>\n<\/div>\n<hr class=\"hrModelStyle\" \/>\n<div class=\"descriptionModelStyle\">Acompanhe nesta p\u00e1gina a publica\u00e7\u00e3o dos\/as nomeados\/as para cargos t\u00e9cnicos na UFPEL.<\/div>\n<\/div><\/div>\n\n\n<div class=\"pagNomeacoesStyle\">\n<div class=\"cargosNomeConvStyle\">\n<div class=\"cargosTitleStyle\"> Cargos nesta p\u00e1gina:<\/div>\n<div class=\"cargosStyle\">\n<p>M\u00e9dico\/\u00c1rea: Medicina de Fam\u00edlia e Comunidade<\/p>\n<p>M\u00e9dico\/\u00c1rea: Psiquiatria<\/p>\n<p>Odont\u00f3logo<\/p>\n<p>T\u00e9cnico Desportivo<\/p>\n<p>Terapeuta Ocupacional<\/p>\n<\/div>\n<\/div>\n<p> Confira a p\u00e1gina com as informa\u00e7\u00f5es a respeito do certame: <\/p>\n<a href=\"http:\/\/ces.ufpel.edu.br\/conctecadmed0004_2018\/\" target=\"_blank\">Certame do Edital 04\/2018<\/a>\n<div class=\"titleStyle\"><strong>Cargo<\/strong>: M\u00e9dico\/\u00c1rea: Medicina de Fam\u00edlia e Comunidade<\/div>\n\n<table id=\"tablepress-91\" class=\"tablepress tablepress-id-91\">\n<thead>\n<tr class=\"row-1\">\n\t<th class=\"column-1\">Posi\u00e7\u00e3o<\/th><th class=\"column-2\">Nome<\/th><th class=\"column-3\">Modalidade<\/th><th class=\"column-4\">Situa\u00e7\u00e3o<\/th>\n<\/tr>\n<\/thead>\n<tbody class=\"row-striping row-hover\">\n<tr class=\"row-2\">\n\t<td class=\"column-1\">1<\/td><td class=\"column-2\">JOS\u00c9 DA CUNHA SILVEIRA<\/td><td class=\"column-3\">Ampla concorr\u00eancia<\/td><td class=\"column-4\">Nomeado(a) em 10\/07\/2018<\/td>\n<\/tr>\n<tr class=\"row-3\">\n\t<td class=\"column-1\">2<\/td><td class=\"column-2\">RAFAEL UBIRAJARA VILELA<\/td><td class=\"column-3\">PcD<\/td><td class=\"column-4\">Tornada sem efeito<\/td>\n<\/tr>\n<tr class=\"row-4\">\n\t<td class=\"column-1\">3<\/td><td class=\"column-2\">LAIS MELO CORREA<\/td><td class=\"column-3\">Ampla concorr\u00eancia<\/td><td class=\"column-4\">Nomeado(a) em 10\/07\/2018<\/td>\n<\/tr>\n<tr class=\"row-5\">\n\t<td class=\"column-1\">4<\/td><td class=\"column-2\">TATIANE MORGANA DA SILVA<\/td><td class=\"column-3\">Ampla concorr\u00eancia<\/td><td class=\"column-4\">Tornada sem efeito<\/td>\n<\/tr>\n<tr class=\"row-6\">\n\t<td class=\"column-1\">5<\/td><td class=\"column-2\">RENATA PINTO GOTTINARI DE LIMA<\/td><td class=\"column-3\">Ampla concorr\u00eancia<\/td><td class=\"column-4\">Nomeado(a) em 27\/07\/2018<\/td>\n<\/tr>\n<tr class=\"row-7\">\n\t<td class=\"column-1\">6<\/td><td class=\"column-2\">RENATA SCHMITZ<\/td><td class=\"column-3\">Ampla concorr\u00eancia<\/td><td class=\"column-4\">Nomeado(a) em 27\/07\/2018<\/td>\n<\/tr>\n<tr class=\"row-8\">\n\t<td class=\"column-1\">7<\/td><td class=\"column-2\">ALESSANDRA DE ALMEIDA BILHALVA<\/td><td class=\"column-3\">Ampla concorr\u00eancia<\/td><td class=\"column-4\">Nomeado(a) em 16\/08\/2018<\/td>\n<\/tr>\n<tr class=\"row-9\">\n\t<td class=\"column-1\">8<\/td><td class=\"column-2\">FERNANDA MELLO GOMES<\/td><td class=\"column-3\">Ampla concorr\u00eancia<\/td><td class=\"column-4\">Tornada sem efeito<\/td>\n<\/tr>\n<tr class=\"row-10\">\n\t<td class=\"column-1\">9<\/td><td class=\"column-2\">MARINA AYUB<\/td><td class=\"column-3\">Ampla concorr\u00eancia<\/td><td class=\"column-4\">Tornada s\/efeito<\/td>\n<\/tr>\n<tr class=\"row-11\">\n\t<td class=\"column-1\">10<\/td><td class=\"column-2\">MONICA DE MOURA MENDES<\/td><td class=\"column-3\">Ampla concorr\u00eancia<\/td><td class=\"column-4\">Nomeada em 10\/08\/2021<\/td>\n<\/tr>\n<tr class=\"row-12\">\n\t<td class=\"column-1\">11<\/td><td class=\"column-2\">VICENTE COMANDULLI GARCIA<\/td><td class=\"column-3\">Ampla concorr\u00eancia<\/td><td class=\"column-4\">Tornada sem efeito<\/td>\n<\/tr>\n<tr class=\"row-13\">\n\t<td class=\"column-1\">12<\/td><td class=\"column-2\">FERNANDA YURIANE HAYASHI<\/td><td class=\"column-3\">Ampla concorr\u00eancia<\/td><td class=\"column-4\">Nomeada em 29\/12\/2022<\/td>\n<\/tr>\n<\/tbody>\n<\/table>\n<!-- #tablepress-91 from cache -->\n<div class=\"titleStyle\"><strong>Cargo<\/strong>: Odont\u00f3logo<\/div>\n\n<table id=\"tablepress-92\" class=\"tablepress tablepress-id-92\">\n<thead>\n<tr class=\"row-1\">\n\t<th class=\"column-1\">Posi\u00e7\u00e3o<\/th><th class=\"column-2\">Nome<\/th><th class=\"column-3\">Modalidade<\/th><th class=\"column-4\">Situa\u00e7\u00e3o<\/th>\n<\/tr>\n<\/thead>\n<tbody class=\"row-striping row-hover\">\n<tr class=\"row-2\">\n\t<td class=\"column-1\">1<\/td><td class=\"column-2\">MARTA SILVEIRA DA MOTA KRUGER<\/td><td class=\"column-3\">Ampla concorr\u00eancia<\/td><td class=\"column-4\">Nomeado(a) em 10\/07\/2018<\/td>\n<\/tr>\n<tr class=\"row-3\">\n\t<td class=\"column-1\">2<\/td><td class=\"column-2\">FERNANDA BARBOSA LEAL ELIAS<\/td><td class=\"column-3\">Ampla concorr\u00eancia<\/td><td class=\"column-4\">Nomeada em 19\/04\/2023<\/td>\n<\/tr>\n<tr class=\"row-4\">\n\t<td class=\"column-1\">3<\/td><td class=\"column-2\">TAIS HELENA ROSA CORREA<\/td><td class=\"column-3\">Cota Racial<\/td><td class=\"column-4\">Nomeada em 26\/02\/2024<\/td>\n<\/tr>\n<tr class=\"row-5\">\n\t<td class=\"column-1\">4<\/td><td class=\"column-2\">MANUELA G DE SOUZA E SILVA SILVEIRA<\/td><td class=\"column-3\">Ampla concorr\u00eancia<\/td><td class=\"column-4\">Nomeada em 26\/02\/2024<\/td>\n<\/tr>\n<tr class=\"row-6\">\n\t<td class=\"column-1\">5<\/td><td class=\"column-2\">MARIO VIEIRA MARQUES NETO<\/td><td class=\"column-3\">Ampla concorr\u00eancia<\/td><td class=\"column-4\">Nomeada em 26\/02\/2024<\/td>\n<\/tr>\n<tr class=\"row-7\">\n\t<td class=\"column-1\">6<\/td><td class=\"column-2\">FELIPE BRUNATTO DA LUZ<\/td><td class=\"column-3\">Ampla concorr\u00eancia<\/td><td class=\"column-4\">Nomeado (aproveitamento Ifsul) 01\/04\/2024<\/td>\n<\/tr>\n<\/tbody>\n<\/table>\n<!-- #tablepress-92 from cache -->\n<div class=\"titleStyle\"><strong>Cargo<\/strong>: M\u00e9dico\/\u00c1rea: Psiquiatria<\/div>\n\n<table id=\"tablepress-93\" class=\"tablepress tablepress-id-93\">\n<thead>\n<tr class=\"row-1\">\n\t<th class=\"column-1\">Posi\u00e7\u00e3o<\/th><th class=\"column-2\">Nome<\/th><th class=\"column-3\">Modalidade<\/th><th class=\"column-4\">Situa\u00e7\u00e3o<\/th>\n<\/tr>\n<\/thead>\n<tbody class=\"row-striping row-hover\">\n<tr class=\"row-2\">\n\t<td class=\"column-1\">1<\/td><td class=\"column-2\">GISELE BARTZ DE AVILA<\/td><td class=\"column-3\">Ampla concorr\u00eancia<\/td><td class=\"column-4\">Nomeado(a) em 10\/07\/2018<\/td>\n<\/tr>\n<tr class=\"row-3\">\n\t<td class=\"column-1\">2<\/td><td class=\"column-2\">GUSTAVO CARVALHO COUTINHO ROSA<\/td><td class=\"column-3\">Ampla concorr\u00eancia<\/td><td class=\"column-4\">Nomeado(a) em 03\/08\/2018<\/td>\n<\/tr>\n<tr class=\"row-4\">\n\t<td class=\"column-1\">3<\/td><td class=\"column-2\">ANA PAULA PEREIRA NETO BARBOSA<\/td><td class=\"column-3\">Ampla concorr\u00eancia<\/td><td class=\"column-4\">Nomeado(a) em 03\/12\/2020<\/td>\n<\/tr>\n<tr class=\"row-5\">\n\t<td class=\"column-1\">4<\/td><td class=\"column-2\">NATHALIA TESSELE B. DA SILVA<\/td><td class=\"column-3\">Ampla concorr\u00eancia<\/td><td class=\"column-4\">Nomeada em 12\/05\/2021<\/td>\n<\/tr>\n<tr class=\"row-6\">\n\t<td class=\"column-1\">5<\/td><td class=\"column-2\">ARTHUR VIER PEREIRA<\/td><td class=\"column-3\">Ampla concorr\u00eancia<\/td><td class=\"column-4\">Tornada sem efeito<\/td>\n<\/tr>\n<tr class=\"row-7\">\n\t<td class=\"column-1\">6<\/td><td class=\"column-2\">MARIA CRISTINA IGANSI DA CUNHA<\/td><td class=\"column-3\">Ampla concorr\u00eancia<\/td><td class=\"column-4\">Nomeada em 08\/07\/2021<\/td>\n<\/tr>\n<\/tbody>\n<\/table>\n<!-- #tablepress-93 from cache -->\n<div class=\"titleStyle\"><strong>Cargo<\/strong>: T\u00e9cnico Desportivo<\/div>\n\n<table id=\"tablepress-94\" class=\"tablepress tablepress-id-94\">\n<thead>\n<tr class=\"row-1\">\n\t<th class=\"column-1\">Posi\u00e7\u00e3o<\/th><th class=\"column-2\">Nome<\/th><th class=\"column-3\">Modalidade<\/th><th class=\"column-4\">Situa\u00e7\u00e3o<\/th>\n<\/tr>\n<\/thead>\n<tbody class=\"row-striping row-hover\">\n<tr class=\"row-2\">\n\t<td class=\"column-1\">1<\/td><td class=\"column-2\">MARCIO DE ALMEIDA MENDES<\/td><td class=\"column-3\">Ampla concorr\u00eancia<\/td><td class=\"column-4\">Nomeado(a) em 10\/07\/2018<\/td>\n<\/tr>\n<tr class=\"row-3\">\n\t<td class=\"column-1\">2<\/td><td class=\"column-2\">ELIANA KOHLER KRONING<\/td><td class=\"column-3\">Ampla concorr\u00eancia<\/td><td class=\"column-4\">Nomeada em 01\/12\/2022<\/td>\n<\/tr>\n<tr class=\"row-4\">\n\t<td class=\"column-1\">3<\/td><td class=\"column-2\">DAIANA LOPES DE ROSA<\/td><td class=\"column-3\">Cota Racial<\/td><td class=\"column-4\"><\/td>\n<\/tr>\n<tr class=\"row-5\">\n\t<td class=\"column-1\">4<\/td><td class=\"column-2\">GABRIELA PADILHA HAX<\/td><td class=\"column-3\">Ampla concorr\u00eancia<\/td><td class=\"column-4\"><\/td>\n<\/tr>\n<tr class=\"row-6\">\n\t<td class=\"column-1\">5<\/td><td class=\"column-2\">CARLOS EDUARDO BARROS DAVID<\/td><td class=\"column-3\">Ampla concorr\u00eancia<\/td><td class=\"column-4\"><\/td>\n<\/tr>\n<tr class=\"row-7\">\n\t<td class=\"column-1\">6<\/td><td class=\"column-2\">CESAR AUGUSTO HAFELE<\/td><td class=\"column-3\">Ampla concorr\u00eancia<\/td><td class=\"column-4\"><\/td>\n<\/tr>\n<\/tbody>\n<\/table>\n<!-- #tablepress-94 from cache -->\n<div class=\"titleStyle\"><strong>Cargo<\/strong>: Terapeuta Ocupacional<\/div>\n\n<table id=\"tablepress-95\" class=\"tablepress tablepress-id-95\">\n<thead>\n<tr class=\"row-1\">\n\t<th class=\"column-1\">Posi\u00e7\u00e3o<\/th><th class=\"column-2\">Nome<\/th><th class=\"column-3\">Modalidade<\/th><th class=\"column-4\">Situa\u00e7\u00e3o<\/th>\n<\/tr>\n<\/thead>\n<tbody class=\"row-striping row-hover\">\n<tr class=\"row-2\">\n\t<td class=\"column-1\">1<\/td><td class=\"column-2\">ANDREA GON\u00c7ALVES BRANDAO<\/td><td class=\"column-3\">Ampla concorr\u00eancia<\/td><td class=\"column-4\">Nomeado(a) em 10\/07\/2018<\/td>\n<\/tr>\n<tr class=\"row-3\">\n\t<td class=\"column-1\">2<\/td><td class=\"column-2\">EVELINE BRUM LORENZATO<\/td><td class=\"column-3\">PcD<\/td><td class=\"column-4\">Nomeada em 23\/05\/2023<\/td>\n<\/tr>\n<tr class=\"row-4\">\n\t<td class=\"column-1\">3<\/td><td class=\"column-2\">JAINA DA COSTA PEREIRA<\/td><td class=\"column-3\">Cota Racial<\/td><td class=\"column-4\"><\/td>\n<\/tr>\n<tr class=\"row-5\">\n\t<td class=\"column-1\">4<\/td><td class=\"column-2\">DESIREE NOBRE SALASAR<\/td><td class=\"column-3\">Ampla concorr\u00eancia<\/td><td class=\"column-4\"><\/td>\n<\/tr>\n<tr class=\"row-6\">\n\t<td class=\"column-1\">5<\/td><td class=\"column-2\">BEATRIZ SOARES PEPE<\/td><td class=\"column-3\">Ampla concorr\u00eancia<\/td><td class=\"column-4\"><\/td>\n<\/tr>\n<\/tbody>\n<\/table>\n<!-- #tablepress-95 from cache -->\n<\/div>","protected":false},"excerpt":{"rendered":"<p>Nomea\u00e7\u00f5es &#8211; Edital 04\/2018 Acompanhe nesta p\u00e1gina a publica\u00e7\u00e3o dos\/as nomeados\/as para cargos t\u00e9cnicos na UFPEL. Cargos nesta p\u00e1gina: M\u00e9dico\/\u00c1rea: Medicina de Fam\u00edlia e Comunidade M\u00e9dico\/\u00c1rea: Psiquiatria Odont\u00f3logo T\u00e9cnico Desportivo Terapeuta Ocupacional Confira a p\u00e1gina com as informa\u00e7\u00f5es a respeito do certame: Certame do Edital 04\/2018 Cargo: M\u00e9dico\/\u00c1rea: Medicina de Fam\u00edlia e Comunidade Cargo: Odont\u00f3logo [&hellip;]<\/p>\n","protected":false},"author":52,"featured_media":0,"parent":0,"menu_order":0,"comment_status":"closed","ping_status":"closed","template":"","meta":{"footnotes":""},"class_list":["post-13994","page","type-page","status-publish","hentry"],"_links":{"self":[{"href":"https:\/\/wp.ufpel.edu.br\/progep\/wp-json\/wp\/v2\/pages\/13994","targetHints":{"allow":["GET"]}}],"collection":[{"href":"https:\/\/wp.ufpel.edu.br\/progep\/wp-json\/wp\/v2\/pages"}],"about":[{"href":"https:\/\/wp.ufpel.edu.br\/progep\/wp-json\/wp\/v2\/types\/page"}],"author":[{"embeddable":true,"href":"https:\/\/wp.ufpel.edu.br\/progep\/wp-json\/wp\/v2\/users\/52"}],"replies":[{"embeddable":true,"href":"https:\/\/wp.ufpel.edu.br\/progep\/wp-json\/wp\/v2\/comments?post=13994"}],"version-history":[{"count":24,"href":"https:\/\/wp.ufpel.edu.br\/progep\/wp-json\/wp\/v2\/pages\/13994\/revisions"}],"predecessor-version":[{"id":33139,"href":"https:\/\/wp.ufpel.edu.br\/progep\/wp-json\/wp\/v2\/pages\/13994\/revisions\/33139"}],"wp:attachment":[{"href":"https:\/\/wp.ufpel.edu.br\/progep\/wp-json\/wp\/v2\/media?parent=13994"}],"curies":[{"name":"wp","href":"https:\/\/api.w.org\/{rel}","templated":true}]}}