{"id":13988,"date":"2019-10-15T16:16:47","date_gmt":"2019-10-15T19:16:47","guid":{"rendered":"https:\/\/wp.ufpel.edu.br\/progep\/?page_id=13988"},"modified":"2025-06-11T16:31:35","modified_gmt":"2025-06-11T19:31:35","slug":"nomeacoes-edital-15-2016","status":"publish","type":"page","link":"https:\/\/wp.ufpel.edu.br\/progep\/nomeacoes-edital-15-2016\/","title":{"rendered":"NOMEA\u00c7\u00d5ES \u2013 EDITAL 15\/2016"},"content":{"rendered":"\n<div class=\"wp-block-group\" style=\"padding:0\"><div class=\"wp-block-group__inner-container is-layout-constrained wp-block-group-is-layout-constrained\">\n<div class=\"logoTituloModelStyle\" style=\"padding:0\"><img class=\"size-medium wp-image-27184 alignleft\" src=\"https:\/\/wp.ufpel.edu.br\/progep\/files\/2025\/03\/logo-progep_atualizacao-nome_AZUL.png\" style=\"padding:0\" alt=\"\" \/><\/p>\n<div style=\"padding:2rem 0.3rem\"><strong>Nomea\u00e7\u00f5es &#8211; Edital 15\/2016<\/strong><\/div>\n<\/div>\n<hr class=\"hrModelStyle\" \/>\n<div class=\"descriptionModelStyle\">Acompanhe nesta p\u00e1gina a publica\u00e7\u00e3o dos\/as nomeados\/as para cargos t\u00e9cnicos na UFPEL.<\/div>\n<\/div><\/div>\n\n\n<div class=\"pagNomeacoesStyle\">\n<div class=\"cargosNomeConvStyle\">\n<div class=\"cargosTitleStyle\"> Cargos nesta p\u00e1gina:<\/div>\n<div class=\"cargosStyle\">\n<p>Administrador de Edif\u00edcios<\/p>\n<p>M\u00e9dico Veterin\u00e1rio<\/p>\n<p>T\u00e9cnico em Arquivo<\/p>\n<p>T\u00e9cnico em Contabilidade<\/p>\n<p>T\u00e9cnico em Edifica\u00e7\u00f5es<\/p>\n<\/div>\n<\/div>\n<p> Confira a p\u00e1gina com as informa\u00e7\u00f5es a respeito do certame: <\/p>\n<a href=\"http:\/\/ces.ufpel.edu.br\/conctecadmed0015_2016\/\" target=\"_blank\">Certame do Edital 15\/2016<\/a>\n<div class=\"titleStyle\"><strong>Cargo<\/strong>: Administrador de Edif\u00edcios<\/div>\n\n<table id=\"tablepress-102\" class=\"tablepress tablepress-id-102\">\n<thead>\n<tr class=\"row-1\">\n\t<th class=\"column-1\">Posi\u00e7\u00e3o<\/th><th class=\"column-2\">Nome<\/th><th class=\"column-3\">Situa\u00e7\u00e3o<\/th>\n<\/tr>\n<\/thead>\n<tbody class=\"row-striping row-hover\">\n<tr class=\"row-2\">\n\t<td class=\"column-1\">1<\/td><td class=\"column-2\">MATHEUS PILOTTO FIGUEIREDO<\/td><td class=\"column-3\">Tornado sem efeito<\/td>\n<\/tr>\n<tr class=\"row-3\">\n\t<td class=\"column-1\">2<\/td><td class=\"column-2\">MATEUS CUNHA DA SILVA<\/td><td class=\"column-3\">Nomeado(a) em 01\/04\/2019<\/td>\n<\/tr>\n<tr class=\"row-4\">\n\t<td class=\"column-1\">3<\/td><td class=\"column-2\">PEDRO JOSE OLENDSKI ELIAS JUNIOR<\/td><td class=\"column-3\"><\/td>\n<\/tr>\n<tr class=\"row-5\">\n\t<td class=\"column-1\">4<\/td><td class=\"column-2\">VIVIANE VAZ FONSECA<\/td><td class=\"column-3\"><\/td>\n<\/tr>\n<tr class=\"row-6\">\n\t<td class=\"column-1\">5<\/td><td class=\"column-2\">ROBERLAN MARTINS MOREIRA<\/td><td class=\"column-3\"><\/td>\n<\/tr>\n<tr class=\"row-7\">\n\t<td class=\"column-1\">6<\/td><td class=\"column-2\">ANDRE SCHILLER DA SILVA<\/td><td class=\"column-3\"><\/td>\n<\/tr>\n<\/tbody>\n<\/table>\n<!-- #tablepress-102 from cache -->\n<div class=\"titleStyle\"><strong>Cargo<\/strong>: M\u00e9dico Veterin\u00e1rio<\/div>\n\n<table id=\"tablepress-103\" class=\"tablepress tablepress-id-103\">\n<thead>\n<tr class=\"row-1\">\n\t<th class=\"column-1\">Posi\u00e7\u00e3o<\/th><th class=\"column-2\">Nome<\/th><th class=\"column-3\">Situa\u00e7\u00e3o<\/th>\n<\/tr>\n<\/thead>\n<tbody class=\"row-striping row-hover\">\n<tr class=\"row-2\">\n\t<td class=\"column-1\">1<\/td><td class=\"column-2\">Nome<\/td><td class=\"column-3\">Situa\u00e7\u00e3o<\/td>\n<\/tr>\n<tr class=\"row-3\">\n\t<td class=\"column-1\">2<\/td><td class=\"column-2\">LEANDRO AMERICO RAFAEL<\/td><td class=\"column-3\">Nomeado(a) em 31\/10\/2016<\/td>\n<\/tr>\n<tr class=\"row-4\">\n\t<td class=\"column-1\">3<\/td><td class=\"column-2\">CLEYBER JOSE DA TRINDADE DE FATIMA<\/td><td class=\"column-3\">Nomeado em 19\/05\/2022<\/td>\n<\/tr>\n<tr class=\"row-5\">\n\t<td class=\"column-1\">4<\/td><td class=\"column-2\">CRISTIANO SILVA BOUERES<\/td><td class=\"column-3\"><\/td>\n<\/tr>\n<tr class=\"row-6\">\n\t<td class=\"column-1\">5<\/td><td class=\"column-2\">GUILHERME KONRADT<\/td><td class=\"column-3\"><\/td>\n<\/tr>\n<tr class=\"row-7\">\n\t<td class=\"column-1\">6<\/td><td class=\"column-2\">MARCEL BATISTA DOS PASSOS<\/td><td class=\"column-3\"><\/td>\n<\/tr>\n<\/tbody>\n<\/table>\n<!-- #tablepress-103 from cache -->\n<div class=\"titleStyle\"><strong>Cargo<\/strong>: T\u00e9cnico em Arquivo<\/div>\n\n<table id=\"tablepress-104\" class=\"tablepress tablepress-id-104\">\n<thead>\n<tr class=\"row-1\">\n\t<th class=\"column-1\">Posi\u00e7\u00e3o<\/th><th class=\"column-2\">Nome<\/th><th class=\"column-3\">Situa\u00e7\u00e3o<\/th>\n<\/tr>\n<\/thead>\n<tbody class=\"row-striping row-hover\">\n<tr class=\"row-2\">\n\t<td class=\"column-1\">1<\/td><td class=\"column-2\">VITOR HUGO KARST FELIX<\/td><td class=\"column-3\">Nomeado(a) em 31\/10\/2016<\/td>\n<\/tr>\n<tr class=\"row-3\">\n\t<td class=\"column-1\">2<\/td><td class=\"column-2\">BRUNO MESSINA STOCK<\/td><td class=\"column-3\">Nomeado(a) em 09\/10\/2019<\/td>\n<\/tr>\n<tr class=\"row-4\">\n\t<td class=\"column-1\">3<\/td><td class=\"column-2\">DANIELE DE VARGAS MICHELOTTI<\/td><td class=\"column-3\"><\/td>\n<\/tr>\n<tr class=\"row-5\">\n\t<td class=\"column-1\">4<\/td><td class=\"column-2\">FERNANDA SCHERER<\/td><td class=\"column-3\"><\/td>\n<\/tr>\n<tr class=\"row-6\">\n\t<td class=\"column-1\">5<\/td><td class=\"column-2\">GIULIA MACHADO TAVARES<\/td><td class=\"column-3\"><\/td>\n<\/tr>\n<tr class=\"row-7\">\n\t<td class=\"column-1\">6<\/td><td class=\"column-2\">LEANDRO JESUS DE MACEDO<\/td><td class=\"column-3\"><\/td>\n<\/tr>\n<\/tbody>\n<\/table>\n<!-- #tablepress-104 from cache -->\n<div class=\"titleStyle\"><strong>Cargo<\/strong>: T\u00e9cnico em Contabilidade<\/div>\n\n<table id=\"tablepress-105\" class=\"tablepress tablepress-id-105\">\n<thead>\n<tr class=\"row-1\">\n\t<th class=\"column-1\">Posi\u00e7\u00e3o<\/th><th class=\"column-2\">Nome<\/th><th class=\"column-3\">Situa\u00e7\u00e3o<\/th>\n<\/tr>\n<\/thead>\n<tbody class=\"row-striping row-hover\">\n<tr class=\"row-2\">\n\t<td class=\"column-1\">1<\/td><td class=\"column-2\">JOANA D\u2019ARC PORTELINHA MUNSBERG<\/td><td class=\"column-3\">Nomeado(a) em 31\/10\/2016<\/td>\n<\/tr>\n<tr class=\"row-3\">\n\t<td class=\"column-1\">2<\/td><td class=\"column-2\">VIVIAN IRIGOITE PEREIRA<\/td><td class=\"column-3\">Tornado sem efeito<\/td>\n<\/tr>\n<tr class=\"row-4\">\n\t<td class=\"column-1\">3<\/td><td class=\"column-2\">LENIRA MESQUITA XAVIER<\/td><td class=\"column-3\">Tornado sem efeito<\/td>\n<\/tr>\n<tr class=\"row-5\">\n\t<td class=\"column-1\">4<\/td><td class=\"column-2\">JESSICA AMARAL PEREIRA<\/td><td class=\"column-3\">Nomeado(a) em 29\/08\/2019<\/td>\n<\/tr>\n<tr class=\"row-6\">\n\t<td class=\"column-1\">5<\/td><td class=\"column-2\">RENATO ROSA DA ROCHA<\/td><td class=\"column-3\">Nomeado(a) em 04\/10\/2019<\/td>\n<\/tr>\n<\/tbody>\n<\/table>\n<!-- #tablepress-105 from cache -->\n<div class=\"titleStyle\"><strong>Cargo<\/strong>: T\u00e9cnico em Edifica\u00e7\u00f5es<\/div>\n\n<table id=\"tablepress-106\" class=\"tablepress tablepress-id-106\">\n<thead>\n<tr class=\"row-1\">\n\t<th class=\"column-1\">Posi\u00e7\u00e3o<\/th><th class=\"column-2\">Nome<\/th><th class=\"column-3\">Situa\u00e7\u00e3o<\/th>\n<\/tr>\n<\/thead>\n<tbody class=\"row-striping row-hover\">\n<tr class=\"row-2\">\n\t<td class=\"column-1\">1<\/td><td class=\"column-2\">RODRIGO AVILA DE CASTRO<\/td><td class=\"column-3\">Nomeado(a) em 31\/10\/2016<\/td>\n<\/tr>\n<tr class=\"row-3\">\n\t<td class=\"column-1\">2<\/td><td class=\"column-2\">MARCUS VINICIUS MUNCHOW<\/td><td class=\"column-3\">Nomeado(a) em 17\/11\/2017<\/td>\n<\/tr>\n<tr class=\"row-4\">\n\t<td class=\"column-1\">3<\/td><td class=\"column-2\">ATILA MARTINS GOMES<\/td><td class=\"column-3\">Nomeado(a) em 17\/11\/2017<\/td>\n<\/tr>\n<tr class=\"row-5\">\n\t<td class=\"column-1\">4<\/td><td class=\"column-2\">TALITA MARINI BRANDELLI<\/td><td class=\"column-3\">Nomeado(a) em 20\/12\/2017<\/td>\n<\/tr>\n<tr class=\"row-6\">\n\t<td class=\"column-1\">5<\/td><td class=\"column-2\">FERNANDA DE ALMEIDA ALMEIDA<\/td><td class=\"column-3\">Nomeado(a) em 09\/08\/2019<\/td>\n<\/tr>\n<tr class=\"row-7\">\n\t<td class=\"column-1\">6<\/td><td class=\"column-2\">ALBENEIR MACHADO RIBEIRO<\/td><td class=\"column-3\"><\/td>\n<\/tr>\n<\/tbody>\n<\/table>\n<!-- #tablepress-106 from cache -->\n<div class=\"titleStyle\"><strong>Cotas Raciais<\/strong><\/div>\n\n<table id=\"tablepress-107\" class=\"tablepress tablepress-id-107\">\n<thead>\n<tr class=\"row-1\">\n\t<th class=\"column-1\">Posi\u00e7\u00e3o<\/th><th class=\"column-2\">Nome<\/th><th class=\"column-3\">Situa\u00e7\u00e3o<\/th>\n<\/tr>\n<\/thead>\n<tbody class=\"row-striping row-hover\">\n<tr class=\"row-2\">\n\t<td class=\"column-1\">1<\/td><td class=\"column-2\">ANDERSON FERREIRA RODRIGUES (Adm. Edif.)<\/td><td class=\"column-3\">Nomeado(a) em 31\/10\/2016<\/td>\n<\/tr>\n<tr class=\"row-3\">\n\t<td class=\"column-1\">2<\/td><td class=\"column-2\">CRISTIANO CARVALHO LOPES (T\u00e9c. Cont.)<\/td><td class=\"column-3\">Nomeado(a) em 27\/09\/2017<\/td>\n<\/tr>\n<tr class=\"row-4\">\n\t<td class=\"column-1\">3<\/td><td class=\"column-2\">LEONARDO PINTO OLIVEIRA (Adm. Edif.)<\/td><td class=\"column-3\"><\/td>\n<\/tr>\n<tr class=\"row-5\">\n\t<td class=\"column-1\">4<\/td><td class=\"column-2\">CESAR AUGUSTO DE SOUZA PEREIRA (Adm. Edif.)<\/td><td class=\"column-3\"><\/td>\n<\/tr>\n<tr class=\"row-6\">\n\t<td class=\"column-1\">5<\/td><td class=\"column-2\">WILLIAM ADAO FERREIRA PAIVA (T\u00e9c. Arquivo)<\/td><td class=\"column-3\">Tornado sem efeito<\/td>\n<\/tr>\n<tr class=\"row-7\">\n\t<td class=\"column-1\">6<\/td><td class=\"column-2\">SABRINA DOS ANJOS DA ROCHA (T\u00e9c. Edif.)<\/td><td class=\"column-3\"><\/td>\n<\/tr>\n<tr class=\"row-8\">\n\t<td class=\"column-1\">7<\/td><td class=\"column-2\">VERA HENRIQUES DE SOUZA (Adm. Edif.)<\/td><td class=\"column-3\"><\/td>\n<\/tr>\n<\/tbody>\n<\/table>\n<!-- #tablepress-107 from cache -->\n<div class=\"titleStyle\"><strong>PcD<\/strong>: <\/div>\n\n<table id=\"tablepress-108\" class=\"tablepress tablepress-id-108\">\n<thead>\n<tr class=\"row-1\">\n\t<th class=\"column-1\">Posi\u00e7\u00e3o<\/th><th class=\"column-2\">Nome<\/th><th class=\"column-3\">Situa\u00e7\u00e3o<\/th>\n<\/tr>\n<\/thead>\n<tbody class=\"row-striping row-hover\">\n<tr class=\"row-2\">\n\t<td class=\"column-1\">1<\/td><td class=\"column-2\">FABIANE PEREZ (Adm. Edif.)<\/td><td class=\"column-3\"><\/td>\n<\/tr>\n<tr class=\"row-3\">\n\t<td class=\"column-1\">2<\/td><td class=\"column-2\">GLADIS TERESINHA ANSELMO BORGES (T\u00e9c. Cont.)<\/td><td class=\"column-3\">Nomeado(a) em 31\/10\/2016<\/td>\n<\/tr>\n<tr class=\"row-4\">\n\t<td class=\"column-1\">3<\/td><td class=\"column-2\">MARCELO MACHADO MARTINS (Adm. Edif.)<\/td><td class=\"column-3\"><\/td>\n<\/tr>\n<\/tbody>\n<\/table>\n<!-- #tablepress-108 from cache -->\n<\/div>","protected":false},"excerpt":{"rendered":"<p>Nomea\u00e7\u00f5es &#8211; Edital 15\/2016 Acompanhe nesta p\u00e1gina a publica\u00e7\u00e3o dos\/as nomeados\/as para cargos t\u00e9cnicos na UFPEL. Cargos nesta p\u00e1gina: Administrador de Edif\u00edcios M\u00e9dico Veterin\u00e1rio T\u00e9cnico em Arquivo T\u00e9cnico em Contabilidade T\u00e9cnico em Edifica\u00e7\u00f5es Confira a p\u00e1gina com as informa\u00e7\u00f5es a respeito do certame: Certame do Edital 15\/2016 Cargo: Administrador de Edif\u00edcios Cargo: M\u00e9dico Veterin\u00e1rio Cargo: [&hellip;]<\/p>\n","protected":false},"author":52,"featured_media":0,"parent":0,"menu_order":0,"comment_status":"closed","ping_status":"closed","template":"","meta":{"footnotes":""},"class_list":["post-13988","page","type-page","status-publish","hentry"],"_links":{"self":[{"href":"https:\/\/wp.ufpel.edu.br\/progep\/wp-json\/wp\/v2\/pages\/13988","targetHints":{"allow":["GET"]}}],"collection":[{"href":"https:\/\/wp.ufpel.edu.br\/progep\/wp-json\/wp\/v2\/pages"}],"about":[{"href":"https:\/\/wp.ufpel.edu.br\/progep\/wp-json\/wp\/v2\/types\/page"}],"author":[{"embeddable":true,"href":"https:\/\/wp.ufpel.edu.br\/progep\/wp-json\/wp\/v2\/users\/52"}],"replies":[{"embeddable":true,"href":"https:\/\/wp.ufpel.edu.br\/progep\/wp-json\/wp\/v2\/comments?post=13988"}],"version-history":[{"count":3,"href":"https:\/\/wp.ufpel.edu.br\/progep\/wp-json\/wp\/v2\/pages\/13988\/revisions"}],"predecessor-version":[{"id":33174,"href":"https:\/\/wp.ufpel.edu.br\/progep\/wp-json\/wp\/v2\/pages\/13988\/revisions\/33174"}],"wp:attachment":[{"href":"https:\/\/wp.ufpel.edu.br\/progep\/wp-json\/wp\/v2\/media?parent=13988"}],"curies":[{"name":"wp","href":"https:\/\/api.w.org\/{rel}","templated":true}]}}